{"id":39145,"date":"2026-01-08T20:52:47","date_gmt":"2026-01-08T20:52:47","guid":{"rendered":"https:\/\/collectin.eu\/?post_type=product&#038;p=39145"},"modified":"2026-03-05T07:21:48","modified_gmt":"2026-03-05T07:21:48","slug":"marvel-super-action-20-1980","status":"publish","type":"product","link":"https:\/\/collectin.eu\/en\/product\/marvel-super-action-20-1980\/","title":{"rendered":"Marvel Super Action #20 (1980)"},"content":{"rendered":"<p>Marvel Super Action #20 (1980) \u2013 tai 1980 metais i\u0161leistas \u201eMarvel Comics\u201c komiksas, priklausantis antologinei serijai, kurioje buvo publikuojamos jau anks\u010diau pasirod\u017eiusios populiari\u0173 heroj\u0173 istorijos. \u0160iame numeryje skaitytojai gali rasti veiksmo kupinus siu\u017eetus su gerai \u017einomais \u201eMarvel\u201c persona\u017eais, pateiktus klasikinio bronzos am\u017eiaus stiliaus grafika ir pasakojimu. Leidinys atspindi to laikme\u010dio superheroj\u0173 komiks\u0173 dvasi\u0105 ir yra vertinamas kolekcinink\u0173 kaip nostalgij\u0105 keliantis 1980-\u0173j\u0173 \u201eMarvel\u201c produkcijos pavyzdys, tinkantis tiek ilgame\u010diams gerb\u0117jams, tiek komiks\u0173 kolekcij\u0173 papildymui.<\/p>","protected":false},"excerpt":{"rendered":"<p>Marvel Super Action #20 (1980) \u2013 tai 1980 metais i\u0161leistas \u201eMarvel Comics\u201c komiksas, priklausantis antologinei serijai, kurioje buvo publikuojamos jau<\/p>","protected":false},"featured_media":39146,"comment_status":"open","ping_status":"closed","template":"","meta":[],"product_brand":[428],"product_cat":[535,536],"product_tag":[],"class_list":{"0":"post-39145","1":"product","2":"type-product","3":"status-publish","4":"has-post-thumbnail","6":"product_brand-marvel-comics","7":"product_cat-komiksai","8":"product_cat-marvel-komiksai-1939-1999","10":"first","11":"instock","12":"taxable","13":"shipping-taxable","14":"purchasable","15":"product-type-simple"},"yoast_head":"<!-- This site is optimized with the Yoast SEO plugin v25.9 - https:\/\/yoast.com\/wordpress\/plugins\/seo\/ -->\n<title>Marvel Super Action #20 (1980) - Collectin.eu<\/title>\n<meta name=\"description\" content=\"Marvel Super Action #20 (1980) \u2013 tai 1980 metais \u201eMarvel Comics\u201c i\u0161leistas antologinis komiksas, kuriame pakartotinai pateikiamos anks\u010diau publikuotos istorijos su populiariais \u201eMarvel\u201c herojais.\" \/>\n<meta name=\"robots\" content=\"index, follow, max-snippet:-1, max-image-preview:large, max-video-preview:-1\" \/>\n<link rel=\"canonical\" href=\"https:\/\/collectin.eu\/en\/product\/marvel-super-action-20-1980\/\" \/>\n<meta property=\"og:locale\" content=\"en_US\" \/>\n<meta property=\"og:type\" content=\"article\" \/>\n<meta property=\"og:title\" content=\"Marvel Super Action #20 (1980) - Collectin.eu\" \/>\n<meta property=\"og:description\" content=\"Marvel Super Action #20 (1980) \u2013 tai 1980 metais \u201eMarvel Comics\u201c i\u0161leistas antologinis komiksas, kuriame pakartotinai pateikiamos anks\u010diau publikuotos istorijos su populiariais \u201eMarvel\u201c herojais.\" \/>\n<meta property=\"og:url\" content=\"https:\/\/collectin.eu\/en\/product\/marvel-super-action-20-1980\/\" \/>\n<meta property=\"og:site_name\" content=\"Collectin.eu\" \/>\n<meta property=\"article:modified_time\" content=\"2026-03-05T07:21:48+00:00\" \/>\n<meta property=\"og:image\" content=\"http:\/\/collectin.eu\/wp-content\/uploads\/2026\/01\/Untitled-design-2026-01-08T225110.437.png\" \/>\n\t<meta property=\"og:image:width\" content=\"1080\" \/>\n\t<meta property=\"og:image:height\" content=\"1080\" \/>\n\t<meta property=\"og:image:type\" content=\"image\/png\" \/>\n<meta name=\"twitter:card\" content=\"summary_large_image\" \/>\n<meta name=\"twitter:label1\" content=\"Est. reading time\" \/>\n\t<meta name=\"twitter:data1\" content=\"1 minute\" \/>\n<script type=\"application\/ld+json\" class=\"yoast-schema-graph\">{\"@context\":\"https:\/\/schema.org\",\"@graph\":[{\"@type\":\"WebPage\",\"@id\":\"https:\/\/collectin.eu\/produktas\/marvel-super-action-20-1980\/\",\"url\":\"https:\/\/collectin.eu\/produktas\/marvel-super-action-20-1980\/\",\"name\":\"Marvel Super Action #20 (1980) - Collectin.eu\",\"isPartOf\":{\"@id\":\"https:\/\/collectin.eu\/#website\"},\"primaryImageOfPage\":{\"@id\":\"https:\/\/collectin.eu\/produktas\/marvel-super-action-20-1980\/#primaryimage\"},\"image\":{\"@id\":\"https:\/\/collectin.eu\/produktas\/marvel-super-action-20-1980\/#primaryimage\"},\"thumbnailUrl\":\"https:\/\/collectin.eu\/wp-content\/uploads\/2026\/01\/Untitled-design-2026-01-08T225110.437.png\",\"datePublished\":\"2026-01-08T20:52:47+00:00\",\"dateModified\":\"2026-03-05T07:21:48+00:00\",\"description\":\"Marvel Super Action #20 (1980) \u2013 tai 1980 metais \u201eMarvel Comics\u201c i\u0161leistas antologinis komiksas, kuriame pakartotinai pateikiamos anks\u010diau publikuotos istorijos su populiariais \u201eMarvel\u201c herojais.\",\"breadcrumb\":{\"@id\":\"https:\/\/collectin.eu\/produktas\/marvel-super-action-20-1980\/#breadcrumb\"},\"inLanguage\":\"en-US\",\"potentialAction\":[{\"@type\":\"ReadAction\",\"target\":[\"https:\/\/collectin.eu\/produktas\/marvel-super-action-20-1980\/\"]}]},{\"@type\":\"ImageObject\",\"inLanguage\":\"en-US\",\"@id\":\"https:\/\/collectin.eu\/produktas\/marvel-super-action-20-1980\/#primaryimage\",\"url\":\"https:\/\/collectin.eu\/wp-content\/uploads\/2026\/01\/Untitled-design-2026-01-08T225110.437.png\",\"contentUrl\":\"https:\/\/collectin.eu\/wp-content\/uploads\/2026\/01\/Untitled-design-2026-01-08T225110.437.png\",\"width\":1080,\"height\":1080},{\"@type\":\"BreadcrumbList\",\"@id\":\"https:\/\/collectin.eu\/produktas\/marvel-super-action-20-1980\/#breadcrumb\",\"itemListElement\":[{\"@type\":\"ListItem\",\"position\":1,\"name\":\"Home\",\"item\":\"https:\/\/collectin.eu\/\"},{\"@type\":\"ListItem\",\"position\":2,\"name\":\"Parduotuv\u0117\",\"item\":\"https:\/\/collectin.eu\/parduotuve\/\"},{\"@type\":\"ListItem\",\"position\":3,\"name\":\"Marvel Super Action #20 (1980)\"}]},{\"@type\":\"WebSite\",\"@id\":\"https:\/\/collectin.eu\/#website\",\"url\":\"https:\/\/collectin.eu\/\",\"name\":\"Collectin.eu\",\"description\":\"\",\"potentialAction\":[{\"@type\":\"SearchAction\",\"target\":{\"@type\":\"EntryPoint\",\"urlTemplate\":\"https:\/\/collectin.eu\/?s={search_term_string}\"},\"query-input\":{\"@type\":\"PropertyValueSpecification\",\"valueRequired\":true,\"valueName\":\"search_term_string\"}}],\"inLanguage\":\"en-US\"}]}<\/script>\n<!-- \/ Yoast SEO plugin. -->","yoast_head_json":{"title":"Marvel Super Action #20 (1980) - Collectin.eu","description":"Marvel Super Action #20 (1980) \u2013 tai 1980 metais \u201eMarvel Comics\u201c i\u0161leistas antologinis komiksas, kuriame pakartotinai pateikiamos anks\u010diau publikuotos istorijos su populiariais \u201eMarvel\u201c herojais.","robots":{"index":"index","follow":"follow","max-snippet":"max-snippet:-1","max-image-preview":"max-image-preview:large","max-video-preview":"max-video-preview:-1"},"canonical":"https:\/\/collectin.eu\/en\/product\/marvel-super-action-20-1980\/","og_locale":"en_US","og_type":"article","og_title":"Marvel Super Action #20 (1980) - Collectin.eu","og_description":"Marvel Super Action #20 (1980) \u2013 tai 1980 metais \u201eMarvel Comics\u201c i\u0161leistas antologinis komiksas, kuriame pakartotinai pateikiamos anks\u010diau publikuotos istorijos su populiariais \u201eMarvel\u201c herojais.","og_url":"https:\/\/collectin.eu\/en\/product\/marvel-super-action-20-1980\/","og_site_name":"Collectin.eu","article_modified_time":"2026-03-05T07:21:48+00:00","og_image":[{"width":1080,"height":1080,"url":"http:\/\/collectin.eu\/wp-content\/uploads\/2026\/01\/Untitled-design-2026-01-08T225110.437.png","type":"image\/png"}],"twitter_card":"summary_large_image","twitter_misc":{"Est. reading time":"1 minute"},"schema":{"@context":"https:\/\/schema.org","@graph":[{"@type":"WebPage","@id":"https:\/\/collectin.eu\/produktas\/marvel-super-action-20-1980\/","url":"https:\/\/collectin.eu\/produktas\/marvel-super-action-20-1980\/","name":"Marvel Super Action #20 (1980) - Collectin.eu","isPartOf":{"@id":"https:\/\/collectin.eu\/#website"},"primaryImageOfPage":{"@id":"https:\/\/collectin.eu\/produktas\/marvel-super-action-20-1980\/#primaryimage"},"image":{"@id":"https:\/\/collectin.eu\/produktas\/marvel-super-action-20-1980\/#primaryimage"},"thumbnailUrl":"https:\/\/collectin.eu\/wp-content\/uploads\/2026\/01\/Untitled-design-2026-01-08T225110.437.png","datePublished":"2026-01-08T20:52:47+00:00","dateModified":"2026-03-05T07:21:48+00:00","description":"Marvel Super Action #20 (1980) \u2013 tai 1980 metais \u201eMarvel Comics\u201c i\u0161leistas antologinis komiksas, kuriame pakartotinai pateikiamos anks\u010diau publikuotos istorijos su populiariais \u201eMarvel\u201c herojais.","breadcrumb":{"@id":"https:\/\/collectin.eu\/produktas\/marvel-super-action-20-1980\/#breadcrumb"},"inLanguage":"en-US","potentialAction":[{"@type":"ReadAction","target":["https:\/\/collectin.eu\/produktas\/marvel-super-action-20-1980\/"]}]},{"@type":"ImageObject","inLanguage":"en-US","@id":"https:\/\/collectin.eu\/produktas\/marvel-super-action-20-1980\/#primaryimage","url":"https:\/\/collectin.eu\/wp-content\/uploads\/2026\/01\/Untitled-design-2026-01-08T225110.437.png","contentUrl":"https:\/\/collectin.eu\/wp-content\/uploads\/2026\/01\/Untitled-design-2026-01-08T225110.437.png","width":1080,"height":1080},{"@type":"BreadcrumbList","@id":"https:\/\/collectin.eu\/produktas\/marvel-super-action-20-1980\/#breadcrumb","itemListElement":[{"@type":"ListItem","position":1,"name":"Home","item":"https:\/\/collectin.eu\/"},{"@type":"ListItem","position":2,"name":"Parduotuv\u0117","item":"https:\/\/collectin.eu\/parduotuve\/"},{"@type":"ListItem","position":3,"name":"Marvel Super Action #20 (1980)"}]},{"@type":"WebSite","@id":"https:\/\/collectin.eu\/#website","url":"https:\/\/collectin.eu\/","name":"Collectin.eu","description":"","potentialAction":[{"@type":"SearchAction","target":{"@type":"EntryPoint","urlTemplate":"https:\/\/collectin.eu\/?s={search_term_string}"},"query-input":{"@type":"PropertyValueSpecification","valueRequired":true,"valueName":"search_term_string"}}],"inLanguage":"en-US"}]}},"jetpack_sharing_enabled":true,"_links":{"self":[{"href":"https:\/\/collectin.eu\/en\/wp-json\/wp\/v2\/product\/39145","targetHints":{"allow":["GET"]}}],"collection":[{"href":"https:\/\/collectin.eu\/en\/wp-json\/wp\/v2\/product"}],"about":[{"href":"https:\/\/collectin.eu\/en\/wp-json\/wp\/v2\/types\/product"}],"replies":[{"embeddable":true,"href":"https:\/\/collectin.eu\/en\/wp-json\/wp\/v2\/comments?post=39145"}],"version-history":[{"count":2,"href":"https:\/\/collectin.eu\/en\/wp-json\/wp\/v2\/product\/39145\/revisions"}],"predecessor-version":[{"id":40230,"href":"https:\/\/collectin.eu\/en\/wp-json\/wp\/v2\/product\/39145\/revisions\/40230"}],"wp:featuredmedia":[{"embeddable":true,"href":"https:\/\/collectin.eu\/en\/wp-json\/wp\/v2\/media\/39146"}],"wp:attachment":[{"href":"https:\/\/collectin.eu\/en\/wp-json\/wp\/v2\/media?parent=39145"}],"wp:term":[{"taxonomy":"product_brand","embeddable":true,"href":"https:\/\/collectin.eu\/en\/wp-json\/wp\/v2\/product_brand?post=39145"},{"taxonomy":"product_cat","embeddable":true,"href":"https:\/\/collectin.eu\/en\/wp-json\/wp\/v2\/product_cat?post=39145"},{"taxonomy":"product_tag","embeddable":true,"href":"https:\/\/collectin.eu\/en\/wp-json\/wp\/v2\/product_tag?post=39145"}],"curies":[{"name":"wp","href":"https:\/\/api.w.org\/{rel}","templated":true}]}}