{"id":39149,"date":"2026-01-08T20:56:32","date_gmt":"2026-01-08T20:56:32","guid":{"rendered":"https:\/\/collectin.eu\/?post_type=product&#038;p=39149"},"modified":"2026-03-05T07:21:54","modified_gmt":"2026-03-05T07:21:54","slug":"the-mighty-thor-244-1976-marvel-comics","status":"publish","type":"product","link":"https:\/\/collectin.eu\/en\/product\/the-mighty-thor-244-1976-marvel-comics\/","title":{"rendered":"The Mighty Thor #244 (1976) Marvel Comics"},"content":{"rendered":"<p>The Mighty Thor #244 (1976) \u2013 Marvel Comics \u2013 tai 1976 metais i\u0161leistas klasikinis \u201eMarvel\u201c superheroj\u0173 komiksas, priklausantis bronzos am\u017eiaus laikotarpiui ir t\u0119siantis galingojo Toro nuotykius. \u0160iame numeryje pasakojama apie dievi\u0161kojo griaustinio dievo kovas su pavojingais prie\u0161ais bei i\u0161bandymus, su kuriais jis susiduria tiek Asgarde, tiek \u017dem\u0117je. Leidinys pasi\u017eymi dramati\u0161ku siu\u017etu, dinami\u0161ku veiksmu ir to meto \u201eMarvel\u201c komiksams b\u016bdingu detaliu pie\u0161imo stiliumi. \u201eThe Mighty Thor #244\u201c yra vertinamas kolekcinink\u0173 kaip reik\u0161minga Toro serijos dalis ir patrauklus 1970-\u0173j\u0173 \u201eMarvel\u201c k\u016brybos pavyzdys.<\/p>","protected":false},"excerpt":{"rendered":"<p>The Mighty Thor #244 (1976) \u2013 Marvel Comics \u2013 tai 1976 metais i\u0161leistas klasikinis \u201eMarvel\u201c superheroj\u0173 komiksas, priklausantis bronzos am\u017eiaus<\/p>","protected":false},"featured_media":39150,"comment_status":"open","ping_status":"closed","template":"","meta":[],"product_brand":[428],"product_cat":[535,536],"product_tag":[],"class_list":{"0":"post-39149","1":"product","2":"type-product","3":"status-publish","4":"has-post-thumbnail","6":"product_brand-marvel-comics","7":"product_cat-komiksai","8":"product_cat-marvel-komiksai-1939-1999","10":"first","11":"instock","12":"taxable","13":"shipping-taxable","14":"purchasable","15":"product-type-simple"},"yoast_head":"<!-- This site is optimized with the Yoast SEO plugin v25.9 - https:\/\/yoast.com\/wordpress\/plugins\/seo\/ -->\n<title>The Mighty Thor #244 (1976) Marvel Comics - Collectin.eu<\/title>\n<meta name=\"description\" content=\"The Mighty Thor #244 (1976) \u2013 Marvel Comics \u2013 tai 1976 metais i\u0161leistas klasikinis \u201eMarvel\u201c superheroj\u0173 komiksas, priklausantis bronzos am\u017eiaus laikotarpiui ir t\u0119siantis galingojo Toro nuotykius.\" \/>\n<meta name=\"robots\" content=\"index, follow, max-snippet:-1, max-image-preview:large, max-video-preview:-1\" \/>\n<link rel=\"canonical\" href=\"https:\/\/collectin.eu\/en\/product\/the-mighty-thor-244-1976-marvel-comics\/\" \/>\n<meta property=\"og:locale\" content=\"en_US\" \/>\n<meta property=\"og:type\" content=\"article\" \/>\n<meta property=\"og:title\" content=\"The Mighty Thor #244 (1976) Marvel Comics - Collectin.eu\" \/>\n<meta property=\"og:description\" content=\"The Mighty Thor #244 (1976) \u2013 Marvel Comics \u2013 tai 1976 metais i\u0161leistas klasikinis \u201eMarvel\u201c superheroj\u0173 komiksas, priklausantis bronzos am\u017eiaus laikotarpiui ir t\u0119siantis galingojo Toro nuotykius.\" \/>\n<meta property=\"og:url\" content=\"https:\/\/collectin.eu\/en\/product\/the-mighty-thor-244-1976-marvel-comics\/\" \/>\n<meta property=\"og:site_name\" content=\"Collectin.eu\" \/>\n<meta property=\"article:modified_time\" content=\"2026-03-05T07:21:54+00:00\" \/>\n<meta property=\"og:image\" content=\"http:\/\/collectin.eu\/wp-content\/uploads\/2026\/01\/Untitled-design-2026-01-08T225446.062.png\" \/>\n\t<meta property=\"og:image:width\" content=\"1080\" \/>\n\t<meta property=\"og:image:height\" content=\"1080\" \/>\n\t<meta property=\"og:image:type\" content=\"image\/png\" \/>\n<meta name=\"twitter:card\" content=\"summary_large_image\" \/>\n<meta name=\"twitter:label1\" content=\"Est. reading time\" \/>\n\t<meta name=\"twitter:data1\" content=\"1 minute\" \/>\n<script type=\"application\/ld+json\" class=\"yoast-schema-graph\">{\"@context\":\"https:\/\/schema.org\",\"@graph\":[{\"@type\":\"WebPage\",\"@id\":\"https:\/\/collectin.eu\/produktas\/the-mighty-thor-244-1976-marvel-comics\/\",\"url\":\"https:\/\/collectin.eu\/produktas\/the-mighty-thor-244-1976-marvel-comics\/\",\"name\":\"The Mighty Thor #244 (1976) Marvel Comics - Collectin.eu\",\"isPartOf\":{\"@id\":\"https:\/\/collectin.eu\/#website\"},\"primaryImageOfPage\":{\"@id\":\"https:\/\/collectin.eu\/produktas\/the-mighty-thor-244-1976-marvel-comics\/#primaryimage\"},\"image\":{\"@id\":\"https:\/\/collectin.eu\/produktas\/the-mighty-thor-244-1976-marvel-comics\/#primaryimage\"},\"thumbnailUrl\":\"https:\/\/collectin.eu\/wp-content\/uploads\/2026\/01\/Untitled-design-2026-01-08T225446.062.png\",\"datePublished\":\"2026-01-08T20:56:32+00:00\",\"dateModified\":\"2026-03-05T07:21:54+00:00\",\"description\":\"The Mighty Thor #244 (1976) \u2013 Marvel Comics \u2013 tai 1976 metais i\u0161leistas klasikinis \u201eMarvel\u201c superheroj\u0173 komiksas, priklausantis bronzos am\u017eiaus laikotarpiui ir t\u0119siantis galingojo Toro nuotykius.\",\"breadcrumb\":{\"@id\":\"https:\/\/collectin.eu\/produktas\/the-mighty-thor-244-1976-marvel-comics\/#breadcrumb\"},\"inLanguage\":\"en-US\",\"potentialAction\":[{\"@type\":\"ReadAction\",\"target\":[\"https:\/\/collectin.eu\/produktas\/the-mighty-thor-244-1976-marvel-comics\/\"]}]},{\"@type\":\"ImageObject\",\"inLanguage\":\"en-US\",\"@id\":\"https:\/\/collectin.eu\/produktas\/the-mighty-thor-244-1976-marvel-comics\/#primaryimage\",\"url\":\"https:\/\/collectin.eu\/wp-content\/uploads\/2026\/01\/Untitled-design-2026-01-08T225446.062.png\",\"contentUrl\":\"https:\/\/collectin.eu\/wp-content\/uploads\/2026\/01\/Untitled-design-2026-01-08T225446.062.png\",\"width\":1080,\"height\":1080},{\"@type\":\"BreadcrumbList\",\"@id\":\"https:\/\/collectin.eu\/produktas\/the-mighty-thor-244-1976-marvel-comics\/#breadcrumb\",\"itemListElement\":[{\"@type\":\"ListItem\",\"position\":1,\"name\":\"Home\",\"item\":\"https:\/\/collectin.eu\/\"},{\"@type\":\"ListItem\",\"position\":2,\"name\":\"Parduotuv\u0117\",\"item\":\"https:\/\/collectin.eu\/parduotuve\/\"},{\"@type\":\"ListItem\",\"position\":3,\"name\":\"The Mighty Thor #244 (1976) Marvel Comics\"}]},{\"@type\":\"WebSite\",\"@id\":\"https:\/\/collectin.eu\/#website\",\"url\":\"https:\/\/collectin.eu\/\",\"name\":\"Collectin.eu\",\"description\":\"\",\"potentialAction\":[{\"@type\":\"SearchAction\",\"target\":{\"@type\":\"EntryPoint\",\"urlTemplate\":\"https:\/\/collectin.eu\/?s={search_term_string}\"},\"query-input\":{\"@type\":\"PropertyValueSpecification\",\"valueRequired\":true,\"valueName\":\"search_term_string\"}}],\"inLanguage\":\"en-US\"}]}<\/script>\n<!-- \/ Yoast SEO plugin. -->","yoast_head_json":{"title":"The Mighty Thor #244 (1976) Marvel Comics - Collectin.eu","description":"The Mighty Thor #244 (1976) \u2013 Marvel Comics \u2013 tai 1976 metais i\u0161leistas klasikinis \u201eMarvel\u201c superheroj\u0173 komiksas, priklausantis bronzos am\u017eiaus laikotarpiui ir t\u0119siantis galingojo Toro nuotykius.","robots":{"index":"index","follow":"follow","max-snippet":"max-snippet:-1","max-image-preview":"max-image-preview:large","max-video-preview":"max-video-preview:-1"},"canonical":"https:\/\/collectin.eu\/en\/product\/the-mighty-thor-244-1976-marvel-comics\/","og_locale":"en_US","og_type":"article","og_title":"The Mighty Thor #244 (1976) Marvel Comics - Collectin.eu","og_description":"The Mighty Thor #244 (1976) \u2013 Marvel Comics \u2013 tai 1976 metais i\u0161leistas klasikinis \u201eMarvel\u201c superheroj\u0173 komiksas, priklausantis bronzos am\u017eiaus laikotarpiui ir t\u0119siantis galingojo Toro nuotykius.","og_url":"https:\/\/collectin.eu\/en\/product\/the-mighty-thor-244-1976-marvel-comics\/","og_site_name":"Collectin.eu","article_modified_time":"2026-03-05T07:21:54+00:00","og_image":[{"width":1080,"height":1080,"url":"http:\/\/collectin.eu\/wp-content\/uploads\/2026\/01\/Untitled-design-2026-01-08T225446.062.png","type":"image\/png"}],"twitter_card":"summary_large_image","twitter_misc":{"Est. reading time":"1 minute"},"schema":{"@context":"https:\/\/schema.org","@graph":[{"@type":"WebPage","@id":"https:\/\/collectin.eu\/produktas\/the-mighty-thor-244-1976-marvel-comics\/","url":"https:\/\/collectin.eu\/produktas\/the-mighty-thor-244-1976-marvel-comics\/","name":"The Mighty Thor #244 (1976) Marvel Comics - Collectin.eu","isPartOf":{"@id":"https:\/\/collectin.eu\/#website"},"primaryImageOfPage":{"@id":"https:\/\/collectin.eu\/produktas\/the-mighty-thor-244-1976-marvel-comics\/#primaryimage"},"image":{"@id":"https:\/\/collectin.eu\/produktas\/the-mighty-thor-244-1976-marvel-comics\/#primaryimage"},"thumbnailUrl":"https:\/\/collectin.eu\/wp-content\/uploads\/2026\/01\/Untitled-design-2026-01-08T225446.062.png","datePublished":"2026-01-08T20:56:32+00:00","dateModified":"2026-03-05T07:21:54+00:00","description":"The Mighty Thor #244 (1976) \u2013 Marvel Comics \u2013 tai 1976 metais i\u0161leistas klasikinis \u201eMarvel\u201c superheroj\u0173 komiksas, priklausantis bronzos am\u017eiaus laikotarpiui ir t\u0119siantis galingojo Toro nuotykius.","breadcrumb":{"@id":"https:\/\/collectin.eu\/produktas\/the-mighty-thor-244-1976-marvel-comics\/#breadcrumb"},"inLanguage":"en-US","potentialAction":[{"@type":"ReadAction","target":["https:\/\/collectin.eu\/produktas\/the-mighty-thor-244-1976-marvel-comics\/"]}]},{"@type":"ImageObject","inLanguage":"en-US","@id":"https:\/\/collectin.eu\/produktas\/the-mighty-thor-244-1976-marvel-comics\/#primaryimage","url":"https:\/\/collectin.eu\/wp-content\/uploads\/2026\/01\/Untitled-design-2026-01-08T225446.062.png","contentUrl":"https:\/\/collectin.eu\/wp-content\/uploads\/2026\/01\/Untitled-design-2026-01-08T225446.062.png","width":1080,"height":1080},{"@type":"BreadcrumbList","@id":"https:\/\/collectin.eu\/produktas\/the-mighty-thor-244-1976-marvel-comics\/#breadcrumb","itemListElement":[{"@type":"ListItem","position":1,"name":"Home","item":"https:\/\/collectin.eu\/"},{"@type":"ListItem","position":2,"name":"Parduotuv\u0117","item":"https:\/\/collectin.eu\/parduotuve\/"},{"@type":"ListItem","position":3,"name":"The Mighty Thor #244 (1976) Marvel Comics"}]},{"@type":"WebSite","@id":"https:\/\/collectin.eu\/#website","url":"https:\/\/collectin.eu\/","name":"Collectin.eu","description":"","potentialAction":[{"@type":"SearchAction","target":{"@type":"EntryPoint","urlTemplate":"https:\/\/collectin.eu\/?s={search_term_string}"},"query-input":{"@type":"PropertyValueSpecification","valueRequired":true,"valueName":"search_term_string"}}],"inLanguage":"en-US"}]}},"jetpack_sharing_enabled":true,"_links":{"self":[{"href":"https:\/\/collectin.eu\/en\/wp-json\/wp\/v2\/product\/39149","targetHints":{"allow":["GET"]}}],"collection":[{"href":"https:\/\/collectin.eu\/en\/wp-json\/wp\/v2\/product"}],"about":[{"href":"https:\/\/collectin.eu\/en\/wp-json\/wp\/v2\/types\/product"}],"replies":[{"embeddable":true,"href":"https:\/\/collectin.eu\/en\/wp-json\/wp\/v2\/comments?post=39149"}],"version-history":[{"count":2,"href":"https:\/\/collectin.eu\/en\/wp-json\/wp\/v2\/product\/39149\/revisions"}],"predecessor-version":[{"id":40231,"href":"https:\/\/collectin.eu\/en\/wp-json\/wp\/v2\/product\/39149\/revisions\/40231"}],"wp:featuredmedia":[{"embeddable":true,"href":"https:\/\/collectin.eu\/en\/wp-json\/wp\/v2\/media\/39150"}],"wp:attachment":[{"href":"https:\/\/collectin.eu\/en\/wp-json\/wp\/v2\/media?parent=39149"}],"wp:term":[{"taxonomy":"product_brand","embeddable":true,"href":"https:\/\/collectin.eu\/en\/wp-json\/wp\/v2\/product_brand?post=39149"},{"taxonomy":"product_cat","embeddable":true,"href":"https:\/\/collectin.eu\/en\/wp-json\/wp\/v2\/product_cat?post=39149"},{"taxonomy":"product_tag","embeddable":true,"href":"https:\/\/collectin.eu\/en\/wp-json\/wp\/v2\/product_tag?post=39149"}],"curies":[{"name":"wp","href":"https:\/\/api.w.org\/{rel}","templated":true}]}}