{"id":39153,"date":"2026-01-08T21:00:37","date_gmt":"2026-01-08T21:00:37","guid":{"rendered":"https:\/\/collectin.eu\/?post_type=product&#038;p=39153"},"modified":"2026-03-05T07:22:12","modified_gmt":"2026-03-05T07:22:12","slug":"green-lantern-corps-217-1987-marvel-comics","status":"publish","type":"product","link":"https:\/\/collectin.eu\/en\/product\/green-lantern-corps-217-1987-marvel-comics\/","title":{"rendered":"Green Lantern Corps #217 (1987) Marvel Comics"},"content":{"rendered":"<p>Green Lantern Corps #217 (1987) \u2013 Marvel Comics \u2013 \u010dia yra subtili klaida: \u201eGreen Lantern Corps\u201c yra DC Comics serija, o ne \u201eMarvel\u201c. Taigi, Green Lantern Corps #217 i\u0161 tikr\u0173j\u0173 yra DC Comics leidinys, i\u0161leistas 1987 metais, priklausantis bronzos\/moderniojo am\u017eiaus laikotarpiui. \u0160iame numeryje t\u0119siami \u017eali\u0173j\u0173 \u017eibint\u0173 korpuso nari\u0173 nuotykiai, j\u0173 misijos ir kovos su kosmin\u0117mis gr\u0117sm\u0117mis visatoje. Komiksas pasi\u017eymi dramati\u0161kais konflikt\u0173 sprendimais, detalizuotu pie\u0161imo stiliumi ir \u012ftemptu siu\u017eetu, b\u016bdingu 1980-\u0173j\u0173 DC Comics leidiniams. \u0160is numeris yra vertingas kolekcionieriams ir \u201eGreen Lantern\u201c serijos gerb\u0117jams, simbolizuojantis klasikin\u0117s superheroj\u0173 komiks\u0173 eros atmosfer\u0105.<\/p>","protected":false},"excerpt":{"rendered":"<p>Green Lantern Corps #217 (1987) \u2013 Marvel Comics \u2013 \u010dia yra subtili klaida: \u201eGreen Lantern Corps\u201c yra DC Comics serija,<\/p>","protected":false},"featured_media":39154,"comment_status":"open","ping_status":"closed","template":"","meta":[],"product_brand":[541],"product_cat":[537,535],"product_tag":[],"class_list":{"0":"post-39153","1":"product","2":"type-product","3":"status-publish","4":"has-post-thumbnail","6":"product_brand-dc-comics","7":"product_cat-dc-komiksai-1935-1999","8":"product_cat-komiksai","10":"first","11":"instock","12":"taxable","13":"shipping-taxable","14":"purchasable","15":"product-type-simple"},"yoast_head":"<!-- This site is optimized with the Yoast SEO plugin v25.9 - https:\/\/yoast.com\/wordpress\/plugins\/seo\/ -->\n<title>Green Lantern Corps #217 (1987) Marvel Comics - Collectin.eu<\/title>\n<meta name=\"description\" content=\"Green Lantern Corps #217 (1987) \u2013 DC Comics \u2013 tai 1987 m. i\u0161leistas komiksas, kuriame t\u0119siami \u017dali\u0173j\u0173 \u017dibint\u0173 korpuso nuotykiai.\" \/>\n<meta name=\"robots\" content=\"index, follow, max-snippet:-1, max-image-preview:large, max-video-preview:-1\" \/>\n<link rel=\"canonical\" href=\"https:\/\/collectin.eu\/en\/product\/green-lantern-corps-217-1987-marvel-comics\/\" \/>\n<meta property=\"og:locale\" content=\"en_US\" \/>\n<meta property=\"og:type\" content=\"article\" \/>\n<meta property=\"og:title\" content=\"Green Lantern Corps #217 (1987) Marvel Comics - Collectin.eu\" \/>\n<meta property=\"og:description\" content=\"Green Lantern Corps #217 (1987) \u2013 DC Comics \u2013 tai 1987 m. i\u0161leistas komiksas, kuriame t\u0119siami \u017dali\u0173j\u0173 \u017dibint\u0173 korpuso nuotykiai.\" \/>\n<meta property=\"og:url\" content=\"https:\/\/collectin.eu\/en\/product\/green-lantern-corps-217-1987-marvel-comics\/\" \/>\n<meta property=\"og:site_name\" content=\"Collectin.eu\" \/>\n<meta property=\"article:modified_time\" content=\"2026-03-05T07:22:12+00:00\" \/>\n<meta property=\"og:image\" content=\"http:\/\/collectin.eu\/wp-content\/uploads\/2026\/01\/Untitled-design-2026-01-08T225840.117.png\" \/>\n\t<meta property=\"og:image:width\" content=\"1080\" \/>\n\t<meta property=\"og:image:height\" content=\"1080\" \/>\n\t<meta property=\"og:image:type\" content=\"image\/png\" \/>\n<meta name=\"twitter:card\" content=\"summary_large_image\" \/>\n<meta name=\"twitter:label1\" content=\"Est. reading time\" \/>\n\t<meta name=\"twitter:data1\" content=\"1 minute\" \/>\n<script type=\"application\/ld+json\" class=\"yoast-schema-graph\">{\"@context\":\"https:\/\/schema.org\",\"@graph\":[{\"@type\":\"WebPage\",\"@id\":\"https:\/\/collectin.eu\/produktas\/green-lantern-corps-217-1987-marvel-comics\/\",\"url\":\"https:\/\/collectin.eu\/produktas\/green-lantern-corps-217-1987-marvel-comics\/\",\"name\":\"Green Lantern Corps #217 (1987) Marvel Comics - Collectin.eu\",\"isPartOf\":{\"@id\":\"https:\/\/collectin.eu\/#website\"},\"primaryImageOfPage\":{\"@id\":\"https:\/\/collectin.eu\/produktas\/green-lantern-corps-217-1987-marvel-comics\/#primaryimage\"},\"image\":{\"@id\":\"https:\/\/collectin.eu\/produktas\/green-lantern-corps-217-1987-marvel-comics\/#primaryimage\"},\"thumbnailUrl\":\"https:\/\/collectin.eu\/wp-content\/uploads\/2026\/01\/Untitled-design-2026-01-08T225840.117.png\",\"datePublished\":\"2026-01-08T21:00:37+00:00\",\"dateModified\":\"2026-03-05T07:22:12+00:00\",\"description\":\"Green Lantern Corps #217 (1987) \u2013 DC Comics \u2013 tai 1987 m. i\u0161leistas komiksas, kuriame t\u0119siami \u017dali\u0173j\u0173 \u017dibint\u0173 korpuso nuotykiai.\",\"breadcrumb\":{\"@id\":\"https:\/\/collectin.eu\/produktas\/green-lantern-corps-217-1987-marvel-comics\/#breadcrumb\"},\"inLanguage\":\"en-US\",\"potentialAction\":[{\"@type\":\"ReadAction\",\"target\":[\"https:\/\/collectin.eu\/produktas\/green-lantern-corps-217-1987-marvel-comics\/\"]}]},{\"@type\":\"ImageObject\",\"inLanguage\":\"en-US\",\"@id\":\"https:\/\/collectin.eu\/produktas\/green-lantern-corps-217-1987-marvel-comics\/#primaryimage\",\"url\":\"https:\/\/collectin.eu\/wp-content\/uploads\/2026\/01\/Untitled-design-2026-01-08T225840.117.png\",\"contentUrl\":\"https:\/\/collectin.eu\/wp-content\/uploads\/2026\/01\/Untitled-design-2026-01-08T225840.117.png\",\"width\":1080,\"height\":1080},{\"@type\":\"BreadcrumbList\",\"@id\":\"https:\/\/collectin.eu\/produktas\/green-lantern-corps-217-1987-marvel-comics\/#breadcrumb\",\"itemListElement\":[{\"@type\":\"ListItem\",\"position\":1,\"name\":\"Home\",\"item\":\"https:\/\/collectin.eu\/\"},{\"@type\":\"ListItem\",\"position\":2,\"name\":\"Parduotuv\u0117\",\"item\":\"https:\/\/collectin.eu\/parduotuve\/\"},{\"@type\":\"ListItem\",\"position\":3,\"name\":\"Green Lantern Corps #217 (1987) Marvel Comics\"}]},{\"@type\":\"WebSite\",\"@id\":\"https:\/\/collectin.eu\/#website\",\"url\":\"https:\/\/collectin.eu\/\",\"name\":\"Collectin.eu\",\"description\":\"\",\"potentialAction\":[{\"@type\":\"SearchAction\",\"target\":{\"@type\":\"EntryPoint\",\"urlTemplate\":\"https:\/\/collectin.eu\/?s={search_term_string}\"},\"query-input\":{\"@type\":\"PropertyValueSpecification\",\"valueRequired\":true,\"valueName\":\"search_term_string\"}}],\"inLanguage\":\"en-US\"}]}<\/script>\n<!-- \/ Yoast SEO plugin. -->","yoast_head_json":{"title":"Green Lantern Corps #217 (1987) Marvel Comics - Collectin.eu","description":"Green Lantern Corps #217 (1987) \u2013 DC Comics \u2013 tai 1987 m. i\u0161leistas komiksas, kuriame t\u0119siami \u017dali\u0173j\u0173 \u017dibint\u0173 korpuso nuotykiai.","robots":{"index":"index","follow":"follow","max-snippet":"max-snippet:-1","max-image-preview":"max-image-preview:large","max-video-preview":"max-video-preview:-1"},"canonical":"https:\/\/collectin.eu\/en\/product\/green-lantern-corps-217-1987-marvel-comics\/","og_locale":"en_US","og_type":"article","og_title":"Green Lantern Corps #217 (1987) Marvel Comics - Collectin.eu","og_description":"Green Lantern Corps #217 (1987) \u2013 DC Comics \u2013 tai 1987 m. i\u0161leistas komiksas, kuriame t\u0119siami \u017dali\u0173j\u0173 \u017dibint\u0173 korpuso nuotykiai.","og_url":"https:\/\/collectin.eu\/en\/product\/green-lantern-corps-217-1987-marvel-comics\/","og_site_name":"Collectin.eu","article_modified_time":"2026-03-05T07:22:12+00:00","og_image":[{"width":1080,"height":1080,"url":"http:\/\/collectin.eu\/wp-content\/uploads\/2026\/01\/Untitled-design-2026-01-08T225840.117.png","type":"image\/png"}],"twitter_card":"summary_large_image","twitter_misc":{"Est. reading time":"1 minute"},"schema":{"@context":"https:\/\/schema.org","@graph":[{"@type":"WebPage","@id":"https:\/\/collectin.eu\/produktas\/green-lantern-corps-217-1987-marvel-comics\/","url":"https:\/\/collectin.eu\/produktas\/green-lantern-corps-217-1987-marvel-comics\/","name":"Green Lantern Corps #217 (1987) Marvel Comics - Collectin.eu","isPartOf":{"@id":"https:\/\/collectin.eu\/#website"},"primaryImageOfPage":{"@id":"https:\/\/collectin.eu\/produktas\/green-lantern-corps-217-1987-marvel-comics\/#primaryimage"},"image":{"@id":"https:\/\/collectin.eu\/produktas\/green-lantern-corps-217-1987-marvel-comics\/#primaryimage"},"thumbnailUrl":"https:\/\/collectin.eu\/wp-content\/uploads\/2026\/01\/Untitled-design-2026-01-08T225840.117.png","datePublished":"2026-01-08T21:00:37+00:00","dateModified":"2026-03-05T07:22:12+00:00","description":"Green Lantern Corps #217 (1987) \u2013 DC Comics \u2013 tai 1987 m. i\u0161leistas komiksas, kuriame t\u0119siami \u017dali\u0173j\u0173 \u017dibint\u0173 korpuso nuotykiai.","breadcrumb":{"@id":"https:\/\/collectin.eu\/produktas\/green-lantern-corps-217-1987-marvel-comics\/#breadcrumb"},"inLanguage":"en-US","potentialAction":[{"@type":"ReadAction","target":["https:\/\/collectin.eu\/produktas\/green-lantern-corps-217-1987-marvel-comics\/"]}]},{"@type":"ImageObject","inLanguage":"en-US","@id":"https:\/\/collectin.eu\/produktas\/green-lantern-corps-217-1987-marvel-comics\/#primaryimage","url":"https:\/\/collectin.eu\/wp-content\/uploads\/2026\/01\/Untitled-design-2026-01-08T225840.117.png","contentUrl":"https:\/\/collectin.eu\/wp-content\/uploads\/2026\/01\/Untitled-design-2026-01-08T225840.117.png","width":1080,"height":1080},{"@type":"BreadcrumbList","@id":"https:\/\/collectin.eu\/produktas\/green-lantern-corps-217-1987-marvel-comics\/#breadcrumb","itemListElement":[{"@type":"ListItem","position":1,"name":"Home","item":"https:\/\/collectin.eu\/"},{"@type":"ListItem","position":2,"name":"Parduotuv\u0117","item":"https:\/\/collectin.eu\/parduotuve\/"},{"@type":"ListItem","position":3,"name":"Green Lantern Corps #217 (1987) Marvel Comics"}]},{"@type":"WebSite","@id":"https:\/\/collectin.eu\/#website","url":"https:\/\/collectin.eu\/","name":"Collectin.eu","description":"","potentialAction":[{"@type":"SearchAction","target":{"@type":"EntryPoint","urlTemplate":"https:\/\/collectin.eu\/?s={search_term_string}"},"query-input":{"@type":"PropertyValueSpecification","valueRequired":true,"valueName":"search_term_string"}}],"inLanguage":"en-US"}]}},"jetpack_sharing_enabled":true,"_links":{"self":[{"href":"https:\/\/collectin.eu\/en\/wp-json\/wp\/v2\/product\/39153","targetHints":{"allow":["GET"]}}],"collection":[{"href":"https:\/\/collectin.eu\/en\/wp-json\/wp\/v2\/product"}],"about":[{"href":"https:\/\/collectin.eu\/en\/wp-json\/wp\/v2\/types\/product"}],"replies":[{"embeddable":true,"href":"https:\/\/collectin.eu\/en\/wp-json\/wp\/v2\/comments?post=39153"}],"version-history":[{"count":2,"href":"https:\/\/collectin.eu\/en\/wp-json\/wp\/v2\/product\/39153\/revisions"}],"predecessor-version":[{"id":40232,"href":"https:\/\/collectin.eu\/en\/wp-json\/wp\/v2\/product\/39153\/revisions\/40232"}],"wp:featuredmedia":[{"embeddable":true,"href":"https:\/\/collectin.eu\/en\/wp-json\/wp\/v2\/media\/39154"}],"wp:attachment":[{"href":"https:\/\/collectin.eu\/en\/wp-json\/wp\/v2\/media?parent=39153"}],"wp:term":[{"taxonomy":"product_brand","embeddable":true,"href":"https:\/\/collectin.eu\/en\/wp-json\/wp\/v2\/product_brand?post=39153"},{"taxonomy":"product_cat","embeddable":true,"href":"https:\/\/collectin.eu\/en\/wp-json\/wp\/v2\/product_cat?post=39153"},{"taxonomy":"product_tag","embeddable":true,"href":"https:\/\/collectin.eu\/en\/wp-json\/wp\/v2\/product_tag?post=39153"}],"curies":[{"name":"wp","href":"https:\/\/api.w.org\/{rel}","templated":true}]}}