{"id":39161,"date":"2026-01-08T21:09:42","date_gmt":"2026-01-08T21:09:42","guid":{"rendered":"https:\/\/collectin.eu\/?post_type=product&#038;p=39161"},"modified":"2026-03-05T07:22:26","modified_gmt":"2026-03-05T07:22:26","slug":"morbius-the-living-vampire-30-1995-marvel-comics","status":"publish","type":"product","link":"https:\/\/collectin.eu\/en\/product\/morbius-the-living-vampire-30-1995-marvel-comics\/","title":{"rendered":"Morbius: The Living Vampire #30 (1995) Marvel Comics"},"content":{"rendered":"<p>Morbius: The Living Vampire #30 (1995) \u2013 Marvel Comics \u2013 tai 1995 m. i\u0161leistas komiksas, t\u0119siantis Dr. Michael Morbius, vampyri\u0161ko antiheroj\u0173, nuotykius. \u0160iame numeryje Morbius susiduria su naujais pavojais ir prie\u0161ininkais, bandydamas suvaldyti savo vampyri\u0161k\u0105 prigimt\u012f ir apsaugoti aplinkinius nuo savo tamsiosios pus\u0117s. Komiksas pasi\u017eymi tamsia, ni\u016bria atmosfera, dramatiniu siu\u017eetu ir charakteringais 1990-\u0173j\u0173 \u201eMarvel\u201c komiksams veiksmo stilistikos elementais. \u201eMorbius #30\u201c yra vertinamas kolekcinink\u0173 ir antiheroj\u0173 istorij\u0173 gerb\u0117j\u0173 kaip \u012fdomi serijos dalis, atspindinti 1990-\u0173j\u0173 superheroj\u0173 komiks\u0173 dvasi\u0105.<\/p>","protected":false},"excerpt":{"rendered":"<p>Morbius: The Living Vampire #30 (1995) \u2013 Marvel Comics \u2013 tai 1995 m. i\u0161leistas komiksas, t\u0119siantis Dr. Michael Morbius, vampyri\u0161ko<\/p>","protected":false},"featured_media":39162,"comment_status":"open","ping_status":"closed","template":"","meta":[],"product_brand":[428],"product_cat":[535,536],"product_tag":[],"class_list":{"0":"post-39161","1":"product","2":"type-product","3":"status-publish","4":"has-post-thumbnail","6":"product_brand-marvel-comics","7":"product_cat-komiksai","8":"product_cat-marvel-komiksai-1939-1999","10":"first","11":"instock","12":"taxable","13":"shipping-taxable","14":"purchasable","15":"product-type-simple"},"yoast_head":"<!-- This site is optimized with the Yoast SEO plugin v25.9 - https:\/\/yoast.com\/wordpress\/plugins\/seo\/ -->\n<title>Morbius: The Living Vampire #30 (1995) Marvel Comics - Collectin.eu<\/title>\n<meta name=\"description\" content=\"Morbius: The Living Vampire #30 (1995) \u2013 Marvel Comics \u2013 tai 1995 m. i\u0161leistas komiksas, t\u0119siantis Dr. Michael Morbius, vampyri\u0161ko antiheroj\u0173, nuotykius.\" \/>\n<meta name=\"robots\" content=\"index, follow, max-snippet:-1, max-image-preview:large, max-video-preview:-1\" \/>\n<link rel=\"canonical\" href=\"https:\/\/collectin.eu\/en\/product\/morbius-the-living-vampire-30-1995-marvel-comics\/\" \/>\n<meta property=\"og:locale\" content=\"en_US\" \/>\n<meta property=\"og:type\" content=\"article\" \/>\n<meta property=\"og:title\" content=\"Morbius: The Living Vampire #30 (1995) Marvel Comics - Collectin.eu\" \/>\n<meta property=\"og:description\" content=\"Morbius: The Living Vampire #30 (1995) \u2013 Marvel Comics \u2013 tai 1995 m. i\u0161leistas komiksas, t\u0119siantis Dr. Michael Morbius, vampyri\u0161ko antiheroj\u0173, nuotykius.\" \/>\n<meta property=\"og:url\" content=\"https:\/\/collectin.eu\/en\/product\/morbius-the-living-vampire-30-1995-marvel-comics\/\" \/>\n<meta property=\"og:site_name\" content=\"Collectin.eu\" \/>\n<meta property=\"article:modified_time\" content=\"2026-03-05T07:22:26+00:00\" \/>\n<meta property=\"og:image\" content=\"http:\/\/collectin.eu\/wp-content\/uploads\/2026\/01\/Untitled-design-2026-01-08T230735.123.png\" \/>\n\t<meta property=\"og:image:width\" content=\"1080\" \/>\n\t<meta property=\"og:image:height\" content=\"1080\" \/>\n\t<meta property=\"og:image:type\" content=\"image\/png\" \/>\n<meta name=\"twitter:card\" content=\"summary_large_image\" \/>\n<meta name=\"twitter:label1\" content=\"Est. reading time\" \/>\n\t<meta name=\"twitter:data1\" content=\"1 minute\" \/>\n<script type=\"application\/ld+json\" class=\"yoast-schema-graph\">{\"@context\":\"https:\/\/schema.org\",\"@graph\":[{\"@type\":\"WebPage\",\"@id\":\"https:\/\/collectin.eu\/produktas\/morbius-the-living-vampire-30-1995-marvel-comics\/\",\"url\":\"https:\/\/collectin.eu\/produktas\/morbius-the-living-vampire-30-1995-marvel-comics\/\",\"name\":\"Morbius: The Living Vampire #30 (1995) Marvel Comics - Collectin.eu\",\"isPartOf\":{\"@id\":\"https:\/\/collectin.eu\/#website\"},\"primaryImageOfPage\":{\"@id\":\"https:\/\/collectin.eu\/produktas\/morbius-the-living-vampire-30-1995-marvel-comics\/#primaryimage\"},\"image\":{\"@id\":\"https:\/\/collectin.eu\/produktas\/morbius-the-living-vampire-30-1995-marvel-comics\/#primaryimage\"},\"thumbnailUrl\":\"https:\/\/collectin.eu\/wp-content\/uploads\/2026\/01\/Untitled-design-2026-01-08T230735.123.png\",\"datePublished\":\"2026-01-08T21:09:42+00:00\",\"dateModified\":\"2026-03-05T07:22:26+00:00\",\"description\":\"Morbius: The Living Vampire #30 (1995) \u2013 Marvel Comics \u2013 tai 1995 m. i\u0161leistas komiksas, t\u0119siantis Dr. Michael Morbius, vampyri\u0161ko antiheroj\u0173, nuotykius.\",\"breadcrumb\":{\"@id\":\"https:\/\/collectin.eu\/produktas\/morbius-the-living-vampire-30-1995-marvel-comics\/#breadcrumb\"},\"inLanguage\":\"en-US\",\"potentialAction\":[{\"@type\":\"ReadAction\",\"target\":[\"https:\/\/collectin.eu\/produktas\/morbius-the-living-vampire-30-1995-marvel-comics\/\"]}]},{\"@type\":\"ImageObject\",\"inLanguage\":\"en-US\",\"@id\":\"https:\/\/collectin.eu\/produktas\/morbius-the-living-vampire-30-1995-marvel-comics\/#primaryimage\",\"url\":\"https:\/\/collectin.eu\/wp-content\/uploads\/2026\/01\/Untitled-design-2026-01-08T230735.123.png\",\"contentUrl\":\"https:\/\/collectin.eu\/wp-content\/uploads\/2026\/01\/Untitled-design-2026-01-08T230735.123.png\",\"width\":1080,\"height\":1080},{\"@type\":\"BreadcrumbList\",\"@id\":\"https:\/\/collectin.eu\/produktas\/morbius-the-living-vampire-30-1995-marvel-comics\/#breadcrumb\",\"itemListElement\":[{\"@type\":\"ListItem\",\"position\":1,\"name\":\"Home\",\"item\":\"https:\/\/collectin.eu\/\"},{\"@type\":\"ListItem\",\"position\":2,\"name\":\"Parduotuv\u0117\",\"item\":\"https:\/\/collectin.eu\/parduotuve\/\"},{\"@type\":\"ListItem\",\"position\":3,\"name\":\"Morbius: The Living Vampire #30 (1995) Marvel Comics\"}]},{\"@type\":\"WebSite\",\"@id\":\"https:\/\/collectin.eu\/#website\",\"url\":\"https:\/\/collectin.eu\/\",\"name\":\"Collectin.eu\",\"description\":\"\",\"potentialAction\":[{\"@type\":\"SearchAction\",\"target\":{\"@type\":\"EntryPoint\",\"urlTemplate\":\"https:\/\/collectin.eu\/?s={search_term_string}\"},\"query-input\":{\"@type\":\"PropertyValueSpecification\",\"valueRequired\":true,\"valueName\":\"search_term_string\"}}],\"inLanguage\":\"en-US\"}]}<\/script>\n<!-- \/ Yoast SEO plugin. -->","yoast_head_json":{"title":"Morbius: The Living Vampire #30 (1995) Marvel Comics - Collectin.eu","description":"Morbius: The Living Vampire #30 (1995) \u2013 Marvel Comics \u2013 tai 1995 m. i\u0161leistas komiksas, t\u0119siantis Dr. Michael Morbius, vampyri\u0161ko antiheroj\u0173, nuotykius.","robots":{"index":"index","follow":"follow","max-snippet":"max-snippet:-1","max-image-preview":"max-image-preview:large","max-video-preview":"max-video-preview:-1"},"canonical":"https:\/\/collectin.eu\/en\/product\/morbius-the-living-vampire-30-1995-marvel-comics\/","og_locale":"en_US","og_type":"article","og_title":"Morbius: The Living Vampire #30 (1995) Marvel Comics - Collectin.eu","og_description":"Morbius: The Living Vampire #30 (1995) \u2013 Marvel Comics \u2013 tai 1995 m. i\u0161leistas komiksas, t\u0119siantis Dr. Michael Morbius, vampyri\u0161ko antiheroj\u0173, nuotykius.","og_url":"https:\/\/collectin.eu\/en\/product\/morbius-the-living-vampire-30-1995-marvel-comics\/","og_site_name":"Collectin.eu","article_modified_time":"2026-03-05T07:22:26+00:00","og_image":[{"width":1080,"height":1080,"url":"http:\/\/collectin.eu\/wp-content\/uploads\/2026\/01\/Untitled-design-2026-01-08T230735.123.png","type":"image\/png"}],"twitter_card":"summary_large_image","twitter_misc":{"Est. reading time":"1 minute"},"schema":{"@context":"https:\/\/schema.org","@graph":[{"@type":"WebPage","@id":"https:\/\/collectin.eu\/produktas\/morbius-the-living-vampire-30-1995-marvel-comics\/","url":"https:\/\/collectin.eu\/produktas\/morbius-the-living-vampire-30-1995-marvel-comics\/","name":"Morbius: The Living Vampire #30 (1995) Marvel Comics - Collectin.eu","isPartOf":{"@id":"https:\/\/collectin.eu\/#website"},"primaryImageOfPage":{"@id":"https:\/\/collectin.eu\/produktas\/morbius-the-living-vampire-30-1995-marvel-comics\/#primaryimage"},"image":{"@id":"https:\/\/collectin.eu\/produktas\/morbius-the-living-vampire-30-1995-marvel-comics\/#primaryimage"},"thumbnailUrl":"https:\/\/collectin.eu\/wp-content\/uploads\/2026\/01\/Untitled-design-2026-01-08T230735.123.png","datePublished":"2026-01-08T21:09:42+00:00","dateModified":"2026-03-05T07:22:26+00:00","description":"Morbius: The Living Vampire #30 (1995) \u2013 Marvel Comics \u2013 tai 1995 m. i\u0161leistas komiksas, t\u0119siantis Dr. Michael Morbius, vampyri\u0161ko antiheroj\u0173, nuotykius.","breadcrumb":{"@id":"https:\/\/collectin.eu\/produktas\/morbius-the-living-vampire-30-1995-marvel-comics\/#breadcrumb"},"inLanguage":"en-US","potentialAction":[{"@type":"ReadAction","target":["https:\/\/collectin.eu\/produktas\/morbius-the-living-vampire-30-1995-marvel-comics\/"]}]},{"@type":"ImageObject","inLanguage":"en-US","@id":"https:\/\/collectin.eu\/produktas\/morbius-the-living-vampire-30-1995-marvel-comics\/#primaryimage","url":"https:\/\/collectin.eu\/wp-content\/uploads\/2026\/01\/Untitled-design-2026-01-08T230735.123.png","contentUrl":"https:\/\/collectin.eu\/wp-content\/uploads\/2026\/01\/Untitled-design-2026-01-08T230735.123.png","width":1080,"height":1080},{"@type":"BreadcrumbList","@id":"https:\/\/collectin.eu\/produktas\/morbius-the-living-vampire-30-1995-marvel-comics\/#breadcrumb","itemListElement":[{"@type":"ListItem","position":1,"name":"Home","item":"https:\/\/collectin.eu\/"},{"@type":"ListItem","position":2,"name":"Parduotuv\u0117","item":"https:\/\/collectin.eu\/parduotuve\/"},{"@type":"ListItem","position":3,"name":"Morbius: The Living Vampire #30 (1995) Marvel Comics"}]},{"@type":"WebSite","@id":"https:\/\/collectin.eu\/#website","url":"https:\/\/collectin.eu\/","name":"Collectin.eu","description":"","potentialAction":[{"@type":"SearchAction","target":{"@type":"EntryPoint","urlTemplate":"https:\/\/collectin.eu\/?s={search_term_string}"},"query-input":{"@type":"PropertyValueSpecification","valueRequired":true,"valueName":"search_term_string"}}],"inLanguage":"en-US"}]}},"jetpack_sharing_enabled":true,"_links":{"self":[{"href":"https:\/\/collectin.eu\/en\/wp-json\/wp\/v2\/product\/39161","targetHints":{"allow":["GET"]}}],"collection":[{"href":"https:\/\/collectin.eu\/en\/wp-json\/wp\/v2\/product"}],"about":[{"href":"https:\/\/collectin.eu\/en\/wp-json\/wp\/v2\/types\/product"}],"replies":[{"embeddable":true,"href":"https:\/\/collectin.eu\/en\/wp-json\/wp\/v2\/comments?post=39161"}],"version-history":[{"count":2,"href":"https:\/\/collectin.eu\/en\/wp-json\/wp\/v2\/product\/39161\/revisions"}],"predecessor-version":[{"id":40234,"href":"https:\/\/collectin.eu\/en\/wp-json\/wp\/v2\/product\/39161\/revisions\/40234"}],"wp:featuredmedia":[{"embeddable":true,"href":"https:\/\/collectin.eu\/en\/wp-json\/wp\/v2\/media\/39162"}],"wp:attachment":[{"href":"https:\/\/collectin.eu\/en\/wp-json\/wp\/v2\/media?parent=39161"}],"wp:term":[{"taxonomy":"product_brand","embeddable":true,"href":"https:\/\/collectin.eu\/en\/wp-json\/wp\/v2\/product_brand?post=39161"},{"taxonomy":"product_cat","embeddable":true,"href":"https:\/\/collectin.eu\/en\/wp-json\/wp\/v2\/product_cat?post=39161"},{"taxonomy":"product_tag","embeddable":true,"href":"https:\/\/collectin.eu\/en\/wp-json\/wp\/v2\/product_tag?post=39161"}],"curies":[{"name":"wp","href":"https:\/\/api.w.org\/{rel}","templated":true}]}}