{"id":39171,"date":"2026-01-08T21:26:40","date_gmt":"2026-01-08T21:26:40","guid":{"rendered":"https:\/\/collectin.eu\/?post_type=product&#038;p=39171"},"modified":"2026-03-05T07:22:41","modified_gmt":"2026-03-05T07:22:41","slug":"strike-1-1987-eclipse-comics","status":"publish","type":"product","link":"https:\/\/collectin.eu\/en\/product\/strike-1-1987-eclipse-comics\/","title":{"rendered":"Strike! #1 (1987) Eclipse Comics"},"content":{"rendered":"<p>Strike! #1 (1987) \u2013 Eclipse Comics \u2013 tai 1987 m. i\u0161leistas komiksas i\u0161 \u201eEclipse Comics\u201c leidyklos, priklausantis veiksmo ir nuotyki\u0173 \u017eanrui. \u0160iame numeryje skaitytojai supa\u017eindinami su pagrindiniais veik\u0117jais, kuri\u0173 istorijos kupinos konflikto, kov\u0173 ir ekstremali\u0173 situacij\u0173, da\u017enai susijusi\u0173 su kriminaliniu pasauliu ar slaptomis organizacijomis. Komiksas pasi\u017eymi ry\u0161kiu pie\u0161imo stiliumi, intensyviu siu\u017eetu ir dramati\u0161ka atmosfera, b\u016bdingomis 1980-\u0173j\u0173 alternatyvios komiks\u0173 scenos leidiniams. \u201eStrike! #1\u201c yra vertinamas kolekcinink\u0173 ir veiksmo nuotyki\u0173 komiks\u0173 gerb\u0117j\u0173 kaip \u012fdomus, nostalgij\u0105 keliantis 1980-\u0173j\u0173 leidinys.<\/p>","protected":false},"excerpt":{"rendered":"<p>Strike! #1 (1987) \u2013 Eclipse Comics \u2013 tai 1987 m. i\u0161leistas komiksas i\u0161 \u201eEclipse Comics\u201c leidyklos, priklausantis veiksmo ir nuotyki\u0173<\/p>","protected":false},"featured_media":39172,"comment_status":"open","ping_status":"closed","template":"","meta":[],"product_brand":[556],"product_cat":[557,535],"product_tag":[],"class_list":{"0":"post-39171","1":"product","2":"type-product","3":"status-publish","4":"has-post-thumbnail","6":"product_brand-eclipse-comics","7":"product_cat-eclipse-comics-1977-1994","8":"product_cat-komiksai","10":"first","11":"instock","12":"taxable","13":"shipping-taxable","14":"purchasable","15":"product-type-simple"},"yoast_head":"<!-- This site is optimized with the Yoast SEO plugin v25.9 - https:\/\/yoast.com\/wordpress\/plugins\/seo\/ -->\n<title>Strike! #1 (1987) Eclipse Comics - Collectin.eu<\/title>\n<meta name=\"description\" content=\"Strike! #1 (1987) \u2013 Eclipse Comics \u2013 tai 1987 m. pasirod\u0119s \u201eEclipse Comics\u201c komiksas, priklausantis veiksmo ir nuotyki\u0173 \u017eanrui.\" \/>\n<meta name=\"robots\" content=\"index, follow, max-snippet:-1, max-image-preview:large, max-video-preview:-1\" \/>\n<link rel=\"canonical\" href=\"https:\/\/collectin.eu\/en\/product\/strike-1-1987-eclipse-comics\/\" \/>\n<meta property=\"og:locale\" content=\"en_US\" \/>\n<meta property=\"og:type\" content=\"article\" \/>\n<meta property=\"og:title\" content=\"Strike! #1 (1987) Eclipse Comics - Collectin.eu\" \/>\n<meta property=\"og:description\" content=\"Strike! #1 (1987) \u2013 Eclipse Comics \u2013 tai 1987 m. pasirod\u0119s \u201eEclipse Comics\u201c komiksas, priklausantis veiksmo ir nuotyki\u0173 \u017eanrui.\" \/>\n<meta property=\"og:url\" content=\"https:\/\/collectin.eu\/en\/product\/strike-1-1987-eclipse-comics\/\" \/>\n<meta property=\"og:site_name\" content=\"Collectin.eu\" \/>\n<meta property=\"article:modified_time\" content=\"2026-03-05T07:22:41+00:00\" \/>\n<meta property=\"og:image\" content=\"http:\/\/collectin.eu\/wp-content\/uploads\/2026\/01\/Untitled-design-2026-01-08T232356.276.png\" \/>\n\t<meta property=\"og:image:width\" content=\"1080\" \/>\n\t<meta property=\"og:image:height\" content=\"1080\" \/>\n\t<meta property=\"og:image:type\" content=\"image\/png\" \/>\n<meta name=\"twitter:card\" content=\"summary_large_image\" \/>\n<meta name=\"twitter:label1\" content=\"Est. reading time\" \/>\n\t<meta name=\"twitter:data1\" content=\"1 minute\" \/>\n<script type=\"application\/ld+json\" class=\"yoast-schema-graph\">{\"@context\":\"https:\/\/schema.org\",\"@graph\":[{\"@type\":\"WebPage\",\"@id\":\"https:\/\/collectin.eu\/produktas\/strike-1-1987-eclipse-comics\/\",\"url\":\"https:\/\/collectin.eu\/produktas\/strike-1-1987-eclipse-comics\/\",\"name\":\"Strike! #1 (1987) Eclipse Comics - Collectin.eu\",\"isPartOf\":{\"@id\":\"https:\/\/collectin.eu\/#website\"},\"primaryImageOfPage\":{\"@id\":\"https:\/\/collectin.eu\/produktas\/strike-1-1987-eclipse-comics\/#primaryimage\"},\"image\":{\"@id\":\"https:\/\/collectin.eu\/produktas\/strike-1-1987-eclipse-comics\/#primaryimage\"},\"thumbnailUrl\":\"https:\/\/collectin.eu\/wp-content\/uploads\/2026\/01\/Untitled-design-2026-01-08T232356.276.png\",\"datePublished\":\"2026-01-08T21:26:40+00:00\",\"dateModified\":\"2026-03-05T07:22:41+00:00\",\"description\":\"Strike! #1 (1987) \u2013 Eclipse Comics \u2013 tai 1987 m. pasirod\u0119s \u201eEclipse Comics\u201c komiksas, priklausantis veiksmo ir nuotyki\u0173 \u017eanrui.\",\"breadcrumb\":{\"@id\":\"https:\/\/collectin.eu\/produktas\/strike-1-1987-eclipse-comics\/#breadcrumb\"},\"inLanguage\":\"en-US\",\"potentialAction\":[{\"@type\":\"ReadAction\",\"target\":[\"https:\/\/collectin.eu\/produktas\/strike-1-1987-eclipse-comics\/\"]}]},{\"@type\":\"ImageObject\",\"inLanguage\":\"en-US\",\"@id\":\"https:\/\/collectin.eu\/produktas\/strike-1-1987-eclipse-comics\/#primaryimage\",\"url\":\"https:\/\/collectin.eu\/wp-content\/uploads\/2026\/01\/Untitled-design-2026-01-08T232356.276.png\",\"contentUrl\":\"https:\/\/collectin.eu\/wp-content\/uploads\/2026\/01\/Untitled-design-2026-01-08T232356.276.png\",\"width\":1080,\"height\":1080},{\"@type\":\"BreadcrumbList\",\"@id\":\"https:\/\/collectin.eu\/produktas\/strike-1-1987-eclipse-comics\/#breadcrumb\",\"itemListElement\":[{\"@type\":\"ListItem\",\"position\":1,\"name\":\"Home\",\"item\":\"https:\/\/collectin.eu\/\"},{\"@type\":\"ListItem\",\"position\":2,\"name\":\"Parduotuv\u0117\",\"item\":\"https:\/\/collectin.eu\/parduotuve\/\"},{\"@type\":\"ListItem\",\"position\":3,\"name\":\"Strike! #1 (1987) Eclipse Comics\"}]},{\"@type\":\"WebSite\",\"@id\":\"https:\/\/collectin.eu\/#website\",\"url\":\"https:\/\/collectin.eu\/\",\"name\":\"Collectin.eu\",\"description\":\"\",\"potentialAction\":[{\"@type\":\"SearchAction\",\"target\":{\"@type\":\"EntryPoint\",\"urlTemplate\":\"https:\/\/collectin.eu\/?s={search_term_string}\"},\"query-input\":{\"@type\":\"PropertyValueSpecification\",\"valueRequired\":true,\"valueName\":\"search_term_string\"}}],\"inLanguage\":\"en-US\"}]}<\/script>\n<!-- \/ Yoast SEO plugin. -->","yoast_head_json":{"title":"Strike! #1 (1987) Eclipse Comics - Collectin.eu","description":"Strike! #1 (1987) \u2013 Eclipse Comics \u2013 tai 1987 m. pasirod\u0119s \u201eEclipse Comics\u201c komiksas, priklausantis veiksmo ir nuotyki\u0173 \u017eanrui.","robots":{"index":"index","follow":"follow","max-snippet":"max-snippet:-1","max-image-preview":"max-image-preview:large","max-video-preview":"max-video-preview:-1"},"canonical":"https:\/\/collectin.eu\/en\/product\/strike-1-1987-eclipse-comics\/","og_locale":"en_US","og_type":"article","og_title":"Strike! #1 (1987) Eclipse Comics - Collectin.eu","og_description":"Strike! #1 (1987) \u2013 Eclipse Comics \u2013 tai 1987 m. pasirod\u0119s \u201eEclipse Comics\u201c komiksas, priklausantis veiksmo ir nuotyki\u0173 \u017eanrui.","og_url":"https:\/\/collectin.eu\/en\/product\/strike-1-1987-eclipse-comics\/","og_site_name":"Collectin.eu","article_modified_time":"2026-03-05T07:22:41+00:00","og_image":[{"width":1080,"height":1080,"url":"http:\/\/collectin.eu\/wp-content\/uploads\/2026\/01\/Untitled-design-2026-01-08T232356.276.png","type":"image\/png"}],"twitter_card":"summary_large_image","twitter_misc":{"Est. reading time":"1 minute"},"schema":{"@context":"https:\/\/schema.org","@graph":[{"@type":"WebPage","@id":"https:\/\/collectin.eu\/produktas\/strike-1-1987-eclipse-comics\/","url":"https:\/\/collectin.eu\/produktas\/strike-1-1987-eclipse-comics\/","name":"Strike! #1 (1987) Eclipse Comics - Collectin.eu","isPartOf":{"@id":"https:\/\/collectin.eu\/#website"},"primaryImageOfPage":{"@id":"https:\/\/collectin.eu\/produktas\/strike-1-1987-eclipse-comics\/#primaryimage"},"image":{"@id":"https:\/\/collectin.eu\/produktas\/strike-1-1987-eclipse-comics\/#primaryimage"},"thumbnailUrl":"https:\/\/collectin.eu\/wp-content\/uploads\/2026\/01\/Untitled-design-2026-01-08T232356.276.png","datePublished":"2026-01-08T21:26:40+00:00","dateModified":"2026-03-05T07:22:41+00:00","description":"Strike! #1 (1987) \u2013 Eclipse Comics \u2013 tai 1987 m. pasirod\u0119s \u201eEclipse Comics\u201c komiksas, priklausantis veiksmo ir nuotyki\u0173 \u017eanrui.","breadcrumb":{"@id":"https:\/\/collectin.eu\/produktas\/strike-1-1987-eclipse-comics\/#breadcrumb"},"inLanguage":"en-US","potentialAction":[{"@type":"ReadAction","target":["https:\/\/collectin.eu\/produktas\/strike-1-1987-eclipse-comics\/"]}]},{"@type":"ImageObject","inLanguage":"en-US","@id":"https:\/\/collectin.eu\/produktas\/strike-1-1987-eclipse-comics\/#primaryimage","url":"https:\/\/collectin.eu\/wp-content\/uploads\/2026\/01\/Untitled-design-2026-01-08T232356.276.png","contentUrl":"https:\/\/collectin.eu\/wp-content\/uploads\/2026\/01\/Untitled-design-2026-01-08T232356.276.png","width":1080,"height":1080},{"@type":"BreadcrumbList","@id":"https:\/\/collectin.eu\/produktas\/strike-1-1987-eclipse-comics\/#breadcrumb","itemListElement":[{"@type":"ListItem","position":1,"name":"Home","item":"https:\/\/collectin.eu\/"},{"@type":"ListItem","position":2,"name":"Parduotuv\u0117","item":"https:\/\/collectin.eu\/parduotuve\/"},{"@type":"ListItem","position":3,"name":"Strike! #1 (1987) Eclipse Comics"}]},{"@type":"WebSite","@id":"https:\/\/collectin.eu\/#website","url":"https:\/\/collectin.eu\/","name":"Collectin.eu","description":"","potentialAction":[{"@type":"SearchAction","target":{"@type":"EntryPoint","urlTemplate":"https:\/\/collectin.eu\/?s={search_term_string}"},"query-input":{"@type":"PropertyValueSpecification","valueRequired":true,"valueName":"search_term_string"}}],"inLanguage":"en-US"}]}},"jetpack_sharing_enabled":true,"_links":{"self":[{"href":"https:\/\/collectin.eu\/en\/wp-json\/wp\/v2\/product\/39171","targetHints":{"allow":["GET"]}}],"collection":[{"href":"https:\/\/collectin.eu\/en\/wp-json\/wp\/v2\/product"}],"about":[{"href":"https:\/\/collectin.eu\/en\/wp-json\/wp\/v2\/types\/product"}],"replies":[{"embeddable":true,"href":"https:\/\/collectin.eu\/en\/wp-json\/wp\/v2\/comments?post=39171"}],"version-history":[{"count":2,"href":"https:\/\/collectin.eu\/en\/wp-json\/wp\/v2\/product\/39171\/revisions"}],"predecessor-version":[{"id":40236,"href":"https:\/\/collectin.eu\/en\/wp-json\/wp\/v2\/product\/39171\/revisions\/40236"}],"wp:featuredmedia":[{"embeddable":true,"href":"https:\/\/collectin.eu\/en\/wp-json\/wp\/v2\/media\/39172"}],"wp:attachment":[{"href":"https:\/\/collectin.eu\/en\/wp-json\/wp\/v2\/media?parent=39171"}],"wp:term":[{"taxonomy":"product_brand","embeddable":true,"href":"https:\/\/collectin.eu\/en\/wp-json\/wp\/v2\/product_brand?post=39171"},{"taxonomy":"product_cat","embeddable":true,"href":"https:\/\/collectin.eu\/en\/wp-json\/wp\/v2\/product_cat?post=39171"},{"taxonomy":"product_tag","embeddable":true,"href":"https:\/\/collectin.eu\/en\/wp-json\/wp\/v2\/product_tag?post=39171"}],"curies":[{"name":"wp","href":"https:\/\/api.w.org\/{rel}","templated":true}]}}