{"id":39180,"date":"2026-01-10T18:55:34","date_gmt":"2026-01-10T18:55:34","guid":{"rendered":"https:\/\/collectin.eu\/?post_type=product&#038;p=39180"},"modified":"2026-04-08T10:29:58","modified_gmt":"2026-04-08T10:29:58","slug":"disney-lorcana-rise-of-the-floodborn-booster-pack-1vnt","status":"publish","type":"product","link":"https:\/\/collectin.eu\/en\/product\/disney-lorcana-rise-of-the-floodborn-booster-pack-1vnt\/","title":{"rendered":"Disney LORCANA: Rise of the Floodborn Booster pack 1vnt."},"content":{"rendered":"<p>Disney LORCANA: Rise of the Floodborn Booster Pack is a supplementary pack for the Disney Lorcana trading card game, designed for both players and collectors looking to expand their card collection. Each booster pack contains 12 randomized cards from the \"Rise of the Floodborn\" set, typically including: 6 Common cards, 3 Uncommon cards, 2 cards of higher rarity (Rare, Super Rare, or Legendary), and 1 foil card of any rarity level.\n\nThese cards are fully compatible with other Disney Lorcana releases, allowing them to be used to build or enhance game decks or simply to be collected as prized items. \"Rise of the Floodborn\" is the second official Disney Lorcana set, introducing new gameplay mechanics, \"glimmer\" versions of well-known Disney characters, and even more strategic possibilities. A booster pack is the perfect way to discover new cards at random, add variety to your gameplay, or try your luck in finding rare and valuable cards.<\/p>","protected":false},"excerpt":{"rendered":"<p>Disney LORCANA: Rise of the Floodborn Booster Pack is a supplementary card pack for the Disney Lorcana trading card game, designed to expand your game collection. Each pack contains 12 randomly selected cards from the \"Rise of the Floodborn\" series: common, uncommon, and one foil card, the rarity of which may vary. All cards are fully compatible with other Disney Lorcana releases, allowing them to be used for building new decks or strengthening existing ones.<\/p>","protected":false},"featured_media":39182,"comment_status":"open","ping_status":"closed","template":"","meta":[],"product_brand":[425],"product_cat":[413,559,679],"product_tag":[],"class_list":{"0":"post-39180","1":"product","2":"type-product","3":"status-publish","4":"has-post-thumbnail","6":"product_brand-disney","7":"product_cat-disney","8":"product_cat-disney-booster-packs","9":"product_cat-kolekcines-korteles","11":"first","12":"instock","13":"taxable","14":"shipping-taxable","15":"purchasable","16":"product-type-simple"},"yoast_head":"<!-- This site is optimized with the Yoast SEO plugin v25.9 - https:\/\/yoast.com\/wordpress\/plugins\/seo\/ -->\n<title>Disney LORCANA: Rise of the Floodborn Booster pack 1vnt. - Collectin.eu<\/title>\n<meta name=\"description\" content=\"Disney LORCANA: Rise of the Floodborn Booster Pack \u2013 tai kolekcinio kort\u0173 \u017eaidimo Disney Lorcana papildomas korteli\u0173 pakelis, skirtas \u017eaidimo rinkiniui prapl\u0117sti.\" \/>\n<meta name=\"robots\" content=\"index, follow, max-snippet:-1, max-image-preview:large, max-video-preview:-1\" \/>\n<link rel=\"canonical\" href=\"https:\/\/collectin.eu\/en\/product\/disney-lorcana-rise-of-the-floodborn-booster-pack-1vnt\/\" \/>\n<meta property=\"og:locale\" content=\"en_US\" \/>\n<meta property=\"og:type\" content=\"article\" \/>\n<meta property=\"og:title\" content=\"Disney LORCANA: Rise of the Floodborn Booster pack 1vnt. - Collectin.eu\" \/>\n<meta property=\"og:description\" content=\"Disney LORCANA: Rise of the Floodborn Booster Pack \u2013 tai kolekcinio kort\u0173 \u017eaidimo Disney Lorcana papildomas korteli\u0173 pakelis, skirtas \u017eaidimo rinkiniui prapl\u0117sti.\" \/>\n<meta property=\"og:url\" content=\"https:\/\/collectin.eu\/en\/product\/disney-lorcana-rise-of-the-floodborn-booster-pack-1vnt\/\" \/>\n<meta property=\"og:site_name\" content=\"Collectin.eu\" \/>\n<meta property=\"article:modified_time\" content=\"2026-04-08T10:29:58+00:00\" \/>\n<meta property=\"og:image\" content=\"http:\/\/collectin.eu\/wp-content\/uploads\/2026\/01\/Untitled-design-2026-01-10T205244.646.png\" \/>\n\t<meta property=\"og:image:width\" content=\"1080\" \/>\n\t<meta property=\"og:image:height\" content=\"1080\" \/>\n\t<meta property=\"og:image:type\" content=\"image\/png\" \/>\n<meta name=\"twitter:card\" content=\"summary_large_image\" \/>\n<meta name=\"twitter:label1\" content=\"Est. reading time\" \/>\n\t<meta name=\"twitter:data1\" content=\"1 minute\" \/>\n<script type=\"application\/ld+json\" class=\"yoast-schema-graph\">{\"@context\":\"https:\/\/schema.org\",\"@graph\":[{\"@type\":\"WebPage\",\"@id\":\"https:\/\/collectin.eu\/produktas\/disney-lorcana-rise-of-the-floodborn-booster-pack-1vnt\/\",\"url\":\"https:\/\/collectin.eu\/produktas\/disney-lorcana-rise-of-the-floodborn-booster-pack-1vnt\/\",\"name\":\"Disney LORCANA: Rise of the Floodborn Booster pack 1vnt. - Collectin.eu\",\"isPartOf\":{\"@id\":\"https:\/\/collectin.eu\/#website\"},\"primaryImageOfPage\":{\"@id\":\"https:\/\/collectin.eu\/produktas\/disney-lorcana-rise-of-the-floodborn-booster-pack-1vnt\/#primaryimage\"},\"image\":{\"@id\":\"https:\/\/collectin.eu\/produktas\/disney-lorcana-rise-of-the-floodborn-booster-pack-1vnt\/#primaryimage\"},\"thumbnailUrl\":\"https:\/\/collectin.eu\/wp-content\/uploads\/2026\/01\/Untitled-design-2026-01-10T205244.646.png\",\"datePublished\":\"2026-01-10T18:55:34+00:00\",\"dateModified\":\"2026-04-08T10:29:58+00:00\",\"description\":\"Disney LORCANA: Rise of the Floodborn Booster Pack \u2013 tai kolekcinio kort\u0173 \u017eaidimo Disney Lorcana papildomas korteli\u0173 pakelis, skirtas \u017eaidimo rinkiniui prapl\u0117sti.\",\"breadcrumb\":{\"@id\":\"https:\/\/collectin.eu\/produktas\/disney-lorcana-rise-of-the-floodborn-booster-pack-1vnt\/#breadcrumb\"},\"inLanguage\":\"en-US\",\"potentialAction\":[{\"@type\":\"ReadAction\",\"target\":[\"https:\/\/collectin.eu\/produktas\/disney-lorcana-rise-of-the-floodborn-booster-pack-1vnt\/\"]}]},{\"@type\":\"ImageObject\",\"inLanguage\":\"en-US\",\"@id\":\"https:\/\/collectin.eu\/produktas\/disney-lorcana-rise-of-the-floodborn-booster-pack-1vnt\/#primaryimage\",\"url\":\"https:\/\/collectin.eu\/wp-content\/uploads\/2026\/01\/Untitled-design-2026-01-10T205244.646.png\",\"contentUrl\":\"https:\/\/collectin.eu\/wp-content\/uploads\/2026\/01\/Untitled-design-2026-01-10T205244.646.png\",\"width\":1080,\"height\":1080},{\"@type\":\"BreadcrumbList\",\"@id\":\"https:\/\/collectin.eu\/produktas\/disney-lorcana-rise-of-the-floodborn-booster-pack-1vnt\/#breadcrumb\",\"itemListElement\":[{\"@type\":\"ListItem\",\"position\":1,\"name\":\"Home\",\"item\":\"https:\/\/collectin.eu\/\"},{\"@type\":\"ListItem\",\"position\":2,\"name\":\"Parduotuv\u0117\",\"item\":\"https:\/\/collectin.eu\/parduotuve\/\"},{\"@type\":\"ListItem\",\"position\":3,\"name\":\"Disney LORCANA: Rise of the Floodborn Booster pack 1vnt.\"}]},{\"@type\":\"WebSite\",\"@id\":\"https:\/\/collectin.eu\/#website\",\"url\":\"https:\/\/collectin.eu\/\",\"name\":\"Collectin.eu\",\"description\":\"\",\"potentialAction\":[{\"@type\":\"SearchAction\",\"target\":{\"@type\":\"EntryPoint\",\"urlTemplate\":\"https:\/\/collectin.eu\/?s={search_term_string}\"},\"query-input\":{\"@type\":\"PropertyValueSpecification\",\"valueRequired\":true,\"valueName\":\"search_term_string\"}}],\"inLanguage\":\"en-US\"}]}<\/script>\n<!-- \/ Yoast SEO plugin. -->","yoast_head_json":{"title":"Disney LORCANA: Rise of the Floodborn Booster pack 1vnt. - Collectin.eu","description":"Disney LORCANA: Rise of the Floodborn Booster Pack \u2013 tai kolekcinio kort\u0173 \u017eaidimo Disney Lorcana papildomas korteli\u0173 pakelis, skirtas \u017eaidimo rinkiniui prapl\u0117sti.","robots":{"index":"index","follow":"follow","max-snippet":"max-snippet:-1","max-image-preview":"max-image-preview:large","max-video-preview":"max-video-preview:-1"},"canonical":"https:\/\/collectin.eu\/en\/product\/disney-lorcana-rise-of-the-floodborn-booster-pack-1vnt\/","og_locale":"en_US","og_type":"article","og_title":"Disney LORCANA: Rise of the Floodborn Booster pack 1vnt. - Collectin.eu","og_description":"Disney LORCANA: Rise of the Floodborn Booster Pack \u2013 tai kolekcinio kort\u0173 \u017eaidimo Disney Lorcana papildomas korteli\u0173 pakelis, skirtas \u017eaidimo rinkiniui prapl\u0117sti.","og_url":"https:\/\/collectin.eu\/en\/product\/disney-lorcana-rise-of-the-floodborn-booster-pack-1vnt\/","og_site_name":"Collectin.eu","article_modified_time":"2026-04-08T10:29:58+00:00","og_image":[{"width":1080,"height":1080,"url":"http:\/\/collectin.eu\/wp-content\/uploads\/2026\/01\/Untitled-design-2026-01-10T205244.646.png","type":"image\/png"}],"twitter_card":"summary_large_image","twitter_misc":{"Est. reading time":"1 minute"},"schema":{"@context":"https:\/\/schema.org","@graph":[{"@type":"WebPage","@id":"https:\/\/collectin.eu\/produktas\/disney-lorcana-rise-of-the-floodborn-booster-pack-1vnt\/","url":"https:\/\/collectin.eu\/produktas\/disney-lorcana-rise-of-the-floodborn-booster-pack-1vnt\/","name":"Disney LORCANA: Rise of the Floodborn Booster pack 1vnt. - Collectin.eu","isPartOf":{"@id":"https:\/\/collectin.eu\/#website"},"primaryImageOfPage":{"@id":"https:\/\/collectin.eu\/produktas\/disney-lorcana-rise-of-the-floodborn-booster-pack-1vnt\/#primaryimage"},"image":{"@id":"https:\/\/collectin.eu\/produktas\/disney-lorcana-rise-of-the-floodborn-booster-pack-1vnt\/#primaryimage"},"thumbnailUrl":"https:\/\/collectin.eu\/wp-content\/uploads\/2026\/01\/Untitled-design-2026-01-10T205244.646.png","datePublished":"2026-01-10T18:55:34+00:00","dateModified":"2026-04-08T10:29:58+00:00","description":"Disney LORCANA: Rise of the Floodborn Booster Pack \u2013 tai kolekcinio kort\u0173 \u017eaidimo Disney Lorcana papildomas korteli\u0173 pakelis, skirtas \u017eaidimo rinkiniui prapl\u0117sti.","breadcrumb":{"@id":"https:\/\/collectin.eu\/produktas\/disney-lorcana-rise-of-the-floodborn-booster-pack-1vnt\/#breadcrumb"},"inLanguage":"en-US","potentialAction":[{"@type":"ReadAction","target":["https:\/\/collectin.eu\/produktas\/disney-lorcana-rise-of-the-floodborn-booster-pack-1vnt\/"]}]},{"@type":"ImageObject","inLanguage":"en-US","@id":"https:\/\/collectin.eu\/produktas\/disney-lorcana-rise-of-the-floodborn-booster-pack-1vnt\/#primaryimage","url":"https:\/\/collectin.eu\/wp-content\/uploads\/2026\/01\/Untitled-design-2026-01-10T205244.646.png","contentUrl":"https:\/\/collectin.eu\/wp-content\/uploads\/2026\/01\/Untitled-design-2026-01-10T205244.646.png","width":1080,"height":1080},{"@type":"BreadcrumbList","@id":"https:\/\/collectin.eu\/produktas\/disney-lorcana-rise-of-the-floodborn-booster-pack-1vnt\/#breadcrumb","itemListElement":[{"@type":"ListItem","position":1,"name":"Home","item":"https:\/\/collectin.eu\/"},{"@type":"ListItem","position":2,"name":"Parduotuv\u0117","item":"https:\/\/collectin.eu\/parduotuve\/"},{"@type":"ListItem","position":3,"name":"Disney LORCANA: Rise of the Floodborn Booster pack 1vnt."}]},{"@type":"WebSite","@id":"https:\/\/collectin.eu\/#website","url":"https:\/\/collectin.eu\/","name":"Collectin.eu","description":"","potentialAction":[{"@type":"SearchAction","target":{"@type":"EntryPoint","urlTemplate":"https:\/\/collectin.eu\/?s={search_term_string}"},"query-input":{"@type":"PropertyValueSpecification","valueRequired":true,"valueName":"search_term_string"}}],"inLanguage":"en-US"}]}},"jetpack_sharing_enabled":true,"_links":{"self":[{"href":"https:\/\/collectin.eu\/en\/wp-json\/wp\/v2\/product\/39180","targetHints":{"allow":["GET"]}}],"collection":[{"href":"https:\/\/collectin.eu\/en\/wp-json\/wp\/v2\/product"}],"about":[{"href":"https:\/\/collectin.eu\/en\/wp-json\/wp\/v2\/types\/product"}],"replies":[{"embeddable":true,"href":"https:\/\/collectin.eu\/en\/wp-json\/wp\/v2\/comments?post=39180"}],"version-history":[{"count":1,"href":"https:\/\/collectin.eu\/en\/wp-json\/wp\/v2\/product\/39180\/revisions"}],"predecessor-version":[{"id":39183,"href":"https:\/\/collectin.eu\/en\/wp-json\/wp\/v2\/product\/39180\/revisions\/39183"}],"wp:featuredmedia":[{"embeddable":true,"href":"https:\/\/collectin.eu\/en\/wp-json\/wp\/v2\/media\/39182"}],"wp:attachment":[{"href":"https:\/\/collectin.eu\/en\/wp-json\/wp\/v2\/media?parent=39180"}],"wp:term":[{"taxonomy":"product_brand","embeddable":true,"href":"https:\/\/collectin.eu\/en\/wp-json\/wp\/v2\/product_brand?post=39180"},{"taxonomy":"product_cat","embeddable":true,"href":"https:\/\/collectin.eu\/en\/wp-json\/wp\/v2\/product_cat?post=39180"},{"taxonomy":"product_tag","embeddable":true,"href":"https:\/\/collectin.eu\/en\/wp-json\/wp\/v2\/product_tag?post=39180"}],"curies":[{"name":"wp","href":"https:\/\/api.w.org\/{rel}","templated":true}]}}