{"id":39185,"date":"2026-01-11T15:39:15","date_gmt":"2026-01-11T15:39:15","guid":{"rendered":"https:\/\/collectin.eu\/?post_type=product&#038;p=39185"},"modified":"2026-04-08T10:29:57","modified_gmt":"2026-04-08T10:29:57","slug":"disney-lorcana-tcg-ursulas-return-booster-pack-1vnt","status":"publish","type":"product","link":"https:\/\/collectin.eu\/en\/product\/disney-lorcana-tcg-ursulas-return-booster-pack-1vnt\/","title":{"rendered":"Disney Lorcana TCG &#8211; Ursula&#8217;s Return Booster pack 1vnt."},"content":{"rendered":"<p>Disney Lorcana TCG: Ursula\u2019s Return Booster Pack is a supplementary card pack for the Disney Lorcana trading card game, designed to expand both your collection and your gameplay possibilities. Each booster pack contains 12 randomized cards from the \"Ursula\u2019s Return\" set, featuring common, uncommon, and one foil card of varying rarity.\n\nAll cards are fully compatible with other Disney Lorcana releases, allowing them to be used to build new decks or strengthen existing ones. The \"Ursula\u2019s Return\" set introduces new mechanics and story elements inspired by the return of the sea witch Ursula, offering deeper strategic choices for experienced players and collectors seeking exclusive cards for their collections.<\/p>","protected":false},"excerpt":{"rendered":"<p>Disney Lorcana TCG \u2013 Ursula\u2019s Return Booster Pack \u2013 tai kolekcinio kort\u0173 \u017eaidimo Disney Lorcana papildomas korteli\u0173 pakelis, skirtas kolekcijos<\/p>","protected":false},"featured_media":39186,"comment_status":"open","ping_status":"closed","template":"","meta":[],"product_brand":[425],"product_cat":[413,559,679],"product_tag":[],"class_list":{"0":"post-39185","1":"product","2":"type-product","3":"status-publish","4":"has-post-thumbnail","6":"product_brand-disney","7":"product_cat-disney","8":"product_cat-disney-booster-packs","9":"product_cat-kolekcines-korteles","11":"first","12":"instock","13":"taxable","14":"shipping-taxable","15":"purchasable","16":"product-type-simple"},"yoast_head":"<!-- This site is optimized with the Yoast SEO plugin v25.9 - https:\/\/yoast.com\/wordpress\/plugins\/seo\/ -->\n<title>Disney Lorcana TCG - Ursula&#039;s Return Booster pack 1vnt. - Collectin.eu<\/title>\n<meta name=\"description\" content=\"Disney Lorcana TCG \u2013 Ursula\u2019s Return Booster Pack \u2013 tai kolekcinio kort\u0173 \u017eaidimo Disney Lorcana papildomas korteli\u0173 pakelis, skirtas kolekcijos ir \u017eaidimo galimybi\u0173 pl\u0117timui.\" \/>\n<meta name=\"robots\" content=\"index, follow, max-snippet:-1, max-image-preview:large, max-video-preview:-1\" \/>\n<link rel=\"canonical\" href=\"https:\/\/collectin.eu\/en\/product\/disney-lorcana-tcg-ursulas-return-booster-pack-1vnt\/\" \/>\n<meta property=\"og:locale\" content=\"en_US\" \/>\n<meta property=\"og:type\" content=\"article\" \/>\n<meta property=\"og:title\" content=\"Disney Lorcana TCG - Ursula&#039;s Return Booster pack 1vnt. - Collectin.eu\" \/>\n<meta property=\"og:description\" content=\"Disney Lorcana TCG \u2013 Ursula\u2019s Return Booster Pack \u2013 tai kolekcinio kort\u0173 \u017eaidimo Disney Lorcana papildomas korteli\u0173 pakelis, skirtas kolekcijos ir \u017eaidimo galimybi\u0173 pl\u0117timui.\" \/>\n<meta property=\"og:url\" content=\"https:\/\/collectin.eu\/en\/product\/disney-lorcana-tcg-ursulas-return-booster-pack-1vnt\/\" \/>\n<meta property=\"og:site_name\" content=\"Collectin.eu\" \/>\n<meta property=\"article:modified_time\" content=\"2026-04-08T10:29:57+00:00\" \/>\n<meta property=\"og:image\" content=\"http:\/\/collectin.eu\/wp-content\/uploads\/2026\/01\/Untitled-design-2026-01-10T205907.203.png\" \/>\n\t<meta property=\"og:image:width\" content=\"1080\" \/>\n\t<meta property=\"og:image:height\" content=\"1080\" \/>\n\t<meta property=\"og:image:type\" content=\"image\/png\" \/>\n<meta name=\"twitter:card\" content=\"summary_large_image\" \/>\n<meta name=\"twitter:label1\" content=\"Est. reading time\" \/>\n\t<meta name=\"twitter:data1\" content=\"1 minute\" \/>\n<script type=\"application\/ld+json\" class=\"yoast-schema-graph\">{\"@context\":\"https:\/\/schema.org\",\"@graph\":[{\"@type\":\"WebPage\",\"@id\":\"https:\/\/collectin.eu\/produktas\/disney-lorcana-tcg-ursulas-return-booster-pack-1vnt\/\",\"url\":\"https:\/\/collectin.eu\/produktas\/disney-lorcana-tcg-ursulas-return-booster-pack-1vnt\/\",\"name\":\"Disney Lorcana TCG - Ursula's Return Booster pack 1vnt. - Collectin.eu\",\"isPartOf\":{\"@id\":\"https:\/\/collectin.eu\/#website\"},\"primaryImageOfPage\":{\"@id\":\"https:\/\/collectin.eu\/produktas\/disney-lorcana-tcg-ursulas-return-booster-pack-1vnt\/#primaryimage\"},\"image\":{\"@id\":\"https:\/\/collectin.eu\/produktas\/disney-lorcana-tcg-ursulas-return-booster-pack-1vnt\/#primaryimage\"},\"thumbnailUrl\":\"https:\/\/collectin.eu\/wp-content\/uploads\/2026\/01\/Untitled-design-2026-01-10T205907.203.png\",\"datePublished\":\"2026-01-11T15:39:15+00:00\",\"dateModified\":\"2026-04-08T10:29:57+00:00\",\"description\":\"Disney Lorcana TCG \u2013 Ursula\u2019s Return Booster Pack \u2013 tai kolekcinio kort\u0173 \u017eaidimo Disney Lorcana papildomas korteli\u0173 pakelis, skirtas kolekcijos ir \u017eaidimo galimybi\u0173 pl\u0117timui.\",\"breadcrumb\":{\"@id\":\"https:\/\/collectin.eu\/produktas\/disney-lorcana-tcg-ursulas-return-booster-pack-1vnt\/#breadcrumb\"},\"inLanguage\":\"en-US\",\"potentialAction\":[{\"@type\":\"ReadAction\",\"target\":[\"https:\/\/collectin.eu\/produktas\/disney-lorcana-tcg-ursulas-return-booster-pack-1vnt\/\"]}]},{\"@type\":\"ImageObject\",\"inLanguage\":\"en-US\",\"@id\":\"https:\/\/collectin.eu\/produktas\/disney-lorcana-tcg-ursulas-return-booster-pack-1vnt\/#primaryimage\",\"url\":\"https:\/\/collectin.eu\/wp-content\/uploads\/2026\/01\/Untitled-design-2026-01-10T205907.203.png\",\"contentUrl\":\"https:\/\/collectin.eu\/wp-content\/uploads\/2026\/01\/Untitled-design-2026-01-10T205907.203.png\",\"width\":1080,\"height\":1080},{\"@type\":\"BreadcrumbList\",\"@id\":\"https:\/\/collectin.eu\/produktas\/disney-lorcana-tcg-ursulas-return-booster-pack-1vnt\/#breadcrumb\",\"itemListElement\":[{\"@type\":\"ListItem\",\"position\":1,\"name\":\"Home\",\"item\":\"https:\/\/collectin.eu\/\"},{\"@type\":\"ListItem\",\"position\":2,\"name\":\"Parduotuv\u0117\",\"item\":\"https:\/\/collectin.eu\/parduotuve\/\"},{\"@type\":\"ListItem\",\"position\":3,\"name\":\"Disney Lorcana TCG &#8211; Ursula&#8217;s Return Booster pack 1vnt.\"}]},{\"@type\":\"WebSite\",\"@id\":\"https:\/\/collectin.eu\/#website\",\"url\":\"https:\/\/collectin.eu\/\",\"name\":\"Collectin.eu\",\"description\":\"\",\"potentialAction\":[{\"@type\":\"SearchAction\",\"target\":{\"@type\":\"EntryPoint\",\"urlTemplate\":\"https:\/\/collectin.eu\/?s={search_term_string}\"},\"query-input\":{\"@type\":\"PropertyValueSpecification\",\"valueRequired\":true,\"valueName\":\"search_term_string\"}}],\"inLanguage\":\"en-US\"}]}<\/script>\n<!-- \/ Yoast SEO plugin. -->","yoast_head_json":{"title":"Disney Lorcana TCG - Ursula's Return Booster pack 1vnt. - Collectin.eu","description":"Disney Lorcana TCG \u2013 Ursula\u2019s Return Booster Pack \u2013 tai kolekcinio kort\u0173 \u017eaidimo Disney Lorcana papildomas korteli\u0173 pakelis, skirtas kolekcijos ir \u017eaidimo galimybi\u0173 pl\u0117timui.","robots":{"index":"index","follow":"follow","max-snippet":"max-snippet:-1","max-image-preview":"max-image-preview:large","max-video-preview":"max-video-preview:-1"},"canonical":"https:\/\/collectin.eu\/en\/product\/disney-lorcana-tcg-ursulas-return-booster-pack-1vnt\/","og_locale":"en_US","og_type":"article","og_title":"Disney Lorcana TCG - Ursula's Return Booster pack 1vnt. - Collectin.eu","og_description":"Disney Lorcana TCG \u2013 Ursula\u2019s Return Booster Pack \u2013 tai kolekcinio kort\u0173 \u017eaidimo Disney Lorcana papildomas korteli\u0173 pakelis, skirtas kolekcijos ir \u017eaidimo galimybi\u0173 pl\u0117timui.","og_url":"https:\/\/collectin.eu\/en\/product\/disney-lorcana-tcg-ursulas-return-booster-pack-1vnt\/","og_site_name":"Collectin.eu","article_modified_time":"2026-04-08T10:29:57+00:00","og_image":[{"width":1080,"height":1080,"url":"http:\/\/collectin.eu\/wp-content\/uploads\/2026\/01\/Untitled-design-2026-01-10T205907.203.png","type":"image\/png"}],"twitter_card":"summary_large_image","twitter_misc":{"Est. reading time":"1 minute"},"schema":{"@context":"https:\/\/schema.org","@graph":[{"@type":"WebPage","@id":"https:\/\/collectin.eu\/produktas\/disney-lorcana-tcg-ursulas-return-booster-pack-1vnt\/","url":"https:\/\/collectin.eu\/produktas\/disney-lorcana-tcg-ursulas-return-booster-pack-1vnt\/","name":"Disney Lorcana TCG - Ursula's Return Booster pack 1vnt. - Collectin.eu","isPartOf":{"@id":"https:\/\/collectin.eu\/#website"},"primaryImageOfPage":{"@id":"https:\/\/collectin.eu\/produktas\/disney-lorcana-tcg-ursulas-return-booster-pack-1vnt\/#primaryimage"},"image":{"@id":"https:\/\/collectin.eu\/produktas\/disney-lorcana-tcg-ursulas-return-booster-pack-1vnt\/#primaryimage"},"thumbnailUrl":"https:\/\/collectin.eu\/wp-content\/uploads\/2026\/01\/Untitled-design-2026-01-10T205907.203.png","datePublished":"2026-01-11T15:39:15+00:00","dateModified":"2026-04-08T10:29:57+00:00","description":"Disney Lorcana TCG \u2013 Ursula\u2019s Return Booster Pack \u2013 tai kolekcinio kort\u0173 \u017eaidimo Disney Lorcana papildomas korteli\u0173 pakelis, skirtas kolekcijos ir \u017eaidimo galimybi\u0173 pl\u0117timui.","breadcrumb":{"@id":"https:\/\/collectin.eu\/produktas\/disney-lorcana-tcg-ursulas-return-booster-pack-1vnt\/#breadcrumb"},"inLanguage":"en-US","potentialAction":[{"@type":"ReadAction","target":["https:\/\/collectin.eu\/produktas\/disney-lorcana-tcg-ursulas-return-booster-pack-1vnt\/"]}]},{"@type":"ImageObject","inLanguage":"en-US","@id":"https:\/\/collectin.eu\/produktas\/disney-lorcana-tcg-ursulas-return-booster-pack-1vnt\/#primaryimage","url":"https:\/\/collectin.eu\/wp-content\/uploads\/2026\/01\/Untitled-design-2026-01-10T205907.203.png","contentUrl":"https:\/\/collectin.eu\/wp-content\/uploads\/2026\/01\/Untitled-design-2026-01-10T205907.203.png","width":1080,"height":1080},{"@type":"BreadcrumbList","@id":"https:\/\/collectin.eu\/produktas\/disney-lorcana-tcg-ursulas-return-booster-pack-1vnt\/#breadcrumb","itemListElement":[{"@type":"ListItem","position":1,"name":"Home","item":"https:\/\/collectin.eu\/"},{"@type":"ListItem","position":2,"name":"Parduotuv\u0117","item":"https:\/\/collectin.eu\/parduotuve\/"},{"@type":"ListItem","position":3,"name":"Disney Lorcana TCG &#8211; Ursula&#8217;s Return Booster pack 1vnt."}]},{"@type":"WebSite","@id":"https:\/\/collectin.eu\/#website","url":"https:\/\/collectin.eu\/","name":"Collectin.eu","description":"","potentialAction":[{"@type":"SearchAction","target":{"@type":"EntryPoint","urlTemplate":"https:\/\/collectin.eu\/?s={search_term_string}"},"query-input":{"@type":"PropertyValueSpecification","valueRequired":true,"valueName":"search_term_string"}}],"inLanguage":"en-US"}]}},"jetpack_sharing_enabled":true,"_links":{"self":[{"href":"https:\/\/collectin.eu\/en\/wp-json\/wp\/v2\/product\/39185","targetHints":{"allow":["GET"]}}],"collection":[{"href":"https:\/\/collectin.eu\/en\/wp-json\/wp\/v2\/product"}],"about":[{"href":"https:\/\/collectin.eu\/en\/wp-json\/wp\/v2\/types\/product"}],"replies":[{"embeddable":true,"href":"https:\/\/collectin.eu\/en\/wp-json\/wp\/v2\/comments?post=39185"}],"version-history":[{"count":3,"href":"https:\/\/collectin.eu\/en\/wp-json\/wp\/v2\/product\/39185\/revisions"}],"predecessor-version":[{"id":39188,"href":"https:\/\/collectin.eu\/en\/wp-json\/wp\/v2\/product\/39185\/revisions\/39188"}],"wp:featuredmedia":[{"embeddable":true,"href":"https:\/\/collectin.eu\/en\/wp-json\/wp\/v2\/media\/39186"}],"wp:attachment":[{"href":"https:\/\/collectin.eu\/en\/wp-json\/wp\/v2\/media?parent=39185"}],"wp:term":[{"taxonomy":"product_brand","embeddable":true,"href":"https:\/\/collectin.eu\/en\/wp-json\/wp\/v2\/product_brand?post=39185"},{"taxonomy":"product_cat","embeddable":true,"href":"https:\/\/collectin.eu\/en\/wp-json\/wp\/v2\/product_cat?post=39185"},{"taxonomy":"product_tag","embeddable":true,"href":"https:\/\/collectin.eu\/en\/wp-json\/wp\/v2\/product_tag?post=39185"}],"curies":[{"name":"wp","href":"https:\/\/api.w.org\/{rel}","templated":true}]}}