{"id":39200,"date":"2026-01-13T07:57:26","date_gmt":"2026-01-13T07:57:26","guid":{"rendered":"https:\/\/collectin.eu\/?post_type=product&#038;p=39200"},"modified":"2026-03-05T07:23:01","modified_gmt":"2026-03-05T07:23:01","slug":"conan-the-barbarian-47-cgc-8-0","status":"publish","type":"product","link":"https:\/\/collectin.eu\/en\/product\/conan-the-barbarian-47-cgc-8-0\/","title":{"rendered":"Conan the Barbarian #47 CGC 8.0"},"content":{"rendered":"<p>Conan the Barbarian #47 CGC 8.0 \u2013 \u201eMarvel\u201c leid\u017eiamas komiksas, vaizduojantis Konano Barbaro nuotykius mitiniame Hiborijos pasaulyje. \u0160is numeris yra profesionaliai \u012fvertintas \u201eCertified Guaranty Company\u201c (CGC) ir saugiai u\u017eantspauduotas, jam suteiktas 8.0 (Very Fine) b\u016bkl\u0117s balas, rodantis ger\u0105 i\u0161laikym\u0105 ir estetin\u0119 kokyb\u0119. Serija \u201eConan the Barbarian\u201c yra gerai \u017einoma ir vertinama tarp kolekcinink\u0173 bei fantastikos m\u0117g\u0117j\u0173, o 47-asis numeris laikomas patraukliu Bronzos am\u017eiaus komiksu, tinkamu tiek kolekcionavimui, tiek kaip ilgalaik\u0117 vert\u0117.<\/p>","protected":false},"excerpt":{"rendered":"<p>Conan the Barbarian #47 CGC 8.0 \u2013 \u201eMarvel\u201c leid\u017eiamas komiksas, vaizduojantis Konano Barbaro nuotykius mitiniame Hiborijos pasaulyje. \u0160is numeris yra<\/p>","protected":false},"featured_media":39202,"comment_status":"open","ping_status":"closed","template":"","meta":[],"product_brand":[428],"product_cat":[562,535],"product_tag":[],"class_list":{"0":"post-39200","1":"product","2":"type-product","3":"status-publish","4":"has-post-thumbnail","6":"product_brand-marvel-comics","7":"product_cat-cgc-komiksai","8":"product_cat-komiksai","10":"first","11":"instock","12":"taxable","13":"shipping-taxable","14":"purchasable","15":"product-type-simple"},"yoast_head":"<!-- This site is optimized with the Yoast SEO plugin v25.9 - https:\/\/yoast.com\/wordpress\/plugins\/seo\/ -->\n<title>Conan the Barbarian #47 CGC 8.0 - Collectin.eu<\/title>\n<meta name=\"description\" content=\"Conan the Barbarian #47 CGC 8.0 \u2013 tai klasikinis \u201eMarvel\u201c komiksas, pasakojantis apie legendinio Roberto E. Howardo sukurto herojaus Konano Barbaro nuotykius.\" \/>\n<meta name=\"robots\" content=\"index, follow, max-snippet:-1, max-image-preview:large, max-video-preview:-1\" \/>\n<link rel=\"canonical\" href=\"https:\/\/collectin.eu\/en\/product\/conan-the-barbarian-47-cgc-8-0\/\" \/>\n<meta property=\"og:locale\" content=\"en_US\" \/>\n<meta property=\"og:type\" content=\"article\" \/>\n<meta property=\"og:title\" content=\"Conan the Barbarian #47 CGC 8.0 - Collectin.eu\" \/>\n<meta property=\"og:description\" content=\"Conan the Barbarian #47 CGC 8.0 \u2013 tai klasikinis \u201eMarvel\u201c komiksas, pasakojantis apie legendinio Roberto E. Howardo sukurto herojaus Konano Barbaro nuotykius.\" \/>\n<meta property=\"og:url\" content=\"https:\/\/collectin.eu\/en\/product\/conan-the-barbarian-47-cgc-8-0\/\" \/>\n<meta property=\"og:site_name\" content=\"Collectin.eu\" \/>\n<meta property=\"article:modified_time\" content=\"2026-03-05T07:23:01+00:00\" \/>\n<meta property=\"og:image\" content=\"http:\/\/collectin.eu\/wp-content\/uploads\/2026\/01\/Untitled-design-2026-01-13T095222.603.png\" \/>\n\t<meta property=\"og:image:width\" content=\"1080\" \/>\n\t<meta property=\"og:image:height\" content=\"1080\" \/>\n\t<meta property=\"og:image:type\" content=\"image\/png\" \/>\n<meta name=\"twitter:card\" content=\"summary_large_image\" \/>\n<meta name=\"twitter:label1\" content=\"Est. reading time\" \/>\n\t<meta name=\"twitter:data1\" content=\"1 minute\" \/>\n<script type=\"application\/ld+json\" class=\"yoast-schema-graph\">{\"@context\":\"https:\/\/schema.org\",\"@graph\":[{\"@type\":\"WebPage\",\"@id\":\"https:\/\/collectin.eu\/produktas\/conan-the-barbarian-47-cgc-8-0\/\",\"url\":\"https:\/\/collectin.eu\/produktas\/conan-the-barbarian-47-cgc-8-0\/\",\"name\":\"Conan the Barbarian #47 CGC 8.0 - Collectin.eu\",\"isPartOf\":{\"@id\":\"https:\/\/collectin.eu\/#website\"},\"primaryImageOfPage\":{\"@id\":\"https:\/\/collectin.eu\/produktas\/conan-the-barbarian-47-cgc-8-0\/#primaryimage\"},\"image\":{\"@id\":\"https:\/\/collectin.eu\/produktas\/conan-the-barbarian-47-cgc-8-0\/#primaryimage\"},\"thumbnailUrl\":\"https:\/\/collectin.eu\/wp-content\/uploads\/2026\/01\/Untitled-design-2026-01-13T095222.603.png\",\"datePublished\":\"2026-01-13T07:57:26+00:00\",\"dateModified\":\"2026-03-05T07:23:01+00:00\",\"description\":\"Conan the Barbarian #47 CGC 8.0 \u2013 tai klasikinis \u201eMarvel\u201c komiksas, pasakojantis apie legendinio Roberto E. Howardo sukurto herojaus Konano Barbaro nuotykius.\",\"breadcrumb\":{\"@id\":\"https:\/\/collectin.eu\/produktas\/conan-the-barbarian-47-cgc-8-0\/#breadcrumb\"},\"inLanguage\":\"en-US\",\"potentialAction\":[{\"@type\":\"ReadAction\",\"target\":[\"https:\/\/collectin.eu\/produktas\/conan-the-barbarian-47-cgc-8-0\/\"]}]},{\"@type\":\"ImageObject\",\"inLanguage\":\"en-US\",\"@id\":\"https:\/\/collectin.eu\/produktas\/conan-the-barbarian-47-cgc-8-0\/#primaryimage\",\"url\":\"https:\/\/collectin.eu\/wp-content\/uploads\/2026\/01\/Untitled-design-2026-01-13T095222.603.png\",\"contentUrl\":\"https:\/\/collectin.eu\/wp-content\/uploads\/2026\/01\/Untitled-design-2026-01-13T095222.603.png\",\"width\":1080,\"height\":1080},{\"@type\":\"BreadcrumbList\",\"@id\":\"https:\/\/collectin.eu\/produktas\/conan-the-barbarian-47-cgc-8-0\/#breadcrumb\",\"itemListElement\":[{\"@type\":\"ListItem\",\"position\":1,\"name\":\"Home\",\"item\":\"https:\/\/collectin.eu\/\"},{\"@type\":\"ListItem\",\"position\":2,\"name\":\"Parduotuv\u0117\",\"item\":\"https:\/\/collectin.eu\/parduotuve\/\"},{\"@type\":\"ListItem\",\"position\":3,\"name\":\"Conan the Barbarian #47 CGC 8.0\"}]},{\"@type\":\"WebSite\",\"@id\":\"https:\/\/collectin.eu\/#website\",\"url\":\"https:\/\/collectin.eu\/\",\"name\":\"Collectin.eu\",\"description\":\"\",\"potentialAction\":[{\"@type\":\"SearchAction\",\"target\":{\"@type\":\"EntryPoint\",\"urlTemplate\":\"https:\/\/collectin.eu\/?s={search_term_string}\"},\"query-input\":{\"@type\":\"PropertyValueSpecification\",\"valueRequired\":true,\"valueName\":\"search_term_string\"}}],\"inLanguage\":\"en-US\"}]}<\/script>\n<!-- \/ Yoast SEO plugin. -->","yoast_head_json":{"title":"Conan the Barbarian #47 CGC 8.0 - Collectin.eu","description":"Conan the Barbarian #47 CGC 8.0 \u2013 tai klasikinis \u201eMarvel\u201c komiksas, pasakojantis apie legendinio Roberto E. Howardo sukurto herojaus Konano Barbaro nuotykius.","robots":{"index":"index","follow":"follow","max-snippet":"max-snippet:-1","max-image-preview":"max-image-preview:large","max-video-preview":"max-video-preview:-1"},"canonical":"https:\/\/collectin.eu\/en\/product\/conan-the-barbarian-47-cgc-8-0\/","og_locale":"en_US","og_type":"article","og_title":"Conan the Barbarian #47 CGC 8.0 - Collectin.eu","og_description":"Conan the Barbarian #47 CGC 8.0 \u2013 tai klasikinis \u201eMarvel\u201c komiksas, pasakojantis apie legendinio Roberto E. Howardo sukurto herojaus Konano Barbaro nuotykius.","og_url":"https:\/\/collectin.eu\/en\/product\/conan-the-barbarian-47-cgc-8-0\/","og_site_name":"Collectin.eu","article_modified_time":"2026-03-05T07:23:01+00:00","og_image":[{"width":1080,"height":1080,"url":"http:\/\/collectin.eu\/wp-content\/uploads\/2026\/01\/Untitled-design-2026-01-13T095222.603.png","type":"image\/png"}],"twitter_card":"summary_large_image","twitter_misc":{"Est. reading time":"1 minute"},"schema":{"@context":"https:\/\/schema.org","@graph":[{"@type":"WebPage","@id":"https:\/\/collectin.eu\/produktas\/conan-the-barbarian-47-cgc-8-0\/","url":"https:\/\/collectin.eu\/produktas\/conan-the-barbarian-47-cgc-8-0\/","name":"Conan the Barbarian #47 CGC 8.0 - Collectin.eu","isPartOf":{"@id":"https:\/\/collectin.eu\/#website"},"primaryImageOfPage":{"@id":"https:\/\/collectin.eu\/produktas\/conan-the-barbarian-47-cgc-8-0\/#primaryimage"},"image":{"@id":"https:\/\/collectin.eu\/produktas\/conan-the-barbarian-47-cgc-8-0\/#primaryimage"},"thumbnailUrl":"https:\/\/collectin.eu\/wp-content\/uploads\/2026\/01\/Untitled-design-2026-01-13T095222.603.png","datePublished":"2026-01-13T07:57:26+00:00","dateModified":"2026-03-05T07:23:01+00:00","description":"Conan the Barbarian #47 CGC 8.0 \u2013 tai klasikinis \u201eMarvel\u201c komiksas, pasakojantis apie legendinio Roberto E. Howardo sukurto herojaus Konano Barbaro nuotykius.","breadcrumb":{"@id":"https:\/\/collectin.eu\/produktas\/conan-the-barbarian-47-cgc-8-0\/#breadcrumb"},"inLanguage":"en-US","potentialAction":[{"@type":"ReadAction","target":["https:\/\/collectin.eu\/produktas\/conan-the-barbarian-47-cgc-8-0\/"]}]},{"@type":"ImageObject","inLanguage":"en-US","@id":"https:\/\/collectin.eu\/produktas\/conan-the-barbarian-47-cgc-8-0\/#primaryimage","url":"https:\/\/collectin.eu\/wp-content\/uploads\/2026\/01\/Untitled-design-2026-01-13T095222.603.png","contentUrl":"https:\/\/collectin.eu\/wp-content\/uploads\/2026\/01\/Untitled-design-2026-01-13T095222.603.png","width":1080,"height":1080},{"@type":"BreadcrumbList","@id":"https:\/\/collectin.eu\/produktas\/conan-the-barbarian-47-cgc-8-0\/#breadcrumb","itemListElement":[{"@type":"ListItem","position":1,"name":"Home","item":"https:\/\/collectin.eu\/"},{"@type":"ListItem","position":2,"name":"Parduotuv\u0117","item":"https:\/\/collectin.eu\/parduotuve\/"},{"@type":"ListItem","position":3,"name":"Conan the Barbarian #47 CGC 8.0"}]},{"@type":"WebSite","@id":"https:\/\/collectin.eu\/#website","url":"https:\/\/collectin.eu\/","name":"Collectin.eu","description":"","potentialAction":[{"@type":"SearchAction","target":{"@type":"EntryPoint","urlTemplate":"https:\/\/collectin.eu\/?s={search_term_string}"},"query-input":{"@type":"PropertyValueSpecification","valueRequired":true,"valueName":"search_term_string"}}],"inLanguage":"en-US"}]}},"jetpack_sharing_enabled":true,"_links":{"self":[{"href":"https:\/\/collectin.eu\/en\/wp-json\/wp\/v2\/product\/39200","targetHints":{"allow":["GET"]}}],"collection":[{"href":"https:\/\/collectin.eu\/en\/wp-json\/wp\/v2\/product"}],"about":[{"href":"https:\/\/collectin.eu\/en\/wp-json\/wp\/v2\/types\/product"}],"replies":[{"embeddable":true,"href":"https:\/\/collectin.eu\/en\/wp-json\/wp\/v2\/comments?post=39200"}],"version-history":[{"count":2,"href":"https:\/\/collectin.eu\/en\/wp-json\/wp\/v2\/product\/39200\/revisions"}],"predecessor-version":[{"id":40238,"href":"https:\/\/collectin.eu\/en\/wp-json\/wp\/v2\/product\/39200\/revisions\/40238"}],"wp:featuredmedia":[{"embeddable":true,"href":"https:\/\/collectin.eu\/en\/wp-json\/wp\/v2\/media\/39202"}],"wp:attachment":[{"href":"https:\/\/collectin.eu\/en\/wp-json\/wp\/v2\/media?parent=39200"}],"wp:term":[{"taxonomy":"product_brand","embeddable":true,"href":"https:\/\/collectin.eu\/en\/wp-json\/wp\/v2\/product_brand?post=39200"},{"taxonomy":"product_cat","embeddable":true,"href":"https:\/\/collectin.eu\/en\/wp-json\/wp\/v2\/product_cat?post=39200"},{"taxonomy":"product_tag","embeddable":true,"href":"https:\/\/collectin.eu\/en\/wp-json\/wp\/v2\/product_tag?post=39200"}],"curies":[{"name":"wp","href":"https:\/\/api.w.org\/{rel}","templated":true}]}}