{"id":39204,"date":"2026-01-13T08:03:27","date_gmt":"2026-01-13T08:03:27","guid":{"rendered":"https:\/\/collectin.eu\/?post_type=product&#038;p=39204"},"modified":"2026-03-05T07:23:07","modified_gmt":"2026-03-05T07:23:07","slug":"fantastic-four-221-cgc-9-0","status":"publish","type":"product","link":"https:\/\/collectin.eu\/en\/product\/fantastic-four-221-cgc-9-0\/","title":{"rendered":"Fantastic Four #221 CGC 9.0"},"content":{"rendered":"<p>Fantastic Four #221 CGC 9.0 \u2013 tai \u201eMarvel Comics\u201c i\u0161leistas klasikinis komiksas, pasirod\u0119s 1980 m., priklausantis garsiajai \u201eFantasti\u0161kojo ketverto\u201c serijai. \u0160is numeris yra profesionaliai \u012fvertintas ir u\u017eantspauduotas CGC kapsul\u0117je, jam suteiktas auk\u0161tas 9.0 (Very Fine\/Near Mint) b\u016bkl\u0117s balas, rodantis puik\u0173 i\u0161silaikym\u0105, ry\u0161kias spalvas ir minimalias naudojimo \u017eymes. \u201eFantastic Four\u201c serija laikoma viena svarbiausi\u0173 \u201eMarvel\u201c istorijoje, o 221-asis numeris yra patrauklus Bronzos am\u017eiaus leidinys, vertinamas tiek kolekcinink\u0173, tiek superheroj\u0173 komiks\u0173 gerb\u0117j\u0173 kaip kokybi\u0161kas ir perspektyvus kolekcijos papildymas.<\/p>","protected":false},"excerpt":{"rendered":"<p>Fantastic Four #221 CGC 9.0 \u2013 tai \u201eMarvel Comics\u201c i\u0161leistas klasikinis komiksas, pasirod\u0119s 1980 m., priklausantis garsiajai \u201eFantasti\u0161kojo ketverto\u201c serijai.<\/p>","protected":false},"featured_media":39205,"comment_status":"open","ping_status":"closed","template":"","meta":[],"product_brand":[428],"product_cat":[562,535],"product_tag":[],"class_list":{"0":"post-39204","1":"product","2":"type-product","3":"status-publish","4":"has-post-thumbnail","6":"product_brand-marvel-comics","7":"product_cat-cgc-komiksai","8":"product_cat-komiksai","10":"first","11":"instock","12":"taxable","13":"shipping-taxable","14":"purchasable","15":"product-type-simple"},"yoast_head":"<!-- This site is optimized with the Yoast SEO plugin v25.9 - https:\/\/yoast.com\/wordpress\/plugins\/seo\/ -->\n<title>Fantastic Four #221 CGC 9.0 - Collectin.eu<\/title>\n<meta name=\"description\" content=\"Fantastic Four #221 CGC 9.0 \u2013 tai \u201eMarvel Comics\u201c i\u0161leistas klasikinis komiksas, pasirod\u0119s 1980 m., priklausantis garsiajai \u201eFantasti\u0161kojo ketverto\u201c serijai.\" \/>\n<meta name=\"robots\" content=\"index, follow, max-snippet:-1, max-image-preview:large, max-video-preview:-1\" \/>\n<link rel=\"canonical\" href=\"https:\/\/collectin.eu\/en\/product\/fantastic-four-221-cgc-9-0\/\" \/>\n<meta property=\"og:locale\" content=\"en_US\" \/>\n<meta property=\"og:type\" content=\"article\" \/>\n<meta property=\"og:title\" content=\"Fantastic Four #221 CGC 9.0 - Collectin.eu\" \/>\n<meta property=\"og:description\" content=\"Fantastic Four #221 CGC 9.0 \u2013 tai \u201eMarvel Comics\u201c i\u0161leistas klasikinis komiksas, pasirod\u0119s 1980 m., priklausantis garsiajai \u201eFantasti\u0161kojo ketverto\u201c serijai.\" \/>\n<meta property=\"og:url\" content=\"https:\/\/collectin.eu\/en\/product\/fantastic-four-221-cgc-9-0\/\" \/>\n<meta property=\"og:site_name\" content=\"Collectin.eu\" \/>\n<meta property=\"article:modified_time\" content=\"2026-03-05T07:23:07+00:00\" \/>\n<meta property=\"og:image\" content=\"http:\/\/collectin.eu\/wp-content\/uploads\/2026\/01\/Untitled-design-2026-01-13T095927.429.png\" \/>\n\t<meta property=\"og:image:width\" content=\"1080\" \/>\n\t<meta property=\"og:image:height\" content=\"1080\" \/>\n\t<meta property=\"og:image:type\" content=\"image\/png\" \/>\n<meta name=\"twitter:card\" content=\"summary_large_image\" \/>\n<meta name=\"twitter:label1\" content=\"Est. reading time\" \/>\n\t<meta name=\"twitter:data1\" content=\"1 minute\" \/>\n<script type=\"application\/ld+json\" class=\"yoast-schema-graph\">{\"@context\":\"https:\/\/schema.org\",\"@graph\":[{\"@type\":\"WebPage\",\"@id\":\"https:\/\/collectin.eu\/produktas\/fantastic-four-221-cgc-9-0\/\",\"url\":\"https:\/\/collectin.eu\/produktas\/fantastic-four-221-cgc-9-0\/\",\"name\":\"Fantastic Four #221 CGC 9.0 - Collectin.eu\",\"isPartOf\":{\"@id\":\"https:\/\/collectin.eu\/#website\"},\"primaryImageOfPage\":{\"@id\":\"https:\/\/collectin.eu\/produktas\/fantastic-four-221-cgc-9-0\/#primaryimage\"},\"image\":{\"@id\":\"https:\/\/collectin.eu\/produktas\/fantastic-four-221-cgc-9-0\/#primaryimage\"},\"thumbnailUrl\":\"https:\/\/collectin.eu\/wp-content\/uploads\/2026\/01\/Untitled-design-2026-01-13T095927.429.png\",\"datePublished\":\"2026-01-13T08:03:27+00:00\",\"dateModified\":\"2026-03-05T07:23:07+00:00\",\"description\":\"Fantastic Four #221 CGC 9.0 \u2013 tai \u201eMarvel Comics\u201c i\u0161leistas klasikinis komiksas, pasirod\u0119s 1980 m., priklausantis garsiajai \u201eFantasti\u0161kojo ketverto\u201c serijai.\",\"breadcrumb\":{\"@id\":\"https:\/\/collectin.eu\/produktas\/fantastic-four-221-cgc-9-0\/#breadcrumb\"},\"inLanguage\":\"en-US\",\"potentialAction\":[{\"@type\":\"ReadAction\",\"target\":[\"https:\/\/collectin.eu\/produktas\/fantastic-four-221-cgc-9-0\/\"]}]},{\"@type\":\"ImageObject\",\"inLanguage\":\"en-US\",\"@id\":\"https:\/\/collectin.eu\/produktas\/fantastic-four-221-cgc-9-0\/#primaryimage\",\"url\":\"https:\/\/collectin.eu\/wp-content\/uploads\/2026\/01\/Untitled-design-2026-01-13T095927.429.png\",\"contentUrl\":\"https:\/\/collectin.eu\/wp-content\/uploads\/2026\/01\/Untitled-design-2026-01-13T095927.429.png\",\"width\":1080,\"height\":1080},{\"@type\":\"BreadcrumbList\",\"@id\":\"https:\/\/collectin.eu\/produktas\/fantastic-four-221-cgc-9-0\/#breadcrumb\",\"itemListElement\":[{\"@type\":\"ListItem\",\"position\":1,\"name\":\"Home\",\"item\":\"https:\/\/collectin.eu\/\"},{\"@type\":\"ListItem\",\"position\":2,\"name\":\"Parduotuv\u0117\",\"item\":\"https:\/\/collectin.eu\/parduotuve\/\"},{\"@type\":\"ListItem\",\"position\":3,\"name\":\"Fantastic Four #221 CGC 9.0\"}]},{\"@type\":\"WebSite\",\"@id\":\"https:\/\/collectin.eu\/#website\",\"url\":\"https:\/\/collectin.eu\/\",\"name\":\"Collectin.eu\",\"description\":\"\",\"potentialAction\":[{\"@type\":\"SearchAction\",\"target\":{\"@type\":\"EntryPoint\",\"urlTemplate\":\"https:\/\/collectin.eu\/?s={search_term_string}\"},\"query-input\":{\"@type\":\"PropertyValueSpecification\",\"valueRequired\":true,\"valueName\":\"search_term_string\"}}],\"inLanguage\":\"en-US\"}]}<\/script>\n<!-- \/ Yoast SEO plugin. -->","yoast_head_json":{"title":"Fantastic Four #221 CGC 9.0 - Collectin.eu","description":"Fantastic Four #221 CGC 9.0 \u2013 tai \u201eMarvel Comics\u201c i\u0161leistas klasikinis komiksas, pasirod\u0119s 1980 m., priklausantis garsiajai \u201eFantasti\u0161kojo ketverto\u201c serijai.","robots":{"index":"index","follow":"follow","max-snippet":"max-snippet:-1","max-image-preview":"max-image-preview:large","max-video-preview":"max-video-preview:-1"},"canonical":"https:\/\/collectin.eu\/en\/product\/fantastic-four-221-cgc-9-0\/","og_locale":"en_US","og_type":"article","og_title":"Fantastic Four #221 CGC 9.0 - Collectin.eu","og_description":"Fantastic Four #221 CGC 9.0 \u2013 tai \u201eMarvel Comics\u201c i\u0161leistas klasikinis komiksas, pasirod\u0119s 1980 m., priklausantis garsiajai \u201eFantasti\u0161kojo ketverto\u201c serijai.","og_url":"https:\/\/collectin.eu\/en\/product\/fantastic-four-221-cgc-9-0\/","og_site_name":"Collectin.eu","article_modified_time":"2026-03-05T07:23:07+00:00","og_image":[{"width":1080,"height":1080,"url":"http:\/\/collectin.eu\/wp-content\/uploads\/2026\/01\/Untitled-design-2026-01-13T095927.429.png","type":"image\/png"}],"twitter_card":"summary_large_image","twitter_misc":{"Est. reading time":"1 minute"},"schema":{"@context":"https:\/\/schema.org","@graph":[{"@type":"WebPage","@id":"https:\/\/collectin.eu\/produktas\/fantastic-four-221-cgc-9-0\/","url":"https:\/\/collectin.eu\/produktas\/fantastic-four-221-cgc-9-0\/","name":"Fantastic Four #221 CGC 9.0 - Collectin.eu","isPartOf":{"@id":"https:\/\/collectin.eu\/#website"},"primaryImageOfPage":{"@id":"https:\/\/collectin.eu\/produktas\/fantastic-four-221-cgc-9-0\/#primaryimage"},"image":{"@id":"https:\/\/collectin.eu\/produktas\/fantastic-four-221-cgc-9-0\/#primaryimage"},"thumbnailUrl":"https:\/\/collectin.eu\/wp-content\/uploads\/2026\/01\/Untitled-design-2026-01-13T095927.429.png","datePublished":"2026-01-13T08:03:27+00:00","dateModified":"2026-03-05T07:23:07+00:00","description":"Fantastic Four #221 CGC 9.0 \u2013 tai \u201eMarvel Comics\u201c i\u0161leistas klasikinis komiksas, pasirod\u0119s 1980 m., priklausantis garsiajai \u201eFantasti\u0161kojo ketverto\u201c serijai.","breadcrumb":{"@id":"https:\/\/collectin.eu\/produktas\/fantastic-four-221-cgc-9-0\/#breadcrumb"},"inLanguage":"en-US","potentialAction":[{"@type":"ReadAction","target":["https:\/\/collectin.eu\/produktas\/fantastic-four-221-cgc-9-0\/"]}]},{"@type":"ImageObject","inLanguage":"en-US","@id":"https:\/\/collectin.eu\/produktas\/fantastic-four-221-cgc-9-0\/#primaryimage","url":"https:\/\/collectin.eu\/wp-content\/uploads\/2026\/01\/Untitled-design-2026-01-13T095927.429.png","contentUrl":"https:\/\/collectin.eu\/wp-content\/uploads\/2026\/01\/Untitled-design-2026-01-13T095927.429.png","width":1080,"height":1080},{"@type":"BreadcrumbList","@id":"https:\/\/collectin.eu\/produktas\/fantastic-four-221-cgc-9-0\/#breadcrumb","itemListElement":[{"@type":"ListItem","position":1,"name":"Home","item":"https:\/\/collectin.eu\/"},{"@type":"ListItem","position":2,"name":"Parduotuv\u0117","item":"https:\/\/collectin.eu\/parduotuve\/"},{"@type":"ListItem","position":3,"name":"Fantastic Four #221 CGC 9.0"}]},{"@type":"WebSite","@id":"https:\/\/collectin.eu\/#website","url":"https:\/\/collectin.eu\/","name":"Collectin.eu","description":"","potentialAction":[{"@type":"SearchAction","target":{"@type":"EntryPoint","urlTemplate":"https:\/\/collectin.eu\/?s={search_term_string}"},"query-input":{"@type":"PropertyValueSpecification","valueRequired":true,"valueName":"search_term_string"}}],"inLanguage":"en-US"}]}},"jetpack_sharing_enabled":true,"_links":{"self":[{"href":"https:\/\/collectin.eu\/en\/wp-json\/wp\/v2\/product\/39204","targetHints":{"allow":["GET"]}}],"collection":[{"href":"https:\/\/collectin.eu\/en\/wp-json\/wp\/v2\/product"}],"about":[{"href":"https:\/\/collectin.eu\/en\/wp-json\/wp\/v2\/types\/product"}],"replies":[{"embeddable":true,"href":"https:\/\/collectin.eu\/en\/wp-json\/wp\/v2\/comments?post=39204"}],"version-history":[{"count":2,"href":"https:\/\/collectin.eu\/en\/wp-json\/wp\/v2\/product\/39204\/revisions"}],"predecessor-version":[{"id":40239,"href":"https:\/\/collectin.eu\/en\/wp-json\/wp\/v2\/product\/39204\/revisions\/40239"}],"wp:featuredmedia":[{"embeddable":true,"href":"https:\/\/collectin.eu\/en\/wp-json\/wp\/v2\/media\/39205"}],"wp:attachment":[{"href":"https:\/\/collectin.eu\/en\/wp-json\/wp\/v2\/media?parent=39204"}],"wp:term":[{"taxonomy":"product_brand","embeddable":true,"href":"https:\/\/collectin.eu\/en\/wp-json\/wp\/v2\/product_brand?post=39204"},{"taxonomy":"product_cat","embeddable":true,"href":"https:\/\/collectin.eu\/en\/wp-json\/wp\/v2\/product_cat?post=39204"},{"taxonomy":"product_tag","embeddable":true,"href":"https:\/\/collectin.eu\/en\/wp-json\/wp\/v2\/product_tag?post=39204"}],"curies":[{"name":"wp","href":"https:\/\/api.w.org\/{rel}","templated":true}]}}