{"id":39208,"date":"2026-01-13T08:12:18","date_gmt":"2026-01-13T08:12:18","guid":{"rendered":"https:\/\/collectin.eu\/?post_type=product&#038;p=39208"},"modified":"2026-03-05T07:23:13","modified_gmt":"2026-03-05T07:23:13","slug":"fear-3-cgc-7-5","status":"publish","type":"product","link":"https:\/\/collectin.eu\/en\/product\/fear-3-cgc-7-5\/","title":{"rendered":"Fear #3 CGC 7.5"},"content":{"rendered":"<p>Fear #3 CGC 7.5 \u2013 tai \u201eMarvel Comics\u201c siaubo tematikos komiksas, i\u0161leistas 1971 metais, priklausantis ankstyvajam Bronzos am\u017eiaus laikotarpiui. \u0160is leidinys yra profesionaliai \u012fvertintas ir u\u017eantspauduotas CGC kapsul\u0117je, jam suteiktas 7.5 (Very Fine\u2013) b\u016bkl\u0117s balas, rodantis ger\u0105 i\u0161silaikym\u0105 su matomais, bet neesminiais d\u0117v\u0117jimo po\u017eymiais. \u201eFear\u201c serija i\u0161siskiria tamsia atmosfera ir antgamtiniais motyvais, o 3-iasis numeris yra gerai \u017einomas kolekcinink\u0173 tarpe kaip reik\u0161mingas ir ie\u0161komas leidinys, ypa\u010d vertinamas \u201eMarvel\u201c siaubo komiks\u0173 gerb\u0117j\u0173.<\/p>","protected":false},"excerpt":{"rendered":"<p>Fear #3 CGC 7.5 \u2013 tai \u201eMarvel Comics\u201c siaubo tematikos komiksas, i\u0161leistas 1971 metais, priklausantis ankstyvajam Bronzos am\u017eiaus laikotarpiui. \u0160is<\/p>","protected":false},"featured_media":39209,"comment_status":"open","ping_status":"closed","template":"","meta":[],"product_brand":[428],"product_cat":[562,535],"product_tag":[],"class_list":{"0":"post-39208","1":"product","2":"type-product","3":"status-publish","4":"has-post-thumbnail","6":"product_brand-marvel-comics","7":"product_cat-cgc-komiksai","8":"product_cat-komiksai","10":"first","11":"instock","12":"taxable","13":"shipping-taxable","14":"purchasable","15":"product-type-simple"},"yoast_head":"<!-- This site is optimized with the Yoast SEO plugin v25.9 - https:\/\/yoast.com\/wordpress\/plugins\/seo\/ -->\n<title>Fear #3 CGC 7.5 - Collectin.eu<\/title>\n<meta name=\"description\" content=\"Fear #3 CGC 7.5 \u2013 tai \u201eMarvel Comics\u201c siaubo tematikos komiksas, i\u0161leistas 1971 metais, priklausantis ankstyvajam Bronzos am\u017eiaus laikotarpiui.\" \/>\n<meta name=\"robots\" content=\"index, follow, max-snippet:-1, max-image-preview:large, max-video-preview:-1\" \/>\n<link rel=\"canonical\" href=\"https:\/\/collectin.eu\/en\/product\/fear-3-cgc-7-5\/\" \/>\n<meta property=\"og:locale\" content=\"en_US\" \/>\n<meta property=\"og:type\" content=\"article\" \/>\n<meta property=\"og:title\" content=\"Fear #3 CGC 7.5 - Collectin.eu\" \/>\n<meta property=\"og:description\" content=\"Fear #3 CGC 7.5 \u2013 tai \u201eMarvel Comics\u201c siaubo tematikos komiksas, i\u0161leistas 1971 metais, priklausantis ankstyvajam Bronzos am\u017eiaus laikotarpiui.\" \/>\n<meta property=\"og:url\" content=\"https:\/\/collectin.eu\/en\/product\/fear-3-cgc-7-5\/\" \/>\n<meta property=\"og:site_name\" content=\"Collectin.eu\" \/>\n<meta property=\"article:modified_time\" content=\"2026-03-05T07:23:13+00:00\" \/>\n<meta property=\"og:image\" content=\"http:\/\/collectin.eu\/wp-content\/uploads\/2026\/01\/Untitled-design-2026-01-13T100535.445.png\" \/>\n\t<meta property=\"og:image:width\" content=\"1080\" \/>\n\t<meta property=\"og:image:height\" content=\"1080\" \/>\n\t<meta property=\"og:image:type\" content=\"image\/png\" \/>\n<meta name=\"twitter:card\" content=\"summary_large_image\" \/>\n<meta name=\"twitter:label1\" content=\"Est. reading time\" \/>\n\t<meta name=\"twitter:data1\" content=\"1 minute\" \/>\n<script type=\"application\/ld+json\" class=\"yoast-schema-graph\">{\"@context\":\"https:\/\/schema.org\",\"@graph\":[{\"@type\":\"WebPage\",\"@id\":\"https:\/\/collectin.eu\/produktas\/fear-3-cgc-7-5\/\",\"url\":\"https:\/\/collectin.eu\/produktas\/fear-3-cgc-7-5\/\",\"name\":\"Fear #3 CGC 7.5 - Collectin.eu\",\"isPartOf\":{\"@id\":\"https:\/\/collectin.eu\/#website\"},\"primaryImageOfPage\":{\"@id\":\"https:\/\/collectin.eu\/produktas\/fear-3-cgc-7-5\/#primaryimage\"},\"image\":{\"@id\":\"https:\/\/collectin.eu\/produktas\/fear-3-cgc-7-5\/#primaryimage\"},\"thumbnailUrl\":\"https:\/\/collectin.eu\/wp-content\/uploads\/2026\/01\/Untitled-design-2026-01-13T100535.445.png\",\"datePublished\":\"2026-01-13T08:12:18+00:00\",\"dateModified\":\"2026-03-05T07:23:13+00:00\",\"description\":\"Fear #3 CGC 7.5 \u2013 tai \u201eMarvel Comics\u201c siaubo tematikos komiksas, i\u0161leistas 1971 metais, priklausantis ankstyvajam Bronzos am\u017eiaus laikotarpiui.\",\"breadcrumb\":{\"@id\":\"https:\/\/collectin.eu\/produktas\/fear-3-cgc-7-5\/#breadcrumb\"},\"inLanguage\":\"en-US\",\"potentialAction\":[{\"@type\":\"ReadAction\",\"target\":[\"https:\/\/collectin.eu\/produktas\/fear-3-cgc-7-5\/\"]}]},{\"@type\":\"ImageObject\",\"inLanguage\":\"en-US\",\"@id\":\"https:\/\/collectin.eu\/produktas\/fear-3-cgc-7-5\/#primaryimage\",\"url\":\"https:\/\/collectin.eu\/wp-content\/uploads\/2026\/01\/Untitled-design-2026-01-13T100535.445.png\",\"contentUrl\":\"https:\/\/collectin.eu\/wp-content\/uploads\/2026\/01\/Untitled-design-2026-01-13T100535.445.png\",\"width\":1080,\"height\":1080},{\"@type\":\"BreadcrumbList\",\"@id\":\"https:\/\/collectin.eu\/produktas\/fear-3-cgc-7-5\/#breadcrumb\",\"itemListElement\":[{\"@type\":\"ListItem\",\"position\":1,\"name\":\"Home\",\"item\":\"https:\/\/collectin.eu\/\"},{\"@type\":\"ListItem\",\"position\":2,\"name\":\"Parduotuv\u0117\",\"item\":\"https:\/\/collectin.eu\/parduotuve\/\"},{\"@type\":\"ListItem\",\"position\":3,\"name\":\"Fear #3 CGC 7.5\"}]},{\"@type\":\"WebSite\",\"@id\":\"https:\/\/collectin.eu\/#website\",\"url\":\"https:\/\/collectin.eu\/\",\"name\":\"Collectin.eu\",\"description\":\"\",\"potentialAction\":[{\"@type\":\"SearchAction\",\"target\":{\"@type\":\"EntryPoint\",\"urlTemplate\":\"https:\/\/collectin.eu\/?s={search_term_string}\"},\"query-input\":{\"@type\":\"PropertyValueSpecification\",\"valueRequired\":true,\"valueName\":\"search_term_string\"}}],\"inLanguage\":\"en-US\"}]}<\/script>\n<!-- \/ Yoast SEO plugin. -->","yoast_head_json":{"title":"Fear #3 CGC 7.5 - Collectin.eu","description":"Fear #3 CGC 7.5 \u2013 tai \u201eMarvel Comics\u201c siaubo tematikos komiksas, i\u0161leistas 1971 metais, priklausantis ankstyvajam Bronzos am\u017eiaus laikotarpiui.","robots":{"index":"index","follow":"follow","max-snippet":"max-snippet:-1","max-image-preview":"max-image-preview:large","max-video-preview":"max-video-preview:-1"},"canonical":"https:\/\/collectin.eu\/en\/product\/fear-3-cgc-7-5\/","og_locale":"en_US","og_type":"article","og_title":"Fear #3 CGC 7.5 - Collectin.eu","og_description":"Fear #3 CGC 7.5 \u2013 tai \u201eMarvel Comics\u201c siaubo tematikos komiksas, i\u0161leistas 1971 metais, priklausantis ankstyvajam Bronzos am\u017eiaus laikotarpiui.","og_url":"https:\/\/collectin.eu\/en\/product\/fear-3-cgc-7-5\/","og_site_name":"Collectin.eu","article_modified_time":"2026-03-05T07:23:13+00:00","og_image":[{"width":1080,"height":1080,"url":"http:\/\/collectin.eu\/wp-content\/uploads\/2026\/01\/Untitled-design-2026-01-13T100535.445.png","type":"image\/png"}],"twitter_card":"summary_large_image","twitter_misc":{"Est. reading time":"1 minute"},"schema":{"@context":"https:\/\/schema.org","@graph":[{"@type":"WebPage","@id":"https:\/\/collectin.eu\/produktas\/fear-3-cgc-7-5\/","url":"https:\/\/collectin.eu\/produktas\/fear-3-cgc-7-5\/","name":"Fear #3 CGC 7.5 - Collectin.eu","isPartOf":{"@id":"https:\/\/collectin.eu\/#website"},"primaryImageOfPage":{"@id":"https:\/\/collectin.eu\/produktas\/fear-3-cgc-7-5\/#primaryimage"},"image":{"@id":"https:\/\/collectin.eu\/produktas\/fear-3-cgc-7-5\/#primaryimage"},"thumbnailUrl":"https:\/\/collectin.eu\/wp-content\/uploads\/2026\/01\/Untitled-design-2026-01-13T100535.445.png","datePublished":"2026-01-13T08:12:18+00:00","dateModified":"2026-03-05T07:23:13+00:00","description":"Fear #3 CGC 7.5 \u2013 tai \u201eMarvel Comics\u201c siaubo tematikos komiksas, i\u0161leistas 1971 metais, priklausantis ankstyvajam Bronzos am\u017eiaus laikotarpiui.","breadcrumb":{"@id":"https:\/\/collectin.eu\/produktas\/fear-3-cgc-7-5\/#breadcrumb"},"inLanguage":"en-US","potentialAction":[{"@type":"ReadAction","target":["https:\/\/collectin.eu\/produktas\/fear-3-cgc-7-5\/"]}]},{"@type":"ImageObject","inLanguage":"en-US","@id":"https:\/\/collectin.eu\/produktas\/fear-3-cgc-7-5\/#primaryimage","url":"https:\/\/collectin.eu\/wp-content\/uploads\/2026\/01\/Untitled-design-2026-01-13T100535.445.png","contentUrl":"https:\/\/collectin.eu\/wp-content\/uploads\/2026\/01\/Untitled-design-2026-01-13T100535.445.png","width":1080,"height":1080},{"@type":"BreadcrumbList","@id":"https:\/\/collectin.eu\/produktas\/fear-3-cgc-7-5\/#breadcrumb","itemListElement":[{"@type":"ListItem","position":1,"name":"Home","item":"https:\/\/collectin.eu\/"},{"@type":"ListItem","position":2,"name":"Parduotuv\u0117","item":"https:\/\/collectin.eu\/parduotuve\/"},{"@type":"ListItem","position":3,"name":"Fear #3 CGC 7.5"}]},{"@type":"WebSite","@id":"https:\/\/collectin.eu\/#website","url":"https:\/\/collectin.eu\/","name":"Collectin.eu","description":"","potentialAction":[{"@type":"SearchAction","target":{"@type":"EntryPoint","urlTemplate":"https:\/\/collectin.eu\/?s={search_term_string}"},"query-input":{"@type":"PropertyValueSpecification","valueRequired":true,"valueName":"search_term_string"}}],"inLanguage":"en-US"}]}},"jetpack_sharing_enabled":true,"_links":{"self":[{"href":"https:\/\/collectin.eu\/en\/wp-json\/wp\/v2\/product\/39208","targetHints":{"allow":["GET"]}}],"collection":[{"href":"https:\/\/collectin.eu\/en\/wp-json\/wp\/v2\/product"}],"about":[{"href":"https:\/\/collectin.eu\/en\/wp-json\/wp\/v2\/types\/product"}],"replies":[{"embeddable":true,"href":"https:\/\/collectin.eu\/en\/wp-json\/wp\/v2\/comments?post=39208"}],"version-history":[{"count":2,"href":"https:\/\/collectin.eu\/en\/wp-json\/wp\/v2\/product\/39208\/revisions"}],"predecessor-version":[{"id":40240,"href":"https:\/\/collectin.eu\/en\/wp-json\/wp\/v2\/product\/39208\/revisions\/40240"}],"wp:featuredmedia":[{"embeddable":true,"href":"https:\/\/collectin.eu\/en\/wp-json\/wp\/v2\/media\/39209"}],"wp:attachment":[{"href":"https:\/\/collectin.eu\/en\/wp-json\/wp\/v2\/media?parent=39208"}],"wp:term":[{"taxonomy":"product_brand","embeddable":true,"href":"https:\/\/collectin.eu\/en\/wp-json\/wp\/v2\/product_brand?post=39208"},{"taxonomy":"product_cat","embeddable":true,"href":"https:\/\/collectin.eu\/en\/wp-json\/wp\/v2\/product_cat?post=39208"},{"taxonomy":"product_tag","embeddable":true,"href":"https:\/\/collectin.eu\/en\/wp-json\/wp\/v2\/product_tag?post=39208"}],"curies":[{"name":"wp","href":"https:\/\/api.w.org\/{rel}","templated":true}]}}