{"id":39212,"date":"2026-01-13T08:16:20","date_gmt":"2026-01-13T08:16:20","guid":{"rendered":"https:\/\/collectin.eu\/?post_type=product&#038;p=39212"},"modified":"2026-03-05T07:23:20","modified_gmt":"2026-03-05T07:23:20","slug":"machine-man-13-cgc-8-0","status":"publish","type":"product","link":"https:\/\/collectin.eu\/en\/product\/machine-man-13-cgc-8-0\/","title":{"rendered":"Machine Man #13 CGC 8.0"},"content":{"rendered":"<p>Machine Man #13 CGC 8.0 \u2013 \u201eMarvel\u201c mokslin\u0117s fantastikos komiksas i\u0161 1980 met\u0173, skirtas futuristinio herojaus Machine Man nuotykiams. \u0160is numeris yra profesionaliai patikrintas ir \u012fvertintas CGC, saugiai u\u017edarytas kapsul\u0117je, jam suteiktas 8.0 (Very Fine) b\u016bkl\u0117s balas, rodantis ger\u0105 i\u0161laikym\u0105 su nedideliais naudojimo po\u017eymiais. Serija \u201eMachine Man\u201c pasi\u017eymi savitu stiliumi ir technologine tematika, o 13-asis leidinys laikomas patraukliu Bronzos am\u017eiaus \u201eMarvel\u201c komiksu, tinkamu tiek kolekcionavimui, tiek kaip kokybi\u0161kas kolekcijos papildymas.<\/p>","protected":false},"excerpt":{"rendered":"<p>Machine Man #13 CGC 8.0 \u2013 \u201eMarvel\u201c mokslin\u0117s fantastikos komiksas i\u0161 1980 met\u0173, skirtas futuristinio herojaus Machine Man nuotykiams. \u0160is<\/p>","protected":false},"featured_media":39213,"comment_status":"open","ping_status":"closed","template":"","meta":[],"product_brand":[428],"product_cat":[562,535],"product_tag":[],"class_list":{"0":"post-39212","1":"product","2":"type-product","3":"status-publish","4":"has-post-thumbnail","6":"product_brand-marvel-comics","7":"product_cat-cgc-komiksai","8":"product_cat-komiksai","10":"first","11":"instock","12":"taxable","13":"shipping-taxable","14":"purchasable","15":"product-type-simple"},"yoast_head":"<!-- This site is optimized with the Yoast SEO plugin v25.9 - https:\/\/yoast.com\/wordpress\/plugins\/seo\/ -->\n<title>Machine Man #13 CGC 8.0 - Collectin.eu<\/title>\n<meta name=\"description\" content=\"Machine Man #13 CGC 8.0 \u2013 tai \u201eMarvel Comics\u201c komiksas, i\u0161leistas 1979 metais, pasakojantis apie futuristin\u012f heroj\u0173 Ma\u0161in\u0105 \u017dmog\u0173 (Machine Man).\" \/>\n<meta name=\"robots\" content=\"index, follow, max-snippet:-1, max-image-preview:large, max-video-preview:-1\" \/>\n<link rel=\"canonical\" href=\"https:\/\/collectin.eu\/en\/product\/machine-man-13-cgc-8-0\/\" \/>\n<meta property=\"og:locale\" content=\"en_US\" \/>\n<meta property=\"og:type\" content=\"article\" \/>\n<meta property=\"og:title\" content=\"Machine Man #13 CGC 8.0 - Collectin.eu\" \/>\n<meta property=\"og:description\" content=\"Machine Man #13 CGC 8.0 \u2013 tai \u201eMarvel Comics\u201c komiksas, i\u0161leistas 1979 metais, pasakojantis apie futuristin\u012f heroj\u0173 Ma\u0161in\u0105 \u017dmog\u0173 (Machine Man).\" \/>\n<meta property=\"og:url\" content=\"https:\/\/collectin.eu\/en\/product\/machine-man-13-cgc-8-0\/\" \/>\n<meta property=\"og:site_name\" content=\"Collectin.eu\" \/>\n<meta property=\"article:modified_time\" content=\"2026-03-05T07:23:20+00:00\" \/>\n<meta property=\"og:image\" content=\"http:\/\/collectin.eu\/wp-content\/uploads\/2026\/01\/Untitled-design-2026-01-13T101323.503.png\" \/>\n\t<meta property=\"og:image:width\" content=\"1080\" \/>\n\t<meta property=\"og:image:height\" content=\"1080\" \/>\n\t<meta property=\"og:image:type\" content=\"image\/png\" \/>\n<meta name=\"twitter:card\" content=\"summary_large_image\" \/>\n<meta name=\"twitter:label1\" content=\"Est. reading time\" \/>\n\t<meta name=\"twitter:data1\" content=\"1 minute\" \/>\n<script type=\"application\/ld+json\" class=\"yoast-schema-graph\">{\"@context\":\"https:\/\/schema.org\",\"@graph\":[{\"@type\":\"WebPage\",\"@id\":\"https:\/\/collectin.eu\/produktas\/machine-man-13-cgc-8-0\/\",\"url\":\"https:\/\/collectin.eu\/produktas\/machine-man-13-cgc-8-0\/\",\"name\":\"Machine Man #13 CGC 8.0 - Collectin.eu\",\"isPartOf\":{\"@id\":\"https:\/\/collectin.eu\/#website\"},\"primaryImageOfPage\":{\"@id\":\"https:\/\/collectin.eu\/produktas\/machine-man-13-cgc-8-0\/#primaryimage\"},\"image\":{\"@id\":\"https:\/\/collectin.eu\/produktas\/machine-man-13-cgc-8-0\/#primaryimage\"},\"thumbnailUrl\":\"https:\/\/collectin.eu\/wp-content\/uploads\/2026\/01\/Untitled-design-2026-01-13T101323.503.png\",\"datePublished\":\"2026-01-13T08:16:20+00:00\",\"dateModified\":\"2026-03-05T07:23:20+00:00\",\"description\":\"Machine Man #13 CGC 8.0 \u2013 tai \u201eMarvel Comics\u201c komiksas, i\u0161leistas 1979 metais, pasakojantis apie futuristin\u012f heroj\u0173 Ma\u0161in\u0105 \u017dmog\u0173 (Machine Man).\",\"breadcrumb\":{\"@id\":\"https:\/\/collectin.eu\/produktas\/machine-man-13-cgc-8-0\/#breadcrumb\"},\"inLanguage\":\"en-US\",\"potentialAction\":[{\"@type\":\"ReadAction\",\"target\":[\"https:\/\/collectin.eu\/produktas\/machine-man-13-cgc-8-0\/\"]}]},{\"@type\":\"ImageObject\",\"inLanguage\":\"en-US\",\"@id\":\"https:\/\/collectin.eu\/produktas\/machine-man-13-cgc-8-0\/#primaryimage\",\"url\":\"https:\/\/collectin.eu\/wp-content\/uploads\/2026\/01\/Untitled-design-2026-01-13T101323.503.png\",\"contentUrl\":\"https:\/\/collectin.eu\/wp-content\/uploads\/2026\/01\/Untitled-design-2026-01-13T101323.503.png\",\"width\":1080,\"height\":1080},{\"@type\":\"BreadcrumbList\",\"@id\":\"https:\/\/collectin.eu\/produktas\/machine-man-13-cgc-8-0\/#breadcrumb\",\"itemListElement\":[{\"@type\":\"ListItem\",\"position\":1,\"name\":\"Home\",\"item\":\"https:\/\/collectin.eu\/\"},{\"@type\":\"ListItem\",\"position\":2,\"name\":\"Parduotuv\u0117\",\"item\":\"https:\/\/collectin.eu\/parduotuve\/\"},{\"@type\":\"ListItem\",\"position\":3,\"name\":\"Machine Man #13 CGC 8.0\"}]},{\"@type\":\"WebSite\",\"@id\":\"https:\/\/collectin.eu\/#website\",\"url\":\"https:\/\/collectin.eu\/\",\"name\":\"Collectin.eu\",\"description\":\"\",\"potentialAction\":[{\"@type\":\"SearchAction\",\"target\":{\"@type\":\"EntryPoint\",\"urlTemplate\":\"https:\/\/collectin.eu\/?s={search_term_string}\"},\"query-input\":{\"@type\":\"PropertyValueSpecification\",\"valueRequired\":true,\"valueName\":\"search_term_string\"}}],\"inLanguage\":\"en-US\"}]}<\/script>\n<!-- \/ Yoast SEO plugin. -->","yoast_head_json":{"title":"Machine Man #13 CGC 8.0 - Collectin.eu","description":"Machine Man #13 CGC 8.0 \u2013 tai \u201eMarvel Comics\u201c komiksas, i\u0161leistas 1979 metais, pasakojantis apie futuristin\u012f heroj\u0173 Ma\u0161in\u0105 \u017dmog\u0173 (Machine Man).","robots":{"index":"index","follow":"follow","max-snippet":"max-snippet:-1","max-image-preview":"max-image-preview:large","max-video-preview":"max-video-preview:-1"},"canonical":"https:\/\/collectin.eu\/en\/product\/machine-man-13-cgc-8-0\/","og_locale":"en_US","og_type":"article","og_title":"Machine Man #13 CGC 8.0 - Collectin.eu","og_description":"Machine Man #13 CGC 8.0 \u2013 tai \u201eMarvel Comics\u201c komiksas, i\u0161leistas 1979 metais, pasakojantis apie futuristin\u012f heroj\u0173 Ma\u0161in\u0105 \u017dmog\u0173 (Machine Man).","og_url":"https:\/\/collectin.eu\/en\/product\/machine-man-13-cgc-8-0\/","og_site_name":"Collectin.eu","article_modified_time":"2026-03-05T07:23:20+00:00","og_image":[{"width":1080,"height":1080,"url":"http:\/\/collectin.eu\/wp-content\/uploads\/2026\/01\/Untitled-design-2026-01-13T101323.503.png","type":"image\/png"}],"twitter_card":"summary_large_image","twitter_misc":{"Est. reading time":"1 minute"},"schema":{"@context":"https:\/\/schema.org","@graph":[{"@type":"WebPage","@id":"https:\/\/collectin.eu\/produktas\/machine-man-13-cgc-8-0\/","url":"https:\/\/collectin.eu\/produktas\/machine-man-13-cgc-8-0\/","name":"Machine Man #13 CGC 8.0 - Collectin.eu","isPartOf":{"@id":"https:\/\/collectin.eu\/#website"},"primaryImageOfPage":{"@id":"https:\/\/collectin.eu\/produktas\/machine-man-13-cgc-8-0\/#primaryimage"},"image":{"@id":"https:\/\/collectin.eu\/produktas\/machine-man-13-cgc-8-0\/#primaryimage"},"thumbnailUrl":"https:\/\/collectin.eu\/wp-content\/uploads\/2026\/01\/Untitled-design-2026-01-13T101323.503.png","datePublished":"2026-01-13T08:16:20+00:00","dateModified":"2026-03-05T07:23:20+00:00","description":"Machine Man #13 CGC 8.0 \u2013 tai \u201eMarvel Comics\u201c komiksas, i\u0161leistas 1979 metais, pasakojantis apie futuristin\u012f heroj\u0173 Ma\u0161in\u0105 \u017dmog\u0173 (Machine Man).","breadcrumb":{"@id":"https:\/\/collectin.eu\/produktas\/machine-man-13-cgc-8-0\/#breadcrumb"},"inLanguage":"en-US","potentialAction":[{"@type":"ReadAction","target":["https:\/\/collectin.eu\/produktas\/machine-man-13-cgc-8-0\/"]}]},{"@type":"ImageObject","inLanguage":"en-US","@id":"https:\/\/collectin.eu\/produktas\/machine-man-13-cgc-8-0\/#primaryimage","url":"https:\/\/collectin.eu\/wp-content\/uploads\/2026\/01\/Untitled-design-2026-01-13T101323.503.png","contentUrl":"https:\/\/collectin.eu\/wp-content\/uploads\/2026\/01\/Untitled-design-2026-01-13T101323.503.png","width":1080,"height":1080},{"@type":"BreadcrumbList","@id":"https:\/\/collectin.eu\/produktas\/machine-man-13-cgc-8-0\/#breadcrumb","itemListElement":[{"@type":"ListItem","position":1,"name":"Home","item":"https:\/\/collectin.eu\/"},{"@type":"ListItem","position":2,"name":"Parduotuv\u0117","item":"https:\/\/collectin.eu\/parduotuve\/"},{"@type":"ListItem","position":3,"name":"Machine Man #13 CGC 8.0"}]},{"@type":"WebSite","@id":"https:\/\/collectin.eu\/#website","url":"https:\/\/collectin.eu\/","name":"Collectin.eu","description":"","potentialAction":[{"@type":"SearchAction","target":{"@type":"EntryPoint","urlTemplate":"https:\/\/collectin.eu\/?s={search_term_string}"},"query-input":{"@type":"PropertyValueSpecification","valueRequired":true,"valueName":"search_term_string"}}],"inLanguage":"en-US"}]}},"jetpack_sharing_enabled":true,"_links":{"self":[{"href":"https:\/\/collectin.eu\/en\/wp-json\/wp\/v2\/product\/39212","targetHints":{"allow":["GET"]}}],"collection":[{"href":"https:\/\/collectin.eu\/en\/wp-json\/wp\/v2\/product"}],"about":[{"href":"https:\/\/collectin.eu\/en\/wp-json\/wp\/v2\/types\/product"}],"replies":[{"embeddable":true,"href":"https:\/\/collectin.eu\/en\/wp-json\/wp\/v2\/comments?post=39212"}],"version-history":[{"count":4,"href":"https:\/\/collectin.eu\/en\/wp-json\/wp\/v2\/product\/39212\/revisions"}],"predecessor-version":[{"id":40241,"href":"https:\/\/collectin.eu\/en\/wp-json\/wp\/v2\/product\/39212\/revisions\/40241"}],"wp:featuredmedia":[{"embeddable":true,"href":"https:\/\/collectin.eu\/en\/wp-json\/wp\/v2\/media\/39213"}],"wp:attachment":[{"href":"https:\/\/collectin.eu\/en\/wp-json\/wp\/v2\/media?parent=39212"}],"wp:term":[{"taxonomy":"product_brand","embeddable":true,"href":"https:\/\/collectin.eu\/en\/wp-json\/wp\/v2\/product_brand?post=39212"},{"taxonomy":"product_cat","embeddable":true,"href":"https:\/\/collectin.eu\/en\/wp-json\/wp\/v2\/product_cat?post=39212"},{"taxonomy":"product_tag","embeddable":true,"href":"https:\/\/collectin.eu\/en\/wp-json\/wp\/v2\/product_tag?post=39212"}],"curies":[{"name":"wp","href":"https:\/\/api.w.org\/{rel}","templated":true}]}}