{"id":39216,"date":"2026-01-13T08:28:48","date_gmt":"2026-01-13T08:28:48","guid":{"rendered":"https:\/\/collectin.eu\/?post_type=product&#038;p=39216"},"modified":"2026-03-05T07:23:26","modified_gmt":"2026-03-05T07:23:26","slug":"treshold-22-cgc-9-8","status":"publish","type":"product","link":"https:\/\/collectin.eu\/en\/product\/treshold-22-cgc-9-8\/","title":{"rendered":"Treshold #22 CGC 9.8"},"content":{"rendered":"<p>Threshold #22 CGC 9.8 \u2013 tai \u201eAvatar Press\u201c komiksas i\u0161 1998\u20131999 met\u0173 Threshold serijos, \u012fvertintas CGC ir saugiai u\u017edarytas kapsul\u0117je, turintis auk\u0161t\u0105 9.8 (Near Mint\/Mint) b\u016bkl\u0117s bal\u0105, kuris liudija beveik tobul\u0105 i\u0161silaikym\u0105. \u0160is numeris priklauso Moderniosios eros komiksams, pasi\u017eymi intriguojan\u010dia istorija ir i\u0161skirtiniais veik\u0117jais, tod\u0117l yra itin vertingas kolekcionieri\u0173 akimis ir puikiai papildo bet koki\u0105 komiks\u0173 kolekcij\u0105.<\/p>","protected":false},"excerpt":{"rendered":"<p>Threshold #22 CGC 9.8 \u2013 tai \u201eAvatar Press\u201c komiksas i\u0161 1998\u20131999 met\u0173 Threshold serijos, \u012fvertintas CGC ir saugiai u\u017edarytas kapsul\u0117je,<\/p>","protected":false},"featured_media":39217,"comment_status":"open","ping_status":"closed","template":"","meta":[],"product_brand":[573],"product_cat":[562,535],"product_tag":[],"class_list":{"0":"post-39216","1":"product","2":"type-product","3":"status-publish","4":"has-post-thumbnail","6":"product_brand-avatar-press","7":"product_cat-cgc-komiksai","8":"product_cat-komiksai","10":"first","11":"instock","12":"taxable","13":"shipping-taxable","14":"purchasable","15":"product-type-simple"},"yoast_head":"<!-- This site is optimized with the Yoast SEO plugin v25.9 - https:\/\/yoast.com\/wordpress\/plugins\/seo\/ -->\n<title>Treshold #22 CGC 9.8 - Collectin.eu<\/title>\n<meta name=\"description\" content=\"Threshold #22 CGC 9.8 \u2013 tai \u201eAvatar Press\u201c komiksas i\u0161 1998\u20131999 met\u0173 serijos Threshold, profesionaliai \u012fvertintas CGC ir u\u017eantspauduotas kapsul\u0117je.\" \/>\n<meta name=\"robots\" content=\"index, follow, max-snippet:-1, max-image-preview:large, max-video-preview:-1\" \/>\n<link rel=\"canonical\" href=\"https:\/\/collectin.eu\/en\/product\/treshold-22-cgc-9-8\/\" \/>\n<meta property=\"og:locale\" content=\"en_US\" \/>\n<meta property=\"og:type\" content=\"article\" \/>\n<meta property=\"og:title\" content=\"Treshold #22 CGC 9.8 - Collectin.eu\" \/>\n<meta property=\"og:description\" content=\"Threshold #22 CGC 9.8 \u2013 tai \u201eAvatar Press\u201c komiksas i\u0161 1998\u20131999 met\u0173 serijos Threshold, profesionaliai \u012fvertintas CGC ir u\u017eantspauduotas kapsul\u0117je.\" \/>\n<meta property=\"og:url\" content=\"https:\/\/collectin.eu\/en\/product\/treshold-22-cgc-9-8\/\" \/>\n<meta property=\"og:site_name\" content=\"Collectin.eu\" \/>\n<meta property=\"article:modified_time\" content=\"2026-03-05T07:23:26+00:00\" \/>\n<meta property=\"og:image\" content=\"http:\/\/collectin.eu\/wp-content\/uploads\/2026\/01\/Untitled-design-2026-01-13T102142.563.png\" \/>\n\t<meta property=\"og:image:width\" content=\"1080\" \/>\n\t<meta property=\"og:image:height\" content=\"1080\" \/>\n\t<meta property=\"og:image:type\" content=\"image\/png\" \/>\n<meta name=\"twitter:card\" content=\"summary_large_image\" \/>\n<meta name=\"twitter:label1\" content=\"Est. reading time\" \/>\n\t<meta name=\"twitter:data1\" content=\"1 minute\" \/>\n<script type=\"application\/ld+json\" class=\"yoast-schema-graph\">{\"@context\":\"https:\/\/schema.org\",\"@graph\":[{\"@type\":\"WebPage\",\"@id\":\"https:\/\/collectin.eu\/produktas\/treshold-22-cgc-9-8\/\",\"url\":\"https:\/\/collectin.eu\/produktas\/treshold-22-cgc-9-8\/\",\"name\":\"Treshold #22 CGC 9.8 - Collectin.eu\",\"isPartOf\":{\"@id\":\"https:\/\/collectin.eu\/#website\"},\"primaryImageOfPage\":{\"@id\":\"https:\/\/collectin.eu\/produktas\/treshold-22-cgc-9-8\/#primaryimage\"},\"image\":{\"@id\":\"https:\/\/collectin.eu\/produktas\/treshold-22-cgc-9-8\/#primaryimage\"},\"thumbnailUrl\":\"https:\/\/collectin.eu\/wp-content\/uploads\/2026\/01\/Untitled-design-2026-01-13T102142.563.png\",\"datePublished\":\"2026-01-13T08:28:48+00:00\",\"dateModified\":\"2026-03-05T07:23:26+00:00\",\"description\":\"Threshold #22 CGC 9.8 \u2013 tai \u201eAvatar Press\u201c komiksas i\u0161 1998\u20131999 met\u0173 serijos Threshold, profesionaliai \u012fvertintas CGC ir u\u017eantspauduotas kapsul\u0117je.\",\"breadcrumb\":{\"@id\":\"https:\/\/collectin.eu\/produktas\/treshold-22-cgc-9-8\/#breadcrumb\"},\"inLanguage\":\"en-US\",\"potentialAction\":[{\"@type\":\"ReadAction\",\"target\":[\"https:\/\/collectin.eu\/produktas\/treshold-22-cgc-9-8\/\"]}]},{\"@type\":\"ImageObject\",\"inLanguage\":\"en-US\",\"@id\":\"https:\/\/collectin.eu\/produktas\/treshold-22-cgc-9-8\/#primaryimage\",\"url\":\"https:\/\/collectin.eu\/wp-content\/uploads\/2026\/01\/Untitled-design-2026-01-13T102142.563.png\",\"contentUrl\":\"https:\/\/collectin.eu\/wp-content\/uploads\/2026\/01\/Untitled-design-2026-01-13T102142.563.png\",\"width\":1080,\"height\":1080},{\"@type\":\"BreadcrumbList\",\"@id\":\"https:\/\/collectin.eu\/produktas\/treshold-22-cgc-9-8\/#breadcrumb\",\"itemListElement\":[{\"@type\":\"ListItem\",\"position\":1,\"name\":\"Home\",\"item\":\"https:\/\/collectin.eu\/\"},{\"@type\":\"ListItem\",\"position\":2,\"name\":\"Parduotuv\u0117\",\"item\":\"https:\/\/collectin.eu\/parduotuve\/\"},{\"@type\":\"ListItem\",\"position\":3,\"name\":\"Treshold #22 CGC 9.8\"}]},{\"@type\":\"WebSite\",\"@id\":\"https:\/\/collectin.eu\/#website\",\"url\":\"https:\/\/collectin.eu\/\",\"name\":\"Collectin.eu\",\"description\":\"\",\"potentialAction\":[{\"@type\":\"SearchAction\",\"target\":{\"@type\":\"EntryPoint\",\"urlTemplate\":\"https:\/\/collectin.eu\/?s={search_term_string}\"},\"query-input\":{\"@type\":\"PropertyValueSpecification\",\"valueRequired\":true,\"valueName\":\"search_term_string\"}}],\"inLanguage\":\"en-US\"}]}<\/script>\n<!-- \/ Yoast SEO plugin. -->","yoast_head_json":{"title":"Treshold #22 CGC 9.8 - Collectin.eu","description":"Threshold #22 CGC 9.8 \u2013 tai \u201eAvatar Press\u201c komiksas i\u0161 1998\u20131999 met\u0173 serijos Threshold, profesionaliai \u012fvertintas CGC ir u\u017eantspauduotas kapsul\u0117je.","robots":{"index":"index","follow":"follow","max-snippet":"max-snippet:-1","max-image-preview":"max-image-preview:large","max-video-preview":"max-video-preview:-1"},"canonical":"https:\/\/collectin.eu\/en\/product\/treshold-22-cgc-9-8\/","og_locale":"en_US","og_type":"article","og_title":"Treshold #22 CGC 9.8 - Collectin.eu","og_description":"Threshold #22 CGC 9.8 \u2013 tai \u201eAvatar Press\u201c komiksas i\u0161 1998\u20131999 met\u0173 serijos Threshold, profesionaliai \u012fvertintas CGC ir u\u017eantspauduotas kapsul\u0117je.","og_url":"https:\/\/collectin.eu\/en\/product\/treshold-22-cgc-9-8\/","og_site_name":"Collectin.eu","article_modified_time":"2026-03-05T07:23:26+00:00","og_image":[{"width":1080,"height":1080,"url":"http:\/\/collectin.eu\/wp-content\/uploads\/2026\/01\/Untitled-design-2026-01-13T102142.563.png","type":"image\/png"}],"twitter_card":"summary_large_image","twitter_misc":{"Est. reading time":"1 minute"},"schema":{"@context":"https:\/\/schema.org","@graph":[{"@type":"WebPage","@id":"https:\/\/collectin.eu\/produktas\/treshold-22-cgc-9-8\/","url":"https:\/\/collectin.eu\/produktas\/treshold-22-cgc-9-8\/","name":"Treshold #22 CGC 9.8 - Collectin.eu","isPartOf":{"@id":"https:\/\/collectin.eu\/#website"},"primaryImageOfPage":{"@id":"https:\/\/collectin.eu\/produktas\/treshold-22-cgc-9-8\/#primaryimage"},"image":{"@id":"https:\/\/collectin.eu\/produktas\/treshold-22-cgc-9-8\/#primaryimage"},"thumbnailUrl":"https:\/\/collectin.eu\/wp-content\/uploads\/2026\/01\/Untitled-design-2026-01-13T102142.563.png","datePublished":"2026-01-13T08:28:48+00:00","dateModified":"2026-03-05T07:23:26+00:00","description":"Threshold #22 CGC 9.8 \u2013 tai \u201eAvatar Press\u201c komiksas i\u0161 1998\u20131999 met\u0173 serijos Threshold, profesionaliai \u012fvertintas CGC ir u\u017eantspauduotas kapsul\u0117je.","breadcrumb":{"@id":"https:\/\/collectin.eu\/produktas\/treshold-22-cgc-9-8\/#breadcrumb"},"inLanguage":"en-US","potentialAction":[{"@type":"ReadAction","target":["https:\/\/collectin.eu\/produktas\/treshold-22-cgc-9-8\/"]}]},{"@type":"ImageObject","inLanguage":"en-US","@id":"https:\/\/collectin.eu\/produktas\/treshold-22-cgc-9-8\/#primaryimage","url":"https:\/\/collectin.eu\/wp-content\/uploads\/2026\/01\/Untitled-design-2026-01-13T102142.563.png","contentUrl":"https:\/\/collectin.eu\/wp-content\/uploads\/2026\/01\/Untitled-design-2026-01-13T102142.563.png","width":1080,"height":1080},{"@type":"BreadcrumbList","@id":"https:\/\/collectin.eu\/produktas\/treshold-22-cgc-9-8\/#breadcrumb","itemListElement":[{"@type":"ListItem","position":1,"name":"Home","item":"https:\/\/collectin.eu\/"},{"@type":"ListItem","position":2,"name":"Parduotuv\u0117","item":"https:\/\/collectin.eu\/parduotuve\/"},{"@type":"ListItem","position":3,"name":"Treshold #22 CGC 9.8"}]},{"@type":"WebSite","@id":"https:\/\/collectin.eu\/#website","url":"https:\/\/collectin.eu\/","name":"Collectin.eu","description":"","potentialAction":[{"@type":"SearchAction","target":{"@type":"EntryPoint","urlTemplate":"https:\/\/collectin.eu\/?s={search_term_string}"},"query-input":{"@type":"PropertyValueSpecification","valueRequired":true,"valueName":"search_term_string"}}],"inLanguage":"en-US"}]}},"jetpack_sharing_enabled":true,"_links":{"self":[{"href":"https:\/\/collectin.eu\/en\/wp-json\/wp\/v2\/product\/39216","targetHints":{"allow":["GET"]}}],"collection":[{"href":"https:\/\/collectin.eu\/en\/wp-json\/wp\/v2\/product"}],"about":[{"href":"https:\/\/collectin.eu\/en\/wp-json\/wp\/v2\/types\/product"}],"replies":[{"embeddable":true,"href":"https:\/\/collectin.eu\/en\/wp-json\/wp\/v2\/comments?post=39216"}],"version-history":[{"count":2,"href":"https:\/\/collectin.eu\/en\/wp-json\/wp\/v2\/product\/39216\/revisions"}],"predecessor-version":[{"id":40242,"href":"https:\/\/collectin.eu\/en\/wp-json\/wp\/v2\/product\/39216\/revisions\/40242"}],"wp:featuredmedia":[{"embeddable":true,"href":"https:\/\/collectin.eu\/en\/wp-json\/wp\/v2\/media\/39217"}],"wp:attachment":[{"href":"https:\/\/collectin.eu\/en\/wp-json\/wp\/v2\/media?parent=39216"}],"wp:term":[{"taxonomy":"product_brand","embeddable":true,"href":"https:\/\/collectin.eu\/en\/wp-json\/wp\/v2\/product_brand?post=39216"},{"taxonomy":"product_cat","embeddable":true,"href":"https:\/\/collectin.eu\/en\/wp-json\/wp\/v2\/product_cat?post=39216"},{"taxonomy":"product_tag","embeddable":true,"href":"https:\/\/collectin.eu\/en\/wp-json\/wp\/v2\/product_tag?post=39216"}],"curies":[{"name":"wp","href":"https:\/\/api.w.org\/{rel}","templated":true}]}}