{"id":39220,"date":"2026-01-13T08:36:29","date_gmt":"2026-01-13T08:36:29","guid":{"rendered":"https:\/\/collectin.eu\/?post_type=product&#038;p=39220"},"modified":"2026-03-05T07:23:46","modified_gmt":"2026-03-05T07:23:46","slug":"marvel-super-heroes-29-cgc-7-0","status":"publish","type":"product","link":"https:\/\/collectin.eu\/en\/product\/marvel-super-heroes-29-cgc-7-0\/","title":{"rendered":"Marvel Super Heroes #29 CGC 7.0"},"content":{"rendered":"<p>Marvel Super Heroes #29 CGC 7.0 \u2013 tai 1971 met\u0173 \u201eMarvel\u201c komiksas i\u0161 ankstyvosios Bronzos am\u017eiaus serijos. Jis profesionaliai \u012fvertintas CGC ir saugiai u\u017eantspauduotas, turintis 7.0 (Fine\/Very Fine) b\u016bkl\u0117s bal\u0105, rodant\u012f ger\u0105 i\u0161laikym\u0105 su nedideliais naudojimo \u017eenklais. \u0160is numeris pasakoja klasikini\u0173 superheroj\u0173 nuotykius ir yra vertingas kolekcionieri\u0173, norin\u010di\u0173 tur\u0117ti Bronzos am\u017eiaus \u201eMarvel\u201c leidin\u012f savo kolekcijoje.<\/p>","protected":false},"excerpt":{"rendered":"<p>Marvel Super Heroes #29 CGC 7.0 \u2013 tai 1971 met\u0173 \u201eMarvel\u201c komiksas i\u0161 ankstyvosios Bronzos am\u017eiaus serijos. Jis profesionaliai \u012fvertintas<\/p>","protected":false},"featured_media":39221,"comment_status":"open","ping_status":"closed","template":"","meta":[],"product_brand":[428],"product_cat":[562,535],"product_tag":[],"class_list":{"0":"post-39220","1":"product","2":"type-product","3":"status-publish","4":"has-post-thumbnail","6":"product_brand-marvel-comics","7":"product_cat-cgc-komiksai","8":"product_cat-komiksai","10":"first","11":"instock","12":"taxable","13":"shipping-taxable","14":"purchasable","15":"product-type-simple"},"yoast_head":"<!-- This site is optimized with the Yoast SEO plugin v25.9 - https:\/\/yoast.com\/wordpress\/plugins\/seo\/ -->\n<title>Marvel Super Heroes #29 CGC 7.0 - Collectin.eu<\/title>\n<meta name=\"description\" content=\"Marvel Super Heroes #29 CGC 7.0 \u2013 tai \u201eMarvel Comics\u201c komiksas i\u0161 1971 met\u0173, priklausantis ankstyvajai Bronzos am\u017eiaus (Bronze Age) serijai.\" \/>\n<meta name=\"robots\" content=\"index, follow, max-snippet:-1, max-image-preview:large, max-video-preview:-1\" \/>\n<link rel=\"canonical\" href=\"https:\/\/collectin.eu\/en\/product\/marvel-super-heroes-29-cgc-7-0\/\" \/>\n<meta property=\"og:locale\" content=\"en_US\" \/>\n<meta property=\"og:type\" content=\"article\" \/>\n<meta property=\"og:title\" content=\"Marvel Super Heroes #29 CGC 7.0 - Collectin.eu\" \/>\n<meta property=\"og:description\" content=\"Marvel Super Heroes #29 CGC 7.0 \u2013 tai \u201eMarvel Comics\u201c komiksas i\u0161 1971 met\u0173, priklausantis ankstyvajai Bronzos am\u017eiaus (Bronze Age) serijai.\" \/>\n<meta property=\"og:url\" content=\"https:\/\/collectin.eu\/en\/product\/marvel-super-heroes-29-cgc-7-0\/\" \/>\n<meta property=\"og:site_name\" content=\"Collectin.eu\" \/>\n<meta property=\"article:modified_time\" content=\"2026-03-05T07:23:46+00:00\" \/>\n<meta property=\"og:image\" content=\"http:\/\/collectin.eu\/wp-content\/uploads\/2026\/01\/Untitled-design-2026-01-13T103151.464.png\" \/>\n\t<meta property=\"og:image:width\" content=\"1080\" \/>\n\t<meta property=\"og:image:height\" content=\"1080\" \/>\n\t<meta property=\"og:image:type\" content=\"image\/png\" \/>\n<meta name=\"twitter:card\" content=\"summary_large_image\" \/>\n<meta name=\"twitter:label1\" content=\"Est. reading time\" \/>\n\t<meta name=\"twitter:data1\" content=\"1 minute\" \/>\n<script type=\"application\/ld+json\" class=\"yoast-schema-graph\">{\"@context\":\"https:\/\/schema.org\",\"@graph\":[{\"@type\":\"WebPage\",\"@id\":\"https:\/\/collectin.eu\/produktas\/marvel-super-heroes-29-cgc-7-0\/\",\"url\":\"https:\/\/collectin.eu\/produktas\/marvel-super-heroes-29-cgc-7-0\/\",\"name\":\"Marvel Super Heroes #29 CGC 7.0 - Collectin.eu\",\"isPartOf\":{\"@id\":\"https:\/\/collectin.eu\/#website\"},\"primaryImageOfPage\":{\"@id\":\"https:\/\/collectin.eu\/produktas\/marvel-super-heroes-29-cgc-7-0\/#primaryimage\"},\"image\":{\"@id\":\"https:\/\/collectin.eu\/produktas\/marvel-super-heroes-29-cgc-7-0\/#primaryimage\"},\"thumbnailUrl\":\"https:\/\/collectin.eu\/wp-content\/uploads\/2026\/01\/Untitled-design-2026-01-13T103151.464.png\",\"datePublished\":\"2026-01-13T08:36:29+00:00\",\"dateModified\":\"2026-03-05T07:23:46+00:00\",\"description\":\"Marvel Super Heroes #29 CGC 7.0 \u2013 tai \u201eMarvel Comics\u201c komiksas i\u0161 1971 met\u0173, priklausantis ankstyvajai Bronzos am\u017eiaus (Bronze Age) serijai.\",\"breadcrumb\":{\"@id\":\"https:\/\/collectin.eu\/produktas\/marvel-super-heroes-29-cgc-7-0\/#breadcrumb\"},\"inLanguage\":\"en-US\",\"potentialAction\":[{\"@type\":\"ReadAction\",\"target\":[\"https:\/\/collectin.eu\/produktas\/marvel-super-heroes-29-cgc-7-0\/\"]}]},{\"@type\":\"ImageObject\",\"inLanguage\":\"en-US\",\"@id\":\"https:\/\/collectin.eu\/produktas\/marvel-super-heroes-29-cgc-7-0\/#primaryimage\",\"url\":\"https:\/\/collectin.eu\/wp-content\/uploads\/2026\/01\/Untitled-design-2026-01-13T103151.464.png\",\"contentUrl\":\"https:\/\/collectin.eu\/wp-content\/uploads\/2026\/01\/Untitled-design-2026-01-13T103151.464.png\",\"width\":1080,\"height\":1080},{\"@type\":\"BreadcrumbList\",\"@id\":\"https:\/\/collectin.eu\/produktas\/marvel-super-heroes-29-cgc-7-0\/#breadcrumb\",\"itemListElement\":[{\"@type\":\"ListItem\",\"position\":1,\"name\":\"Home\",\"item\":\"https:\/\/collectin.eu\/\"},{\"@type\":\"ListItem\",\"position\":2,\"name\":\"Parduotuv\u0117\",\"item\":\"https:\/\/collectin.eu\/parduotuve\/\"},{\"@type\":\"ListItem\",\"position\":3,\"name\":\"Marvel Super Heroes #29 CGC 7.0\"}]},{\"@type\":\"WebSite\",\"@id\":\"https:\/\/collectin.eu\/#website\",\"url\":\"https:\/\/collectin.eu\/\",\"name\":\"Collectin.eu\",\"description\":\"\",\"potentialAction\":[{\"@type\":\"SearchAction\",\"target\":{\"@type\":\"EntryPoint\",\"urlTemplate\":\"https:\/\/collectin.eu\/?s={search_term_string}\"},\"query-input\":{\"@type\":\"PropertyValueSpecification\",\"valueRequired\":true,\"valueName\":\"search_term_string\"}}],\"inLanguage\":\"en-US\"}]}<\/script>\n<!-- \/ Yoast SEO plugin. -->","yoast_head_json":{"title":"Marvel Super Heroes #29 CGC 7.0 - Collectin.eu","description":"Marvel Super Heroes #29 CGC 7.0 \u2013 tai \u201eMarvel Comics\u201c komiksas i\u0161 1971 met\u0173, priklausantis ankstyvajai Bronzos am\u017eiaus (Bronze Age) serijai.","robots":{"index":"index","follow":"follow","max-snippet":"max-snippet:-1","max-image-preview":"max-image-preview:large","max-video-preview":"max-video-preview:-1"},"canonical":"https:\/\/collectin.eu\/en\/product\/marvel-super-heroes-29-cgc-7-0\/","og_locale":"en_US","og_type":"article","og_title":"Marvel Super Heroes #29 CGC 7.0 - Collectin.eu","og_description":"Marvel Super Heroes #29 CGC 7.0 \u2013 tai \u201eMarvel Comics\u201c komiksas i\u0161 1971 met\u0173, priklausantis ankstyvajai Bronzos am\u017eiaus (Bronze Age) serijai.","og_url":"https:\/\/collectin.eu\/en\/product\/marvel-super-heroes-29-cgc-7-0\/","og_site_name":"Collectin.eu","article_modified_time":"2026-03-05T07:23:46+00:00","og_image":[{"width":1080,"height":1080,"url":"http:\/\/collectin.eu\/wp-content\/uploads\/2026\/01\/Untitled-design-2026-01-13T103151.464.png","type":"image\/png"}],"twitter_card":"summary_large_image","twitter_misc":{"Est. reading time":"1 minute"},"schema":{"@context":"https:\/\/schema.org","@graph":[{"@type":"WebPage","@id":"https:\/\/collectin.eu\/produktas\/marvel-super-heroes-29-cgc-7-0\/","url":"https:\/\/collectin.eu\/produktas\/marvel-super-heroes-29-cgc-7-0\/","name":"Marvel Super Heroes #29 CGC 7.0 - Collectin.eu","isPartOf":{"@id":"https:\/\/collectin.eu\/#website"},"primaryImageOfPage":{"@id":"https:\/\/collectin.eu\/produktas\/marvel-super-heroes-29-cgc-7-0\/#primaryimage"},"image":{"@id":"https:\/\/collectin.eu\/produktas\/marvel-super-heroes-29-cgc-7-0\/#primaryimage"},"thumbnailUrl":"https:\/\/collectin.eu\/wp-content\/uploads\/2026\/01\/Untitled-design-2026-01-13T103151.464.png","datePublished":"2026-01-13T08:36:29+00:00","dateModified":"2026-03-05T07:23:46+00:00","description":"Marvel Super Heroes #29 CGC 7.0 \u2013 tai \u201eMarvel Comics\u201c komiksas i\u0161 1971 met\u0173, priklausantis ankstyvajai Bronzos am\u017eiaus (Bronze Age) serijai.","breadcrumb":{"@id":"https:\/\/collectin.eu\/produktas\/marvel-super-heroes-29-cgc-7-0\/#breadcrumb"},"inLanguage":"en-US","potentialAction":[{"@type":"ReadAction","target":["https:\/\/collectin.eu\/produktas\/marvel-super-heroes-29-cgc-7-0\/"]}]},{"@type":"ImageObject","inLanguage":"en-US","@id":"https:\/\/collectin.eu\/produktas\/marvel-super-heroes-29-cgc-7-0\/#primaryimage","url":"https:\/\/collectin.eu\/wp-content\/uploads\/2026\/01\/Untitled-design-2026-01-13T103151.464.png","contentUrl":"https:\/\/collectin.eu\/wp-content\/uploads\/2026\/01\/Untitled-design-2026-01-13T103151.464.png","width":1080,"height":1080},{"@type":"BreadcrumbList","@id":"https:\/\/collectin.eu\/produktas\/marvel-super-heroes-29-cgc-7-0\/#breadcrumb","itemListElement":[{"@type":"ListItem","position":1,"name":"Home","item":"https:\/\/collectin.eu\/"},{"@type":"ListItem","position":2,"name":"Parduotuv\u0117","item":"https:\/\/collectin.eu\/parduotuve\/"},{"@type":"ListItem","position":3,"name":"Marvel Super Heroes #29 CGC 7.0"}]},{"@type":"WebSite","@id":"https:\/\/collectin.eu\/#website","url":"https:\/\/collectin.eu\/","name":"Collectin.eu","description":"","potentialAction":[{"@type":"SearchAction","target":{"@type":"EntryPoint","urlTemplate":"https:\/\/collectin.eu\/?s={search_term_string}"},"query-input":{"@type":"PropertyValueSpecification","valueRequired":true,"valueName":"search_term_string"}}],"inLanguage":"en-US"}]}},"jetpack_sharing_enabled":true,"_links":{"self":[{"href":"https:\/\/collectin.eu\/en\/wp-json\/wp\/v2\/product\/39220","targetHints":{"allow":["GET"]}}],"collection":[{"href":"https:\/\/collectin.eu\/en\/wp-json\/wp\/v2\/product"}],"about":[{"href":"https:\/\/collectin.eu\/en\/wp-json\/wp\/v2\/types\/product"}],"replies":[{"embeddable":true,"href":"https:\/\/collectin.eu\/en\/wp-json\/wp\/v2\/comments?post=39220"}],"version-history":[{"count":2,"href":"https:\/\/collectin.eu\/en\/wp-json\/wp\/v2\/product\/39220\/revisions"}],"predecessor-version":[{"id":40243,"href":"https:\/\/collectin.eu\/en\/wp-json\/wp\/v2\/product\/39220\/revisions\/40243"}],"wp:featuredmedia":[{"embeddable":true,"href":"https:\/\/collectin.eu\/en\/wp-json\/wp\/v2\/media\/39221"}],"wp:attachment":[{"href":"https:\/\/collectin.eu\/en\/wp-json\/wp\/v2\/media?parent=39220"}],"wp:term":[{"taxonomy":"product_brand","embeddable":true,"href":"https:\/\/collectin.eu\/en\/wp-json\/wp\/v2\/product_brand?post=39220"},{"taxonomy":"product_cat","embeddable":true,"href":"https:\/\/collectin.eu\/en\/wp-json\/wp\/v2\/product_cat?post=39220"},{"taxonomy":"product_tag","embeddable":true,"href":"https:\/\/collectin.eu\/en\/wp-json\/wp\/v2\/product_tag?post=39220"}],"curies":[{"name":"wp","href":"https:\/\/api.w.org\/{rel}","templated":true}]}}