{"id":39270,"date":"2026-01-15T02:23:30","date_gmt":"2026-01-15T02:23:30","guid":{"rendered":"https:\/\/collectin.eu\/?post_type=product&#038;p=39270"},"modified":"2026-04-08T10:24:00","modified_gmt":"2026-04-08T10:24:00","slug":"bricklink-910048-paupio-isminciai","status":"publish","type":"product","link":"https:\/\/collectin.eu\/en\/product\/bricklink-910048-paupio-isminciai\/","title":{"rendered":"Bricklink 910048 Riverside Scholars"},"content":{"rendered":"<p>LEGO BrickLink Designer Program 910048 \u201ePaupio I\u0161min\u010diai\u201c \u2013 i\u0161skirtinis ir kolekcinis LEGO rinkinys, sukurtas fan\u0173 k\u016br\u0117j\u0173 ir i\u0161leistas ribotu tira\u017eu, pasi\u017eymintis detalia viduram\u017ei\u0173 stiliaus architekt\u016bra, vaizduojan\u010dia jauk\u0173 paupio kvartal\u0105 su autenti\u0161kais pastatais, dekoratyvin\u0117mis detal\u0117mis ir gyvybinga atmosfera, sud\u0117tinga konstrukcija bei unikaliu dizainu, kuris puikiai tinka tiek patyrusiems LEGO entuziastams, tiek kolekcininkams ir yra puikus papildymas viduram\u017ei\u0173 ar miesto tematikos LEGO kolekcijai.<\/p>","protected":false},"excerpt":{"rendered":"<p>LEGO BrickLink Designer Program 910048 \u201ePaupio I\u0161min\u010diai\u201c \u2013 i\u0161skirtinis ir kolekcinis LEGO rinkinys, sukurtas fan\u0173 k\u016br\u0117j\u0173 ir i\u0161leistas ribotu tira\u017eu,<\/p>","protected":false},"featured_media":39271,"comment_status":"open","ping_status":"closed","template":"","meta":[],"product_brand":[423],"product_cat":[561,677,406],"product_tag":[],"class_list":{"0":"post-39270","1":"product","2":"type-product","3":"status-publish","4":"has-post-thumbnail","6":"product_brand-lego","7":"product_cat-bricklink","8":"product_cat-lego-konstruktoriai","9":"product_cat-lego","11":"first","12":"instock","13":"taxable","14":"shipping-taxable","15":"purchasable","16":"product-type-simple"},"yoast_head":"<!-- This site is optimized with the Yoast SEO plugin v25.9 - https:\/\/yoast.com\/wordpress\/plugins\/seo\/ -->\n<title>Bricklink 910048 Riverside Scholars - Collectin.eu<\/title>\n<meta name=\"description\" content=\"LEGO BrickLink Designer Program 910048 \u201ePaupio I\u0161min\u010diai\u201c \u2013 i\u0161skirtinis ir kolekcinis LEGO rinkinys, sukurtas talenting\u0173 fan\u0173 ir i\u0161leistas ribotu tira\u017eu.\" \/>\n<meta name=\"robots\" content=\"index, follow, max-snippet:-1, max-image-preview:large, max-video-preview:-1\" \/>\n<link rel=\"canonical\" href=\"https:\/\/collectin.eu\/en\/product\/bricklink-910048-paupio-isminciai\/\" \/>\n<meta property=\"og:locale\" content=\"en_US\" \/>\n<meta property=\"og:type\" content=\"article\" \/>\n<meta property=\"og:title\" content=\"Bricklink 910048 Riverside Scholars - Collectin.eu\" \/>\n<meta property=\"og:description\" content=\"LEGO BrickLink Designer Program 910048 \u201ePaupio I\u0161min\u010diai\u201c \u2013 i\u0161skirtinis ir kolekcinis LEGO rinkinys, sukurtas talenting\u0173 fan\u0173 ir i\u0161leistas ribotu tira\u017eu.\" \/>\n<meta property=\"og:url\" content=\"https:\/\/collectin.eu\/en\/product\/bricklink-910048-paupio-isminciai\/\" \/>\n<meta property=\"og:site_name\" content=\"Collectin.eu\" \/>\n<meta property=\"article:modified_time\" content=\"2026-04-08T10:24:00+00:00\" \/>\n<meta property=\"og:image\" content=\"http:\/\/collectin.eu\/wp-content\/uploads\/2026\/01\/Untitled-design-2026-01-15T041852.519.png\" \/>\n\t<meta property=\"og:image:width\" content=\"1080\" \/>\n\t<meta property=\"og:image:height\" content=\"1080\" \/>\n\t<meta property=\"og:image:type\" content=\"image\/png\" \/>\n<meta name=\"twitter:card\" content=\"summary_large_image\" \/>\n<meta name=\"twitter:label1\" content=\"Est. reading time\" \/>\n\t<meta name=\"twitter:data1\" content=\"1 minute\" \/>\n<script type=\"application\/ld+json\" class=\"yoast-schema-graph\">{\"@context\":\"https:\/\/schema.org\",\"@graph\":[{\"@type\":\"WebPage\",\"@id\":\"https:\/\/collectin.eu\/produktas\/bricklink-910048-paupio-isminciai\/\",\"url\":\"https:\/\/collectin.eu\/produktas\/bricklink-910048-paupio-isminciai\/\",\"name\":\"Bricklink 910048 Riverside Scholars - Collectin.eu\",\"isPartOf\":{\"@id\":\"https:\/\/collectin.eu\/#website\"},\"primaryImageOfPage\":{\"@id\":\"https:\/\/collectin.eu\/produktas\/bricklink-910048-paupio-isminciai\/#primaryimage\"},\"image\":{\"@id\":\"https:\/\/collectin.eu\/produktas\/bricklink-910048-paupio-isminciai\/#primaryimage\"},\"thumbnailUrl\":\"https:\/\/collectin.eu\/wp-content\/uploads\/2026\/01\/Untitled-design-2026-01-15T041852.519.png\",\"datePublished\":\"2026-01-15T02:23:30+00:00\",\"dateModified\":\"2026-04-08T10:24:00+00:00\",\"description\":\"LEGO BrickLink Designer Program 910048 \u201ePaupio I\u0161min\u010diai\u201c \u2013 i\u0161skirtinis ir kolekcinis LEGO rinkinys, sukurtas talenting\u0173 fan\u0173 ir i\u0161leistas ribotu tira\u017eu.\",\"breadcrumb\":{\"@id\":\"https:\/\/collectin.eu\/produktas\/bricklink-910048-paupio-isminciai\/#breadcrumb\"},\"inLanguage\":\"en-US\",\"potentialAction\":[{\"@type\":\"ReadAction\",\"target\":[\"https:\/\/collectin.eu\/produktas\/bricklink-910048-paupio-isminciai\/\"]}]},{\"@type\":\"ImageObject\",\"inLanguage\":\"en-US\",\"@id\":\"https:\/\/collectin.eu\/produktas\/bricklink-910048-paupio-isminciai\/#primaryimage\",\"url\":\"https:\/\/collectin.eu\/wp-content\/uploads\/2026\/01\/Untitled-design-2026-01-15T041852.519.png\",\"contentUrl\":\"https:\/\/collectin.eu\/wp-content\/uploads\/2026\/01\/Untitled-design-2026-01-15T041852.519.png\",\"width\":1080,\"height\":1080},{\"@type\":\"BreadcrumbList\",\"@id\":\"https:\/\/collectin.eu\/produktas\/bricklink-910048-paupio-isminciai\/#breadcrumb\",\"itemListElement\":[{\"@type\":\"ListItem\",\"position\":1,\"name\":\"Home\",\"item\":\"https:\/\/collectin.eu\/\"},{\"@type\":\"ListItem\",\"position\":2,\"name\":\"Parduotuv\u0117\",\"item\":\"https:\/\/collectin.eu\/parduotuve\/\"},{\"@type\":\"ListItem\",\"position\":3,\"name\":\"Bricklink 910048 Riverside Scholars\"}]},{\"@type\":\"WebSite\",\"@id\":\"https:\/\/collectin.eu\/#website\",\"url\":\"https:\/\/collectin.eu\/\",\"name\":\"Collectin.eu\",\"description\":\"\",\"potentialAction\":[{\"@type\":\"SearchAction\",\"target\":{\"@type\":\"EntryPoint\",\"urlTemplate\":\"https:\/\/collectin.eu\/?s={search_term_string}\"},\"query-input\":{\"@type\":\"PropertyValueSpecification\",\"valueRequired\":true,\"valueName\":\"search_term_string\"}}],\"inLanguage\":\"en-US\"}]}<\/script>\n<!-- \/ Yoast SEO plugin. -->","yoast_head_json":{"title":"Bricklink 910048 Riverside Scholars - Collectin.eu","description":"LEGO BrickLink Designer Program 910048 \u201ePaupio I\u0161min\u010diai\u201c \u2013 i\u0161skirtinis ir kolekcinis LEGO rinkinys, sukurtas talenting\u0173 fan\u0173 ir i\u0161leistas ribotu tira\u017eu.","robots":{"index":"index","follow":"follow","max-snippet":"max-snippet:-1","max-image-preview":"max-image-preview:large","max-video-preview":"max-video-preview:-1"},"canonical":"https:\/\/collectin.eu\/en\/product\/bricklink-910048-paupio-isminciai\/","og_locale":"en_US","og_type":"article","og_title":"Bricklink 910048 Riverside Scholars - Collectin.eu","og_description":"LEGO BrickLink Designer Program 910048 \u201ePaupio I\u0161min\u010diai\u201c \u2013 i\u0161skirtinis ir kolekcinis LEGO rinkinys, sukurtas talenting\u0173 fan\u0173 ir i\u0161leistas ribotu tira\u017eu.","og_url":"https:\/\/collectin.eu\/en\/product\/bricklink-910048-paupio-isminciai\/","og_site_name":"Collectin.eu","article_modified_time":"2026-04-08T10:24:00+00:00","og_image":[{"width":1080,"height":1080,"url":"http:\/\/collectin.eu\/wp-content\/uploads\/2026\/01\/Untitled-design-2026-01-15T041852.519.png","type":"image\/png"}],"twitter_card":"summary_large_image","twitter_misc":{"Est. reading time":"1 minute"},"schema":{"@context":"https:\/\/schema.org","@graph":[{"@type":"WebPage","@id":"https:\/\/collectin.eu\/produktas\/bricklink-910048-paupio-isminciai\/","url":"https:\/\/collectin.eu\/produktas\/bricklink-910048-paupio-isminciai\/","name":"Bricklink 910048 Riverside Scholars - Collectin.eu","isPartOf":{"@id":"https:\/\/collectin.eu\/#website"},"primaryImageOfPage":{"@id":"https:\/\/collectin.eu\/produktas\/bricklink-910048-paupio-isminciai\/#primaryimage"},"image":{"@id":"https:\/\/collectin.eu\/produktas\/bricklink-910048-paupio-isminciai\/#primaryimage"},"thumbnailUrl":"https:\/\/collectin.eu\/wp-content\/uploads\/2026\/01\/Untitled-design-2026-01-15T041852.519.png","datePublished":"2026-01-15T02:23:30+00:00","dateModified":"2026-04-08T10:24:00+00:00","description":"LEGO BrickLink Designer Program 910048 \u201ePaupio I\u0161min\u010diai\u201c \u2013 i\u0161skirtinis ir kolekcinis LEGO rinkinys, sukurtas talenting\u0173 fan\u0173 ir i\u0161leistas ribotu tira\u017eu.","breadcrumb":{"@id":"https:\/\/collectin.eu\/produktas\/bricklink-910048-paupio-isminciai\/#breadcrumb"},"inLanguage":"en-US","potentialAction":[{"@type":"ReadAction","target":["https:\/\/collectin.eu\/produktas\/bricklink-910048-paupio-isminciai\/"]}]},{"@type":"ImageObject","inLanguage":"en-US","@id":"https:\/\/collectin.eu\/produktas\/bricklink-910048-paupio-isminciai\/#primaryimage","url":"https:\/\/collectin.eu\/wp-content\/uploads\/2026\/01\/Untitled-design-2026-01-15T041852.519.png","contentUrl":"https:\/\/collectin.eu\/wp-content\/uploads\/2026\/01\/Untitled-design-2026-01-15T041852.519.png","width":1080,"height":1080},{"@type":"BreadcrumbList","@id":"https:\/\/collectin.eu\/produktas\/bricklink-910048-paupio-isminciai\/#breadcrumb","itemListElement":[{"@type":"ListItem","position":1,"name":"Home","item":"https:\/\/collectin.eu\/"},{"@type":"ListItem","position":2,"name":"Parduotuv\u0117","item":"https:\/\/collectin.eu\/parduotuve\/"},{"@type":"ListItem","position":3,"name":"Bricklink 910048 Riverside Scholars"}]},{"@type":"WebSite","@id":"https:\/\/collectin.eu\/#website","url":"https:\/\/collectin.eu\/","name":"Collectin.eu","description":"","potentialAction":[{"@type":"SearchAction","target":{"@type":"EntryPoint","urlTemplate":"https:\/\/collectin.eu\/?s={search_term_string}"},"query-input":{"@type":"PropertyValueSpecification","valueRequired":true,"valueName":"search_term_string"}}],"inLanguage":"en-US"}]}},"jetpack_sharing_enabled":true,"_links":{"self":[{"href":"https:\/\/collectin.eu\/en\/wp-json\/wp\/v2\/product\/39270","targetHints":{"allow":["GET"]}}],"collection":[{"href":"https:\/\/collectin.eu\/en\/wp-json\/wp\/v2\/product"}],"about":[{"href":"https:\/\/collectin.eu\/en\/wp-json\/wp\/v2\/types\/product"}],"replies":[{"embeddable":true,"href":"https:\/\/collectin.eu\/en\/wp-json\/wp\/v2\/comments?post=39270"}],"version-history":[{"count":4,"href":"https:\/\/collectin.eu\/en\/wp-json\/wp\/v2\/product\/39270\/revisions"}],"predecessor-version":[{"id":40392,"href":"https:\/\/collectin.eu\/en\/wp-json\/wp\/v2\/product\/39270\/revisions\/40392"}],"wp:featuredmedia":[{"embeddable":true,"href":"https:\/\/collectin.eu\/en\/wp-json\/wp\/v2\/media\/39271"}],"wp:attachment":[{"href":"https:\/\/collectin.eu\/en\/wp-json\/wp\/v2\/media?parent=39270"}],"wp:term":[{"taxonomy":"product_brand","embeddable":true,"href":"https:\/\/collectin.eu\/en\/wp-json\/wp\/v2\/product_brand?post=39270"},{"taxonomy":"product_cat","embeddable":true,"href":"https:\/\/collectin.eu\/en\/wp-json\/wp\/v2\/product_cat?post=39270"},{"taxonomy":"product_tag","embeddable":true,"href":"https:\/\/collectin.eu\/en\/wp-json\/wp\/v2\/product_tag?post=39270"}],"curies":[{"name":"wp","href":"https:\/\/api.w.org\/{rel}","templated":true}]}}