{"id":39329,"date":"2026-01-20T07:58:33","date_gmt":"2026-01-20T07:58:33","guid":{"rendered":"https:\/\/collectin.eu\/?post_type=product&#038;p=39329"},"modified":"2026-04-08T10:23:59","modified_gmt":"2026-04-08T10:23:59","slug":"lego-40669-gelezinio-zmogaus-mk5-figurele","status":"publish","type":"product","link":"https:\/\/collectin.eu\/en\/product\/lego-40669-gelezinio-zmogaus-mk5-figurele\/","title":{"rendered":"LEGO\u00ae 40669 Iron Man MK5"},"content":{"rendered":"<p>Autenti\u0161kai detalizuota \u201eLEGO\u00ae BrickHeadz\u2122 Marvel\u201c Gele\u017einio \u017emogaus MK5 fig\u016br\u0117l\u0117 (40669) vilki pa\u017e\u012fstam\u0105 \u201eMark V (5)\u201c kostium\u0105, o ant jo koj\u0173 bei rank\u0173 yra varikliai. Tvirtai ant pagrindo plok\u0161t\u0117s stovinti ry\u0161kiaspalv\u0117 \u201eBrickHeadz\u201c Gele\u017einio \u017emogaus fig\u016br\u0117l\u0117 tobulai tinka \u017eaisti ir eksponuoti, tod\u0117l yra puiki dovana vaikams nuo 10 met\u0173, besi\u017eavintiems \u201eMarvel\u201c visata.<\/p>\n<ul>\n<li>Legendinis \u201eMarvel\u201c herojus \u2013 vaikai gali sukonstruoti savo Gele\u017ein\u012f \u017emog\u0173 spalvingu \u201eBrickHeadz\u2122\u201c stiliumi su \u0161ia smagia dovanos id\u0117ja, skirta berniukams bei mergait\u0117ms nuo 10 met\u0173 ir \u201eMarvel\u201c visatos gerb\u0117jams<\/li>\n<li>Konstruojamas \u201eBrickHeadz\u2122\u201c modelis \u2013 autenti\u0161kai detalizuota persona\u017eo fig\u016br\u0117l\u0117 yra su pa\u017e\u012fstamu \u201eMark V (5)\u201c kostiumu, o ant jos koj\u0173 bei rank\u0173 yra varikliai<\/li>\n<li>Keli b\u016bdai m\u0117gautis \u2013 \u201eBrickHeadz\u2122\u201c modeliai yra smag\u016bs konstruoti, \u017eaisti ir i\u0161did\u017eiai eksponuoti<\/li>\n<\/ul>","protected":false},"excerpt":{"rendered":"<p>Autenti\u0161kai detalizuota \u201eLEGO\u00ae BrickHeadz\u2122 Marvel\u201c Gele\u017einio \u017emogaus MK5 fig\u016br\u0117l\u0117 (40669) vilki pa\u017e\u012fstam\u0105 \u201eMark V (5)\u201c kostium\u0105, o ant jo koj\u0173<\/p>","protected":false},"featured_media":39330,"comment_status":"open","ping_status":"closed","template":"","meta":[],"product_brand":[423],"product_cat":[677,406,432],"product_tag":[],"class_list":{"0":"post-39329","1":"product","2":"type-product","3":"status-publish","4":"has-post-thumbnail","6":"product_brand-lego","7":"product_cat-lego-konstruktoriai","8":"product_cat-lego","9":"product_cat-lego-brickheadz","11":"first","12":"instock","13":"taxable","14":"shipping-taxable","15":"purchasable","16":"product-type-simple"},"yoast_head":"<!-- This site is optimized with the Yoast SEO plugin v25.9 - https:\/\/yoast.com\/wordpress\/plugins\/seo\/ -->\n<title>LEGO\u00ae 40669 Iron Man MK5 - Collectin.eu<\/title>\n<meta name=\"description\" content=\"Autenti\u0161kai detalizuota \u201eLEGO\u00ae BrickHeadz\u2122 Marvel\u201c Gele\u017einio \u017emogaus MK5 fig\u016br\u0117l\u0117 (40669) vilki pa\u017e\u012fstam\u0105 \u201eMark V (5)\u201c kostium\u0105, o ant jo koj\u0173 bei rank\u0173 yra varikliai.\" \/>\n<meta name=\"robots\" content=\"index, follow, max-snippet:-1, max-image-preview:large, max-video-preview:-1\" \/>\n<link rel=\"canonical\" href=\"https:\/\/collectin.eu\/en\/product\/lego-40669-gelezinio-zmogaus-mk5-figurele\/\" \/>\n<meta property=\"og:locale\" content=\"en_US\" \/>\n<meta property=\"og:type\" content=\"article\" \/>\n<meta property=\"og:title\" content=\"LEGO\u00ae 40669 Iron Man MK5 - Collectin.eu\" \/>\n<meta property=\"og:description\" content=\"Autenti\u0161kai detalizuota \u201eLEGO\u00ae BrickHeadz\u2122 Marvel\u201c Gele\u017einio \u017emogaus MK5 fig\u016br\u0117l\u0117 (40669) vilki pa\u017e\u012fstam\u0105 \u201eMark V (5)\u201c kostium\u0105, o ant jo koj\u0173 bei rank\u0173 yra varikliai.\" \/>\n<meta property=\"og:url\" content=\"https:\/\/collectin.eu\/en\/product\/lego-40669-gelezinio-zmogaus-mk5-figurele\/\" \/>\n<meta property=\"og:site_name\" content=\"Collectin.eu\" \/>\n<meta property=\"article:modified_time\" content=\"2026-04-08T10:23:59+00:00\" \/>\n<meta property=\"og:image\" content=\"http:\/\/collectin.eu\/wp-content\/uploads\/2026\/01\/Untitled-design-2026-01-20T095541.730.png\" \/>\n\t<meta property=\"og:image:width\" content=\"1080\" \/>\n\t<meta property=\"og:image:height\" content=\"1080\" \/>\n\t<meta property=\"og:image:type\" content=\"image\/png\" \/>\n<meta name=\"twitter:card\" content=\"summary_large_image\" \/>\n<meta name=\"twitter:label1\" content=\"Est. reading time\" \/>\n\t<meta name=\"twitter:data1\" content=\"1 minute\" \/>\n<script type=\"application\/ld+json\" class=\"yoast-schema-graph\">{\"@context\":\"https:\/\/schema.org\",\"@graph\":[{\"@type\":\"WebPage\",\"@id\":\"https:\/\/collectin.eu\/produktas\/lego-40669-gelezinio-zmogaus-mk5-figurele\/\",\"url\":\"https:\/\/collectin.eu\/produktas\/lego-40669-gelezinio-zmogaus-mk5-figurele\/\",\"name\":\"LEGO\u00ae 40669 Iron Man MK5 - Collectin.eu\",\"isPartOf\":{\"@id\":\"https:\/\/collectin.eu\/#website\"},\"primaryImageOfPage\":{\"@id\":\"https:\/\/collectin.eu\/produktas\/lego-40669-gelezinio-zmogaus-mk5-figurele\/#primaryimage\"},\"image\":{\"@id\":\"https:\/\/collectin.eu\/produktas\/lego-40669-gelezinio-zmogaus-mk5-figurele\/#primaryimage\"},\"thumbnailUrl\":\"https:\/\/collectin.eu\/wp-content\/uploads\/2026\/01\/Untitled-design-2026-01-20T095541.730.png\",\"datePublished\":\"2026-01-20T07:58:33+00:00\",\"dateModified\":\"2026-04-08T10:23:59+00:00\",\"description\":\"Autenti\u0161kai detalizuota \u201eLEGO\u00ae BrickHeadz\u2122 Marvel\u201c Gele\u017einio \u017emogaus MK5 fig\u016br\u0117l\u0117 (40669) vilki pa\u017e\u012fstam\u0105 \u201eMark V (5)\u201c kostium\u0105, o ant jo koj\u0173 bei rank\u0173 yra varikliai.\",\"breadcrumb\":{\"@id\":\"https:\/\/collectin.eu\/produktas\/lego-40669-gelezinio-zmogaus-mk5-figurele\/#breadcrumb\"},\"inLanguage\":\"en-US\",\"potentialAction\":[{\"@type\":\"ReadAction\",\"target\":[\"https:\/\/collectin.eu\/produktas\/lego-40669-gelezinio-zmogaus-mk5-figurele\/\"]}]},{\"@type\":\"ImageObject\",\"inLanguage\":\"en-US\",\"@id\":\"https:\/\/collectin.eu\/produktas\/lego-40669-gelezinio-zmogaus-mk5-figurele\/#primaryimage\",\"url\":\"https:\/\/collectin.eu\/wp-content\/uploads\/2026\/01\/Untitled-design-2026-01-20T095541.730.png\",\"contentUrl\":\"https:\/\/collectin.eu\/wp-content\/uploads\/2026\/01\/Untitled-design-2026-01-20T095541.730.png\",\"width\":1080,\"height\":1080},{\"@type\":\"BreadcrumbList\",\"@id\":\"https:\/\/collectin.eu\/produktas\/lego-40669-gelezinio-zmogaus-mk5-figurele\/#breadcrumb\",\"itemListElement\":[{\"@type\":\"ListItem\",\"position\":1,\"name\":\"Home\",\"item\":\"https:\/\/collectin.eu\/\"},{\"@type\":\"ListItem\",\"position\":2,\"name\":\"Parduotuv\u0117\",\"item\":\"https:\/\/collectin.eu\/parduotuve\/\"},{\"@type\":\"ListItem\",\"position\":3,\"name\":\"LEGO\u00ae 40669 Iron Man MK5\"}]},{\"@type\":\"WebSite\",\"@id\":\"https:\/\/collectin.eu\/#website\",\"url\":\"https:\/\/collectin.eu\/\",\"name\":\"Collectin.eu\",\"description\":\"\",\"potentialAction\":[{\"@type\":\"SearchAction\",\"target\":{\"@type\":\"EntryPoint\",\"urlTemplate\":\"https:\/\/collectin.eu\/?s={search_term_string}\"},\"query-input\":{\"@type\":\"PropertyValueSpecification\",\"valueRequired\":true,\"valueName\":\"search_term_string\"}}],\"inLanguage\":\"en-US\"}]}<\/script>\n<!-- \/ Yoast SEO plugin. -->","yoast_head_json":{"title":"LEGO\u00ae 40669 Iron Man MK5 - Collectin.eu","description":"Autenti\u0161kai detalizuota \u201eLEGO\u00ae BrickHeadz\u2122 Marvel\u201c Gele\u017einio \u017emogaus MK5 fig\u016br\u0117l\u0117 (40669) vilki pa\u017e\u012fstam\u0105 \u201eMark V (5)\u201c kostium\u0105, o ant jo koj\u0173 bei rank\u0173 yra varikliai.","robots":{"index":"index","follow":"follow","max-snippet":"max-snippet:-1","max-image-preview":"max-image-preview:large","max-video-preview":"max-video-preview:-1"},"canonical":"https:\/\/collectin.eu\/en\/product\/lego-40669-gelezinio-zmogaus-mk5-figurele\/","og_locale":"en_US","og_type":"article","og_title":"LEGO\u00ae 40669 Iron Man MK5 - Collectin.eu","og_description":"Autenti\u0161kai detalizuota \u201eLEGO\u00ae BrickHeadz\u2122 Marvel\u201c Gele\u017einio \u017emogaus MK5 fig\u016br\u0117l\u0117 (40669) vilki pa\u017e\u012fstam\u0105 \u201eMark V (5)\u201c kostium\u0105, o ant jo koj\u0173 bei rank\u0173 yra varikliai.","og_url":"https:\/\/collectin.eu\/en\/product\/lego-40669-gelezinio-zmogaus-mk5-figurele\/","og_site_name":"Collectin.eu","article_modified_time":"2026-04-08T10:23:59+00:00","og_image":[{"width":1080,"height":1080,"url":"http:\/\/collectin.eu\/wp-content\/uploads\/2026\/01\/Untitled-design-2026-01-20T095541.730.png","type":"image\/png"}],"twitter_card":"summary_large_image","twitter_misc":{"Est. reading time":"1 minute"},"schema":{"@context":"https:\/\/schema.org","@graph":[{"@type":"WebPage","@id":"https:\/\/collectin.eu\/produktas\/lego-40669-gelezinio-zmogaus-mk5-figurele\/","url":"https:\/\/collectin.eu\/produktas\/lego-40669-gelezinio-zmogaus-mk5-figurele\/","name":"LEGO\u00ae 40669 Iron Man MK5 - Collectin.eu","isPartOf":{"@id":"https:\/\/collectin.eu\/#website"},"primaryImageOfPage":{"@id":"https:\/\/collectin.eu\/produktas\/lego-40669-gelezinio-zmogaus-mk5-figurele\/#primaryimage"},"image":{"@id":"https:\/\/collectin.eu\/produktas\/lego-40669-gelezinio-zmogaus-mk5-figurele\/#primaryimage"},"thumbnailUrl":"https:\/\/collectin.eu\/wp-content\/uploads\/2026\/01\/Untitled-design-2026-01-20T095541.730.png","datePublished":"2026-01-20T07:58:33+00:00","dateModified":"2026-04-08T10:23:59+00:00","description":"Autenti\u0161kai detalizuota \u201eLEGO\u00ae BrickHeadz\u2122 Marvel\u201c Gele\u017einio \u017emogaus MK5 fig\u016br\u0117l\u0117 (40669) vilki pa\u017e\u012fstam\u0105 \u201eMark V (5)\u201c kostium\u0105, o ant jo koj\u0173 bei rank\u0173 yra varikliai.","breadcrumb":{"@id":"https:\/\/collectin.eu\/produktas\/lego-40669-gelezinio-zmogaus-mk5-figurele\/#breadcrumb"},"inLanguage":"en-US","potentialAction":[{"@type":"ReadAction","target":["https:\/\/collectin.eu\/produktas\/lego-40669-gelezinio-zmogaus-mk5-figurele\/"]}]},{"@type":"ImageObject","inLanguage":"en-US","@id":"https:\/\/collectin.eu\/produktas\/lego-40669-gelezinio-zmogaus-mk5-figurele\/#primaryimage","url":"https:\/\/collectin.eu\/wp-content\/uploads\/2026\/01\/Untitled-design-2026-01-20T095541.730.png","contentUrl":"https:\/\/collectin.eu\/wp-content\/uploads\/2026\/01\/Untitled-design-2026-01-20T095541.730.png","width":1080,"height":1080},{"@type":"BreadcrumbList","@id":"https:\/\/collectin.eu\/produktas\/lego-40669-gelezinio-zmogaus-mk5-figurele\/#breadcrumb","itemListElement":[{"@type":"ListItem","position":1,"name":"Home","item":"https:\/\/collectin.eu\/"},{"@type":"ListItem","position":2,"name":"Parduotuv\u0117","item":"https:\/\/collectin.eu\/parduotuve\/"},{"@type":"ListItem","position":3,"name":"LEGO\u00ae 40669 Iron Man MK5"}]},{"@type":"WebSite","@id":"https:\/\/collectin.eu\/#website","url":"https:\/\/collectin.eu\/","name":"Collectin.eu","description":"","potentialAction":[{"@type":"SearchAction","target":{"@type":"EntryPoint","urlTemplate":"https:\/\/collectin.eu\/?s={search_term_string}"},"query-input":{"@type":"PropertyValueSpecification","valueRequired":true,"valueName":"search_term_string"}}],"inLanguage":"en-US"}]}},"jetpack_sharing_enabled":true,"_links":{"self":[{"href":"https:\/\/collectin.eu\/en\/wp-json\/wp\/v2\/product\/39329","targetHints":{"allow":["GET"]}}],"collection":[{"href":"https:\/\/collectin.eu\/en\/wp-json\/wp\/v2\/product"}],"about":[{"href":"https:\/\/collectin.eu\/en\/wp-json\/wp\/v2\/types\/product"}],"replies":[{"embeddable":true,"href":"https:\/\/collectin.eu\/en\/wp-json\/wp\/v2\/comments?post=39329"}],"version-history":[{"count":2,"href":"https:\/\/collectin.eu\/en\/wp-json\/wp\/v2\/product\/39329\/revisions"}],"predecessor-version":[{"id":40388,"href":"https:\/\/collectin.eu\/en\/wp-json\/wp\/v2\/product\/39329\/revisions\/40388"}],"wp:featuredmedia":[{"embeddable":true,"href":"https:\/\/collectin.eu\/en\/wp-json\/wp\/v2\/media\/39330"}],"wp:attachment":[{"href":"https:\/\/collectin.eu\/en\/wp-json\/wp\/v2\/media?parent=39329"}],"wp:term":[{"taxonomy":"product_brand","embeddable":true,"href":"https:\/\/collectin.eu\/en\/wp-json\/wp\/v2\/product_brand?post=39329"},{"taxonomy":"product_cat","embeddable":true,"href":"https:\/\/collectin.eu\/en\/wp-json\/wp\/v2\/product_cat?post=39329"},{"taxonomy":"product_tag","embeddable":true,"href":"https:\/\/collectin.eu\/en\/wp-json\/wp\/v2\/product_tag?post=39329"}],"curies":[{"name":"wp","href":"https:\/\/api.w.org\/{rel}","templated":true}]}}