{"id":39335,"date":"2026-01-20T08:03:17","date_gmt":"2026-01-20T08:03:17","guid":{"rendered":"https:\/\/collectin.eu\/?post_type=product&#038;p=39335"},"modified":"2026-04-14T18:20:10","modified_gmt":"2026-04-14T18:20:10","slug":"lego-40792-dambis","status":"publish","type":"product","link":"https:\/\/collectin.eu\/en\/product\/lego-40792-dambis\/","title":{"rendered":"LEGO\u00ae 40792 Dumbo"},"content":{"rendered":"<p>Atkurkite \u201eDisney\u201c magij\u0105 su \u201eLEGO\u00ae BrickHeadz\u2122\u201c \u01c0 \u201eDisney\u201c Dambio (40792) konstravimo rinkiniu vaikams nuo 10 met\u0173. Su \u0161ia u\u017eburian\u010dia dovana \u012fvairaus am\u017eiaus \u201eDisney\u201c m\u0117g\u0117j\u0173 vaizduot\u0117 kils iki dangaus, kai jie i\u0161 kalad\u0117li\u0173 konstruos \u017eaislin\u012f Damb\u012f su judan\u010diomis ausimis, lankstomomis kojomis, geltona skryb\u0117le ir raudona apykakle. U\u017ebaigt\u0105 fig\u016br\u0117l\u0119 gerb\u0117jai gali naudoti m\u0117gstamiausioms filmo scenoms atkartoti arba i\u0161did\u017eiai eksponuoti savo kambaryje ant pridedamos pagrindo plok\u0161tel\u0117s.<\/p>\n<ul>\n<li>Konstruojamas \u201eDisney\u201c \u017eaislas \u2013 su\u017eav\u0117kite \u201eDisney\u201c gerb\u0117jus \u201eLEGO\u00ae BrickHeadz\u2122\u201c \u01c0 \u201eDisney\u201c Dambio konstravimo rinkiniu, skirtu vaikams nuo 10 met\u0173<\/li>\n<li>Legendinis persona\u017eas \u2013 gyv\u016bno fig\u016br\u0117l\u0117 turi judan\u010dias ausis, lankstomas kojas ir akimirksniu atpa\u017e\u012fstam\u0105 Dambio gelton\u0105 skryb\u0117l\u0119 bei raudon\u0105 apykakl\u0119<\/li>\n<li>\u017daiskite ir eksponuokite \u2013 u\u017ebaigt\u0105 LEGO\u00ae \u01c0 \u201eDisney\u201c Dambio fig\u016br\u0117l\u0119 vaikai gali naudoti m\u0117gstamiausioms filmo scenoms atkurti arba i\u0161did\u017eiai eksponuoti ant pridedamos pagrindo plok\u0161tel\u0117s<\/li>\n<li>Daug kit\u0173 kolekcini\u0173 rinkini\u0173 \u2013 Dambio fig\u016br\u0117l\u0119 gerb\u0117jai gali kolekcionuoti ir eksponuoti kartu su kitais \u201eLEGO\u00ae BrickHeadz\u2122\u201c serijos modeliais (parduodamais atskirai)<\/li>\n<\/ul>","protected":false},"excerpt":{"rendered":"<p>Atkurkite \u201eDisney\u201c magij\u0105 su \u201eLEGO\u00ae BrickHeadz\u2122\u201c \u01c0 \u201eDisney\u201c Dambio (40792) konstravimo rinkiniu vaikams nuo 10 met\u0173. Su \u0161ia u\u017eburian\u010dia dovana<\/p>","protected":false},"featured_media":39336,"comment_status":"open","ping_status":"closed","template":"","meta":[],"product_brand":[423],"product_cat":[583,677,406,432],"product_tag":[],"class_list":{"0":"post-39335","1":"product","2":"type-product","3":"status-publish","4":"has-post-thumbnail","6":"product_brand-lego","7":"product_cat-akcijos","8":"product_cat-lego-konstruktoriai","9":"product_cat-lego","10":"product_cat-lego-brickheadz","12":"first","13":"instock","14":"sale","15":"taxable","16":"shipping-taxable","17":"purchasable","18":"product-type-simple"},"yoast_head":"<!-- This site is optimized with the Yoast SEO plugin v25.9 - https:\/\/yoast.com\/wordpress\/plugins\/seo\/ -->\n<title>LEGO\u00ae 40792 Dumbo - Collectin.eu<\/title>\n<meta name=\"description\" content=\"Atkurkite \u201eDisney\u201c magij\u0105 su \u201eLEGO\u00ae BrickHeadz\u2122\u201c \u01c0 \u201eDisney\u201c Dambio (40792) konstravimo rinkiniu vaikams nuo 10 met\u0173.\" \/>\n<meta name=\"robots\" content=\"index, follow, max-snippet:-1, max-image-preview:large, max-video-preview:-1\" \/>\n<link rel=\"canonical\" href=\"https:\/\/collectin.eu\/en\/product\/lego-40792-dambis\/\" \/>\n<meta property=\"og:locale\" content=\"en_US\" \/>\n<meta property=\"og:type\" content=\"article\" \/>\n<meta property=\"og:title\" content=\"LEGO\u00ae 40792 Dumbo - Collectin.eu\" \/>\n<meta property=\"og:description\" content=\"Atkurkite \u201eDisney\u201c magij\u0105 su \u201eLEGO\u00ae BrickHeadz\u2122\u201c \u01c0 \u201eDisney\u201c Dambio (40792) konstravimo rinkiniu vaikams nuo 10 met\u0173.\" \/>\n<meta property=\"og:url\" content=\"https:\/\/collectin.eu\/en\/product\/lego-40792-dambis\/\" \/>\n<meta property=\"og:site_name\" content=\"Collectin.eu\" \/>\n<meta property=\"article:modified_time\" content=\"2026-04-14T18:20:10+00:00\" \/>\n<meta property=\"og:image\" content=\"http:\/\/collectin.eu\/wp-content\/uploads\/2026\/01\/Untitled-design-2026-01-20T100100.860.png\" \/>\n\t<meta property=\"og:image:width\" content=\"1080\" \/>\n\t<meta property=\"og:image:height\" content=\"1080\" \/>\n\t<meta property=\"og:image:type\" content=\"image\/png\" \/>\n<meta name=\"twitter:card\" content=\"summary_large_image\" \/>\n<meta name=\"twitter:label1\" content=\"Est. reading time\" \/>\n\t<meta name=\"twitter:data1\" content=\"1 minute\" \/>\n<script type=\"application\/ld+json\" class=\"yoast-schema-graph\">{\"@context\":\"https:\/\/schema.org\",\"@graph\":[{\"@type\":\"WebPage\",\"@id\":\"https:\/\/collectin.eu\/produktas\/lego-40792-dambis\/\",\"url\":\"https:\/\/collectin.eu\/produktas\/lego-40792-dambis\/\",\"name\":\"LEGO\u00ae 40792 Dumbo - Collectin.eu\",\"isPartOf\":{\"@id\":\"https:\/\/collectin.eu\/#website\"},\"primaryImageOfPage\":{\"@id\":\"https:\/\/collectin.eu\/produktas\/lego-40792-dambis\/#primaryimage\"},\"image\":{\"@id\":\"https:\/\/collectin.eu\/produktas\/lego-40792-dambis\/#primaryimage\"},\"thumbnailUrl\":\"https:\/\/collectin.eu\/wp-content\/uploads\/2026\/01\/Untitled-design-2026-01-20T100100.860.png\",\"datePublished\":\"2026-01-20T08:03:17+00:00\",\"dateModified\":\"2026-04-14T18:20:10+00:00\",\"description\":\"Atkurkite \u201eDisney\u201c magij\u0105 su \u201eLEGO\u00ae BrickHeadz\u2122\u201c \u01c0 \u201eDisney\u201c Dambio (40792) konstravimo rinkiniu vaikams nuo 10 met\u0173.\",\"breadcrumb\":{\"@id\":\"https:\/\/collectin.eu\/produktas\/lego-40792-dambis\/#breadcrumb\"},\"inLanguage\":\"en-US\",\"potentialAction\":[{\"@type\":\"ReadAction\",\"target\":[\"https:\/\/collectin.eu\/produktas\/lego-40792-dambis\/\"]}]},{\"@type\":\"ImageObject\",\"inLanguage\":\"en-US\",\"@id\":\"https:\/\/collectin.eu\/produktas\/lego-40792-dambis\/#primaryimage\",\"url\":\"https:\/\/collectin.eu\/wp-content\/uploads\/2026\/01\/Untitled-design-2026-01-20T100100.860.png\",\"contentUrl\":\"https:\/\/collectin.eu\/wp-content\/uploads\/2026\/01\/Untitled-design-2026-01-20T100100.860.png\",\"width\":1080,\"height\":1080},{\"@type\":\"BreadcrumbList\",\"@id\":\"https:\/\/collectin.eu\/produktas\/lego-40792-dambis\/#breadcrumb\",\"itemListElement\":[{\"@type\":\"ListItem\",\"position\":1,\"name\":\"Home\",\"item\":\"https:\/\/collectin.eu\/\"},{\"@type\":\"ListItem\",\"position\":2,\"name\":\"Parduotuv\u0117\",\"item\":\"https:\/\/collectin.eu\/parduotuve\/\"},{\"@type\":\"ListItem\",\"position\":3,\"name\":\"LEGO\u00ae 40792 Dumbo\"}]},{\"@type\":\"WebSite\",\"@id\":\"https:\/\/collectin.eu\/#website\",\"url\":\"https:\/\/collectin.eu\/\",\"name\":\"Collectin.eu\",\"description\":\"\",\"potentialAction\":[{\"@type\":\"SearchAction\",\"target\":{\"@type\":\"EntryPoint\",\"urlTemplate\":\"https:\/\/collectin.eu\/?s={search_term_string}\"},\"query-input\":{\"@type\":\"PropertyValueSpecification\",\"valueRequired\":true,\"valueName\":\"search_term_string\"}}],\"inLanguage\":\"en-US\"}]}<\/script>\n<!-- \/ Yoast SEO plugin. -->","yoast_head_json":{"title":"LEGO\u00ae 40792 Dumbo - Collectin.eu","description":"Atkurkite \u201eDisney\u201c magij\u0105 su \u201eLEGO\u00ae BrickHeadz\u2122\u201c \u01c0 \u201eDisney\u201c Dambio (40792) konstravimo rinkiniu vaikams nuo 10 met\u0173.","robots":{"index":"index","follow":"follow","max-snippet":"max-snippet:-1","max-image-preview":"max-image-preview:large","max-video-preview":"max-video-preview:-1"},"canonical":"https:\/\/collectin.eu\/en\/product\/lego-40792-dambis\/","og_locale":"en_US","og_type":"article","og_title":"LEGO\u00ae 40792 Dumbo - Collectin.eu","og_description":"Atkurkite \u201eDisney\u201c magij\u0105 su \u201eLEGO\u00ae BrickHeadz\u2122\u201c \u01c0 \u201eDisney\u201c Dambio (40792) konstravimo rinkiniu vaikams nuo 10 met\u0173.","og_url":"https:\/\/collectin.eu\/en\/product\/lego-40792-dambis\/","og_site_name":"Collectin.eu","article_modified_time":"2026-04-14T18:20:10+00:00","og_image":[{"width":1080,"height":1080,"url":"http:\/\/collectin.eu\/wp-content\/uploads\/2026\/01\/Untitled-design-2026-01-20T100100.860.png","type":"image\/png"}],"twitter_card":"summary_large_image","twitter_misc":{"Est. reading time":"1 minute"},"schema":{"@context":"https:\/\/schema.org","@graph":[{"@type":"WebPage","@id":"https:\/\/collectin.eu\/produktas\/lego-40792-dambis\/","url":"https:\/\/collectin.eu\/produktas\/lego-40792-dambis\/","name":"LEGO\u00ae 40792 Dumbo - Collectin.eu","isPartOf":{"@id":"https:\/\/collectin.eu\/#website"},"primaryImageOfPage":{"@id":"https:\/\/collectin.eu\/produktas\/lego-40792-dambis\/#primaryimage"},"image":{"@id":"https:\/\/collectin.eu\/produktas\/lego-40792-dambis\/#primaryimage"},"thumbnailUrl":"https:\/\/collectin.eu\/wp-content\/uploads\/2026\/01\/Untitled-design-2026-01-20T100100.860.png","datePublished":"2026-01-20T08:03:17+00:00","dateModified":"2026-04-14T18:20:10+00:00","description":"Atkurkite \u201eDisney\u201c magij\u0105 su \u201eLEGO\u00ae BrickHeadz\u2122\u201c \u01c0 \u201eDisney\u201c Dambio (40792) konstravimo rinkiniu vaikams nuo 10 met\u0173.","breadcrumb":{"@id":"https:\/\/collectin.eu\/produktas\/lego-40792-dambis\/#breadcrumb"},"inLanguage":"en-US","potentialAction":[{"@type":"ReadAction","target":["https:\/\/collectin.eu\/produktas\/lego-40792-dambis\/"]}]},{"@type":"ImageObject","inLanguage":"en-US","@id":"https:\/\/collectin.eu\/produktas\/lego-40792-dambis\/#primaryimage","url":"https:\/\/collectin.eu\/wp-content\/uploads\/2026\/01\/Untitled-design-2026-01-20T100100.860.png","contentUrl":"https:\/\/collectin.eu\/wp-content\/uploads\/2026\/01\/Untitled-design-2026-01-20T100100.860.png","width":1080,"height":1080},{"@type":"BreadcrumbList","@id":"https:\/\/collectin.eu\/produktas\/lego-40792-dambis\/#breadcrumb","itemListElement":[{"@type":"ListItem","position":1,"name":"Home","item":"https:\/\/collectin.eu\/"},{"@type":"ListItem","position":2,"name":"Parduotuv\u0117","item":"https:\/\/collectin.eu\/parduotuve\/"},{"@type":"ListItem","position":3,"name":"LEGO\u00ae 40792 Dumbo"}]},{"@type":"WebSite","@id":"https:\/\/collectin.eu\/#website","url":"https:\/\/collectin.eu\/","name":"Collectin.eu","description":"","potentialAction":[{"@type":"SearchAction","target":{"@type":"EntryPoint","urlTemplate":"https:\/\/collectin.eu\/?s={search_term_string}"},"query-input":{"@type":"PropertyValueSpecification","valueRequired":true,"valueName":"search_term_string"}}],"inLanguage":"en-US"}]}},"jetpack_sharing_enabled":true,"_links":{"self":[{"href":"https:\/\/collectin.eu\/en\/wp-json\/wp\/v2\/product\/39335","targetHints":{"allow":["GET"]}}],"collection":[{"href":"https:\/\/collectin.eu\/en\/wp-json\/wp\/v2\/product"}],"about":[{"href":"https:\/\/collectin.eu\/en\/wp-json\/wp\/v2\/types\/product"}],"replies":[{"embeddable":true,"href":"https:\/\/collectin.eu\/en\/wp-json\/wp\/v2\/comments?post=39335"}],"version-history":[{"count":2,"href":"https:\/\/collectin.eu\/en\/wp-json\/wp\/v2\/product\/39335\/revisions"}],"predecessor-version":[{"id":40387,"href":"https:\/\/collectin.eu\/en\/wp-json\/wp\/v2\/product\/39335\/revisions\/40387"}],"wp:featuredmedia":[{"embeddable":true,"href":"https:\/\/collectin.eu\/en\/wp-json\/wp\/v2\/media\/39336"}],"wp:attachment":[{"href":"https:\/\/collectin.eu\/en\/wp-json\/wp\/v2\/media?parent=39335"}],"wp:term":[{"taxonomy":"product_brand","embeddable":true,"href":"https:\/\/collectin.eu\/en\/wp-json\/wp\/v2\/product_brand?post=39335"},{"taxonomy":"product_cat","embeddable":true,"href":"https:\/\/collectin.eu\/en\/wp-json\/wp\/v2\/product_cat?post=39335"},{"taxonomy":"product_tag","embeddable":true,"href":"https:\/\/collectin.eu\/en\/wp-json\/wp\/v2\/product_tag?post=39335"}],"curies":[{"name":"wp","href":"https:\/\/api.w.org\/{rel}","templated":true}]}}