{"id":39354,"date":"2026-01-20T08:18:44","date_gmt":"2026-01-20T08:18:44","guid":{"rendered":"https:\/\/collectin.eu\/?post_type=product&#038;p=39354"},"modified":"2026-04-08T10:23:58","modified_gmt":"2026-04-08T10:23:58","slug":"lego-40671-groot-vazonelyje","status":"publish","type":"product","link":"https:\/\/collectin.eu\/en\/product\/lego-40671-groot-vazonelyje\/","title":{"rendered":"LEGO\u00ae 40671 Potted Groot"},"content":{"rendered":"<p>\u201eMarvel Studios\u201c filmo Galaktikos serg\u0117tojai ir \u201eDisney+\u201c TV serialo A\u0161 esu Groot gerb\u0117jams patiks konstruojamas ma\u017eo, \u012f med\u012f pana\u0161aus ateivio \u201eBrickHeadz\u2122\u201c modelis. \u201eLEGO\u00ae BrickHeadz\u2122\u201c rinkinyje \u201eGroot vazon\u0117lyje\u201c (40671) yra ma\u017eylis Groot g\u0117liapuodyje. Groot, vazon\u0117l\u012f ir \u201eBrickHeadz\u2122\u201c pagrind\u0105 galima atskirti vien\u0105 nuo kito. Padovanokite rinkin\u012f bet kuriam jaunajam superherojui nuo 10 met\u0173.<\/p>\n<ul>\n<li>\u201eLEGO\u00ae BrickHeadz\u2122\u201c Groot vazon\u0117lyje. Vaikai, \u201eMarvel\u201c gerb\u0117jai, berniukai ir mergait\u0117s nuo 10 met\u0173 sukonstruos miel\u0105 ma\u017eyl\u012f Groot ry\u0161kiaspalviu \u201eBrickHeadz\u201c stiliumi<\/li>\n<li>Autenti\u0161kai detalaus modelio konstravimo rinkinys. Konstruojamas \u017eaislas \u201eGroot vazon\u0117lyje\u201c \u2013 tai med\u012f pana\u0161us k\u016bdikis-ateivis, \u201epasodintas\u201c g\u0117liapuodyje, pritvirtintame prie tvirtos pagrindo plok\u0161tel\u0117s<\/li>\n<li>Daug b\u016bd\u0173 m\u0117gautis. Konstruojami \u201eBrickHeadz\u2122\u201c modeliai yra smag\u016bs konstruoti, \u017eaisti ir i\u0161did\u017eiai eksponuoti<\/li>\n<li>Daug kit\u0173 kolekcini\u0173 rinkini\u0173. \u201eLEGO\u00ae BrickHeadz\u2122\u201c ma\u017eyl\u012f Groot gerb\u0117jai gali eksponuoti kartu su kitais kolekciniais \u201eLEGO\u00ae BrickHeadz\u2122\u201c serijos konstravimo rinkiniais<\/li>\n<\/ul>","protected":false},"excerpt":{"rendered":"<p>\u201eMarvel Studios\u201c filmo Galaktikos serg\u0117tojai ir \u201eDisney+\u201c TV serialo A\u0161 esu Groot gerb\u0117jams patiks konstruojamas ma\u017eo, \u012f med\u012f pana\u0161aus ateivio<\/p>","protected":false},"featured_media":39355,"comment_status":"open","ping_status":"closed","template":"","meta":[],"product_brand":[423],"product_cat":[677,406,432],"product_tag":[],"class_list":{"0":"post-39354","1":"product","2":"type-product","3":"status-publish","4":"has-post-thumbnail","6":"product_brand-lego","7":"product_cat-lego-konstruktoriai","8":"product_cat-lego","9":"product_cat-lego-brickheadz","11":"first","12":"instock","13":"taxable","14":"shipping-taxable","15":"purchasable","16":"product-type-simple"},"yoast_head":"<!-- This site is optimized with the Yoast SEO plugin v25.9 - https:\/\/yoast.com\/wordpress\/plugins\/seo\/ -->\n<title>LEGO\u00ae 40671 Potted Groot - Collectin.eu<\/title>\n<meta name=\"description\" content=\"\u201eMarvel Studios\u201c filmo Galaktikos serg\u0117tojai ir \u201eDisney+\u201c TV serialo A\u0161 esu Groot gerb\u0117jams patiks konstruojamas ma\u017eo, \u012f med\u012f pana\u0161aus ateivio \u201eBrickHeadz\u2122\u201c modelis.\" \/>\n<meta name=\"robots\" content=\"index, follow, max-snippet:-1, max-image-preview:large, max-video-preview:-1\" \/>\n<link rel=\"canonical\" href=\"https:\/\/collectin.eu\/en\/product\/lego-40671-groot-vazonelyje\/\" \/>\n<meta property=\"og:locale\" content=\"en_US\" \/>\n<meta property=\"og:type\" content=\"article\" \/>\n<meta property=\"og:title\" content=\"LEGO\u00ae 40671 Potted Groot - Collectin.eu\" \/>\n<meta property=\"og:description\" content=\"\u201eMarvel Studios\u201c filmo Galaktikos serg\u0117tojai ir \u201eDisney+\u201c TV serialo A\u0161 esu Groot gerb\u0117jams patiks konstruojamas ma\u017eo, \u012f med\u012f pana\u0161aus ateivio \u201eBrickHeadz\u2122\u201c modelis.\" \/>\n<meta property=\"og:url\" content=\"https:\/\/collectin.eu\/en\/product\/lego-40671-groot-vazonelyje\/\" \/>\n<meta property=\"og:site_name\" content=\"Collectin.eu\" \/>\n<meta property=\"article:modified_time\" content=\"2026-04-08T10:23:58+00:00\" \/>\n<meta property=\"og:image\" content=\"http:\/\/collectin.eu\/wp-content\/uploads\/2026\/01\/Untitled-design-2026-01-20T101545.387.png\" \/>\n\t<meta property=\"og:image:width\" content=\"1080\" \/>\n\t<meta property=\"og:image:height\" content=\"1080\" \/>\n\t<meta property=\"og:image:type\" content=\"image\/png\" \/>\n<meta name=\"twitter:card\" content=\"summary_large_image\" \/>\n<meta name=\"twitter:label1\" content=\"Est. reading time\" \/>\n\t<meta name=\"twitter:data1\" content=\"1 minute\" \/>\n<script type=\"application\/ld+json\" class=\"yoast-schema-graph\">{\"@context\":\"https:\/\/schema.org\",\"@graph\":[{\"@type\":\"WebPage\",\"@id\":\"https:\/\/collectin.eu\/produktas\/lego-40671-groot-vazonelyje\/\",\"url\":\"https:\/\/collectin.eu\/produktas\/lego-40671-groot-vazonelyje\/\",\"name\":\"LEGO\u00ae 40671 Potted Groot - Collectin.eu\",\"isPartOf\":{\"@id\":\"https:\/\/collectin.eu\/#website\"},\"primaryImageOfPage\":{\"@id\":\"https:\/\/collectin.eu\/produktas\/lego-40671-groot-vazonelyje\/#primaryimage\"},\"image\":{\"@id\":\"https:\/\/collectin.eu\/produktas\/lego-40671-groot-vazonelyje\/#primaryimage\"},\"thumbnailUrl\":\"https:\/\/collectin.eu\/wp-content\/uploads\/2026\/01\/Untitled-design-2026-01-20T101545.387.png\",\"datePublished\":\"2026-01-20T08:18:44+00:00\",\"dateModified\":\"2026-04-08T10:23:58+00:00\",\"description\":\"\u201eMarvel Studios\u201c filmo Galaktikos serg\u0117tojai ir \u201eDisney+\u201c TV serialo A\u0161 esu Groot gerb\u0117jams patiks konstruojamas ma\u017eo, \u012f med\u012f pana\u0161aus ateivio \u201eBrickHeadz\u2122\u201c modelis.\",\"breadcrumb\":{\"@id\":\"https:\/\/collectin.eu\/produktas\/lego-40671-groot-vazonelyje\/#breadcrumb\"},\"inLanguage\":\"en-US\",\"potentialAction\":[{\"@type\":\"ReadAction\",\"target\":[\"https:\/\/collectin.eu\/produktas\/lego-40671-groot-vazonelyje\/\"]}]},{\"@type\":\"ImageObject\",\"inLanguage\":\"en-US\",\"@id\":\"https:\/\/collectin.eu\/produktas\/lego-40671-groot-vazonelyje\/#primaryimage\",\"url\":\"https:\/\/collectin.eu\/wp-content\/uploads\/2026\/01\/Untitled-design-2026-01-20T101545.387.png\",\"contentUrl\":\"https:\/\/collectin.eu\/wp-content\/uploads\/2026\/01\/Untitled-design-2026-01-20T101545.387.png\",\"width\":1080,\"height\":1080},{\"@type\":\"BreadcrumbList\",\"@id\":\"https:\/\/collectin.eu\/produktas\/lego-40671-groot-vazonelyje\/#breadcrumb\",\"itemListElement\":[{\"@type\":\"ListItem\",\"position\":1,\"name\":\"Home\",\"item\":\"https:\/\/collectin.eu\/\"},{\"@type\":\"ListItem\",\"position\":2,\"name\":\"Parduotuv\u0117\",\"item\":\"https:\/\/collectin.eu\/parduotuve\/\"},{\"@type\":\"ListItem\",\"position\":3,\"name\":\"LEGO\u00ae 40671 Potted Groot\"}]},{\"@type\":\"WebSite\",\"@id\":\"https:\/\/collectin.eu\/#website\",\"url\":\"https:\/\/collectin.eu\/\",\"name\":\"Collectin.eu\",\"description\":\"\",\"potentialAction\":[{\"@type\":\"SearchAction\",\"target\":{\"@type\":\"EntryPoint\",\"urlTemplate\":\"https:\/\/collectin.eu\/?s={search_term_string}\"},\"query-input\":{\"@type\":\"PropertyValueSpecification\",\"valueRequired\":true,\"valueName\":\"search_term_string\"}}],\"inLanguage\":\"en-US\"}]}<\/script>\n<!-- \/ Yoast SEO plugin. -->","yoast_head_json":{"title":"LEGO\u00ae 40671 Potted Groot - Collectin.eu","description":"\u201eMarvel Studios\u201c filmo Galaktikos serg\u0117tojai ir \u201eDisney+\u201c TV serialo A\u0161 esu Groot gerb\u0117jams patiks konstruojamas ma\u017eo, \u012f med\u012f pana\u0161aus ateivio \u201eBrickHeadz\u2122\u201c modelis.","robots":{"index":"index","follow":"follow","max-snippet":"max-snippet:-1","max-image-preview":"max-image-preview:large","max-video-preview":"max-video-preview:-1"},"canonical":"https:\/\/collectin.eu\/en\/product\/lego-40671-groot-vazonelyje\/","og_locale":"en_US","og_type":"article","og_title":"LEGO\u00ae 40671 Potted Groot - Collectin.eu","og_description":"\u201eMarvel Studios\u201c filmo Galaktikos serg\u0117tojai ir \u201eDisney+\u201c TV serialo A\u0161 esu Groot gerb\u0117jams patiks konstruojamas ma\u017eo, \u012f med\u012f pana\u0161aus ateivio \u201eBrickHeadz\u2122\u201c modelis.","og_url":"https:\/\/collectin.eu\/en\/product\/lego-40671-groot-vazonelyje\/","og_site_name":"Collectin.eu","article_modified_time":"2026-04-08T10:23:58+00:00","og_image":[{"width":1080,"height":1080,"url":"http:\/\/collectin.eu\/wp-content\/uploads\/2026\/01\/Untitled-design-2026-01-20T101545.387.png","type":"image\/png"}],"twitter_card":"summary_large_image","twitter_misc":{"Est. reading time":"1 minute"},"schema":{"@context":"https:\/\/schema.org","@graph":[{"@type":"WebPage","@id":"https:\/\/collectin.eu\/produktas\/lego-40671-groot-vazonelyje\/","url":"https:\/\/collectin.eu\/produktas\/lego-40671-groot-vazonelyje\/","name":"LEGO\u00ae 40671 Potted Groot - Collectin.eu","isPartOf":{"@id":"https:\/\/collectin.eu\/#website"},"primaryImageOfPage":{"@id":"https:\/\/collectin.eu\/produktas\/lego-40671-groot-vazonelyje\/#primaryimage"},"image":{"@id":"https:\/\/collectin.eu\/produktas\/lego-40671-groot-vazonelyje\/#primaryimage"},"thumbnailUrl":"https:\/\/collectin.eu\/wp-content\/uploads\/2026\/01\/Untitled-design-2026-01-20T101545.387.png","datePublished":"2026-01-20T08:18:44+00:00","dateModified":"2026-04-08T10:23:58+00:00","description":"\u201eMarvel Studios\u201c filmo Galaktikos serg\u0117tojai ir \u201eDisney+\u201c TV serialo A\u0161 esu Groot gerb\u0117jams patiks konstruojamas ma\u017eo, \u012f med\u012f pana\u0161aus ateivio \u201eBrickHeadz\u2122\u201c modelis.","breadcrumb":{"@id":"https:\/\/collectin.eu\/produktas\/lego-40671-groot-vazonelyje\/#breadcrumb"},"inLanguage":"en-US","potentialAction":[{"@type":"ReadAction","target":["https:\/\/collectin.eu\/produktas\/lego-40671-groot-vazonelyje\/"]}]},{"@type":"ImageObject","inLanguage":"en-US","@id":"https:\/\/collectin.eu\/produktas\/lego-40671-groot-vazonelyje\/#primaryimage","url":"https:\/\/collectin.eu\/wp-content\/uploads\/2026\/01\/Untitled-design-2026-01-20T101545.387.png","contentUrl":"https:\/\/collectin.eu\/wp-content\/uploads\/2026\/01\/Untitled-design-2026-01-20T101545.387.png","width":1080,"height":1080},{"@type":"BreadcrumbList","@id":"https:\/\/collectin.eu\/produktas\/lego-40671-groot-vazonelyje\/#breadcrumb","itemListElement":[{"@type":"ListItem","position":1,"name":"Home","item":"https:\/\/collectin.eu\/"},{"@type":"ListItem","position":2,"name":"Parduotuv\u0117","item":"https:\/\/collectin.eu\/parduotuve\/"},{"@type":"ListItem","position":3,"name":"LEGO\u00ae 40671 Potted Groot"}]},{"@type":"WebSite","@id":"https:\/\/collectin.eu\/#website","url":"https:\/\/collectin.eu\/","name":"Collectin.eu","description":"","potentialAction":[{"@type":"SearchAction","target":{"@type":"EntryPoint","urlTemplate":"https:\/\/collectin.eu\/?s={search_term_string}"},"query-input":{"@type":"PropertyValueSpecification","valueRequired":true,"valueName":"search_term_string"}}],"inLanguage":"en-US"}]}},"jetpack_sharing_enabled":true,"_links":{"self":[{"href":"https:\/\/collectin.eu\/en\/wp-json\/wp\/v2\/product\/39354","targetHints":{"allow":["GET"]}}],"collection":[{"href":"https:\/\/collectin.eu\/en\/wp-json\/wp\/v2\/product"}],"about":[{"href":"https:\/\/collectin.eu\/en\/wp-json\/wp\/v2\/types\/product"}],"replies":[{"embeddable":true,"href":"https:\/\/collectin.eu\/en\/wp-json\/wp\/v2\/comments?post=39354"}],"version-history":[{"count":3,"href":"https:\/\/collectin.eu\/en\/wp-json\/wp\/v2\/product\/39354\/revisions"}],"predecessor-version":[{"id":40439,"href":"https:\/\/collectin.eu\/en\/wp-json\/wp\/v2\/product\/39354\/revisions\/40439"}],"wp:featuredmedia":[{"embeddable":true,"href":"https:\/\/collectin.eu\/en\/wp-json\/wp\/v2\/media\/39355"}],"wp:attachment":[{"href":"https:\/\/collectin.eu\/en\/wp-json\/wp\/v2\/media?parent=39354"}],"wp:term":[{"taxonomy":"product_brand","embeddable":true,"href":"https:\/\/collectin.eu\/en\/wp-json\/wp\/v2\/product_brand?post=39354"},{"taxonomy":"product_cat","embeddable":true,"href":"https:\/\/collectin.eu\/en\/wp-json\/wp\/v2\/product_cat?post=39354"},{"taxonomy":"product_tag","embeddable":true,"href":"https:\/\/collectin.eu\/en\/wp-json\/wp\/v2\/product_tag?post=39354"}],"curies":[{"name":"wp","href":"https:\/\/api.w.org\/{rel}","templated":true}]}}