{"id":39360,"date":"2026-01-20T08:25:01","date_gmt":"2026-01-20T08:25:01","guid":{"rendered":"https:\/\/collectin.eu\/?post_type=product&#038;p=39360"},"modified":"2026-04-08T10:23:57","modified_gmt":"2026-04-08T10:23:57","slug":"lego-71434-soda-jungle-priemoniu-rinkinys","status":"publish","type":"product","link":"https:\/\/collectin.eu\/en\/product\/lego-71434-soda-jungle-priemoniu-rinkinys\/","title":{"rendered":"LEGO\u00ae 71434 Soda Jungle Maker Set"},"content":{"rendered":"<p>Nor\u0117dami \u017eaisti interaktyviai prie \u0161io \u017eaidimo rinkinio prid\u0117kite \u201eLEGO\u00ae Mario\u2122\u201c, \u201eLEGO\u00ae Luigi\u2122\u201c ar \u201eLEGO\u00ae Peach\u2122\u201c fig\u016br\u0117l\u0119 (i\u0161 atskirai parduodamo 71439, 71440 arba 71441 rinkinio). U\u017edirbkite skaitmenini\u0173 monet\u0173 u\u017e jodin\u0117jim\u0105 ant Wiggler, Pink Shy Guy nuvertim\u0105, nuod\u0173 pelk\u0117s perplaukim\u0105 plaustu ir ne tik.<\/p>\n<p>\u0160is pritaikomas vaikams skirtas \u017eaislas puikiai tinka \u017eaisti savaranki\u0161kai arba grup\u0117je. Konstravimo instrukcijas rasite d\u0117\u017eut\u0117je arba \u201eLEGO Super Mario\u201c program\u0117l\u0117je, kurioje taip pat yra i\u0161rading\u0173 konstravimo ir \u017eaidimo id\u0117j\u0173.<\/p>\n<ul>\n<li>Smagus \u201eNintendo\u00ae\u201c persona\u017e\u0173 \u017eaidimo rinkinys \u2013 leiskite vaikams kurti ir pritaikyti konstruojamus nuotykius su spalvingu \u201eLEGO\u00ae Super Mario\u2122\u201c Soda Jungle priemoni\u0173 rinkiniu<\/li>\n<li>Rinkinyje yra 3 konstruojamos \u201eLEGO\u00ae Super Mario\u2122\u201c fig\u016br\u0117l\u0117s \u2013 Pink Shy Guy, Wiggler ir Piranha Plant<\/li>\n<li>Pritaikomas \u017eaidimo rinkinys \u2013 su tinkinimo ma\u0161ina, leid\u017eian\u010dia pasirinkti dviej\u0173 ? blokeli\u0173 si\u016blomus apdovanojimus, grei\u010dio vamzd\u017eiu grei\u010dio i\u0161\u0161\u016bkiams, plaustu, lau\u017eu ir d\u017eiungli\u0173 elementais<\/li>\n<\/ul>","protected":false},"excerpt":{"rendered":"<p>Nor\u0117dami \u017eaisti interaktyviai prie \u0161io \u017eaidimo rinkinio prid\u0117kite \u201eLEGO\u00ae Mario\u2122\u201c, \u201eLEGO\u00ae Luigi\u2122\u201c ar \u201eLEGO\u00ae Peach\u2122\u201c fig\u016br\u0117l\u0119 (i\u0161 atskirai parduodamo 71439,<\/p>","protected":false},"featured_media":39361,"comment_status":"open","ping_status":"closed","template":"","meta":[],"product_brand":[423],"product_cat":[677,406,531],"product_tag":[],"class_list":{"0":"post-39360","1":"product","2":"type-product","3":"status-publish","4":"has-post-thumbnail","6":"product_brand-lego","7":"product_cat-lego-konstruktoriai","8":"product_cat-lego","9":"product_cat-lego-super-mario","11":"first","12":"instock","13":"taxable","14":"shipping-taxable","15":"purchasable","16":"product-type-simple"},"yoast_head":"<!-- This site is optimized with the Yoast SEO plugin v25.9 - https:\/\/yoast.com\/wordpress\/plugins\/seo\/ -->\n<title>LEGO\u00ae 71434 Soda Jungle Maker Set - Collectin.eu<\/title>\n<meta name=\"description\" content=\"Su \u201eLEGO\u00ae Super Mario\u2122\u201c Soda Jungle priemoni\u0173 rinkiniu (71434) suteikite vaikams visk\u0105, ko reikia savo konstruojamiems nuotykiams sukurti ir pritaikyti.\" \/>\n<meta name=\"robots\" content=\"index, follow, max-snippet:-1, max-image-preview:large, max-video-preview:-1\" \/>\n<link rel=\"canonical\" href=\"https:\/\/collectin.eu\/en\/product\/lego-71434-soda-jungle-priemoniu-rinkinys\/\" \/>\n<meta property=\"og:locale\" content=\"en_US\" \/>\n<meta property=\"og:type\" content=\"article\" \/>\n<meta property=\"og:title\" content=\"LEGO\u00ae 71434 Soda Jungle Maker Set - Collectin.eu\" \/>\n<meta property=\"og:description\" content=\"Su \u201eLEGO\u00ae Super Mario\u2122\u201c Soda Jungle priemoni\u0173 rinkiniu (71434) suteikite vaikams visk\u0105, ko reikia savo konstruojamiems nuotykiams sukurti ir pritaikyti.\" \/>\n<meta property=\"og:url\" content=\"https:\/\/collectin.eu\/en\/product\/lego-71434-soda-jungle-priemoniu-rinkinys\/\" \/>\n<meta property=\"og:site_name\" content=\"Collectin.eu\" \/>\n<meta property=\"article:modified_time\" content=\"2026-04-08T10:23:57+00:00\" \/>\n<meta property=\"og:image\" content=\"http:\/\/collectin.eu\/wp-content\/uploads\/2026\/01\/Untitled-design-2026-01-20T102142.586.png\" \/>\n\t<meta property=\"og:image:width\" content=\"1080\" \/>\n\t<meta property=\"og:image:height\" content=\"1080\" \/>\n\t<meta property=\"og:image:type\" content=\"image\/png\" \/>\n<meta name=\"twitter:card\" content=\"summary_large_image\" \/>\n<meta name=\"twitter:label1\" content=\"Est. reading time\" \/>\n\t<meta name=\"twitter:data1\" content=\"1 minute\" \/>\n<script type=\"application\/ld+json\" class=\"yoast-schema-graph\">{\"@context\":\"https:\/\/schema.org\",\"@graph\":[{\"@type\":\"WebPage\",\"@id\":\"https:\/\/collectin.eu\/produktas\/lego-71434-soda-jungle-priemoniu-rinkinys\/\",\"url\":\"https:\/\/collectin.eu\/produktas\/lego-71434-soda-jungle-priemoniu-rinkinys\/\",\"name\":\"LEGO\u00ae 71434 Soda Jungle Maker Set - Collectin.eu\",\"isPartOf\":{\"@id\":\"https:\/\/collectin.eu\/#website\"},\"primaryImageOfPage\":{\"@id\":\"https:\/\/collectin.eu\/produktas\/lego-71434-soda-jungle-priemoniu-rinkinys\/#primaryimage\"},\"image\":{\"@id\":\"https:\/\/collectin.eu\/produktas\/lego-71434-soda-jungle-priemoniu-rinkinys\/#primaryimage\"},\"thumbnailUrl\":\"https:\/\/collectin.eu\/wp-content\/uploads\/2026\/01\/Untitled-design-2026-01-20T102142.586.png\",\"datePublished\":\"2026-01-20T08:25:01+00:00\",\"dateModified\":\"2026-04-08T10:23:57+00:00\",\"description\":\"Su \u201eLEGO\u00ae Super Mario\u2122\u201c Soda Jungle priemoni\u0173 rinkiniu (71434) suteikite vaikams visk\u0105, ko reikia savo konstruojamiems nuotykiams sukurti ir pritaikyti.\",\"breadcrumb\":{\"@id\":\"https:\/\/collectin.eu\/produktas\/lego-71434-soda-jungle-priemoniu-rinkinys\/#breadcrumb\"},\"inLanguage\":\"en-US\",\"potentialAction\":[{\"@type\":\"ReadAction\",\"target\":[\"https:\/\/collectin.eu\/produktas\/lego-71434-soda-jungle-priemoniu-rinkinys\/\"]}]},{\"@type\":\"ImageObject\",\"inLanguage\":\"en-US\",\"@id\":\"https:\/\/collectin.eu\/produktas\/lego-71434-soda-jungle-priemoniu-rinkinys\/#primaryimage\",\"url\":\"https:\/\/collectin.eu\/wp-content\/uploads\/2026\/01\/Untitled-design-2026-01-20T102142.586.png\",\"contentUrl\":\"https:\/\/collectin.eu\/wp-content\/uploads\/2026\/01\/Untitled-design-2026-01-20T102142.586.png\",\"width\":1080,\"height\":1080},{\"@type\":\"BreadcrumbList\",\"@id\":\"https:\/\/collectin.eu\/produktas\/lego-71434-soda-jungle-priemoniu-rinkinys\/#breadcrumb\",\"itemListElement\":[{\"@type\":\"ListItem\",\"position\":1,\"name\":\"Home\",\"item\":\"https:\/\/collectin.eu\/\"},{\"@type\":\"ListItem\",\"position\":2,\"name\":\"Parduotuv\u0117\",\"item\":\"https:\/\/collectin.eu\/parduotuve\/\"},{\"@type\":\"ListItem\",\"position\":3,\"name\":\"LEGO\u00ae 71434 Soda Jungle Maker Set\"}]},{\"@type\":\"WebSite\",\"@id\":\"https:\/\/collectin.eu\/#website\",\"url\":\"https:\/\/collectin.eu\/\",\"name\":\"Collectin.eu\",\"description\":\"\",\"potentialAction\":[{\"@type\":\"SearchAction\",\"target\":{\"@type\":\"EntryPoint\",\"urlTemplate\":\"https:\/\/collectin.eu\/?s={search_term_string}\"},\"query-input\":{\"@type\":\"PropertyValueSpecification\",\"valueRequired\":true,\"valueName\":\"search_term_string\"}}],\"inLanguage\":\"en-US\"}]}<\/script>\n<!-- \/ Yoast SEO plugin. -->","yoast_head_json":{"title":"LEGO\u00ae 71434 Soda Jungle Maker Set - Collectin.eu","description":"Su \u201eLEGO\u00ae Super Mario\u2122\u201c Soda Jungle priemoni\u0173 rinkiniu (71434) suteikite vaikams visk\u0105, ko reikia savo konstruojamiems nuotykiams sukurti ir pritaikyti.","robots":{"index":"index","follow":"follow","max-snippet":"max-snippet:-1","max-image-preview":"max-image-preview:large","max-video-preview":"max-video-preview:-1"},"canonical":"https:\/\/collectin.eu\/en\/product\/lego-71434-soda-jungle-priemoniu-rinkinys\/","og_locale":"en_US","og_type":"article","og_title":"LEGO\u00ae 71434 Soda Jungle Maker Set - Collectin.eu","og_description":"Su \u201eLEGO\u00ae Super Mario\u2122\u201c Soda Jungle priemoni\u0173 rinkiniu (71434) suteikite vaikams visk\u0105, ko reikia savo konstruojamiems nuotykiams sukurti ir pritaikyti.","og_url":"https:\/\/collectin.eu\/en\/product\/lego-71434-soda-jungle-priemoniu-rinkinys\/","og_site_name":"Collectin.eu","article_modified_time":"2026-04-08T10:23:57+00:00","og_image":[{"width":1080,"height":1080,"url":"http:\/\/collectin.eu\/wp-content\/uploads\/2026\/01\/Untitled-design-2026-01-20T102142.586.png","type":"image\/png"}],"twitter_card":"summary_large_image","twitter_misc":{"Est. reading time":"1 minute"},"schema":{"@context":"https:\/\/schema.org","@graph":[{"@type":"WebPage","@id":"https:\/\/collectin.eu\/produktas\/lego-71434-soda-jungle-priemoniu-rinkinys\/","url":"https:\/\/collectin.eu\/produktas\/lego-71434-soda-jungle-priemoniu-rinkinys\/","name":"LEGO\u00ae 71434 Soda Jungle Maker Set - Collectin.eu","isPartOf":{"@id":"https:\/\/collectin.eu\/#website"},"primaryImageOfPage":{"@id":"https:\/\/collectin.eu\/produktas\/lego-71434-soda-jungle-priemoniu-rinkinys\/#primaryimage"},"image":{"@id":"https:\/\/collectin.eu\/produktas\/lego-71434-soda-jungle-priemoniu-rinkinys\/#primaryimage"},"thumbnailUrl":"https:\/\/collectin.eu\/wp-content\/uploads\/2026\/01\/Untitled-design-2026-01-20T102142.586.png","datePublished":"2026-01-20T08:25:01+00:00","dateModified":"2026-04-08T10:23:57+00:00","description":"Su \u201eLEGO\u00ae Super Mario\u2122\u201c Soda Jungle priemoni\u0173 rinkiniu (71434) suteikite vaikams visk\u0105, ko reikia savo konstruojamiems nuotykiams sukurti ir pritaikyti.","breadcrumb":{"@id":"https:\/\/collectin.eu\/produktas\/lego-71434-soda-jungle-priemoniu-rinkinys\/#breadcrumb"},"inLanguage":"en-US","potentialAction":[{"@type":"ReadAction","target":["https:\/\/collectin.eu\/produktas\/lego-71434-soda-jungle-priemoniu-rinkinys\/"]}]},{"@type":"ImageObject","inLanguage":"en-US","@id":"https:\/\/collectin.eu\/produktas\/lego-71434-soda-jungle-priemoniu-rinkinys\/#primaryimage","url":"https:\/\/collectin.eu\/wp-content\/uploads\/2026\/01\/Untitled-design-2026-01-20T102142.586.png","contentUrl":"https:\/\/collectin.eu\/wp-content\/uploads\/2026\/01\/Untitled-design-2026-01-20T102142.586.png","width":1080,"height":1080},{"@type":"BreadcrumbList","@id":"https:\/\/collectin.eu\/produktas\/lego-71434-soda-jungle-priemoniu-rinkinys\/#breadcrumb","itemListElement":[{"@type":"ListItem","position":1,"name":"Home","item":"https:\/\/collectin.eu\/"},{"@type":"ListItem","position":2,"name":"Parduotuv\u0117","item":"https:\/\/collectin.eu\/parduotuve\/"},{"@type":"ListItem","position":3,"name":"LEGO\u00ae 71434 Soda Jungle Maker Set"}]},{"@type":"WebSite","@id":"https:\/\/collectin.eu\/#website","url":"https:\/\/collectin.eu\/","name":"Collectin.eu","description":"","potentialAction":[{"@type":"SearchAction","target":{"@type":"EntryPoint","urlTemplate":"https:\/\/collectin.eu\/?s={search_term_string}"},"query-input":{"@type":"PropertyValueSpecification","valueRequired":true,"valueName":"search_term_string"}}],"inLanguage":"en-US"}]}},"jetpack_sharing_enabled":true,"_links":{"self":[{"href":"https:\/\/collectin.eu\/en\/wp-json\/wp\/v2\/product\/39360","targetHints":{"allow":["GET"]}}],"collection":[{"href":"https:\/\/collectin.eu\/en\/wp-json\/wp\/v2\/product"}],"about":[{"href":"https:\/\/collectin.eu\/en\/wp-json\/wp\/v2\/types\/product"}],"replies":[{"embeddable":true,"href":"https:\/\/collectin.eu\/en\/wp-json\/wp\/v2\/comments?post=39360"}],"version-history":[{"count":3,"href":"https:\/\/collectin.eu\/en\/wp-json\/wp\/v2\/product\/39360\/revisions"}],"predecessor-version":[{"id":40437,"href":"https:\/\/collectin.eu\/en\/wp-json\/wp\/v2\/product\/39360\/revisions\/40437"}],"wp:featuredmedia":[{"embeddable":true,"href":"https:\/\/collectin.eu\/en\/wp-json\/wp\/v2\/media\/39361"}],"wp:attachment":[{"href":"https:\/\/collectin.eu\/en\/wp-json\/wp\/v2\/media?parent=39360"}],"wp:term":[{"taxonomy":"product_brand","embeddable":true,"href":"https:\/\/collectin.eu\/en\/wp-json\/wp\/v2\/product_brand?post=39360"},{"taxonomy":"product_cat","embeddable":true,"href":"https:\/\/collectin.eu\/en\/wp-json\/wp\/v2\/product_cat?post=39360"},{"taxonomy":"product_tag","embeddable":true,"href":"https:\/\/collectin.eu\/en\/wp-json\/wp\/v2\/product_tag?post=39360"}],"curies":[{"name":"wp","href":"https:\/\/api.w.org\/{rel}","templated":true}]}}