{"id":39370,"date":"2026-01-27T02:36:26","date_gmt":"2026-01-27T02:36:26","guid":{"rendered":"https:\/\/collectin.eu\/?post_type=product&#038;p=39370"},"modified":"2026-04-08T10:28:24","modified_gmt":"2026-04-08T10:28:24","slug":"2025-pokemon-m24-en-pikachu","status":"publish","type":"product","link":"https:\/\/collectin.eu\/en\/product\/2025-pokemon-m24-en-pikachu\/","title":{"rendered":"2025 Pokemon M24 EN Pikachu"},"content":{"rendered":"<p>The 2025 Pok\u00e9mon M24 EN Pikachu #002 PSA 9 is an official Pok\u00e9mon Trading Card Game (TCG) collectible card from the 2025 McDonald\u2019s M24 Collection promo series. This English-language (EN) edition has been professionally graded and encapsulated by PSA in the 9 (Mint) category, signifying that the card is in superb, near-perfect condition with only minimal flaws.\n\nFeaturing the iconic Pikachu\u2014the world's most famous Pok\u00e9mon\u2014this promo card was distributed exclusively through the McDonald\u2019s Happy Meal campaign as part of a 15-card limited set. Due to its restricted distribution and immense popularity, it has become a highly sought-after piece for collectors. PSA certification guarantees both the authenticity and the specific condition level of the card, making PSA 9 specimens a reliable choice in the secondary market, where their value is driven by current market supply and demand.<\/p>","protected":false},"excerpt":{"rendered":"<p>2025 Pok\u00e9mon M24 EN Pikachu #002 PSA 9 \u2013 tai oficiali kolekcin\u0117 Pok\u00e9mon Trading Card Game (TCG) korta i\u0161 2025<\/p>","protected":false},"featured_media":39371,"comment_status":"open","ping_status":"closed","template":"","meta":[],"product_brand":[430],"product_cat":[679,407,483],"product_tag":[],"class_list":{"0":"post-39370","1":"product","2":"type-product","3":"status-publish","4":"has-post-thumbnail","6":"product_brand-pokemon","7":"product_cat-kolekcines-korteles","8":"product_cat-pokemon","9":"product_cat-graded","11":"first","12":"instock","13":"taxable","14":"shipping-taxable","15":"purchasable","16":"product-type-simple"},"yoast_head":"<!-- This site is optimized with the Yoast SEO plugin v25.9 - https:\/\/yoast.com\/wordpress\/plugins\/seo\/ -->\n<title>2025 Pokemon M24 EN Pikachu - Collectin.eu<\/title>\n<meta name=\"description\" content=\"2025 Pok\u00e9mon M24 EN Pikachu #002 PSA 9 yra oficiali Pok\u00e9mon Trading Card Game (TCG) kolekcin\u0117 korta i\u0161 2025 m. McDonald\u2019s M24 Collection promo rinkinio.\" \/>\n<meta name=\"robots\" content=\"index, follow, max-snippet:-1, max-image-preview:large, max-video-preview:-1\" \/>\n<link rel=\"canonical\" href=\"https:\/\/collectin.eu\/en\/product\/2025-pokemon-m24-en-pikachu\/\" \/>\n<meta property=\"og:locale\" content=\"en_US\" \/>\n<meta property=\"og:type\" content=\"article\" \/>\n<meta property=\"og:title\" content=\"2025 Pokemon M24 EN Pikachu - Collectin.eu\" \/>\n<meta property=\"og:description\" content=\"2025 Pok\u00e9mon M24 EN Pikachu #002 PSA 9 yra oficiali Pok\u00e9mon Trading Card Game (TCG) kolekcin\u0117 korta i\u0161 2025 m. McDonald\u2019s M24 Collection promo rinkinio.\" \/>\n<meta property=\"og:url\" content=\"https:\/\/collectin.eu\/en\/product\/2025-pokemon-m24-en-pikachu\/\" \/>\n<meta property=\"og:site_name\" content=\"Collectin.eu\" \/>\n<meta property=\"article:modified_time\" content=\"2026-04-08T10:28:24+00:00\" \/>\n<meta property=\"og:image\" content=\"http:\/\/collectin.eu\/wp-content\/uploads\/2026\/01\/Untitled-design-2026-01-27T043326.153.png\" \/>\n\t<meta property=\"og:image:width\" content=\"1080\" \/>\n\t<meta property=\"og:image:height\" content=\"1080\" \/>\n\t<meta property=\"og:image:type\" content=\"image\/png\" \/>\n<meta name=\"twitter:card\" content=\"summary_large_image\" \/>\n<meta name=\"twitter:label1\" content=\"Est. reading time\" \/>\n\t<meta name=\"twitter:data1\" content=\"1 minute\" \/>\n<script type=\"application\/ld+json\" class=\"yoast-schema-graph\">{\"@context\":\"https:\/\/schema.org\",\"@graph\":[{\"@type\":\"WebPage\",\"@id\":\"https:\/\/collectin.eu\/produktas\/2025-pokemon-m24-en-pikachu\/\",\"url\":\"https:\/\/collectin.eu\/produktas\/2025-pokemon-m24-en-pikachu\/\",\"name\":\"2025 Pokemon M24 EN Pikachu - Collectin.eu\",\"isPartOf\":{\"@id\":\"https:\/\/collectin.eu\/#website\"},\"primaryImageOfPage\":{\"@id\":\"https:\/\/collectin.eu\/produktas\/2025-pokemon-m24-en-pikachu\/#primaryimage\"},\"image\":{\"@id\":\"https:\/\/collectin.eu\/produktas\/2025-pokemon-m24-en-pikachu\/#primaryimage\"},\"thumbnailUrl\":\"https:\/\/collectin.eu\/wp-content\/uploads\/2026\/01\/Untitled-design-2026-01-27T043326.153.png\",\"datePublished\":\"2026-01-27T02:36:26+00:00\",\"dateModified\":\"2026-04-08T10:28:24+00:00\",\"description\":\"2025 Pok\u00e9mon M24 EN Pikachu #002 PSA 9 yra oficiali Pok\u00e9mon Trading Card Game (TCG) kolekcin\u0117 korta i\u0161 2025 m. McDonald\u2019s M24 Collection promo rinkinio.\",\"breadcrumb\":{\"@id\":\"https:\/\/collectin.eu\/produktas\/2025-pokemon-m24-en-pikachu\/#breadcrumb\"},\"inLanguage\":\"en-US\",\"potentialAction\":[{\"@type\":\"ReadAction\",\"target\":[\"https:\/\/collectin.eu\/produktas\/2025-pokemon-m24-en-pikachu\/\"]}]},{\"@type\":\"ImageObject\",\"inLanguage\":\"en-US\",\"@id\":\"https:\/\/collectin.eu\/produktas\/2025-pokemon-m24-en-pikachu\/#primaryimage\",\"url\":\"https:\/\/collectin.eu\/wp-content\/uploads\/2026\/01\/Untitled-design-2026-01-27T043326.153.png\",\"contentUrl\":\"https:\/\/collectin.eu\/wp-content\/uploads\/2026\/01\/Untitled-design-2026-01-27T043326.153.png\",\"width\":1080,\"height\":1080},{\"@type\":\"BreadcrumbList\",\"@id\":\"https:\/\/collectin.eu\/produktas\/2025-pokemon-m24-en-pikachu\/#breadcrumb\",\"itemListElement\":[{\"@type\":\"ListItem\",\"position\":1,\"name\":\"Home\",\"item\":\"https:\/\/collectin.eu\/\"},{\"@type\":\"ListItem\",\"position\":2,\"name\":\"Parduotuv\u0117\",\"item\":\"https:\/\/collectin.eu\/parduotuve\/\"},{\"@type\":\"ListItem\",\"position\":3,\"name\":\"2025 Pokemon M24 EN Pikachu\"}]},{\"@type\":\"WebSite\",\"@id\":\"https:\/\/collectin.eu\/#website\",\"url\":\"https:\/\/collectin.eu\/\",\"name\":\"Collectin.eu\",\"description\":\"\",\"potentialAction\":[{\"@type\":\"SearchAction\",\"target\":{\"@type\":\"EntryPoint\",\"urlTemplate\":\"https:\/\/collectin.eu\/?s={search_term_string}\"},\"query-input\":{\"@type\":\"PropertyValueSpecification\",\"valueRequired\":true,\"valueName\":\"search_term_string\"}}],\"inLanguage\":\"en-US\"}]}<\/script>\n<!-- \/ Yoast SEO plugin. -->","yoast_head_json":{"title":"2025 Pokemon M24 EN Pikachu - Collectin.eu","description":"2025 Pok\u00e9mon M24 EN Pikachu #002 PSA 9 yra oficiali Pok\u00e9mon Trading Card Game (TCG) kolekcin\u0117 korta i\u0161 2025 m. McDonald\u2019s M24 Collection promo rinkinio.","robots":{"index":"index","follow":"follow","max-snippet":"max-snippet:-1","max-image-preview":"max-image-preview:large","max-video-preview":"max-video-preview:-1"},"canonical":"https:\/\/collectin.eu\/en\/product\/2025-pokemon-m24-en-pikachu\/","og_locale":"en_US","og_type":"article","og_title":"2025 Pokemon M24 EN Pikachu - Collectin.eu","og_description":"2025 Pok\u00e9mon M24 EN Pikachu #002 PSA 9 yra oficiali Pok\u00e9mon Trading Card Game (TCG) kolekcin\u0117 korta i\u0161 2025 m. McDonald\u2019s M24 Collection promo rinkinio.","og_url":"https:\/\/collectin.eu\/en\/product\/2025-pokemon-m24-en-pikachu\/","og_site_name":"Collectin.eu","article_modified_time":"2026-04-08T10:28:24+00:00","og_image":[{"width":1080,"height":1080,"url":"http:\/\/collectin.eu\/wp-content\/uploads\/2026\/01\/Untitled-design-2026-01-27T043326.153.png","type":"image\/png"}],"twitter_card":"summary_large_image","twitter_misc":{"Est. reading time":"1 minute"},"schema":{"@context":"https:\/\/schema.org","@graph":[{"@type":"WebPage","@id":"https:\/\/collectin.eu\/produktas\/2025-pokemon-m24-en-pikachu\/","url":"https:\/\/collectin.eu\/produktas\/2025-pokemon-m24-en-pikachu\/","name":"2025 Pokemon M24 EN Pikachu - Collectin.eu","isPartOf":{"@id":"https:\/\/collectin.eu\/#website"},"primaryImageOfPage":{"@id":"https:\/\/collectin.eu\/produktas\/2025-pokemon-m24-en-pikachu\/#primaryimage"},"image":{"@id":"https:\/\/collectin.eu\/produktas\/2025-pokemon-m24-en-pikachu\/#primaryimage"},"thumbnailUrl":"https:\/\/collectin.eu\/wp-content\/uploads\/2026\/01\/Untitled-design-2026-01-27T043326.153.png","datePublished":"2026-01-27T02:36:26+00:00","dateModified":"2026-04-08T10:28:24+00:00","description":"2025 Pok\u00e9mon M24 EN Pikachu #002 PSA 9 yra oficiali Pok\u00e9mon Trading Card Game (TCG) kolekcin\u0117 korta i\u0161 2025 m. McDonald\u2019s M24 Collection promo rinkinio.","breadcrumb":{"@id":"https:\/\/collectin.eu\/produktas\/2025-pokemon-m24-en-pikachu\/#breadcrumb"},"inLanguage":"en-US","potentialAction":[{"@type":"ReadAction","target":["https:\/\/collectin.eu\/produktas\/2025-pokemon-m24-en-pikachu\/"]}]},{"@type":"ImageObject","inLanguage":"en-US","@id":"https:\/\/collectin.eu\/produktas\/2025-pokemon-m24-en-pikachu\/#primaryimage","url":"https:\/\/collectin.eu\/wp-content\/uploads\/2026\/01\/Untitled-design-2026-01-27T043326.153.png","contentUrl":"https:\/\/collectin.eu\/wp-content\/uploads\/2026\/01\/Untitled-design-2026-01-27T043326.153.png","width":1080,"height":1080},{"@type":"BreadcrumbList","@id":"https:\/\/collectin.eu\/produktas\/2025-pokemon-m24-en-pikachu\/#breadcrumb","itemListElement":[{"@type":"ListItem","position":1,"name":"Home","item":"https:\/\/collectin.eu\/"},{"@type":"ListItem","position":2,"name":"Parduotuv\u0117","item":"https:\/\/collectin.eu\/parduotuve\/"},{"@type":"ListItem","position":3,"name":"2025 Pokemon M24 EN Pikachu"}]},{"@type":"WebSite","@id":"https:\/\/collectin.eu\/#website","url":"https:\/\/collectin.eu\/","name":"Collectin.eu","description":"","potentialAction":[{"@type":"SearchAction","target":{"@type":"EntryPoint","urlTemplate":"https:\/\/collectin.eu\/?s={search_term_string}"},"query-input":{"@type":"PropertyValueSpecification","valueRequired":true,"valueName":"search_term_string"}}],"inLanguage":"en-US"}]}},"jetpack_sharing_enabled":true,"_links":{"self":[{"href":"https:\/\/collectin.eu\/en\/wp-json\/wp\/v2\/product\/39370","targetHints":{"allow":["GET"]}}],"collection":[{"href":"https:\/\/collectin.eu\/en\/wp-json\/wp\/v2\/product"}],"about":[{"href":"https:\/\/collectin.eu\/en\/wp-json\/wp\/v2\/types\/product"}],"replies":[{"embeddable":true,"href":"https:\/\/collectin.eu\/en\/wp-json\/wp\/v2\/comments?post=39370"}],"version-history":[{"count":2,"href":"https:\/\/collectin.eu\/en\/wp-json\/wp\/v2\/product\/39370\/revisions"}],"predecessor-version":[{"id":40282,"href":"https:\/\/collectin.eu\/en\/wp-json\/wp\/v2\/product\/39370\/revisions\/40282"}],"wp:featuredmedia":[{"embeddable":true,"href":"https:\/\/collectin.eu\/en\/wp-json\/wp\/v2\/media\/39371"}],"wp:attachment":[{"href":"https:\/\/collectin.eu\/en\/wp-json\/wp\/v2\/media?parent=39370"}],"wp:term":[{"taxonomy":"product_brand","embeddable":true,"href":"https:\/\/collectin.eu\/en\/wp-json\/wp\/v2\/product_brand?post=39370"},{"taxonomy":"product_cat","embeddable":true,"href":"https:\/\/collectin.eu\/en\/wp-json\/wp\/v2\/product_cat?post=39370"},{"taxonomy":"product_tag","embeddable":true,"href":"https:\/\/collectin.eu\/en\/wp-json\/wp\/v2\/product_tag?post=39370"}],"curies":[{"name":"wp","href":"https:\/\/api.w.org\/{rel}","templated":true}]}}