{"id":39375,"date":"2026-01-27T02:41:54","date_gmt":"2026-01-27T02:41:54","guid":{"rendered":"https:\/\/collectin.eu\/?post_type=product&#038;p=39375"},"modified":"2026-04-08T10:28:24","modified_gmt":"2026-04-08T10:28:24","slug":"2024-pokemon-scr-en-raboot","status":"publish","type":"product","link":"https:\/\/collectin.eu\/en\/product\/2024-pokemon-scr-en-raboot\/","title":{"rendered":"2024 Pokemon SCR EN Raboot"},"content":{"rendered":"<p>A PSA 9 (Mint) grade signifies that the card is in superb, near-perfect condition, with only minimal flaws that do not detract from its overall aesthetic brilliance or market value. Designated as card #147 in the set, it features Raboot\u2014the spirited Fire-type Pok\u00e9mon that evolves from Scorbunny and stands as a fan-favorite from the modern Scarlet &amp; Violet era.\n\nPSA certification not only guarantees the card's authenticity but also facilitates easier trading and secure long-term storage due to its globally recognized condition classification. PSA 9 specimens are highly liquid in the secondary market, with historical data showing that realized prices typically fluctuate between fair market value and premium offers, driven by current supply and demand.<\/p>","protected":false},"excerpt":{"rendered":"<p>PSA 9 \u012fvertinimas rei\u0161kia, kad korta yra labai geros b\u016bkl\u0117s, beveik tobulos, su minimaliais sutrikimais, kurie nepaveik\u0117 bendros estetikos ar<\/p>","protected":false},"featured_media":39376,"comment_status":"open","ping_status":"closed","template":"","meta":[],"product_brand":[430],"product_cat":[679,407,483],"product_tag":[],"class_list":{"0":"post-39375","1":"product","2":"type-product","3":"status-publish","4":"has-post-thumbnail","6":"product_brand-pokemon","7":"product_cat-kolekcines-korteles","8":"product_cat-pokemon","9":"product_cat-graded","11":"first","12":"instock","13":"taxable","14":"shipping-taxable","15":"purchasable","16":"product-type-simple"},"yoast_head":"<!-- This site is optimized with the Yoast SEO plugin v25.9 - https:\/\/yoast.com\/wordpress\/plugins\/seo\/ -->\n<title>2024 Pokemon SCR EN Raboot - Collectin.eu<\/title>\n<meta name=\"description\" content=\"2024 Pok\u00e9mon SCR EN Raboot #147 PSA 9 yra oficiali kolekcin\u0117 Pok\u00e9mon Trading Card Game (TCG) korta i\u0161 2024 m. Scarlet &amp; Violet: Stellar Crown rinkinio.\" \/>\n<meta name=\"robots\" content=\"index, follow, max-snippet:-1, max-image-preview:large, max-video-preview:-1\" \/>\n<link rel=\"canonical\" href=\"https:\/\/collectin.eu\/en\/product\/2024-pokemon-scr-en-raboot\/\" \/>\n<meta property=\"og:locale\" content=\"en_US\" \/>\n<meta property=\"og:type\" content=\"article\" \/>\n<meta property=\"og:title\" content=\"2024 Pokemon SCR EN Raboot - Collectin.eu\" \/>\n<meta property=\"og:description\" content=\"2024 Pok\u00e9mon SCR EN Raboot #147 PSA 9 yra oficiali kolekcin\u0117 Pok\u00e9mon Trading Card Game (TCG) korta i\u0161 2024 m. Scarlet &amp; Violet: Stellar Crown rinkinio.\" \/>\n<meta property=\"og:url\" content=\"https:\/\/collectin.eu\/en\/product\/2024-pokemon-scr-en-raboot\/\" \/>\n<meta property=\"og:site_name\" content=\"Collectin.eu\" \/>\n<meta property=\"article:modified_time\" content=\"2026-04-08T10:28:24+00:00\" \/>\n<meta property=\"og:image\" content=\"http:\/\/collectin.eu\/wp-content\/uploads\/2026\/01\/Untitled-design-2026-01-27T043844.571.png\" \/>\n\t<meta property=\"og:image:width\" content=\"1080\" \/>\n\t<meta property=\"og:image:height\" content=\"1080\" \/>\n\t<meta property=\"og:image:type\" content=\"image\/png\" \/>\n<meta name=\"twitter:card\" content=\"summary_large_image\" \/>\n<meta name=\"twitter:label1\" content=\"Est. reading time\" \/>\n\t<meta name=\"twitter:data1\" content=\"1 minute\" \/>\n<script type=\"application\/ld+json\" class=\"yoast-schema-graph\">{\"@context\":\"https:\/\/schema.org\",\"@graph\":[{\"@type\":\"WebPage\",\"@id\":\"https:\/\/collectin.eu\/produktas\/2024-pokemon-scr-en-raboot\/\",\"url\":\"https:\/\/collectin.eu\/produktas\/2024-pokemon-scr-en-raboot\/\",\"name\":\"2024 Pokemon SCR EN Raboot - Collectin.eu\",\"isPartOf\":{\"@id\":\"https:\/\/collectin.eu\/#website\"},\"primaryImageOfPage\":{\"@id\":\"https:\/\/collectin.eu\/produktas\/2024-pokemon-scr-en-raboot\/#primaryimage\"},\"image\":{\"@id\":\"https:\/\/collectin.eu\/produktas\/2024-pokemon-scr-en-raboot\/#primaryimage\"},\"thumbnailUrl\":\"https:\/\/collectin.eu\/wp-content\/uploads\/2026\/01\/Untitled-design-2026-01-27T043844.571.png\",\"datePublished\":\"2026-01-27T02:41:54+00:00\",\"dateModified\":\"2026-04-08T10:28:24+00:00\",\"description\":\"2024 Pok\u00e9mon SCR EN Raboot #147 PSA 9 yra oficiali kolekcin\u0117 Pok\u00e9mon Trading Card Game (TCG) korta i\u0161 2024 m. Scarlet & Violet: Stellar Crown rinkinio.\",\"breadcrumb\":{\"@id\":\"https:\/\/collectin.eu\/produktas\/2024-pokemon-scr-en-raboot\/#breadcrumb\"},\"inLanguage\":\"en-US\",\"potentialAction\":[{\"@type\":\"ReadAction\",\"target\":[\"https:\/\/collectin.eu\/produktas\/2024-pokemon-scr-en-raboot\/\"]}]},{\"@type\":\"ImageObject\",\"inLanguage\":\"en-US\",\"@id\":\"https:\/\/collectin.eu\/produktas\/2024-pokemon-scr-en-raboot\/#primaryimage\",\"url\":\"https:\/\/collectin.eu\/wp-content\/uploads\/2026\/01\/Untitled-design-2026-01-27T043844.571.png\",\"contentUrl\":\"https:\/\/collectin.eu\/wp-content\/uploads\/2026\/01\/Untitled-design-2026-01-27T043844.571.png\",\"width\":1080,\"height\":1080},{\"@type\":\"BreadcrumbList\",\"@id\":\"https:\/\/collectin.eu\/produktas\/2024-pokemon-scr-en-raboot\/#breadcrumb\",\"itemListElement\":[{\"@type\":\"ListItem\",\"position\":1,\"name\":\"Home\",\"item\":\"https:\/\/collectin.eu\/\"},{\"@type\":\"ListItem\",\"position\":2,\"name\":\"Parduotuv\u0117\",\"item\":\"https:\/\/collectin.eu\/parduotuve\/\"},{\"@type\":\"ListItem\",\"position\":3,\"name\":\"2024 Pokemon SCR EN Raboot\"}]},{\"@type\":\"WebSite\",\"@id\":\"https:\/\/collectin.eu\/#website\",\"url\":\"https:\/\/collectin.eu\/\",\"name\":\"Collectin.eu\",\"description\":\"\",\"potentialAction\":[{\"@type\":\"SearchAction\",\"target\":{\"@type\":\"EntryPoint\",\"urlTemplate\":\"https:\/\/collectin.eu\/?s={search_term_string}\"},\"query-input\":{\"@type\":\"PropertyValueSpecification\",\"valueRequired\":true,\"valueName\":\"search_term_string\"}}],\"inLanguage\":\"en-US\"}]}<\/script>\n<!-- \/ Yoast SEO plugin. -->","yoast_head_json":{"title":"2024 Pokemon SCR EN Raboot - Collectin.eu","description":"2024 Pok\u00e9mon SCR EN Raboot #147 PSA 9 yra oficiali kolekcin\u0117 Pok\u00e9mon Trading Card Game (TCG) korta i\u0161 2024 m. Scarlet & Violet: Stellar Crown rinkinio.","robots":{"index":"index","follow":"follow","max-snippet":"max-snippet:-1","max-image-preview":"max-image-preview:large","max-video-preview":"max-video-preview:-1"},"canonical":"https:\/\/collectin.eu\/en\/product\/2024-pokemon-scr-en-raboot\/","og_locale":"en_US","og_type":"article","og_title":"2024 Pokemon SCR EN Raboot - Collectin.eu","og_description":"2024 Pok\u00e9mon SCR EN Raboot #147 PSA 9 yra oficiali kolekcin\u0117 Pok\u00e9mon Trading Card Game (TCG) korta i\u0161 2024 m. Scarlet & Violet: Stellar Crown rinkinio.","og_url":"https:\/\/collectin.eu\/en\/product\/2024-pokemon-scr-en-raboot\/","og_site_name":"Collectin.eu","article_modified_time":"2026-04-08T10:28:24+00:00","og_image":[{"width":1080,"height":1080,"url":"http:\/\/collectin.eu\/wp-content\/uploads\/2026\/01\/Untitled-design-2026-01-27T043844.571.png","type":"image\/png"}],"twitter_card":"summary_large_image","twitter_misc":{"Est. reading time":"1 minute"},"schema":{"@context":"https:\/\/schema.org","@graph":[{"@type":"WebPage","@id":"https:\/\/collectin.eu\/produktas\/2024-pokemon-scr-en-raboot\/","url":"https:\/\/collectin.eu\/produktas\/2024-pokemon-scr-en-raboot\/","name":"2024 Pokemon SCR EN Raboot - Collectin.eu","isPartOf":{"@id":"https:\/\/collectin.eu\/#website"},"primaryImageOfPage":{"@id":"https:\/\/collectin.eu\/produktas\/2024-pokemon-scr-en-raboot\/#primaryimage"},"image":{"@id":"https:\/\/collectin.eu\/produktas\/2024-pokemon-scr-en-raboot\/#primaryimage"},"thumbnailUrl":"https:\/\/collectin.eu\/wp-content\/uploads\/2026\/01\/Untitled-design-2026-01-27T043844.571.png","datePublished":"2026-01-27T02:41:54+00:00","dateModified":"2026-04-08T10:28:24+00:00","description":"2024 Pok\u00e9mon SCR EN Raboot #147 PSA 9 yra oficiali kolekcin\u0117 Pok\u00e9mon Trading Card Game (TCG) korta i\u0161 2024 m. Scarlet & Violet: Stellar Crown rinkinio.","breadcrumb":{"@id":"https:\/\/collectin.eu\/produktas\/2024-pokemon-scr-en-raboot\/#breadcrumb"},"inLanguage":"en-US","potentialAction":[{"@type":"ReadAction","target":["https:\/\/collectin.eu\/produktas\/2024-pokemon-scr-en-raboot\/"]}]},{"@type":"ImageObject","inLanguage":"en-US","@id":"https:\/\/collectin.eu\/produktas\/2024-pokemon-scr-en-raboot\/#primaryimage","url":"https:\/\/collectin.eu\/wp-content\/uploads\/2026\/01\/Untitled-design-2026-01-27T043844.571.png","contentUrl":"https:\/\/collectin.eu\/wp-content\/uploads\/2026\/01\/Untitled-design-2026-01-27T043844.571.png","width":1080,"height":1080},{"@type":"BreadcrumbList","@id":"https:\/\/collectin.eu\/produktas\/2024-pokemon-scr-en-raboot\/#breadcrumb","itemListElement":[{"@type":"ListItem","position":1,"name":"Home","item":"https:\/\/collectin.eu\/"},{"@type":"ListItem","position":2,"name":"Parduotuv\u0117","item":"https:\/\/collectin.eu\/parduotuve\/"},{"@type":"ListItem","position":3,"name":"2024 Pokemon SCR EN Raboot"}]},{"@type":"WebSite","@id":"https:\/\/collectin.eu\/#website","url":"https:\/\/collectin.eu\/","name":"Collectin.eu","description":"","potentialAction":[{"@type":"SearchAction","target":{"@type":"EntryPoint","urlTemplate":"https:\/\/collectin.eu\/?s={search_term_string}"},"query-input":{"@type":"PropertyValueSpecification","valueRequired":true,"valueName":"search_term_string"}}],"inLanguage":"en-US"}]}},"jetpack_sharing_enabled":true,"_links":{"self":[{"href":"https:\/\/collectin.eu\/en\/wp-json\/wp\/v2\/product\/39375","targetHints":{"allow":["GET"]}}],"collection":[{"href":"https:\/\/collectin.eu\/en\/wp-json\/wp\/v2\/product"}],"about":[{"href":"https:\/\/collectin.eu\/en\/wp-json\/wp\/v2\/types\/product"}],"replies":[{"embeddable":true,"href":"https:\/\/collectin.eu\/en\/wp-json\/wp\/v2\/comments?post=39375"}],"version-history":[{"count":3,"href":"https:\/\/collectin.eu\/en\/wp-json\/wp\/v2\/product\/39375\/revisions"}],"predecessor-version":[{"id":40283,"href":"https:\/\/collectin.eu\/en\/wp-json\/wp\/v2\/product\/39375\/revisions\/40283"}],"wp:featuredmedia":[{"embeddable":true,"href":"https:\/\/collectin.eu\/en\/wp-json\/wp\/v2\/media\/39376"}],"wp:attachment":[{"href":"https:\/\/collectin.eu\/en\/wp-json\/wp\/v2\/media?parent=39375"}],"wp:term":[{"taxonomy":"product_brand","embeddable":true,"href":"https:\/\/collectin.eu\/en\/wp-json\/wp\/v2\/product_brand?post=39375"},{"taxonomy":"product_cat","embeddable":true,"href":"https:\/\/collectin.eu\/en\/wp-json\/wp\/v2\/product_cat?post=39375"},{"taxonomy":"product_tag","embeddable":true,"href":"https:\/\/collectin.eu\/en\/wp-json\/wp\/v2\/product_tag?post=39375"}],"curies":[{"name":"wp","href":"https:\/\/api.w.org\/{rel}","templated":true}]}}