{"id":39380,"date":"2026-01-27T02:48:02","date_gmt":"2026-01-27T02:48:02","guid":{"rendered":"https:\/\/collectin.eu\/?post_type=product&#038;p=39380"},"modified":"2026-04-08T10:28:23","modified_gmt":"2026-04-08T10:28:23","slug":"2024-pokemon-sfa-en-horsea","status":"publish","type":"product","link":"https:\/\/collectin.eu\/en\/product\/2024-pokemon-sfa-en-horsea\/","title":{"rendered":"2024 Pokemon SFA EN Horsea"},"content":{"rendered":"<p>Designated as card #010 in the set, this Horsea is part of the Shrouded Fable Illustration collection, featuring an extraordinary artistic design highly prized by collectors for its aesthetic brilliance and limited distribution. This English-language (EN) edition depicts the classic Water-type Pok\u00e9mon Horsea, a staple of the beloved Kingdra evolutionary line, in a stunning full-art presentation.\n\nPSA certification guarantees the card's authenticity and provides an objectively verified condition grade. Consequently, PSA 9 specimens are highly attractive for themed Pok\u00e9mon collections, long-term value preservation, and seamless trading in the secondary market. This card perfectly blends nostalgic charm with the high-end production standards of the modern Scarlet &amp; Violet era.<\/p>","protected":false},"excerpt":{"rendered":"<p>ortos numeris rinkinyje yra #010, ji priklauso Shrouded Fable Special Illustration Collection leidimui ir pasi\u017eymi i\u0161skirtiniu meniniu dizainu, kuris yra<\/p>","protected":false},"featured_media":39381,"comment_status":"open","ping_status":"closed","template":"","meta":[],"product_brand":[430],"product_cat":[679,407,483],"product_tag":[],"class_list":{"0":"post-39380","1":"product","2":"type-product","3":"status-publish","4":"has-post-thumbnail","6":"product_brand-pokemon","7":"product_cat-kolekcines-korteles","8":"product_cat-pokemon","9":"product_cat-graded","11":"first","12":"instock","13":"taxable","14":"shipping-taxable","15":"purchasable","16":"product-type-simple"},"yoast_head":"<!-- This site is optimized with the Yoast SEO plugin v25.9 - https:\/\/yoast.com\/wordpress\/plugins\/seo\/ -->\n<title>2024 Pokemon SFA EN Horsea - Collectin.eu<\/title>\n<meta name=\"description\" content=\"2024 Pok\u00e9mon SFA EN Horsea #010 PSA 9 yra oficiali Pok\u00e9mon Trading Card Game (TCG) kolekcin\u0117 korta i\u0161 2024 met\u0173 Scarlet &amp; Violet: Shrouded Fable (SFA) rinkinio\" \/>\n<meta name=\"robots\" content=\"index, follow, max-snippet:-1, max-image-preview:large, max-video-preview:-1\" \/>\n<link rel=\"canonical\" href=\"https:\/\/collectin.eu\/en\/product\/2024-pokemon-sfa-en-horsea\/\" \/>\n<meta property=\"og:locale\" content=\"en_US\" \/>\n<meta property=\"og:type\" content=\"article\" \/>\n<meta property=\"og:title\" content=\"2024 Pokemon SFA EN Horsea - Collectin.eu\" \/>\n<meta property=\"og:description\" content=\"2024 Pok\u00e9mon SFA EN Horsea #010 PSA 9 yra oficiali Pok\u00e9mon Trading Card Game (TCG) kolekcin\u0117 korta i\u0161 2024 met\u0173 Scarlet &amp; Violet: Shrouded Fable (SFA) rinkinio\" \/>\n<meta property=\"og:url\" content=\"https:\/\/collectin.eu\/en\/product\/2024-pokemon-sfa-en-horsea\/\" \/>\n<meta property=\"og:site_name\" content=\"Collectin.eu\" \/>\n<meta property=\"article:modified_time\" content=\"2026-04-08T10:28:23+00:00\" \/>\n<meta property=\"og:image\" content=\"http:\/\/collectin.eu\/wp-content\/uploads\/2026\/01\/Untitled-design-2026-01-27T044435.463.png\" \/>\n\t<meta property=\"og:image:width\" content=\"1080\" \/>\n\t<meta property=\"og:image:height\" content=\"1080\" \/>\n\t<meta property=\"og:image:type\" content=\"image\/png\" \/>\n<meta name=\"twitter:card\" content=\"summary_large_image\" \/>\n<meta name=\"twitter:label1\" content=\"Est. reading time\" \/>\n\t<meta name=\"twitter:data1\" content=\"1 minute\" \/>\n<script type=\"application\/ld+json\" class=\"yoast-schema-graph\">{\"@context\":\"https:\/\/schema.org\",\"@graph\":[{\"@type\":\"WebPage\",\"@id\":\"https:\/\/collectin.eu\/produktas\/2024-pokemon-sfa-en-horsea\/\",\"url\":\"https:\/\/collectin.eu\/produktas\/2024-pokemon-sfa-en-horsea\/\",\"name\":\"2024 Pokemon SFA EN Horsea - Collectin.eu\",\"isPartOf\":{\"@id\":\"https:\/\/collectin.eu\/#website\"},\"primaryImageOfPage\":{\"@id\":\"https:\/\/collectin.eu\/produktas\/2024-pokemon-sfa-en-horsea\/#primaryimage\"},\"image\":{\"@id\":\"https:\/\/collectin.eu\/produktas\/2024-pokemon-sfa-en-horsea\/#primaryimage\"},\"thumbnailUrl\":\"https:\/\/collectin.eu\/wp-content\/uploads\/2026\/01\/Untitled-design-2026-01-27T044435.463.png\",\"datePublished\":\"2026-01-27T02:48:02+00:00\",\"dateModified\":\"2026-04-08T10:28:23+00:00\",\"description\":\"2024 Pok\u00e9mon SFA EN Horsea #010 PSA 9 yra oficiali Pok\u00e9mon Trading Card Game (TCG) kolekcin\u0117 korta i\u0161 2024 met\u0173 Scarlet & Violet: Shrouded Fable (SFA) rinkinio\",\"breadcrumb\":{\"@id\":\"https:\/\/collectin.eu\/produktas\/2024-pokemon-sfa-en-horsea\/#breadcrumb\"},\"inLanguage\":\"en-US\",\"potentialAction\":[{\"@type\":\"ReadAction\",\"target\":[\"https:\/\/collectin.eu\/produktas\/2024-pokemon-sfa-en-horsea\/\"]}]},{\"@type\":\"ImageObject\",\"inLanguage\":\"en-US\",\"@id\":\"https:\/\/collectin.eu\/produktas\/2024-pokemon-sfa-en-horsea\/#primaryimage\",\"url\":\"https:\/\/collectin.eu\/wp-content\/uploads\/2026\/01\/Untitled-design-2026-01-27T044435.463.png\",\"contentUrl\":\"https:\/\/collectin.eu\/wp-content\/uploads\/2026\/01\/Untitled-design-2026-01-27T044435.463.png\",\"width\":1080,\"height\":1080},{\"@type\":\"BreadcrumbList\",\"@id\":\"https:\/\/collectin.eu\/produktas\/2024-pokemon-sfa-en-horsea\/#breadcrumb\",\"itemListElement\":[{\"@type\":\"ListItem\",\"position\":1,\"name\":\"Home\",\"item\":\"https:\/\/collectin.eu\/\"},{\"@type\":\"ListItem\",\"position\":2,\"name\":\"Parduotuv\u0117\",\"item\":\"https:\/\/collectin.eu\/parduotuve\/\"},{\"@type\":\"ListItem\",\"position\":3,\"name\":\"2024 Pokemon SFA EN Horsea\"}]},{\"@type\":\"WebSite\",\"@id\":\"https:\/\/collectin.eu\/#website\",\"url\":\"https:\/\/collectin.eu\/\",\"name\":\"Collectin.eu\",\"description\":\"\",\"potentialAction\":[{\"@type\":\"SearchAction\",\"target\":{\"@type\":\"EntryPoint\",\"urlTemplate\":\"https:\/\/collectin.eu\/?s={search_term_string}\"},\"query-input\":{\"@type\":\"PropertyValueSpecification\",\"valueRequired\":true,\"valueName\":\"search_term_string\"}}],\"inLanguage\":\"en-US\"}]}<\/script>\n<!-- \/ Yoast SEO plugin. -->","yoast_head_json":{"title":"2024 Pokemon SFA EN Horsea - Collectin.eu","description":"2024 Pok\u00e9mon SFA EN Horsea #010 PSA 9 yra oficiali Pok\u00e9mon Trading Card Game (TCG) kolekcin\u0117 korta i\u0161 2024 met\u0173 Scarlet & Violet: Shrouded Fable (SFA) rinkinio","robots":{"index":"index","follow":"follow","max-snippet":"max-snippet:-1","max-image-preview":"max-image-preview:large","max-video-preview":"max-video-preview:-1"},"canonical":"https:\/\/collectin.eu\/en\/product\/2024-pokemon-sfa-en-horsea\/","og_locale":"en_US","og_type":"article","og_title":"2024 Pokemon SFA EN Horsea - Collectin.eu","og_description":"2024 Pok\u00e9mon SFA EN Horsea #010 PSA 9 yra oficiali Pok\u00e9mon Trading Card Game (TCG) kolekcin\u0117 korta i\u0161 2024 met\u0173 Scarlet & Violet: Shrouded Fable (SFA) rinkinio","og_url":"https:\/\/collectin.eu\/en\/product\/2024-pokemon-sfa-en-horsea\/","og_site_name":"Collectin.eu","article_modified_time":"2026-04-08T10:28:23+00:00","og_image":[{"width":1080,"height":1080,"url":"http:\/\/collectin.eu\/wp-content\/uploads\/2026\/01\/Untitled-design-2026-01-27T044435.463.png","type":"image\/png"}],"twitter_card":"summary_large_image","twitter_misc":{"Est. reading time":"1 minute"},"schema":{"@context":"https:\/\/schema.org","@graph":[{"@type":"WebPage","@id":"https:\/\/collectin.eu\/produktas\/2024-pokemon-sfa-en-horsea\/","url":"https:\/\/collectin.eu\/produktas\/2024-pokemon-sfa-en-horsea\/","name":"2024 Pokemon SFA EN Horsea - Collectin.eu","isPartOf":{"@id":"https:\/\/collectin.eu\/#website"},"primaryImageOfPage":{"@id":"https:\/\/collectin.eu\/produktas\/2024-pokemon-sfa-en-horsea\/#primaryimage"},"image":{"@id":"https:\/\/collectin.eu\/produktas\/2024-pokemon-sfa-en-horsea\/#primaryimage"},"thumbnailUrl":"https:\/\/collectin.eu\/wp-content\/uploads\/2026\/01\/Untitled-design-2026-01-27T044435.463.png","datePublished":"2026-01-27T02:48:02+00:00","dateModified":"2026-04-08T10:28:23+00:00","description":"2024 Pok\u00e9mon SFA EN Horsea #010 PSA 9 yra oficiali Pok\u00e9mon Trading Card Game (TCG) kolekcin\u0117 korta i\u0161 2024 met\u0173 Scarlet & Violet: Shrouded Fable (SFA) rinkinio","breadcrumb":{"@id":"https:\/\/collectin.eu\/produktas\/2024-pokemon-sfa-en-horsea\/#breadcrumb"},"inLanguage":"en-US","potentialAction":[{"@type":"ReadAction","target":["https:\/\/collectin.eu\/produktas\/2024-pokemon-sfa-en-horsea\/"]}]},{"@type":"ImageObject","inLanguage":"en-US","@id":"https:\/\/collectin.eu\/produktas\/2024-pokemon-sfa-en-horsea\/#primaryimage","url":"https:\/\/collectin.eu\/wp-content\/uploads\/2026\/01\/Untitled-design-2026-01-27T044435.463.png","contentUrl":"https:\/\/collectin.eu\/wp-content\/uploads\/2026\/01\/Untitled-design-2026-01-27T044435.463.png","width":1080,"height":1080},{"@type":"BreadcrumbList","@id":"https:\/\/collectin.eu\/produktas\/2024-pokemon-sfa-en-horsea\/#breadcrumb","itemListElement":[{"@type":"ListItem","position":1,"name":"Home","item":"https:\/\/collectin.eu\/"},{"@type":"ListItem","position":2,"name":"Parduotuv\u0117","item":"https:\/\/collectin.eu\/parduotuve\/"},{"@type":"ListItem","position":3,"name":"2024 Pokemon SFA EN Horsea"}]},{"@type":"WebSite","@id":"https:\/\/collectin.eu\/#website","url":"https:\/\/collectin.eu\/","name":"Collectin.eu","description":"","potentialAction":[{"@type":"SearchAction","target":{"@type":"EntryPoint","urlTemplate":"https:\/\/collectin.eu\/?s={search_term_string}"},"query-input":{"@type":"PropertyValueSpecification","valueRequired":true,"valueName":"search_term_string"}}],"inLanguage":"en-US"}]}},"jetpack_sharing_enabled":true,"_links":{"self":[{"href":"https:\/\/collectin.eu\/en\/wp-json\/wp\/v2\/product\/39380","targetHints":{"allow":["GET"]}}],"collection":[{"href":"https:\/\/collectin.eu\/en\/wp-json\/wp\/v2\/product"}],"about":[{"href":"https:\/\/collectin.eu\/en\/wp-json\/wp\/v2\/types\/product"}],"replies":[{"embeddable":true,"href":"https:\/\/collectin.eu\/en\/wp-json\/wp\/v2\/comments?post=39380"}],"version-history":[{"count":3,"href":"https:\/\/collectin.eu\/en\/wp-json\/wp\/v2\/product\/39380\/revisions"}],"predecessor-version":[{"id":40284,"href":"https:\/\/collectin.eu\/en\/wp-json\/wp\/v2\/product\/39380\/revisions\/40284"}],"wp:featuredmedia":[{"embeddable":true,"href":"https:\/\/collectin.eu\/en\/wp-json\/wp\/v2\/media\/39381"}],"wp:attachment":[{"href":"https:\/\/collectin.eu\/en\/wp-json\/wp\/v2\/media?parent=39380"}],"wp:term":[{"taxonomy":"product_brand","embeddable":true,"href":"https:\/\/collectin.eu\/en\/wp-json\/wp\/v2\/product_brand?post=39380"},{"taxonomy":"product_cat","embeddable":true,"href":"https:\/\/collectin.eu\/en\/wp-json\/wp\/v2\/product_cat?post=39380"},{"taxonomy":"product_tag","embeddable":true,"href":"https:\/\/collectin.eu\/en\/wp-json\/wp\/v2\/product_tag?post=39380"}],"curies":[{"name":"wp","href":"https:\/\/api.w.org\/{rel}","templated":true}]}}