{"id":39385,"date":"2026-01-27T02:53:51","date_gmt":"2026-01-27T02:53:51","guid":{"rendered":"https:\/\/collectin.eu\/?post_type=product&#038;p=39385"},"modified":"2026-04-08T10:28:23","modified_gmt":"2026-04-08T10:28:23","slug":"2024-pokemon-sfa-en-kingdra-ex","status":"publish","type":"product","link":"https:\/\/collectin.eu\/en\/product\/2024-pokemon-sfa-en-kingdra-ex\/","title":{"rendered":"2024 Pokemon SFA EN Kingdra ex"},"content":{"rendered":"<p>The 2024 Pok\u00e9mon SFA EN Kingdra ex PSA 9 is an official Pok\u00e9mon TCG card from the Scarlet &amp; Violet \u2013 Shrouded Fable expansion. This English-language (EN) edition has been professionally graded and encapsulated in the PSA 9 (Mint) category, signifying that the card is in near-ideal, superb condition with only minimal flaws, preserving its visual brilliance and long-term collectible value.\n\nThe card features Kingdra ex, a formidable Water-type Pok\u00e9mon distinguished by its \"ex\" status, boasting high HP and devastating in-game abilities. Part of the special Shrouded Fable release, this version is highly prized by collectors for its exclusive design and limited distribution. PSA certification guarantees both the authenticity and the specific condition level of the card, making PSA 9 specimens highly sought-after in the collector market and a reliable addition or investment for any Pok\u00e9mon collection.<\/p>","protected":false},"excerpt":{"rendered":"<p>2024 Pok\u00e9mon SFA EN Kingdra ex PSA 9 yra oficiali Pok\u00e9mon TCG korta i\u0161 2024 met\u0173 Scarlet &amp; Violet \u2013<\/p>","protected":false},"featured_media":39386,"comment_status":"open","ping_status":"closed","template":"","meta":[],"product_brand":[430],"product_cat":[679,407,483],"product_tag":[],"class_list":{"0":"post-39385","1":"product","2":"type-product","3":"status-publish","4":"has-post-thumbnail","6":"product_brand-pokemon","7":"product_cat-kolekcines-korteles","8":"product_cat-pokemon","9":"product_cat-graded","11":"first","12":"instock","13":"taxable","14":"shipping-taxable","15":"purchasable","16":"product-type-simple"},"yoast_head":"<!-- This site is optimized with the Yoast SEO plugin v25.9 - https:\/\/yoast.com\/wordpress\/plugins\/seo\/ -->\n<title>2024 Pokemon SFA EN Kingdra ex - Collectin.eu<\/title>\n<meta name=\"description\" content=\"2024 Pok\u00e9mon SFA EN Kingdra ex PSA 9 yra oficiali Pok\u00e9mon TCG korta i\u0161 2024 met\u0173 Scarlet &amp; Violet \u2013 Shrouded Fable rinkinio.\" \/>\n<meta name=\"robots\" content=\"index, follow, max-snippet:-1, max-image-preview:large, max-video-preview:-1\" \/>\n<link rel=\"canonical\" href=\"https:\/\/collectin.eu\/en\/product\/2024-pokemon-sfa-en-kingdra-ex\/\" \/>\n<meta property=\"og:locale\" content=\"en_US\" \/>\n<meta property=\"og:type\" content=\"article\" \/>\n<meta property=\"og:title\" content=\"2024 Pokemon SFA EN Kingdra ex - Collectin.eu\" \/>\n<meta property=\"og:description\" content=\"2024 Pok\u00e9mon SFA EN Kingdra ex PSA 9 yra oficiali Pok\u00e9mon TCG korta i\u0161 2024 met\u0173 Scarlet &amp; Violet \u2013 Shrouded Fable rinkinio.\" \/>\n<meta property=\"og:url\" content=\"https:\/\/collectin.eu\/en\/product\/2024-pokemon-sfa-en-kingdra-ex\/\" \/>\n<meta property=\"og:site_name\" content=\"Collectin.eu\" \/>\n<meta property=\"article:modified_time\" content=\"2026-04-08T10:28:23+00:00\" \/>\n<meta property=\"og:image\" content=\"http:\/\/collectin.eu\/wp-content\/uploads\/2026\/01\/Untitled-design-2026-01-27T044947.101.png\" \/>\n\t<meta property=\"og:image:width\" content=\"1080\" \/>\n\t<meta property=\"og:image:height\" content=\"1080\" \/>\n\t<meta property=\"og:image:type\" content=\"image\/png\" \/>\n<meta name=\"twitter:card\" content=\"summary_large_image\" \/>\n<meta name=\"twitter:label1\" content=\"Est. reading time\" \/>\n\t<meta name=\"twitter:data1\" content=\"1 minute\" \/>\n<script type=\"application\/ld+json\" class=\"yoast-schema-graph\">{\"@context\":\"https:\/\/schema.org\",\"@graph\":[{\"@type\":\"WebPage\",\"@id\":\"https:\/\/collectin.eu\/produktas\/2024-pokemon-sfa-en-kingdra-ex\/\",\"url\":\"https:\/\/collectin.eu\/produktas\/2024-pokemon-sfa-en-kingdra-ex\/\",\"name\":\"2024 Pokemon SFA EN Kingdra ex - Collectin.eu\",\"isPartOf\":{\"@id\":\"https:\/\/collectin.eu\/#website\"},\"primaryImageOfPage\":{\"@id\":\"https:\/\/collectin.eu\/produktas\/2024-pokemon-sfa-en-kingdra-ex\/#primaryimage\"},\"image\":{\"@id\":\"https:\/\/collectin.eu\/produktas\/2024-pokemon-sfa-en-kingdra-ex\/#primaryimage\"},\"thumbnailUrl\":\"https:\/\/collectin.eu\/wp-content\/uploads\/2026\/01\/Untitled-design-2026-01-27T044947.101.png\",\"datePublished\":\"2026-01-27T02:53:51+00:00\",\"dateModified\":\"2026-04-08T10:28:23+00:00\",\"description\":\"2024 Pok\u00e9mon SFA EN Kingdra ex PSA 9 yra oficiali Pok\u00e9mon TCG korta i\u0161 2024 met\u0173 Scarlet & Violet \u2013 Shrouded Fable rinkinio.\",\"breadcrumb\":{\"@id\":\"https:\/\/collectin.eu\/produktas\/2024-pokemon-sfa-en-kingdra-ex\/#breadcrumb\"},\"inLanguage\":\"en-US\",\"potentialAction\":[{\"@type\":\"ReadAction\",\"target\":[\"https:\/\/collectin.eu\/produktas\/2024-pokemon-sfa-en-kingdra-ex\/\"]}]},{\"@type\":\"ImageObject\",\"inLanguage\":\"en-US\",\"@id\":\"https:\/\/collectin.eu\/produktas\/2024-pokemon-sfa-en-kingdra-ex\/#primaryimage\",\"url\":\"https:\/\/collectin.eu\/wp-content\/uploads\/2026\/01\/Untitled-design-2026-01-27T044947.101.png\",\"contentUrl\":\"https:\/\/collectin.eu\/wp-content\/uploads\/2026\/01\/Untitled-design-2026-01-27T044947.101.png\",\"width\":1080,\"height\":1080},{\"@type\":\"BreadcrumbList\",\"@id\":\"https:\/\/collectin.eu\/produktas\/2024-pokemon-sfa-en-kingdra-ex\/#breadcrumb\",\"itemListElement\":[{\"@type\":\"ListItem\",\"position\":1,\"name\":\"Home\",\"item\":\"https:\/\/collectin.eu\/\"},{\"@type\":\"ListItem\",\"position\":2,\"name\":\"Parduotuv\u0117\",\"item\":\"https:\/\/collectin.eu\/parduotuve\/\"},{\"@type\":\"ListItem\",\"position\":3,\"name\":\"2024 Pokemon SFA EN Kingdra ex\"}]},{\"@type\":\"WebSite\",\"@id\":\"https:\/\/collectin.eu\/#website\",\"url\":\"https:\/\/collectin.eu\/\",\"name\":\"Collectin.eu\",\"description\":\"\",\"potentialAction\":[{\"@type\":\"SearchAction\",\"target\":{\"@type\":\"EntryPoint\",\"urlTemplate\":\"https:\/\/collectin.eu\/?s={search_term_string}\"},\"query-input\":{\"@type\":\"PropertyValueSpecification\",\"valueRequired\":true,\"valueName\":\"search_term_string\"}}],\"inLanguage\":\"en-US\"}]}<\/script>\n<!-- \/ Yoast SEO plugin. -->","yoast_head_json":{"title":"2024 Pokemon SFA EN Kingdra ex - Collectin.eu","description":"2024 Pok\u00e9mon SFA EN Kingdra ex PSA 9 yra oficiali Pok\u00e9mon TCG korta i\u0161 2024 met\u0173 Scarlet & Violet \u2013 Shrouded Fable rinkinio.","robots":{"index":"index","follow":"follow","max-snippet":"max-snippet:-1","max-image-preview":"max-image-preview:large","max-video-preview":"max-video-preview:-1"},"canonical":"https:\/\/collectin.eu\/en\/product\/2024-pokemon-sfa-en-kingdra-ex\/","og_locale":"en_US","og_type":"article","og_title":"2024 Pokemon SFA EN Kingdra ex - Collectin.eu","og_description":"2024 Pok\u00e9mon SFA EN Kingdra ex PSA 9 yra oficiali Pok\u00e9mon TCG korta i\u0161 2024 met\u0173 Scarlet & Violet \u2013 Shrouded Fable rinkinio.","og_url":"https:\/\/collectin.eu\/en\/product\/2024-pokemon-sfa-en-kingdra-ex\/","og_site_name":"Collectin.eu","article_modified_time":"2026-04-08T10:28:23+00:00","og_image":[{"width":1080,"height":1080,"url":"http:\/\/collectin.eu\/wp-content\/uploads\/2026\/01\/Untitled-design-2026-01-27T044947.101.png","type":"image\/png"}],"twitter_card":"summary_large_image","twitter_misc":{"Est. reading time":"1 minute"},"schema":{"@context":"https:\/\/schema.org","@graph":[{"@type":"WebPage","@id":"https:\/\/collectin.eu\/produktas\/2024-pokemon-sfa-en-kingdra-ex\/","url":"https:\/\/collectin.eu\/produktas\/2024-pokemon-sfa-en-kingdra-ex\/","name":"2024 Pokemon SFA EN Kingdra ex - Collectin.eu","isPartOf":{"@id":"https:\/\/collectin.eu\/#website"},"primaryImageOfPage":{"@id":"https:\/\/collectin.eu\/produktas\/2024-pokemon-sfa-en-kingdra-ex\/#primaryimage"},"image":{"@id":"https:\/\/collectin.eu\/produktas\/2024-pokemon-sfa-en-kingdra-ex\/#primaryimage"},"thumbnailUrl":"https:\/\/collectin.eu\/wp-content\/uploads\/2026\/01\/Untitled-design-2026-01-27T044947.101.png","datePublished":"2026-01-27T02:53:51+00:00","dateModified":"2026-04-08T10:28:23+00:00","description":"2024 Pok\u00e9mon SFA EN Kingdra ex PSA 9 yra oficiali Pok\u00e9mon TCG korta i\u0161 2024 met\u0173 Scarlet & Violet \u2013 Shrouded Fable rinkinio.","breadcrumb":{"@id":"https:\/\/collectin.eu\/produktas\/2024-pokemon-sfa-en-kingdra-ex\/#breadcrumb"},"inLanguage":"en-US","potentialAction":[{"@type":"ReadAction","target":["https:\/\/collectin.eu\/produktas\/2024-pokemon-sfa-en-kingdra-ex\/"]}]},{"@type":"ImageObject","inLanguage":"en-US","@id":"https:\/\/collectin.eu\/produktas\/2024-pokemon-sfa-en-kingdra-ex\/#primaryimage","url":"https:\/\/collectin.eu\/wp-content\/uploads\/2026\/01\/Untitled-design-2026-01-27T044947.101.png","contentUrl":"https:\/\/collectin.eu\/wp-content\/uploads\/2026\/01\/Untitled-design-2026-01-27T044947.101.png","width":1080,"height":1080},{"@type":"BreadcrumbList","@id":"https:\/\/collectin.eu\/produktas\/2024-pokemon-sfa-en-kingdra-ex\/#breadcrumb","itemListElement":[{"@type":"ListItem","position":1,"name":"Home","item":"https:\/\/collectin.eu\/"},{"@type":"ListItem","position":2,"name":"Parduotuv\u0117","item":"https:\/\/collectin.eu\/parduotuve\/"},{"@type":"ListItem","position":3,"name":"2024 Pokemon SFA EN Kingdra ex"}]},{"@type":"WebSite","@id":"https:\/\/collectin.eu\/#website","url":"https:\/\/collectin.eu\/","name":"Collectin.eu","description":"","potentialAction":[{"@type":"SearchAction","target":{"@type":"EntryPoint","urlTemplate":"https:\/\/collectin.eu\/?s={search_term_string}"},"query-input":{"@type":"PropertyValueSpecification","valueRequired":true,"valueName":"search_term_string"}}],"inLanguage":"en-US"}]}},"jetpack_sharing_enabled":true,"_links":{"self":[{"href":"https:\/\/collectin.eu\/en\/wp-json\/wp\/v2\/product\/39385","targetHints":{"allow":["GET"]}}],"collection":[{"href":"https:\/\/collectin.eu\/en\/wp-json\/wp\/v2\/product"}],"about":[{"href":"https:\/\/collectin.eu\/en\/wp-json\/wp\/v2\/types\/product"}],"replies":[{"embeddable":true,"href":"https:\/\/collectin.eu\/en\/wp-json\/wp\/v2\/comments?post=39385"}],"version-history":[{"count":3,"href":"https:\/\/collectin.eu\/en\/wp-json\/wp\/v2\/product\/39385\/revisions"}],"predecessor-version":[{"id":40285,"href":"https:\/\/collectin.eu\/en\/wp-json\/wp\/v2\/product\/39385\/revisions\/40285"}],"wp:featuredmedia":[{"embeddable":true,"href":"https:\/\/collectin.eu\/en\/wp-json\/wp\/v2\/media\/39386"}],"wp:attachment":[{"href":"https:\/\/collectin.eu\/en\/wp-json\/wp\/v2\/media?parent=39385"}],"wp:term":[{"taxonomy":"product_brand","embeddable":true,"href":"https:\/\/collectin.eu\/en\/wp-json\/wp\/v2\/product_brand?post=39385"},{"taxonomy":"product_cat","embeddable":true,"href":"https:\/\/collectin.eu\/en\/wp-json\/wp\/v2\/product_cat?post=39385"},{"taxonomy":"product_tag","embeddable":true,"href":"https:\/\/collectin.eu\/en\/wp-json\/wp\/v2\/product_tag?post=39385"}],"curies":[{"name":"wp","href":"https:\/\/api.w.org\/{rel}","templated":true}]}}