{"id":39395,"date":"2026-01-27T03:05:09","date_gmt":"2026-01-27T03:05:09","guid":{"rendered":"https:\/\/collectin.eu\/?post_type=product&#038;p=39395"},"modified":"2026-04-08T10:28:22","modified_gmt":"2026-04-08T10:28:22","slug":"2023-pokemon-pal-en-slowking-ex","status":"publish","type":"product","link":"https:\/\/collectin.eu\/en\/product\/2023-pokemon-pal-en-slowking-ex\/","title":{"rendered":"2023 Pokemon PAL EN Slowking ex"},"content":{"rendered":"<p>The 2023 Pok\u00e9mon PAL EN Slowking ex PSA 9 is an official Pok\u00e9mon TCG card from the Paldea Evolved expansion (English version), professionally graded in the PSA 9 (Mint) category. This designation confirms the card is in near-perfect condition with only minimal flaws, preserving its original appearance and aesthetic brilliance.\n\nThis card features Slowking ex, a dual Water\/Psychic-type Pok\u00e9mon belonging to the \"ex\" category, granting it higher HP and more powerful abilities in battle compared to standard Pok\u00e9mon. PSA certification guarantees both the authenticity and the specific condition level of the card, making PSA 9 specimens highly attractive to collectors. These encapsulated cards offer ease of storage and strong liquidity in the secondary market, with their value driven by current market supply and demand.<\/p>","protected":false},"excerpt":{"rendered":"<p>2023 Pok\u00e9mon PAL EN Slowking ex PSA 9 yra oficiali Pok\u00e9mon TCG korta i\u0161 2023 met\u0173 Paldea Evolved rinkinio, angl\u0173<\/p>","protected":false},"featured_media":39396,"comment_status":"open","ping_status":"closed","template":"","meta":[],"product_brand":[430],"product_cat":[679,407,483],"product_tag":[],"class_list":{"0":"post-39395","1":"product","2":"type-product","3":"status-publish","4":"has-post-thumbnail","6":"product_brand-pokemon","7":"product_cat-kolekcines-korteles","8":"product_cat-pokemon","9":"product_cat-graded","11":"first","12":"instock","13":"taxable","14":"shipping-taxable","15":"purchasable","16":"product-type-simple"},"yoast_head":"<!-- This site is optimized with the Yoast SEO plugin v25.9 - https:\/\/yoast.com\/wordpress\/plugins\/seo\/ -->\n<title>2023 Pokemon PAL EN Slowking ex - Collectin.eu<\/title>\n<meta name=\"description\" content=\"2023 Pok\u00e9mon PAL EN Slowking ex PSA 9 yra oficiali Pok\u00e9mon TCG korta i\u0161 2023 met\u0173 Paldea Evolved rinkinio.\" \/>\n<meta name=\"robots\" content=\"index, follow, max-snippet:-1, max-image-preview:large, max-video-preview:-1\" \/>\n<link rel=\"canonical\" href=\"https:\/\/collectin.eu\/en\/product\/2023-pokemon-pal-en-slowking-ex\/\" \/>\n<meta property=\"og:locale\" content=\"en_US\" \/>\n<meta property=\"og:type\" content=\"article\" \/>\n<meta property=\"og:title\" content=\"2023 Pokemon PAL EN Slowking ex - Collectin.eu\" \/>\n<meta property=\"og:description\" content=\"2023 Pok\u00e9mon PAL EN Slowking ex PSA 9 yra oficiali Pok\u00e9mon TCG korta i\u0161 2023 met\u0173 Paldea Evolved rinkinio.\" \/>\n<meta property=\"og:url\" content=\"https:\/\/collectin.eu\/en\/product\/2023-pokemon-pal-en-slowking-ex\/\" \/>\n<meta property=\"og:site_name\" content=\"Collectin.eu\" \/>\n<meta property=\"article:modified_time\" content=\"2026-04-08T10:28:22+00:00\" \/>\n<meta property=\"og:image\" content=\"http:\/\/collectin.eu\/wp-content\/uploads\/2026\/01\/Untitled-design-2026-01-27T050148.533.png\" \/>\n\t<meta property=\"og:image:width\" content=\"1080\" \/>\n\t<meta property=\"og:image:height\" content=\"1080\" \/>\n\t<meta property=\"og:image:type\" content=\"image\/png\" \/>\n<meta name=\"twitter:card\" content=\"summary_large_image\" \/>\n<meta name=\"twitter:label1\" content=\"Est. reading time\" \/>\n\t<meta name=\"twitter:data1\" content=\"1 minute\" \/>\n<script type=\"application\/ld+json\" class=\"yoast-schema-graph\">{\"@context\":\"https:\/\/schema.org\",\"@graph\":[{\"@type\":\"WebPage\",\"@id\":\"https:\/\/collectin.eu\/produktas\/2023-pokemon-pal-en-slowking-ex\/\",\"url\":\"https:\/\/collectin.eu\/produktas\/2023-pokemon-pal-en-slowking-ex\/\",\"name\":\"2023 Pokemon PAL EN Slowking ex - Collectin.eu\",\"isPartOf\":{\"@id\":\"https:\/\/collectin.eu\/#website\"},\"primaryImageOfPage\":{\"@id\":\"https:\/\/collectin.eu\/produktas\/2023-pokemon-pal-en-slowking-ex\/#primaryimage\"},\"image\":{\"@id\":\"https:\/\/collectin.eu\/produktas\/2023-pokemon-pal-en-slowking-ex\/#primaryimage\"},\"thumbnailUrl\":\"https:\/\/collectin.eu\/wp-content\/uploads\/2026\/01\/Untitled-design-2026-01-27T050148.533.png\",\"datePublished\":\"2026-01-27T03:05:09+00:00\",\"dateModified\":\"2026-04-08T10:28:22+00:00\",\"description\":\"2023 Pok\u00e9mon PAL EN Slowking ex PSA 9 yra oficiali Pok\u00e9mon TCG korta i\u0161 2023 met\u0173 Paldea Evolved rinkinio.\",\"breadcrumb\":{\"@id\":\"https:\/\/collectin.eu\/produktas\/2023-pokemon-pal-en-slowking-ex\/#breadcrumb\"},\"inLanguage\":\"en-US\",\"potentialAction\":[{\"@type\":\"ReadAction\",\"target\":[\"https:\/\/collectin.eu\/produktas\/2023-pokemon-pal-en-slowking-ex\/\"]}]},{\"@type\":\"ImageObject\",\"inLanguage\":\"en-US\",\"@id\":\"https:\/\/collectin.eu\/produktas\/2023-pokemon-pal-en-slowking-ex\/#primaryimage\",\"url\":\"https:\/\/collectin.eu\/wp-content\/uploads\/2026\/01\/Untitled-design-2026-01-27T050148.533.png\",\"contentUrl\":\"https:\/\/collectin.eu\/wp-content\/uploads\/2026\/01\/Untitled-design-2026-01-27T050148.533.png\",\"width\":1080,\"height\":1080},{\"@type\":\"BreadcrumbList\",\"@id\":\"https:\/\/collectin.eu\/produktas\/2023-pokemon-pal-en-slowking-ex\/#breadcrumb\",\"itemListElement\":[{\"@type\":\"ListItem\",\"position\":1,\"name\":\"Home\",\"item\":\"https:\/\/collectin.eu\/\"},{\"@type\":\"ListItem\",\"position\":2,\"name\":\"Parduotuv\u0117\",\"item\":\"https:\/\/collectin.eu\/parduotuve\/\"},{\"@type\":\"ListItem\",\"position\":3,\"name\":\"2023 Pokemon PAL EN Slowking ex\"}]},{\"@type\":\"WebSite\",\"@id\":\"https:\/\/collectin.eu\/#website\",\"url\":\"https:\/\/collectin.eu\/\",\"name\":\"Collectin.eu\",\"description\":\"\",\"potentialAction\":[{\"@type\":\"SearchAction\",\"target\":{\"@type\":\"EntryPoint\",\"urlTemplate\":\"https:\/\/collectin.eu\/?s={search_term_string}\"},\"query-input\":{\"@type\":\"PropertyValueSpecification\",\"valueRequired\":true,\"valueName\":\"search_term_string\"}}],\"inLanguage\":\"en-US\"}]}<\/script>\n<!-- \/ Yoast SEO plugin. -->","yoast_head_json":{"title":"2023 Pokemon PAL EN Slowking ex - Collectin.eu","description":"2023 Pok\u00e9mon PAL EN Slowking ex PSA 9 yra oficiali Pok\u00e9mon TCG korta i\u0161 2023 met\u0173 Paldea Evolved rinkinio.","robots":{"index":"index","follow":"follow","max-snippet":"max-snippet:-1","max-image-preview":"max-image-preview:large","max-video-preview":"max-video-preview:-1"},"canonical":"https:\/\/collectin.eu\/en\/product\/2023-pokemon-pal-en-slowking-ex\/","og_locale":"en_US","og_type":"article","og_title":"2023 Pokemon PAL EN Slowking ex - Collectin.eu","og_description":"2023 Pok\u00e9mon PAL EN Slowking ex PSA 9 yra oficiali Pok\u00e9mon TCG korta i\u0161 2023 met\u0173 Paldea Evolved rinkinio.","og_url":"https:\/\/collectin.eu\/en\/product\/2023-pokemon-pal-en-slowking-ex\/","og_site_name":"Collectin.eu","article_modified_time":"2026-04-08T10:28:22+00:00","og_image":[{"width":1080,"height":1080,"url":"http:\/\/collectin.eu\/wp-content\/uploads\/2026\/01\/Untitled-design-2026-01-27T050148.533.png","type":"image\/png"}],"twitter_card":"summary_large_image","twitter_misc":{"Est. reading time":"1 minute"},"schema":{"@context":"https:\/\/schema.org","@graph":[{"@type":"WebPage","@id":"https:\/\/collectin.eu\/produktas\/2023-pokemon-pal-en-slowking-ex\/","url":"https:\/\/collectin.eu\/produktas\/2023-pokemon-pal-en-slowking-ex\/","name":"2023 Pokemon PAL EN Slowking ex - Collectin.eu","isPartOf":{"@id":"https:\/\/collectin.eu\/#website"},"primaryImageOfPage":{"@id":"https:\/\/collectin.eu\/produktas\/2023-pokemon-pal-en-slowking-ex\/#primaryimage"},"image":{"@id":"https:\/\/collectin.eu\/produktas\/2023-pokemon-pal-en-slowking-ex\/#primaryimage"},"thumbnailUrl":"https:\/\/collectin.eu\/wp-content\/uploads\/2026\/01\/Untitled-design-2026-01-27T050148.533.png","datePublished":"2026-01-27T03:05:09+00:00","dateModified":"2026-04-08T10:28:22+00:00","description":"2023 Pok\u00e9mon PAL EN Slowking ex PSA 9 yra oficiali Pok\u00e9mon TCG korta i\u0161 2023 met\u0173 Paldea Evolved rinkinio.","breadcrumb":{"@id":"https:\/\/collectin.eu\/produktas\/2023-pokemon-pal-en-slowking-ex\/#breadcrumb"},"inLanguage":"en-US","potentialAction":[{"@type":"ReadAction","target":["https:\/\/collectin.eu\/produktas\/2023-pokemon-pal-en-slowking-ex\/"]}]},{"@type":"ImageObject","inLanguage":"en-US","@id":"https:\/\/collectin.eu\/produktas\/2023-pokemon-pal-en-slowking-ex\/#primaryimage","url":"https:\/\/collectin.eu\/wp-content\/uploads\/2026\/01\/Untitled-design-2026-01-27T050148.533.png","contentUrl":"https:\/\/collectin.eu\/wp-content\/uploads\/2026\/01\/Untitled-design-2026-01-27T050148.533.png","width":1080,"height":1080},{"@type":"BreadcrumbList","@id":"https:\/\/collectin.eu\/produktas\/2023-pokemon-pal-en-slowking-ex\/#breadcrumb","itemListElement":[{"@type":"ListItem","position":1,"name":"Home","item":"https:\/\/collectin.eu\/"},{"@type":"ListItem","position":2,"name":"Parduotuv\u0117","item":"https:\/\/collectin.eu\/parduotuve\/"},{"@type":"ListItem","position":3,"name":"2023 Pokemon PAL EN Slowking ex"}]},{"@type":"WebSite","@id":"https:\/\/collectin.eu\/#website","url":"https:\/\/collectin.eu\/","name":"Collectin.eu","description":"","potentialAction":[{"@type":"SearchAction","target":{"@type":"EntryPoint","urlTemplate":"https:\/\/collectin.eu\/?s={search_term_string}"},"query-input":{"@type":"PropertyValueSpecification","valueRequired":true,"valueName":"search_term_string"}}],"inLanguage":"en-US"}]}},"jetpack_sharing_enabled":true,"_links":{"self":[{"href":"https:\/\/collectin.eu\/en\/wp-json\/wp\/v2\/product\/39395","targetHints":{"allow":["GET"]}}],"collection":[{"href":"https:\/\/collectin.eu\/en\/wp-json\/wp\/v2\/product"}],"about":[{"href":"https:\/\/collectin.eu\/en\/wp-json\/wp\/v2\/types\/product"}],"replies":[{"embeddable":true,"href":"https:\/\/collectin.eu\/en\/wp-json\/wp\/v2\/comments?post=39395"}],"version-history":[{"count":3,"href":"https:\/\/collectin.eu\/en\/wp-json\/wp\/v2\/product\/39395\/revisions"}],"predecessor-version":[{"id":40287,"href":"https:\/\/collectin.eu\/en\/wp-json\/wp\/v2\/product\/39395\/revisions\/40287"}],"wp:featuredmedia":[{"embeddable":true,"href":"https:\/\/collectin.eu\/en\/wp-json\/wp\/v2\/media\/39396"}],"wp:attachment":[{"href":"https:\/\/collectin.eu\/en\/wp-json\/wp\/v2\/media?parent=39395"}],"wp:term":[{"taxonomy":"product_brand","embeddable":true,"href":"https:\/\/collectin.eu\/en\/wp-json\/wp\/v2\/product_brand?post=39395"},{"taxonomy":"product_cat","embeddable":true,"href":"https:\/\/collectin.eu\/en\/wp-json\/wp\/v2\/product_cat?post=39395"},{"taxonomy":"product_tag","embeddable":true,"href":"https:\/\/collectin.eu\/en\/wp-json\/wp\/v2\/product_tag?post=39395"}],"curies":[{"name":"wp","href":"https:\/\/api.w.org\/{rel}","templated":true}]}}