{"id":39409,"date":"2026-01-27T03:24:44","date_gmt":"2026-01-27T03:24:44","guid":{"rendered":"https:\/\/collectin.eu\/?post_type=product&#038;p=39409"},"modified":"2026-04-08T10:28:22","modified_gmt":"2026-04-08T10:28:22","slug":"2023-pokemon-svp-en-growlithe","status":"publish","type":"product","link":"https:\/\/collectin.eu\/en\/product\/2023-pokemon-svp-en-growlithe\/","title":{"rendered":"2023 Pokemon SVP EN Growlithe"},"content":{"rendered":"<p>The 2023 Pok\u00e9mon SVP EN Growlithe PSA 9 is an official Pok\u00e9mon TCG card from the Scarlet &amp; Violet Black Star Promo (SVP) series. This English-language edition has been professionally graded and encapsulated in the PSA 9 (Mint) category, signifying that the card is in superb, near-perfect condition with only minimal visible flaws, preserving its visual brilliance and long-term collectible value.\n\nThe card features the beloved Fire-type Pok\u00e9mon Growlithe, beautifully presented against a shimmering holographic background, making it an aesthetically stunning addition to any collection. PSA certification guarantees both the authenticity and the specific condition level of the card, making PSA 9 specimens highly attractive to collectors. These graded cards are easy to store and offer excellent liquidity in the secondary market, where their value is driven by current market supply and demand.<\/p>","protected":false},"excerpt":{"rendered":"<p>2023 Pok\u00e9mon SVP EN Growlithe PSA 9 yra oficiali Pok\u00e9mon TCG korta i\u0161 2023 met\u0173 Scarlet &amp; Violet Black Star<\/p>","protected":false},"featured_media":39410,"comment_status":"open","ping_status":"closed","template":"","meta":[],"product_brand":[430],"product_cat":[679,407,483],"product_tag":[],"class_list":{"0":"post-39409","1":"product","2":"type-product","3":"status-publish","4":"has-post-thumbnail","6":"product_brand-pokemon","7":"product_cat-kolekcines-korteles","8":"product_cat-pokemon","9":"product_cat-graded","11":"first","12":"instock","13":"taxable","14":"shipping-taxable","15":"purchasable","16":"product-type-simple"},"yoast_head":"<!-- This site is optimized with the Yoast SEO plugin v25.9 - https:\/\/yoast.com\/wordpress\/plugins\/seo\/ -->\n<title>2023 Pokemon SVP EN Growlithe - Collectin.eu<\/title>\n<meta name=\"description\" content=\"2023 Pok\u00e9mon SVP EN Growlithe PSA 9 yra oficiali Pok\u00e9mon Trading Card Game (TCG) kolekcin\u0117 korta i\u0161 2023\u202fm. Scarlet &amp; Violet Black Star Promo (SVP) serijos.\" \/>\n<meta name=\"robots\" content=\"index, follow, max-snippet:-1, max-image-preview:large, max-video-preview:-1\" \/>\n<link rel=\"canonical\" href=\"https:\/\/collectin.eu\/en\/product\/2023-pokemon-svp-en-growlithe\/\" \/>\n<meta property=\"og:locale\" content=\"en_US\" \/>\n<meta property=\"og:type\" content=\"article\" \/>\n<meta property=\"og:title\" content=\"2023 Pokemon SVP EN Growlithe - Collectin.eu\" \/>\n<meta property=\"og:description\" content=\"2023 Pok\u00e9mon SVP EN Growlithe PSA 9 yra oficiali Pok\u00e9mon Trading Card Game (TCG) kolekcin\u0117 korta i\u0161 2023\u202fm. Scarlet &amp; Violet Black Star Promo (SVP) serijos.\" \/>\n<meta property=\"og:url\" content=\"https:\/\/collectin.eu\/en\/product\/2023-pokemon-svp-en-growlithe\/\" \/>\n<meta property=\"og:site_name\" content=\"Collectin.eu\" \/>\n<meta property=\"article:modified_time\" content=\"2026-04-08T10:28:22+00:00\" \/>\n<meta property=\"og:image\" content=\"http:\/\/collectin.eu\/wp-content\/uploads\/2026\/01\/Untitled-design-2026-01-27T052409.941.png\" \/>\n\t<meta property=\"og:image:width\" content=\"1080\" \/>\n\t<meta property=\"og:image:height\" content=\"1080\" \/>\n\t<meta property=\"og:image:type\" content=\"image\/png\" \/>\n<meta name=\"twitter:card\" content=\"summary_large_image\" \/>\n<meta name=\"twitter:label1\" content=\"Est. reading time\" \/>\n\t<meta name=\"twitter:data1\" content=\"1 minute\" \/>\n<script type=\"application\/ld+json\" class=\"yoast-schema-graph\">{\"@context\":\"https:\/\/schema.org\",\"@graph\":[{\"@type\":\"WebPage\",\"@id\":\"https:\/\/collectin.eu\/produktas\/2023-pokemon-svp-en-growlithe\/\",\"url\":\"https:\/\/collectin.eu\/produktas\/2023-pokemon-svp-en-growlithe\/\",\"name\":\"2023 Pokemon SVP EN Growlithe - Collectin.eu\",\"isPartOf\":{\"@id\":\"https:\/\/collectin.eu\/#website\"},\"primaryImageOfPage\":{\"@id\":\"https:\/\/collectin.eu\/produktas\/2023-pokemon-svp-en-growlithe\/#primaryimage\"},\"image\":{\"@id\":\"https:\/\/collectin.eu\/produktas\/2023-pokemon-svp-en-growlithe\/#primaryimage\"},\"thumbnailUrl\":\"https:\/\/collectin.eu\/wp-content\/uploads\/2026\/01\/Untitled-design-2026-01-27T052409.941.png\",\"datePublished\":\"2026-01-27T03:24:44+00:00\",\"dateModified\":\"2026-04-08T10:28:22+00:00\",\"description\":\"2023 Pok\u00e9mon SVP EN Growlithe PSA 9 yra oficiali Pok\u00e9mon Trading Card Game (TCG) kolekcin\u0117 korta i\u0161 2023\u202fm. Scarlet & Violet Black Star Promo (SVP) serijos.\",\"breadcrumb\":{\"@id\":\"https:\/\/collectin.eu\/produktas\/2023-pokemon-svp-en-growlithe\/#breadcrumb\"},\"inLanguage\":\"en-US\",\"potentialAction\":[{\"@type\":\"ReadAction\",\"target\":[\"https:\/\/collectin.eu\/produktas\/2023-pokemon-svp-en-growlithe\/\"]}]},{\"@type\":\"ImageObject\",\"inLanguage\":\"en-US\",\"@id\":\"https:\/\/collectin.eu\/produktas\/2023-pokemon-svp-en-growlithe\/#primaryimage\",\"url\":\"https:\/\/collectin.eu\/wp-content\/uploads\/2026\/01\/Untitled-design-2026-01-27T052409.941.png\",\"contentUrl\":\"https:\/\/collectin.eu\/wp-content\/uploads\/2026\/01\/Untitled-design-2026-01-27T052409.941.png\",\"width\":1080,\"height\":1080},{\"@type\":\"BreadcrumbList\",\"@id\":\"https:\/\/collectin.eu\/produktas\/2023-pokemon-svp-en-growlithe\/#breadcrumb\",\"itemListElement\":[{\"@type\":\"ListItem\",\"position\":1,\"name\":\"Home\",\"item\":\"https:\/\/collectin.eu\/\"},{\"@type\":\"ListItem\",\"position\":2,\"name\":\"Parduotuv\u0117\",\"item\":\"https:\/\/collectin.eu\/parduotuve\/\"},{\"@type\":\"ListItem\",\"position\":3,\"name\":\"2023 Pokemon SVP EN Growlithe\"}]},{\"@type\":\"WebSite\",\"@id\":\"https:\/\/collectin.eu\/#website\",\"url\":\"https:\/\/collectin.eu\/\",\"name\":\"Collectin.eu\",\"description\":\"\",\"potentialAction\":[{\"@type\":\"SearchAction\",\"target\":{\"@type\":\"EntryPoint\",\"urlTemplate\":\"https:\/\/collectin.eu\/?s={search_term_string}\"},\"query-input\":{\"@type\":\"PropertyValueSpecification\",\"valueRequired\":true,\"valueName\":\"search_term_string\"}}],\"inLanguage\":\"en-US\"}]}<\/script>\n<!-- \/ Yoast SEO plugin. -->","yoast_head_json":{"title":"2023 Pokemon SVP EN Growlithe - Collectin.eu","description":"2023 Pok\u00e9mon SVP EN Growlithe PSA 9 yra oficiali Pok\u00e9mon Trading Card Game (TCG) kolekcin\u0117 korta i\u0161 2023\u202fm. Scarlet & Violet Black Star Promo (SVP) serijos.","robots":{"index":"index","follow":"follow","max-snippet":"max-snippet:-1","max-image-preview":"max-image-preview:large","max-video-preview":"max-video-preview:-1"},"canonical":"https:\/\/collectin.eu\/en\/product\/2023-pokemon-svp-en-growlithe\/","og_locale":"en_US","og_type":"article","og_title":"2023 Pokemon SVP EN Growlithe - Collectin.eu","og_description":"2023 Pok\u00e9mon SVP EN Growlithe PSA 9 yra oficiali Pok\u00e9mon Trading Card Game (TCG) kolekcin\u0117 korta i\u0161 2023\u202fm. Scarlet & Violet Black Star Promo (SVP) serijos.","og_url":"https:\/\/collectin.eu\/en\/product\/2023-pokemon-svp-en-growlithe\/","og_site_name":"Collectin.eu","article_modified_time":"2026-04-08T10:28:22+00:00","og_image":[{"width":1080,"height":1080,"url":"http:\/\/collectin.eu\/wp-content\/uploads\/2026\/01\/Untitled-design-2026-01-27T052409.941.png","type":"image\/png"}],"twitter_card":"summary_large_image","twitter_misc":{"Est. reading time":"1 minute"},"schema":{"@context":"https:\/\/schema.org","@graph":[{"@type":"WebPage","@id":"https:\/\/collectin.eu\/produktas\/2023-pokemon-svp-en-growlithe\/","url":"https:\/\/collectin.eu\/produktas\/2023-pokemon-svp-en-growlithe\/","name":"2023 Pokemon SVP EN Growlithe - Collectin.eu","isPartOf":{"@id":"https:\/\/collectin.eu\/#website"},"primaryImageOfPage":{"@id":"https:\/\/collectin.eu\/produktas\/2023-pokemon-svp-en-growlithe\/#primaryimage"},"image":{"@id":"https:\/\/collectin.eu\/produktas\/2023-pokemon-svp-en-growlithe\/#primaryimage"},"thumbnailUrl":"https:\/\/collectin.eu\/wp-content\/uploads\/2026\/01\/Untitled-design-2026-01-27T052409.941.png","datePublished":"2026-01-27T03:24:44+00:00","dateModified":"2026-04-08T10:28:22+00:00","description":"2023 Pok\u00e9mon SVP EN Growlithe PSA 9 yra oficiali Pok\u00e9mon Trading Card Game (TCG) kolekcin\u0117 korta i\u0161 2023\u202fm. Scarlet & Violet Black Star Promo (SVP) serijos.","breadcrumb":{"@id":"https:\/\/collectin.eu\/produktas\/2023-pokemon-svp-en-growlithe\/#breadcrumb"},"inLanguage":"en-US","potentialAction":[{"@type":"ReadAction","target":["https:\/\/collectin.eu\/produktas\/2023-pokemon-svp-en-growlithe\/"]}]},{"@type":"ImageObject","inLanguage":"en-US","@id":"https:\/\/collectin.eu\/produktas\/2023-pokemon-svp-en-growlithe\/#primaryimage","url":"https:\/\/collectin.eu\/wp-content\/uploads\/2026\/01\/Untitled-design-2026-01-27T052409.941.png","contentUrl":"https:\/\/collectin.eu\/wp-content\/uploads\/2026\/01\/Untitled-design-2026-01-27T052409.941.png","width":1080,"height":1080},{"@type":"BreadcrumbList","@id":"https:\/\/collectin.eu\/produktas\/2023-pokemon-svp-en-growlithe\/#breadcrumb","itemListElement":[{"@type":"ListItem","position":1,"name":"Home","item":"https:\/\/collectin.eu\/"},{"@type":"ListItem","position":2,"name":"Parduotuv\u0117","item":"https:\/\/collectin.eu\/parduotuve\/"},{"@type":"ListItem","position":3,"name":"2023 Pokemon SVP EN Growlithe"}]},{"@type":"WebSite","@id":"https:\/\/collectin.eu\/#website","url":"https:\/\/collectin.eu\/","name":"Collectin.eu","description":"","potentialAction":[{"@type":"SearchAction","target":{"@type":"EntryPoint","urlTemplate":"https:\/\/collectin.eu\/?s={search_term_string}"},"query-input":{"@type":"PropertyValueSpecification","valueRequired":true,"valueName":"search_term_string"}}],"inLanguage":"en-US"}]}},"jetpack_sharing_enabled":true,"_links":{"self":[{"href":"https:\/\/collectin.eu\/en\/wp-json\/wp\/v2\/product\/39409","targetHints":{"allow":["GET"]}}],"collection":[{"href":"https:\/\/collectin.eu\/en\/wp-json\/wp\/v2\/product"}],"about":[{"href":"https:\/\/collectin.eu\/en\/wp-json\/wp\/v2\/types\/product"}],"replies":[{"embeddable":true,"href":"https:\/\/collectin.eu\/en\/wp-json\/wp\/v2\/comments?post=39409"}],"version-history":[{"count":3,"href":"https:\/\/collectin.eu\/en\/wp-json\/wp\/v2\/product\/39409\/revisions"}],"predecessor-version":[{"id":40290,"href":"https:\/\/collectin.eu\/en\/wp-json\/wp\/v2\/product\/39409\/revisions\/40290"}],"wp:featuredmedia":[{"embeddable":true,"href":"https:\/\/collectin.eu\/en\/wp-json\/wp\/v2\/media\/39410"}],"wp:attachment":[{"href":"https:\/\/collectin.eu\/en\/wp-json\/wp\/v2\/media?parent=39409"}],"wp:term":[{"taxonomy":"product_brand","embeddable":true,"href":"https:\/\/collectin.eu\/en\/wp-json\/wp\/v2\/product_brand?post=39409"},{"taxonomy":"product_cat","embeddable":true,"href":"https:\/\/collectin.eu\/en\/wp-json\/wp\/v2\/product_cat?post=39409"},{"taxonomy":"product_tag","embeddable":true,"href":"https:\/\/collectin.eu\/en\/wp-json\/wp\/v2\/product_tag?post=39409"}],"curies":[{"name":"wp","href":"https:\/\/api.w.org\/{rel}","templated":true}]}}