{"id":39423,"date":"2026-01-28T06:21:55","date_gmt":"2026-01-28T06:21:55","guid":{"rendered":"https:\/\/collectin.eu\/?post_type=product&#038;p=39423"},"modified":"2026-04-08T10:23:57","modified_gmt":"2026-04-08T10:23:57","slug":"lego-854154-carnage-raktu-pakabukas","status":"publish","type":"product","link":"https:\/\/collectin.eu\/en\/product\/lego-854154-carnage-raktu-pakabukas\/","title":{"rendered":"LEGO\u00ae 854154 Carnage Key Chain"},"content":{"rendered":"<p>Padovanokite dalel\u0119 \u201eMarvel\u201c magijos su LEGO\u00ae Marvel Carnage rakt\u0173 pakabuku (854154). J\u012f sudaro legendinio \u201eMarvel\u201c visatos superblogiuko Carnage minifig\u016br\u0117l\u0117, pritvirtinta prie tvirtos metalin\u0117s grandin\u0117l\u0117s ir \u017eiedo. \u0160i \u0161auni dovanos id\u0117ja ma\u017eiesiems superherojams nuo 6 metu am\u017eiaus lengvai prisidega prie rakt\u0173, rankini\u0173, kuprini\u0173 ir ne tik.<\/p>\n<ul>\n<li>Rakt\u0173 pakabukas su LEGO\u00ae minifig\u016br\u0117le \u2013 Carnage minifig\u016br\u0117l\u0117 su lanks\u010dia galva, rankomis ir delnais yra pritvirtinta prie patvarios metalin\u0117s grandin\u0117l\u0117s ir \u017eiedo raktams. Minifig\u016br\u0117l\u0117 nuo grandin\u0117l\u0117s nenuimama<\/li>\n<li>Naudokite kaip rakt\u0173 arba kuprin\u0117s pakabuk\u0105 \u2013 metalinis \u017eiedas lengvai ir patikimai pritvirtinamas prie rakt\u0173, kuprini\u0173 ir pan.<\/li>\n<li>Dovanos id\u0117ja vaikams \u2013 \u0161is rakt\u0173 pakabukas yra 9 cm ilgio ir taps prakti\u0161ka dovana LEGO\u00ae Marvel konstruotojams ir veiksmo fig\u016br\u0117li\u0173 gerb\u0117jams nuo 6 met\u0173 am\u017eiaus<\/li>\n<\/ul>","protected":false},"excerpt":{"rendered":"<p>Padovanokite dalel\u0119 \u201eMarvel\u201c magijos su LEGO\u00ae Marvel Carnage rakt\u0173 pakabuku (854154). J\u012f sudaro legendinio \u201eMarvel\u201c visatos superblogiuko Carnage minifig\u016br\u0117l\u0117, pritvirtinta<\/p>","protected":false},"featured_media":39424,"comment_status":"open","ping_status":"closed","template":"","meta":[],"product_brand":[423],"product_cat":[677,406,609],"product_tag":[],"class_list":{"0":"post-39423","1":"product","2":"type-product","3":"status-publish","4":"has-post-thumbnail","6":"product_brand-lego","7":"product_cat-lego-konstruktoriai","8":"product_cat-lego","9":"product_cat-lego-raktu-pakabukai","11":"first","12":"instock","13":"taxable","14":"shipping-taxable","15":"purchasable","16":"product-type-simple"},"yoast_head":"<!-- This site is optimized with the Yoast SEO plugin v25.9 - https:\/\/yoast.com\/wordpress\/plugins\/seo\/ -->\n<title>LEGO\u00ae 854154 Carnage Key Chain - Collectin.eu<\/title>\n<meta name=\"description\" content=\"Padovanokite dalel\u0119 \u201eMarvel\u201c magijos su LEGO\u00ae Marvel Carnage rakt\u0173 pakabuku (854154). J\u012f sudaro legendinio \u201eMarvel\u201c visatos superblogiuko Carnage minifig\u016br\u0117l\u0117.\" \/>\n<meta name=\"robots\" content=\"index, follow, max-snippet:-1, max-image-preview:large, max-video-preview:-1\" \/>\n<link rel=\"canonical\" href=\"https:\/\/collectin.eu\/en\/product\/lego-854154-carnage-raktu-pakabukas\/\" \/>\n<meta property=\"og:locale\" content=\"en_US\" \/>\n<meta property=\"og:type\" content=\"article\" \/>\n<meta property=\"og:title\" content=\"LEGO\u00ae 854154 Carnage Key Chain - Collectin.eu\" \/>\n<meta property=\"og:description\" content=\"Padovanokite dalel\u0119 \u201eMarvel\u201c magijos su LEGO\u00ae Marvel Carnage rakt\u0173 pakabuku (854154). J\u012f sudaro legendinio \u201eMarvel\u201c visatos superblogiuko Carnage minifig\u016br\u0117l\u0117.\" \/>\n<meta property=\"og:url\" content=\"https:\/\/collectin.eu\/en\/product\/lego-854154-carnage-raktu-pakabukas\/\" \/>\n<meta property=\"og:site_name\" content=\"Collectin.eu\" \/>\n<meta property=\"article:modified_time\" content=\"2026-04-08T10:23:57+00:00\" \/>\n<meta property=\"og:image\" content=\"http:\/\/collectin.eu\/wp-content\/uploads\/2026\/01\/Untitled-design-2026-01-28T082017.970.png\" \/>\n\t<meta property=\"og:image:width\" content=\"1080\" \/>\n\t<meta property=\"og:image:height\" content=\"1080\" \/>\n\t<meta property=\"og:image:type\" content=\"image\/png\" \/>\n<meta name=\"twitter:card\" content=\"summary_large_image\" \/>\n<meta name=\"twitter:label1\" content=\"Est. reading time\" \/>\n\t<meta name=\"twitter:data1\" content=\"1 minute\" \/>\n<script type=\"application\/ld+json\" class=\"yoast-schema-graph\">{\"@context\":\"https:\/\/schema.org\",\"@graph\":[{\"@type\":\"WebPage\",\"@id\":\"https:\/\/collectin.eu\/produktas\/lego-854154-carnage-raktu-pakabukas\/\",\"url\":\"https:\/\/collectin.eu\/produktas\/lego-854154-carnage-raktu-pakabukas\/\",\"name\":\"LEGO\u00ae 854154 Carnage Key Chain - Collectin.eu\",\"isPartOf\":{\"@id\":\"https:\/\/collectin.eu\/#website\"},\"primaryImageOfPage\":{\"@id\":\"https:\/\/collectin.eu\/produktas\/lego-854154-carnage-raktu-pakabukas\/#primaryimage\"},\"image\":{\"@id\":\"https:\/\/collectin.eu\/produktas\/lego-854154-carnage-raktu-pakabukas\/#primaryimage\"},\"thumbnailUrl\":\"https:\/\/collectin.eu\/wp-content\/uploads\/2026\/01\/Untitled-design-2026-01-28T082017.970.png\",\"datePublished\":\"2026-01-28T06:21:55+00:00\",\"dateModified\":\"2026-04-08T10:23:57+00:00\",\"description\":\"Padovanokite dalel\u0119 \u201eMarvel\u201c magijos su LEGO\u00ae Marvel Carnage rakt\u0173 pakabuku (854154). J\u012f sudaro legendinio \u201eMarvel\u201c visatos superblogiuko Carnage minifig\u016br\u0117l\u0117.\",\"breadcrumb\":{\"@id\":\"https:\/\/collectin.eu\/produktas\/lego-854154-carnage-raktu-pakabukas\/#breadcrumb\"},\"inLanguage\":\"en-US\",\"potentialAction\":[{\"@type\":\"ReadAction\",\"target\":[\"https:\/\/collectin.eu\/produktas\/lego-854154-carnage-raktu-pakabukas\/\"]}]},{\"@type\":\"ImageObject\",\"inLanguage\":\"en-US\",\"@id\":\"https:\/\/collectin.eu\/produktas\/lego-854154-carnage-raktu-pakabukas\/#primaryimage\",\"url\":\"https:\/\/collectin.eu\/wp-content\/uploads\/2026\/01\/Untitled-design-2026-01-28T082017.970.png\",\"contentUrl\":\"https:\/\/collectin.eu\/wp-content\/uploads\/2026\/01\/Untitled-design-2026-01-28T082017.970.png\",\"width\":1080,\"height\":1080},{\"@type\":\"BreadcrumbList\",\"@id\":\"https:\/\/collectin.eu\/produktas\/lego-854154-carnage-raktu-pakabukas\/#breadcrumb\",\"itemListElement\":[{\"@type\":\"ListItem\",\"position\":1,\"name\":\"Home\",\"item\":\"https:\/\/collectin.eu\/\"},{\"@type\":\"ListItem\",\"position\":2,\"name\":\"Parduotuv\u0117\",\"item\":\"https:\/\/collectin.eu\/parduotuve\/\"},{\"@type\":\"ListItem\",\"position\":3,\"name\":\"LEGO\u00ae 854154 Carnage Key Chain\"}]},{\"@type\":\"WebSite\",\"@id\":\"https:\/\/collectin.eu\/#website\",\"url\":\"https:\/\/collectin.eu\/\",\"name\":\"Collectin.eu\",\"description\":\"\",\"potentialAction\":[{\"@type\":\"SearchAction\",\"target\":{\"@type\":\"EntryPoint\",\"urlTemplate\":\"https:\/\/collectin.eu\/?s={search_term_string}\"},\"query-input\":{\"@type\":\"PropertyValueSpecification\",\"valueRequired\":true,\"valueName\":\"search_term_string\"}}],\"inLanguage\":\"en-US\"}]}<\/script>\n<!-- \/ Yoast SEO plugin. -->","yoast_head_json":{"title":"LEGO\u00ae 854154 Carnage Key Chain - Collectin.eu","description":"Padovanokite dalel\u0119 \u201eMarvel\u201c magijos su LEGO\u00ae Marvel Carnage rakt\u0173 pakabuku (854154). J\u012f sudaro legendinio \u201eMarvel\u201c visatos superblogiuko Carnage minifig\u016br\u0117l\u0117.","robots":{"index":"index","follow":"follow","max-snippet":"max-snippet:-1","max-image-preview":"max-image-preview:large","max-video-preview":"max-video-preview:-1"},"canonical":"https:\/\/collectin.eu\/en\/product\/lego-854154-carnage-raktu-pakabukas\/","og_locale":"en_US","og_type":"article","og_title":"LEGO\u00ae 854154 Carnage Key Chain - Collectin.eu","og_description":"Padovanokite dalel\u0119 \u201eMarvel\u201c magijos su LEGO\u00ae Marvel Carnage rakt\u0173 pakabuku (854154). J\u012f sudaro legendinio \u201eMarvel\u201c visatos superblogiuko Carnage minifig\u016br\u0117l\u0117.","og_url":"https:\/\/collectin.eu\/en\/product\/lego-854154-carnage-raktu-pakabukas\/","og_site_name":"Collectin.eu","article_modified_time":"2026-04-08T10:23:57+00:00","og_image":[{"width":1080,"height":1080,"url":"http:\/\/collectin.eu\/wp-content\/uploads\/2026\/01\/Untitled-design-2026-01-28T082017.970.png","type":"image\/png"}],"twitter_card":"summary_large_image","twitter_misc":{"Est. reading time":"1 minute"},"schema":{"@context":"https:\/\/schema.org","@graph":[{"@type":"WebPage","@id":"https:\/\/collectin.eu\/produktas\/lego-854154-carnage-raktu-pakabukas\/","url":"https:\/\/collectin.eu\/produktas\/lego-854154-carnage-raktu-pakabukas\/","name":"LEGO\u00ae 854154 Carnage Key Chain - Collectin.eu","isPartOf":{"@id":"https:\/\/collectin.eu\/#website"},"primaryImageOfPage":{"@id":"https:\/\/collectin.eu\/produktas\/lego-854154-carnage-raktu-pakabukas\/#primaryimage"},"image":{"@id":"https:\/\/collectin.eu\/produktas\/lego-854154-carnage-raktu-pakabukas\/#primaryimage"},"thumbnailUrl":"https:\/\/collectin.eu\/wp-content\/uploads\/2026\/01\/Untitled-design-2026-01-28T082017.970.png","datePublished":"2026-01-28T06:21:55+00:00","dateModified":"2026-04-08T10:23:57+00:00","description":"Padovanokite dalel\u0119 \u201eMarvel\u201c magijos su LEGO\u00ae Marvel Carnage rakt\u0173 pakabuku (854154). J\u012f sudaro legendinio \u201eMarvel\u201c visatos superblogiuko Carnage minifig\u016br\u0117l\u0117.","breadcrumb":{"@id":"https:\/\/collectin.eu\/produktas\/lego-854154-carnage-raktu-pakabukas\/#breadcrumb"},"inLanguage":"en-US","potentialAction":[{"@type":"ReadAction","target":["https:\/\/collectin.eu\/produktas\/lego-854154-carnage-raktu-pakabukas\/"]}]},{"@type":"ImageObject","inLanguage":"en-US","@id":"https:\/\/collectin.eu\/produktas\/lego-854154-carnage-raktu-pakabukas\/#primaryimage","url":"https:\/\/collectin.eu\/wp-content\/uploads\/2026\/01\/Untitled-design-2026-01-28T082017.970.png","contentUrl":"https:\/\/collectin.eu\/wp-content\/uploads\/2026\/01\/Untitled-design-2026-01-28T082017.970.png","width":1080,"height":1080},{"@type":"BreadcrumbList","@id":"https:\/\/collectin.eu\/produktas\/lego-854154-carnage-raktu-pakabukas\/#breadcrumb","itemListElement":[{"@type":"ListItem","position":1,"name":"Home","item":"https:\/\/collectin.eu\/"},{"@type":"ListItem","position":2,"name":"Parduotuv\u0117","item":"https:\/\/collectin.eu\/parduotuve\/"},{"@type":"ListItem","position":3,"name":"LEGO\u00ae 854154 Carnage Key Chain"}]},{"@type":"WebSite","@id":"https:\/\/collectin.eu\/#website","url":"https:\/\/collectin.eu\/","name":"Collectin.eu","description":"","potentialAction":[{"@type":"SearchAction","target":{"@type":"EntryPoint","urlTemplate":"https:\/\/collectin.eu\/?s={search_term_string}"},"query-input":{"@type":"PropertyValueSpecification","valueRequired":true,"valueName":"search_term_string"}}],"inLanguage":"en-US"}]}},"jetpack_sharing_enabled":true,"_links":{"self":[{"href":"https:\/\/collectin.eu\/en\/wp-json\/wp\/v2\/product\/39423","targetHints":{"allow":["GET"]}}],"collection":[{"href":"https:\/\/collectin.eu\/en\/wp-json\/wp\/v2\/product"}],"about":[{"href":"https:\/\/collectin.eu\/en\/wp-json\/wp\/v2\/types\/product"}],"replies":[{"embeddable":true,"href":"https:\/\/collectin.eu\/en\/wp-json\/wp\/v2\/comments?post=39423"}],"version-history":[{"count":2,"href":"https:\/\/collectin.eu\/en\/wp-json\/wp\/v2\/product\/39423\/revisions"}],"predecessor-version":[{"id":40433,"href":"https:\/\/collectin.eu\/en\/wp-json\/wp\/v2\/product\/39423\/revisions\/40433"}],"wp:featuredmedia":[{"embeddable":true,"href":"https:\/\/collectin.eu\/en\/wp-json\/wp\/v2\/media\/39424"}],"wp:attachment":[{"href":"https:\/\/collectin.eu\/en\/wp-json\/wp\/v2\/media?parent=39423"}],"wp:term":[{"taxonomy":"product_brand","embeddable":true,"href":"https:\/\/collectin.eu\/en\/wp-json\/wp\/v2\/product_brand?post=39423"},{"taxonomy":"product_cat","embeddable":true,"href":"https:\/\/collectin.eu\/en\/wp-json\/wp\/v2\/product_cat?post=39423"},{"taxonomy":"product_tag","embeddable":true,"href":"https:\/\/collectin.eu\/en\/wp-json\/wp\/v2\/product_tag?post=39423"}],"curies":[{"name":"wp","href":"https:\/\/api.w.org\/{rel}","templated":true}]}}