{"id":39429,"date":"2026-01-28T06:27:27","date_gmt":"2026-01-28T06:27:27","guid":{"rendered":"https:\/\/collectin.eu\/?post_type=product&#038;p=39429"},"modified":"2026-04-08T10:23:56","modified_gmt":"2026-04-08T10:23:56","slug":"lego-853952-superman-raktu-pakabukas","status":"publish","type":"product","link":"https:\/\/collectin.eu\/en\/product\/lego-853952-superman-raktu-pakabukas\/","title":{"rendered":"LEGO\u00ae 853952 Superman Key Chain"},"content":{"rendered":"<p>Pritvirtink LEGO\u00ae DC 853952 Superman\u2122 rakt\u0173 pakabuk\u0105 prie savo rakt\u0173 ar kuprin\u0117s ir suvienyk j\u0117gas su plieniniu \u017emogumi. 2019 m. sausio m\u0117n. pristatyta atnaujinto dizaino Supermeno fig\u016br\u0117l\u0117 yra patvirtinta prie tvirto metalinio \u017eiedo, grandin\u0117l\u0117s ir LEGO \u017eenklo. Tai puiki dovana visiems \u0161io legendinio herojaus gerb\u0117jams.<\/p>\n<ul>\n<li>LEGO\u00ae DC Superman\u2122 fig\u016br\u0117l\u0117 yra pritvirtinta prie tvirto metalinio \u017eiedo, grandin\u0117l\u0117s ir LEGO \u017eenklo.<\/li>\n<li>Pritvirtink prie savo rakt\u0173 ar kuprin\u0117s.<\/li>\n<li>Fig\u016br\u0117l\u0117s ne\u012fmanoma atskirti nuo metalin\u0117s grandin\u0117l\u0117s.<\/li>\n<\/ul>","protected":false},"excerpt":{"rendered":"<p>Pritvirtink LEGO\u00ae DC 853952 Superman\u2122 rakt\u0173 pakabuk\u0105 prie savo rakt\u0173 ar kuprin\u0117s ir suvienyk j\u0117gas su plieniniu \u017emogumi. 2019 m.<\/p>","protected":false},"featured_media":39430,"comment_status":"open","ping_status":"closed","template":"","meta":[],"product_brand":[423],"product_cat":[677,406,609],"product_tag":[],"class_list":{"0":"post-39429","1":"product","2":"type-product","3":"status-publish","4":"has-post-thumbnail","6":"product_brand-lego","7":"product_cat-lego-konstruktoriai","8":"product_cat-lego","9":"product_cat-lego-raktu-pakabukai","11":"first","12":"instock","13":"taxable","14":"shipping-taxable","15":"purchasable","16":"product-type-simple"},"yoast_head":"<!-- This site is optimized with the Yoast SEO plugin v25.9 - https:\/\/yoast.com\/wordpress\/plugins\/seo\/ -->\n<title>LEGO\u00ae 853952 Superman Key Chain - Collectin.eu<\/title>\n<meta name=\"description\" content=\"Pritvirtink LEGO\u00ae DC 853952 Superman\u2122 rakt\u0173 pakabuk\u0105 prie savo rakt\u0173 ar kuprin\u0117s ir suvienyk j\u0117gas su plieniniu \u017emogumi. 2019 m.\" \/>\n<meta name=\"robots\" content=\"index, follow, max-snippet:-1, max-image-preview:large, max-video-preview:-1\" \/>\n<link rel=\"canonical\" href=\"https:\/\/collectin.eu\/en\/product\/lego-853952-superman-raktu-pakabukas\/\" \/>\n<meta property=\"og:locale\" content=\"en_US\" \/>\n<meta property=\"og:type\" content=\"article\" \/>\n<meta property=\"og:title\" content=\"LEGO\u00ae 853952 Superman Key Chain - Collectin.eu\" \/>\n<meta property=\"og:description\" content=\"Pritvirtink LEGO\u00ae DC 853952 Superman\u2122 rakt\u0173 pakabuk\u0105 prie savo rakt\u0173 ar kuprin\u0117s ir suvienyk j\u0117gas su plieniniu \u017emogumi. 2019 m.\" \/>\n<meta property=\"og:url\" content=\"https:\/\/collectin.eu\/en\/product\/lego-853952-superman-raktu-pakabukas\/\" \/>\n<meta property=\"og:site_name\" content=\"Collectin.eu\" \/>\n<meta property=\"article:modified_time\" content=\"2026-04-08T10:23:56+00:00\" \/>\n<meta property=\"og:image\" content=\"http:\/\/collectin.eu\/wp-content\/uploads\/2026\/01\/Untitled-design-2026-01-28T082558.340.png\" \/>\n\t<meta property=\"og:image:width\" content=\"1080\" \/>\n\t<meta property=\"og:image:height\" content=\"1080\" \/>\n\t<meta property=\"og:image:type\" content=\"image\/png\" \/>\n<meta name=\"twitter:card\" content=\"summary_large_image\" \/>\n<meta name=\"twitter:label1\" content=\"Est. reading time\" \/>\n\t<meta name=\"twitter:data1\" content=\"1 minute\" \/>\n<script type=\"application\/ld+json\" class=\"yoast-schema-graph\">{\"@context\":\"https:\/\/schema.org\",\"@graph\":[{\"@type\":\"WebPage\",\"@id\":\"https:\/\/collectin.eu\/produktas\/lego-853952-superman-raktu-pakabukas\/\",\"url\":\"https:\/\/collectin.eu\/produktas\/lego-853952-superman-raktu-pakabukas\/\",\"name\":\"LEGO\u00ae 853952 Superman Key Chain - Collectin.eu\",\"isPartOf\":{\"@id\":\"https:\/\/collectin.eu\/#website\"},\"primaryImageOfPage\":{\"@id\":\"https:\/\/collectin.eu\/produktas\/lego-853952-superman-raktu-pakabukas\/#primaryimage\"},\"image\":{\"@id\":\"https:\/\/collectin.eu\/produktas\/lego-853952-superman-raktu-pakabukas\/#primaryimage\"},\"thumbnailUrl\":\"https:\/\/collectin.eu\/wp-content\/uploads\/2026\/01\/Untitled-design-2026-01-28T082558.340.png\",\"datePublished\":\"2026-01-28T06:27:27+00:00\",\"dateModified\":\"2026-04-08T10:23:56+00:00\",\"description\":\"Pritvirtink LEGO\u00ae DC 853952 Superman\u2122 rakt\u0173 pakabuk\u0105 prie savo rakt\u0173 ar kuprin\u0117s ir suvienyk j\u0117gas su plieniniu \u017emogumi. 2019 m.\",\"breadcrumb\":{\"@id\":\"https:\/\/collectin.eu\/produktas\/lego-853952-superman-raktu-pakabukas\/#breadcrumb\"},\"inLanguage\":\"en-US\",\"potentialAction\":[{\"@type\":\"ReadAction\",\"target\":[\"https:\/\/collectin.eu\/produktas\/lego-853952-superman-raktu-pakabukas\/\"]}]},{\"@type\":\"ImageObject\",\"inLanguage\":\"en-US\",\"@id\":\"https:\/\/collectin.eu\/produktas\/lego-853952-superman-raktu-pakabukas\/#primaryimage\",\"url\":\"https:\/\/collectin.eu\/wp-content\/uploads\/2026\/01\/Untitled-design-2026-01-28T082558.340.png\",\"contentUrl\":\"https:\/\/collectin.eu\/wp-content\/uploads\/2026\/01\/Untitled-design-2026-01-28T082558.340.png\",\"width\":1080,\"height\":1080},{\"@type\":\"BreadcrumbList\",\"@id\":\"https:\/\/collectin.eu\/produktas\/lego-853952-superman-raktu-pakabukas\/#breadcrumb\",\"itemListElement\":[{\"@type\":\"ListItem\",\"position\":1,\"name\":\"Home\",\"item\":\"https:\/\/collectin.eu\/\"},{\"@type\":\"ListItem\",\"position\":2,\"name\":\"Parduotuv\u0117\",\"item\":\"https:\/\/collectin.eu\/parduotuve\/\"},{\"@type\":\"ListItem\",\"position\":3,\"name\":\"LEGO\u00ae 853952 Superman Key Chain\"}]},{\"@type\":\"WebSite\",\"@id\":\"https:\/\/collectin.eu\/#website\",\"url\":\"https:\/\/collectin.eu\/\",\"name\":\"Collectin.eu\",\"description\":\"\",\"potentialAction\":[{\"@type\":\"SearchAction\",\"target\":{\"@type\":\"EntryPoint\",\"urlTemplate\":\"https:\/\/collectin.eu\/?s={search_term_string}\"},\"query-input\":{\"@type\":\"PropertyValueSpecification\",\"valueRequired\":true,\"valueName\":\"search_term_string\"}}],\"inLanguage\":\"en-US\"}]}<\/script>\n<!-- \/ Yoast SEO plugin. -->","yoast_head_json":{"title":"LEGO\u00ae 853952 Superman Key Chain - Collectin.eu","description":"Pritvirtink LEGO\u00ae DC 853952 Superman\u2122 rakt\u0173 pakabuk\u0105 prie savo rakt\u0173 ar kuprin\u0117s ir suvienyk j\u0117gas su plieniniu \u017emogumi. 2019 m.","robots":{"index":"index","follow":"follow","max-snippet":"max-snippet:-1","max-image-preview":"max-image-preview:large","max-video-preview":"max-video-preview:-1"},"canonical":"https:\/\/collectin.eu\/en\/product\/lego-853952-superman-raktu-pakabukas\/","og_locale":"en_US","og_type":"article","og_title":"LEGO\u00ae 853952 Superman Key Chain - Collectin.eu","og_description":"Pritvirtink LEGO\u00ae DC 853952 Superman\u2122 rakt\u0173 pakabuk\u0105 prie savo rakt\u0173 ar kuprin\u0117s ir suvienyk j\u0117gas su plieniniu \u017emogumi. 2019 m.","og_url":"https:\/\/collectin.eu\/en\/product\/lego-853952-superman-raktu-pakabukas\/","og_site_name":"Collectin.eu","article_modified_time":"2026-04-08T10:23:56+00:00","og_image":[{"width":1080,"height":1080,"url":"http:\/\/collectin.eu\/wp-content\/uploads\/2026\/01\/Untitled-design-2026-01-28T082558.340.png","type":"image\/png"}],"twitter_card":"summary_large_image","twitter_misc":{"Est. reading time":"1 minute"},"schema":{"@context":"https:\/\/schema.org","@graph":[{"@type":"WebPage","@id":"https:\/\/collectin.eu\/produktas\/lego-853952-superman-raktu-pakabukas\/","url":"https:\/\/collectin.eu\/produktas\/lego-853952-superman-raktu-pakabukas\/","name":"LEGO\u00ae 853952 Superman Key Chain - Collectin.eu","isPartOf":{"@id":"https:\/\/collectin.eu\/#website"},"primaryImageOfPage":{"@id":"https:\/\/collectin.eu\/produktas\/lego-853952-superman-raktu-pakabukas\/#primaryimage"},"image":{"@id":"https:\/\/collectin.eu\/produktas\/lego-853952-superman-raktu-pakabukas\/#primaryimage"},"thumbnailUrl":"https:\/\/collectin.eu\/wp-content\/uploads\/2026\/01\/Untitled-design-2026-01-28T082558.340.png","datePublished":"2026-01-28T06:27:27+00:00","dateModified":"2026-04-08T10:23:56+00:00","description":"Pritvirtink LEGO\u00ae DC 853952 Superman\u2122 rakt\u0173 pakabuk\u0105 prie savo rakt\u0173 ar kuprin\u0117s ir suvienyk j\u0117gas su plieniniu \u017emogumi. 2019 m.","breadcrumb":{"@id":"https:\/\/collectin.eu\/produktas\/lego-853952-superman-raktu-pakabukas\/#breadcrumb"},"inLanguage":"en-US","potentialAction":[{"@type":"ReadAction","target":["https:\/\/collectin.eu\/produktas\/lego-853952-superman-raktu-pakabukas\/"]}]},{"@type":"ImageObject","inLanguage":"en-US","@id":"https:\/\/collectin.eu\/produktas\/lego-853952-superman-raktu-pakabukas\/#primaryimage","url":"https:\/\/collectin.eu\/wp-content\/uploads\/2026\/01\/Untitled-design-2026-01-28T082558.340.png","contentUrl":"https:\/\/collectin.eu\/wp-content\/uploads\/2026\/01\/Untitled-design-2026-01-28T082558.340.png","width":1080,"height":1080},{"@type":"BreadcrumbList","@id":"https:\/\/collectin.eu\/produktas\/lego-853952-superman-raktu-pakabukas\/#breadcrumb","itemListElement":[{"@type":"ListItem","position":1,"name":"Home","item":"https:\/\/collectin.eu\/"},{"@type":"ListItem","position":2,"name":"Parduotuv\u0117","item":"https:\/\/collectin.eu\/parduotuve\/"},{"@type":"ListItem","position":3,"name":"LEGO\u00ae 853952 Superman Key Chain"}]},{"@type":"WebSite","@id":"https:\/\/collectin.eu\/#website","url":"https:\/\/collectin.eu\/","name":"Collectin.eu","description":"","potentialAction":[{"@type":"SearchAction","target":{"@type":"EntryPoint","urlTemplate":"https:\/\/collectin.eu\/?s={search_term_string}"},"query-input":{"@type":"PropertyValueSpecification","valueRequired":true,"valueName":"search_term_string"}}],"inLanguage":"en-US"}]}},"jetpack_sharing_enabled":true,"_links":{"self":[{"href":"https:\/\/collectin.eu\/en\/wp-json\/wp\/v2\/product\/39429","targetHints":{"allow":["GET"]}}],"collection":[{"href":"https:\/\/collectin.eu\/en\/wp-json\/wp\/v2\/product"}],"about":[{"href":"https:\/\/collectin.eu\/en\/wp-json\/wp\/v2\/types\/product"}],"replies":[{"embeddable":true,"href":"https:\/\/collectin.eu\/en\/wp-json\/wp\/v2\/comments?post=39429"}],"version-history":[{"count":3,"href":"https:\/\/collectin.eu\/en\/wp-json\/wp\/v2\/product\/39429\/revisions"}],"predecessor-version":[{"id":40430,"href":"https:\/\/collectin.eu\/en\/wp-json\/wp\/v2\/product\/39429\/revisions\/40430"}],"wp:featuredmedia":[{"embeddable":true,"href":"https:\/\/collectin.eu\/en\/wp-json\/wp\/v2\/media\/39430"}],"wp:attachment":[{"href":"https:\/\/collectin.eu\/en\/wp-json\/wp\/v2\/media?parent=39429"}],"wp:term":[{"taxonomy":"product_brand","embeddable":true,"href":"https:\/\/collectin.eu\/en\/wp-json\/wp\/v2\/product_brand?post=39429"},{"taxonomy":"product_cat","embeddable":true,"href":"https:\/\/collectin.eu\/en\/wp-json\/wp\/v2\/product_cat?post=39429"},{"taxonomy":"product_tag","embeddable":true,"href":"https:\/\/collectin.eu\/en\/wp-json\/wp\/v2\/product_tag?post=39429"}],"curies":[{"name":"wp","href":"https:\/\/api.w.org\/{rel}","templated":true}]}}