{"id":39578,"date":"2026-02-15T08:46:17","date_gmt":"2026-02-15T08:46:17","guid":{"rendered":"https:\/\/collectin.eu\/?post_type=product&#038;p=39578"},"modified":"2026-04-08T10:26:20","modified_gmt":"2026-04-08T10:26:20","slug":"bitty-pop-pokemon-pikachu-vaporeon-caterpie-cubone-4pk","status":"publish","type":"product","link":"https:\/\/collectin.eu\/en\/product\/bitty-pop-pokemon-pikachu-vaporeon-caterpie-cubone-4pk\/","title":{"rendered":"Bitty POP! Pokemon &#8211; Pikachu &#8211; Vaporeon &#8211; Caterpie &#8211; Cubone 4PK"},"content":{"rendered":"<p>\u201eBitty POP! Pok\u00e9mon &#8211; Pikachu &#8211; Vaporeon &#8211; Caterpie &#8211; Cubone 4PK\u201c \u2013 tai keturi\u0173 mini fig\u016br\u0117li\u0173 rinkinys i\u0161 Funko, sukurtas pagal populiari\u0105j\u0105 Pok\u00e9mon fran\u0161iz\u0119. Komplekte rasite stilizuotas ir detaliai pagamintas persona\u017e\u0173 versijas: Pikachu, Vaporeon, Caterpie ir Cubone. Fig\u016br\u0117l\u0117s pasi\u017eymi ry\u0161kiomis spalvomis, ma\u017eo dyd\u017eio formatu ir atpa\u017e\u012fstamu \u017eaismingu dizainu, tod\u0117l jas patogu eksponuoti lentynose, ant stalo ar vitrinoje. Tai puiki dovana kolekcionieriams ir visiems Pok\u00e9mon gerb\u0117jams, norintiems prid\u0117ti i\u0161skirtin\u012f akcent\u0105 savo kolekcijai.<\/p>","protected":false},"excerpt":{"rendered":"<p>\u201eBitty POP! Pok\u00e9mon &#8211; Pikachu &#8211; Vaporeon &#8211; Caterpie &#8211; Cubone 4PK\u201c \u2013 tai keturi\u0173 mini fig\u016br\u0117li\u0173 rinkinys i\u0161 Funko,<\/p>","protected":false},"featured_media":39579,"comment_status":"open","ping_status":"closed","template":"","meta":[],"product_brand":[426],"product_cat":[611,680,409],"product_tag":[],"class_list":{"0":"post-39578","1":"product","2":"type-product","3":"status-publish","4":"has-post-thumbnail","6":"product_brand-funko-pop","7":"product_cat-bitty-pop","8":"product_cat-figureles","9":"product_cat-funko-pop","11":"first","12":"instock","13":"taxable","14":"shipping-taxable","15":"purchasable","16":"product-type-simple"},"yoast_head":"<!-- This site is optimized with the Yoast SEO plugin v25.9 - https:\/\/yoast.com\/wordpress\/plugins\/seo\/ -->\n<title>Bitty POP! Pokemon - Pikachu - Vaporeon - Caterpie - Cubone 4PK - Collectin.eu<\/title>\n<meta name=\"description\" content=\"\u201eBitty POP! Pok\u00e9mon - Pikachu - Vaporeon - Caterpie - Cubone 4PK\u201c \u2013 tai keturi\u0173 mini fig\u016br\u0117li\u0173 rinkinys, sukurtas Funko pagal \u017einom\u0105 Pok\u00e9mon pasaul\u012f.\" \/>\n<meta name=\"robots\" content=\"index, follow, max-snippet:-1, max-image-preview:large, max-video-preview:-1\" \/>\n<link rel=\"canonical\" href=\"https:\/\/collectin.eu\/en\/product\/bitty-pop-pokemon-pikachu-vaporeon-caterpie-cubone-4pk\/\" \/>\n<meta property=\"og:locale\" content=\"en_US\" \/>\n<meta property=\"og:type\" content=\"article\" \/>\n<meta property=\"og:title\" content=\"Bitty POP! Pokemon - Pikachu - Vaporeon - Caterpie - Cubone 4PK - Collectin.eu\" \/>\n<meta property=\"og:description\" content=\"\u201eBitty POP! Pok\u00e9mon - Pikachu - Vaporeon - Caterpie - Cubone 4PK\u201c \u2013 tai keturi\u0173 mini fig\u016br\u0117li\u0173 rinkinys, sukurtas Funko pagal \u017einom\u0105 Pok\u00e9mon pasaul\u012f.\" \/>\n<meta property=\"og:url\" content=\"https:\/\/collectin.eu\/en\/product\/bitty-pop-pokemon-pikachu-vaporeon-caterpie-cubone-4pk\/\" \/>\n<meta property=\"og:site_name\" content=\"Collectin.eu\" \/>\n<meta property=\"article:modified_time\" content=\"2026-04-08T10:26:20+00:00\" \/>\n<meta property=\"og:image\" content=\"http:\/\/collectin.eu\/wp-content\/uploads\/2026\/02\/Untitled-design-2026-02-15T104356.951.png\" \/>\n\t<meta property=\"og:image:width\" content=\"1080\" \/>\n\t<meta property=\"og:image:height\" content=\"1080\" \/>\n\t<meta property=\"og:image:type\" content=\"image\/png\" \/>\n<meta name=\"twitter:card\" content=\"summary_large_image\" \/>\n<meta name=\"twitter:label1\" content=\"Est. reading time\" \/>\n\t<meta name=\"twitter:data1\" content=\"1 minute\" \/>\n<script type=\"application\/ld+json\" class=\"yoast-schema-graph\">{\"@context\":\"https:\/\/schema.org\",\"@graph\":[{\"@type\":\"WebPage\",\"@id\":\"https:\/\/collectin.eu\/produktas\/bitty-pop-pokemon-pikachu-vaporeon-caterpie-cubone-4pk\/\",\"url\":\"https:\/\/collectin.eu\/produktas\/bitty-pop-pokemon-pikachu-vaporeon-caterpie-cubone-4pk\/\",\"name\":\"Bitty POP! Pokemon - Pikachu - Vaporeon - Caterpie - Cubone 4PK - Collectin.eu\",\"isPartOf\":{\"@id\":\"https:\/\/collectin.eu\/#website\"},\"primaryImageOfPage\":{\"@id\":\"https:\/\/collectin.eu\/produktas\/bitty-pop-pokemon-pikachu-vaporeon-caterpie-cubone-4pk\/#primaryimage\"},\"image\":{\"@id\":\"https:\/\/collectin.eu\/produktas\/bitty-pop-pokemon-pikachu-vaporeon-caterpie-cubone-4pk\/#primaryimage\"},\"thumbnailUrl\":\"https:\/\/collectin.eu\/wp-content\/uploads\/2026\/02\/Untitled-design-2026-02-15T104356.951.png\",\"datePublished\":\"2026-02-15T08:46:17+00:00\",\"dateModified\":\"2026-04-08T10:26:20+00:00\",\"description\":\"\u201eBitty POP! Pok\u00e9mon - Pikachu - Vaporeon - Caterpie - Cubone 4PK\u201c \u2013 tai keturi\u0173 mini fig\u016br\u0117li\u0173 rinkinys, sukurtas Funko pagal \u017einom\u0105 Pok\u00e9mon pasaul\u012f.\",\"breadcrumb\":{\"@id\":\"https:\/\/collectin.eu\/produktas\/bitty-pop-pokemon-pikachu-vaporeon-caterpie-cubone-4pk\/#breadcrumb\"},\"inLanguage\":\"en-US\",\"potentialAction\":[{\"@type\":\"ReadAction\",\"target\":[\"https:\/\/collectin.eu\/produktas\/bitty-pop-pokemon-pikachu-vaporeon-caterpie-cubone-4pk\/\"]}]},{\"@type\":\"ImageObject\",\"inLanguage\":\"en-US\",\"@id\":\"https:\/\/collectin.eu\/produktas\/bitty-pop-pokemon-pikachu-vaporeon-caterpie-cubone-4pk\/#primaryimage\",\"url\":\"https:\/\/collectin.eu\/wp-content\/uploads\/2026\/02\/Untitled-design-2026-02-15T104356.951.png\",\"contentUrl\":\"https:\/\/collectin.eu\/wp-content\/uploads\/2026\/02\/Untitled-design-2026-02-15T104356.951.png\",\"width\":1080,\"height\":1080},{\"@type\":\"BreadcrumbList\",\"@id\":\"https:\/\/collectin.eu\/produktas\/bitty-pop-pokemon-pikachu-vaporeon-caterpie-cubone-4pk\/#breadcrumb\",\"itemListElement\":[{\"@type\":\"ListItem\",\"position\":1,\"name\":\"Home\",\"item\":\"https:\/\/collectin.eu\/\"},{\"@type\":\"ListItem\",\"position\":2,\"name\":\"Parduotuv\u0117\",\"item\":\"https:\/\/collectin.eu\/parduotuve\/\"},{\"@type\":\"ListItem\",\"position\":3,\"name\":\"Bitty POP! Pokemon &#8211; Pikachu &#8211; Vaporeon &#8211; Caterpie &#8211; Cubone 4PK\"}]},{\"@type\":\"WebSite\",\"@id\":\"https:\/\/collectin.eu\/#website\",\"url\":\"https:\/\/collectin.eu\/\",\"name\":\"Collectin.eu\",\"description\":\"\",\"potentialAction\":[{\"@type\":\"SearchAction\",\"target\":{\"@type\":\"EntryPoint\",\"urlTemplate\":\"https:\/\/collectin.eu\/?s={search_term_string}\"},\"query-input\":{\"@type\":\"PropertyValueSpecification\",\"valueRequired\":true,\"valueName\":\"search_term_string\"}}],\"inLanguage\":\"en-US\"}]}<\/script>\n<!-- \/ Yoast SEO plugin. -->","yoast_head_json":{"title":"Bitty POP! Pokemon - Pikachu - Vaporeon - Caterpie - Cubone 4PK - Collectin.eu","description":"\u201eBitty POP! Pok\u00e9mon - Pikachu - Vaporeon - Caterpie - Cubone 4PK\u201c \u2013 tai keturi\u0173 mini fig\u016br\u0117li\u0173 rinkinys, sukurtas Funko pagal \u017einom\u0105 Pok\u00e9mon pasaul\u012f.","robots":{"index":"index","follow":"follow","max-snippet":"max-snippet:-1","max-image-preview":"max-image-preview:large","max-video-preview":"max-video-preview:-1"},"canonical":"https:\/\/collectin.eu\/en\/product\/bitty-pop-pokemon-pikachu-vaporeon-caterpie-cubone-4pk\/","og_locale":"en_US","og_type":"article","og_title":"Bitty POP! Pokemon - Pikachu - Vaporeon - Caterpie - Cubone 4PK - Collectin.eu","og_description":"\u201eBitty POP! Pok\u00e9mon - Pikachu - Vaporeon - Caterpie - Cubone 4PK\u201c \u2013 tai keturi\u0173 mini fig\u016br\u0117li\u0173 rinkinys, sukurtas Funko pagal \u017einom\u0105 Pok\u00e9mon pasaul\u012f.","og_url":"https:\/\/collectin.eu\/en\/product\/bitty-pop-pokemon-pikachu-vaporeon-caterpie-cubone-4pk\/","og_site_name":"Collectin.eu","article_modified_time":"2026-04-08T10:26:20+00:00","og_image":[{"width":1080,"height":1080,"url":"http:\/\/collectin.eu\/wp-content\/uploads\/2026\/02\/Untitled-design-2026-02-15T104356.951.png","type":"image\/png"}],"twitter_card":"summary_large_image","twitter_misc":{"Est. reading time":"1 minute"},"schema":{"@context":"https:\/\/schema.org","@graph":[{"@type":"WebPage","@id":"https:\/\/collectin.eu\/produktas\/bitty-pop-pokemon-pikachu-vaporeon-caterpie-cubone-4pk\/","url":"https:\/\/collectin.eu\/produktas\/bitty-pop-pokemon-pikachu-vaporeon-caterpie-cubone-4pk\/","name":"Bitty POP! Pokemon - Pikachu - Vaporeon - Caterpie - Cubone 4PK - Collectin.eu","isPartOf":{"@id":"https:\/\/collectin.eu\/#website"},"primaryImageOfPage":{"@id":"https:\/\/collectin.eu\/produktas\/bitty-pop-pokemon-pikachu-vaporeon-caterpie-cubone-4pk\/#primaryimage"},"image":{"@id":"https:\/\/collectin.eu\/produktas\/bitty-pop-pokemon-pikachu-vaporeon-caterpie-cubone-4pk\/#primaryimage"},"thumbnailUrl":"https:\/\/collectin.eu\/wp-content\/uploads\/2026\/02\/Untitled-design-2026-02-15T104356.951.png","datePublished":"2026-02-15T08:46:17+00:00","dateModified":"2026-04-08T10:26:20+00:00","description":"\u201eBitty POP! Pok\u00e9mon - Pikachu - Vaporeon - Caterpie - Cubone 4PK\u201c \u2013 tai keturi\u0173 mini fig\u016br\u0117li\u0173 rinkinys, sukurtas Funko pagal \u017einom\u0105 Pok\u00e9mon pasaul\u012f.","breadcrumb":{"@id":"https:\/\/collectin.eu\/produktas\/bitty-pop-pokemon-pikachu-vaporeon-caterpie-cubone-4pk\/#breadcrumb"},"inLanguage":"en-US","potentialAction":[{"@type":"ReadAction","target":["https:\/\/collectin.eu\/produktas\/bitty-pop-pokemon-pikachu-vaporeon-caterpie-cubone-4pk\/"]}]},{"@type":"ImageObject","inLanguage":"en-US","@id":"https:\/\/collectin.eu\/produktas\/bitty-pop-pokemon-pikachu-vaporeon-caterpie-cubone-4pk\/#primaryimage","url":"https:\/\/collectin.eu\/wp-content\/uploads\/2026\/02\/Untitled-design-2026-02-15T104356.951.png","contentUrl":"https:\/\/collectin.eu\/wp-content\/uploads\/2026\/02\/Untitled-design-2026-02-15T104356.951.png","width":1080,"height":1080},{"@type":"BreadcrumbList","@id":"https:\/\/collectin.eu\/produktas\/bitty-pop-pokemon-pikachu-vaporeon-caterpie-cubone-4pk\/#breadcrumb","itemListElement":[{"@type":"ListItem","position":1,"name":"Home","item":"https:\/\/collectin.eu\/"},{"@type":"ListItem","position":2,"name":"Parduotuv\u0117","item":"https:\/\/collectin.eu\/parduotuve\/"},{"@type":"ListItem","position":3,"name":"Bitty POP! Pokemon &#8211; Pikachu &#8211; Vaporeon &#8211; Caterpie &#8211; Cubone 4PK"}]},{"@type":"WebSite","@id":"https:\/\/collectin.eu\/#website","url":"https:\/\/collectin.eu\/","name":"Collectin.eu","description":"","potentialAction":[{"@type":"SearchAction","target":{"@type":"EntryPoint","urlTemplate":"https:\/\/collectin.eu\/?s={search_term_string}"},"query-input":{"@type":"PropertyValueSpecification","valueRequired":true,"valueName":"search_term_string"}}],"inLanguage":"en-US"}]}},"jetpack_sharing_enabled":true,"_links":{"self":[{"href":"https:\/\/collectin.eu\/en\/wp-json\/wp\/v2\/product\/39578","targetHints":{"allow":["GET"]}}],"collection":[{"href":"https:\/\/collectin.eu\/en\/wp-json\/wp\/v2\/product"}],"about":[{"href":"https:\/\/collectin.eu\/en\/wp-json\/wp\/v2\/types\/product"}],"replies":[{"embeddable":true,"href":"https:\/\/collectin.eu\/en\/wp-json\/wp\/v2\/comments?post=39578"}],"version-history":[{"count":2,"href":"https:\/\/collectin.eu\/en\/wp-json\/wp\/v2\/product\/39578\/revisions"}],"predecessor-version":[{"id":40195,"href":"https:\/\/collectin.eu\/en\/wp-json\/wp\/v2\/product\/39578\/revisions\/40195"}],"wp:featuredmedia":[{"embeddable":true,"href":"https:\/\/collectin.eu\/en\/wp-json\/wp\/v2\/media\/39579"}],"wp:attachment":[{"href":"https:\/\/collectin.eu\/en\/wp-json\/wp\/v2\/media?parent=39578"}],"wp:term":[{"taxonomy":"product_brand","embeddable":true,"href":"https:\/\/collectin.eu\/en\/wp-json\/wp\/v2\/product_brand?post=39578"},{"taxonomy":"product_cat","embeddable":true,"href":"https:\/\/collectin.eu\/en\/wp-json\/wp\/v2\/product_cat?post=39578"},{"taxonomy":"product_tag","embeddable":true,"href":"https:\/\/collectin.eu\/en\/wp-json\/wp\/v2\/product_tag?post=39578"}],"curies":[{"name":"wp","href":"https:\/\/api.w.org\/{rel}","templated":true}]}}