{"id":39596,"date":"2026-02-15T09:47:03","date_gmt":"2026-02-15T09:47:03","guid":{"rendered":"https:\/\/collectin.eu\/?post_type=product&#038;p=39596"},"modified":"2026-04-08T10:26:19","modified_gmt":"2026-04-08T10:26:19","slug":"pop-dc-new-classics-superman","status":"publish","type":"product","link":"https:\/\/collectin.eu\/en\/product\/pop-dc-new-classics-superman\/","title":{"rendered":"Pop! DC New Classics &#8211; Superman"},"content":{"rendered":"<p>\u201ePop! Keychain DC New Classics &#8211; Superman\u201c \u2013 tai stilingas ir funkcionalus rakt\u0173 pakabukas i\u0161 Funko \u201eDC New Classics\u201c serijos, skirtas Superman gerb\u0117jams bei kolekcininkams. \u0160i mini fig\u016br\u0117l\u0117 perteikia ikoni\u0161ko superherojus charakter\u012f stilizuotu Pop! dizainu, i\u0161siskirian\u010diu ry\u0161kiomis spalvomis, atpa\u017e\u012fstamais kostiumo elementais ir subtiliomis detal\u0117mis, kurios pabr\u0117\u017eia persona\u017eo charizm\u0105. Kompakti\u0161kas dydis leid\u017eia patogiai prisegti raktams, kuprinei, piniginei ar rankinei, tod\u0117l jis tampa ne tik dekoratyviu, bet ir prakti\u0161ku aksesuaru kasdieniam naudojimui. Tai puikus pasirinkimas tiems, kurie nori tur\u0117ti savo m\u0117gstam\u0105 heroj\u0173 visada \u0161alia, arba ie\u0161kantiems smagios ir i\u0161skirtin\u0117s dovanos DC gerb\u0117jams.<\/p>","protected":false},"excerpt":{"rendered":"<p>\u201ePop! Keychain DC New Classics &#8211; Superman\u201c \u2013 tai stilingas ir funkcionalus rakt\u0173 pakabukas i\u0161 Funko \u201eDC New Classics\u201c serijos,<\/p>","protected":false},"featured_media":39597,"comment_status":"open","ping_status":"closed","template":"","meta":[],"product_brand":[426],"product_cat":[680,409,582],"product_tag":[],"class_list":{"0":"post-39596","1":"product","2":"type-product","3":"status-publish","4":"has-post-thumbnail","6":"product_brand-funko-pop","7":"product_cat-figureles","8":"product_cat-funko-pop","9":"product_cat-raktu-pakabukai","11":"first","12":"instock","13":"taxable","14":"shipping-taxable","15":"purchasable","16":"product-type-simple"},"yoast_head":"<!-- This site is optimized with the Yoast SEO plugin v25.9 - https:\/\/yoast.com\/wordpress\/plugins\/seo\/ -->\n<title>Pop! DC New Classics - Superman - Collectin.eu<\/title>\n<meta name=\"description\" content=\"\u201ePop! Keychain DC New Classics - Superman\u201c \u2013 tai stilingas ir funkcionalus rakt\u0173 pakabukas i\u0161 Funko \u201eDC New Classics\u201c serijos, skirtas Superman gerb\u0117jams bei kolekcininkams.\" \/>\n<meta name=\"robots\" content=\"index, follow, max-snippet:-1, max-image-preview:large, max-video-preview:-1\" \/>\n<link rel=\"canonical\" href=\"https:\/\/collectin.eu\/en\/product\/pop-dc-new-classics-superman\/\" \/>\n<meta property=\"og:locale\" content=\"en_US\" \/>\n<meta property=\"og:type\" content=\"article\" \/>\n<meta property=\"og:title\" content=\"Pop! DC New Classics - Superman - Collectin.eu\" \/>\n<meta property=\"og:description\" content=\"\u201ePop! Keychain DC New Classics - Superman\u201c \u2013 tai stilingas ir funkcionalus rakt\u0173 pakabukas i\u0161 Funko \u201eDC New Classics\u201c serijos, skirtas Superman gerb\u0117jams bei kolekcininkams.\" \/>\n<meta property=\"og:url\" content=\"https:\/\/collectin.eu\/en\/product\/pop-dc-new-classics-superman\/\" \/>\n<meta property=\"og:site_name\" content=\"Collectin.eu\" \/>\n<meta property=\"article:modified_time\" content=\"2026-04-08T10:26:19+00:00\" \/>\n<meta property=\"og:image\" content=\"http:\/\/collectin.eu\/wp-content\/uploads\/2026\/02\/Untitled-design-2026-02-15T114418.172.png\" \/>\n\t<meta property=\"og:image:width\" content=\"1080\" \/>\n\t<meta property=\"og:image:height\" content=\"1080\" \/>\n\t<meta property=\"og:image:type\" content=\"image\/png\" \/>\n<meta name=\"twitter:card\" content=\"summary_large_image\" \/>\n<meta name=\"twitter:label1\" content=\"Est. reading time\" \/>\n\t<meta name=\"twitter:data1\" content=\"1 minute\" \/>\n<script type=\"application\/ld+json\" class=\"yoast-schema-graph\">{\"@context\":\"https:\/\/schema.org\",\"@graph\":[{\"@type\":\"WebPage\",\"@id\":\"https:\/\/collectin.eu\/produktas\/pop-dc-new-classics-superman\/\",\"url\":\"https:\/\/collectin.eu\/produktas\/pop-dc-new-classics-superman\/\",\"name\":\"Pop! DC New Classics - Superman - Collectin.eu\",\"isPartOf\":{\"@id\":\"https:\/\/collectin.eu\/#website\"},\"primaryImageOfPage\":{\"@id\":\"https:\/\/collectin.eu\/produktas\/pop-dc-new-classics-superman\/#primaryimage\"},\"image\":{\"@id\":\"https:\/\/collectin.eu\/produktas\/pop-dc-new-classics-superman\/#primaryimage\"},\"thumbnailUrl\":\"https:\/\/collectin.eu\/wp-content\/uploads\/2026\/02\/Untitled-design-2026-02-15T114418.172.png\",\"datePublished\":\"2026-02-15T09:47:03+00:00\",\"dateModified\":\"2026-04-08T10:26:19+00:00\",\"description\":\"\u201ePop! Keychain DC New Classics - Superman\u201c \u2013 tai stilingas ir funkcionalus rakt\u0173 pakabukas i\u0161 Funko \u201eDC New Classics\u201c serijos, skirtas Superman gerb\u0117jams bei kolekcininkams.\",\"breadcrumb\":{\"@id\":\"https:\/\/collectin.eu\/produktas\/pop-dc-new-classics-superman\/#breadcrumb\"},\"inLanguage\":\"en-US\",\"potentialAction\":[{\"@type\":\"ReadAction\",\"target\":[\"https:\/\/collectin.eu\/produktas\/pop-dc-new-classics-superman\/\"]}]},{\"@type\":\"ImageObject\",\"inLanguage\":\"en-US\",\"@id\":\"https:\/\/collectin.eu\/produktas\/pop-dc-new-classics-superman\/#primaryimage\",\"url\":\"https:\/\/collectin.eu\/wp-content\/uploads\/2026\/02\/Untitled-design-2026-02-15T114418.172.png\",\"contentUrl\":\"https:\/\/collectin.eu\/wp-content\/uploads\/2026\/02\/Untitled-design-2026-02-15T114418.172.png\",\"width\":1080,\"height\":1080},{\"@type\":\"BreadcrumbList\",\"@id\":\"https:\/\/collectin.eu\/produktas\/pop-dc-new-classics-superman\/#breadcrumb\",\"itemListElement\":[{\"@type\":\"ListItem\",\"position\":1,\"name\":\"Home\",\"item\":\"https:\/\/collectin.eu\/\"},{\"@type\":\"ListItem\",\"position\":2,\"name\":\"Parduotuv\u0117\",\"item\":\"https:\/\/collectin.eu\/parduotuve\/\"},{\"@type\":\"ListItem\",\"position\":3,\"name\":\"Pop! DC New Classics &#8211; Superman\"}]},{\"@type\":\"WebSite\",\"@id\":\"https:\/\/collectin.eu\/#website\",\"url\":\"https:\/\/collectin.eu\/\",\"name\":\"Collectin.eu\",\"description\":\"\",\"potentialAction\":[{\"@type\":\"SearchAction\",\"target\":{\"@type\":\"EntryPoint\",\"urlTemplate\":\"https:\/\/collectin.eu\/?s={search_term_string}\"},\"query-input\":{\"@type\":\"PropertyValueSpecification\",\"valueRequired\":true,\"valueName\":\"search_term_string\"}}],\"inLanguage\":\"en-US\"}]}<\/script>\n<!-- \/ Yoast SEO plugin. -->","yoast_head_json":{"title":"Pop! DC New Classics - Superman - Collectin.eu","description":"\u201ePop! Keychain DC New Classics - Superman\u201c \u2013 tai stilingas ir funkcionalus rakt\u0173 pakabukas i\u0161 Funko \u201eDC New Classics\u201c serijos, skirtas Superman gerb\u0117jams bei kolekcininkams.","robots":{"index":"index","follow":"follow","max-snippet":"max-snippet:-1","max-image-preview":"max-image-preview:large","max-video-preview":"max-video-preview:-1"},"canonical":"https:\/\/collectin.eu\/en\/product\/pop-dc-new-classics-superman\/","og_locale":"en_US","og_type":"article","og_title":"Pop! DC New Classics - Superman - Collectin.eu","og_description":"\u201ePop! Keychain DC New Classics - Superman\u201c \u2013 tai stilingas ir funkcionalus rakt\u0173 pakabukas i\u0161 Funko \u201eDC New Classics\u201c serijos, skirtas Superman gerb\u0117jams bei kolekcininkams.","og_url":"https:\/\/collectin.eu\/en\/product\/pop-dc-new-classics-superman\/","og_site_name":"Collectin.eu","article_modified_time":"2026-04-08T10:26:19+00:00","og_image":[{"width":1080,"height":1080,"url":"http:\/\/collectin.eu\/wp-content\/uploads\/2026\/02\/Untitled-design-2026-02-15T114418.172.png","type":"image\/png"}],"twitter_card":"summary_large_image","twitter_misc":{"Est. reading time":"1 minute"},"schema":{"@context":"https:\/\/schema.org","@graph":[{"@type":"WebPage","@id":"https:\/\/collectin.eu\/produktas\/pop-dc-new-classics-superman\/","url":"https:\/\/collectin.eu\/produktas\/pop-dc-new-classics-superman\/","name":"Pop! DC New Classics - Superman - Collectin.eu","isPartOf":{"@id":"https:\/\/collectin.eu\/#website"},"primaryImageOfPage":{"@id":"https:\/\/collectin.eu\/produktas\/pop-dc-new-classics-superman\/#primaryimage"},"image":{"@id":"https:\/\/collectin.eu\/produktas\/pop-dc-new-classics-superman\/#primaryimage"},"thumbnailUrl":"https:\/\/collectin.eu\/wp-content\/uploads\/2026\/02\/Untitled-design-2026-02-15T114418.172.png","datePublished":"2026-02-15T09:47:03+00:00","dateModified":"2026-04-08T10:26:19+00:00","description":"\u201ePop! Keychain DC New Classics - Superman\u201c \u2013 tai stilingas ir funkcionalus rakt\u0173 pakabukas i\u0161 Funko \u201eDC New Classics\u201c serijos, skirtas Superman gerb\u0117jams bei kolekcininkams.","breadcrumb":{"@id":"https:\/\/collectin.eu\/produktas\/pop-dc-new-classics-superman\/#breadcrumb"},"inLanguage":"en-US","potentialAction":[{"@type":"ReadAction","target":["https:\/\/collectin.eu\/produktas\/pop-dc-new-classics-superman\/"]}]},{"@type":"ImageObject","inLanguage":"en-US","@id":"https:\/\/collectin.eu\/produktas\/pop-dc-new-classics-superman\/#primaryimage","url":"https:\/\/collectin.eu\/wp-content\/uploads\/2026\/02\/Untitled-design-2026-02-15T114418.172.png","contentUrl":"https:\/\/collectin.eu\/wp-content\/uploads\/2026\/02\/Untitled-design-2026-02-15T114418.172.png","width":1080,"height":1080},{"@type":"BreadcrumbList","@id":"https:\/\/collectin.eu\/produktas\/pop-dc-new-classics-superman\/#breadcrumb","itemListElement":[{"@type":"ListItem","position":1,"name":"Home","item":"https:\/\/collectin.eu\/"},{"@type":"ListItem","position":2,"name":"Parduotuv\u0117","item":"https:\/\/collectin.eu\/parduotuve\/"},{"@type":"ListItem","position":3,"name":"Pop! DC New Classics &#8211; Superman"}]},{"@type":"WebSite","@id":"https:\/\/collectin.eu\/#website","url":"https:\/\/collectin.eu\/","name":"Collectin.eu","description":"","potentialAction":[{"@type":"SearchAction","target":{"@type":"EntryPoint","urlTemplate":"https:\/\/collectin.eu\/?s={search_term_string}"},"query-input":{"@type":"PropertyValueSpecification","valueRequired":true,"valueName":"search_term_string"}}],"inLanguage":"en-US"}]}},"jetpack_sharing_enabled":true,"_links":{"self":[{"href":"https:\/\/collectin.eu\/en\/wp-json\/wp\/v2\/product\/39596","targetHints":{"allow":["GET"]}}],"collection":[{"href":"https:\/\/collectin.eu\/en\/wp-json\/wp\/v2\/product"}],"about":[{"href":"https:\/\/collectin.eu\/en\/wp-json\/wp\/v2\/types\/product"}],"replies":[{"embeddable":true,"href":"https:\/\/collectin.eu\/en\/wp-json\/wp\/v2\/comments?post=39596"}],"version-history":[{"count":2,"href":"https:\/\/collectin.eu\/en\/wp-json\/wp\/v2\/product\/39596\/revisions"}],"predecessor-version":[{"id":40198,"href":"https:\/\/collectin.eu\/en\/wp-json\/wp\/v2\/product\/39596\/revisions\/40198"}],"wp:featuredmedia":[{"embeddable":true,"href":"https:\/\/collectin.eu\/en\/wp-json\/wp\/v2\/media\/39597"}],"wp:attachment":[{"href":"https:\/\/collectin.eu\/en\/wp-json\/wp\/v2\/media?parent=39596"}],"wp:term":[{"taxonomy":"product_brand","embeddable":true,"href":"https:\/\/collectin.eu\/en\/wp-json\/wp\/v2\/product_brand?post=39596"},{"taxonomy":"product_cat","embeddable":true,"href":"https:\/\/collectin.eu\/en\/wp-json\/wp\/v2\/product_cat?post=39596"},{"taxonomy":"product_tag","embeddable":true,"href":"https:\/\/collectin.eu\/en\/wp-json\/wp\/v2\/product_tag?post=39596"}],"curies":[{"name":"wp","href":"https:\/\/api.w.org\/{rel}","templated":true}]}}