{"id":39605,"date":"2026-02-15T09:54:20","date_gmt":"2026-02-15T09:54:20","guid":{"rendered":"https:\/\/collectin.eu\/?post_type=product&#038;p=39605"},"modified":"2026-04-08T10:26:19","modified_gmt":"2026-04-08T10:26:19","slug":"pop-ghost-face","status":"publish","type":"product","link":"https:\/\/collectin.eu\/en\/product\/pop-ghost-face\/","title":{"rendered":"Pop! Ghost Face"},"content":{"rendered":"<p>\u201ePop! Keychain Ghost Face\u201c \u2013 tai rakt\u0173 pakabukas i\u0161 Funko, \u012fkv\u0117ptas kultinio siaubo filmo \u201eScream\u201c persona\u017eo. Miniati\u016brin\u0117 fig\u016br\u0117l\u0117 stilizuota Pop! dizainu, i\u0161siskiria ry\u0161kiomis detal\u0117mis, \u012fskaitant charaktering\u0105 Ghost Face kauk\u0119 ir juod\u0105 kostium\u0105. D\u0117l kompakti\u0161ko formato rakt\u0173 pakabuk\u0105 patogu prisegti prie rakt\u0173, kuprin\u0117s ar rankin\u0117s, tod\u0117l jis tampa ne tik dekoratyviu, bet ir prakti\u0161ku aksesuaru kasdieniam naudojimui. Tai puikus pasirinkimas siaubo film\u0173 gerb\u0117jams, kolekcionieriams arba kaip i\u0161skirtin\u0117 dovana tiems, kurie m\u0117gsta kultinius persona\u017eus.<\/p>","protected":false},"excerpt":{"rendered":"<p>\u201ePop! Keychain Ghost Face\u201c \u2013 tai rakt\u0173 pakabukas i\u0161 Funko, \u012fkv\u0117ptas kultinio siaubo filmo \u201eScream\u201c persona\u017eo. Miniati\u016brin\u0117 fig\u016br\u0117l\u0117 stilizuota Pop!<\/p>","protected":false},"featured_media":39606,"comment_status":"open","ping_status":"closed","template":"","meta":[],"product_brand":[426],"product_cat":[680,409,582],"product_tag":[],"class_list":{"0":"post-39605","1":"product","2":"type-product","3":"status-publish","4":"has-post-thumbnail","6":"product_brand-funko-pop","7":"product_cat-figureles","8":"product_cat-funko-pop","9":"product_cat-raktu-pakabukai","11":"first","12":"instock","13":"taxable","14":"shipping-taxable","15":"purchasable","16":"product-type-simple"},"yoast_head":"<!-- This site is optimized with the Yoast SEO plugin v25.9 - https:\/\/yoast.com\/wordpress\/plugins\/seo\/ -->\n<title>Pop! Ghost Face - Collectin.eu<\/title>\n<meta name=\"description\" content=\"\u201ePop! Keychain Ghost Face\u201c \u2013 tai rakt\u0173 pakabukas i\u0161 Funko, \u012fkv\u0117ptas kultinio siaubo filmo \u201eScream\u201c persona\u017eo. Miniati\u016brin\u0117 fig\u016br\u0117l\u0117 stilizuota Pop! dizainu.\" \/>\n<meta name=\"robots\" content=\"index, follow, max-snippet:-1, max-image-preview:large, max-video-preview:-1\" \/>\n<link rel=\"canonical\" href=\"https:\/\/collectin.eu\/en\/product\/pop-ghost-face\/\" \/>\n<meta property=\"og:locale\" content=\"en_US\" \/>\n<meta property=\"og:type\" content=\"article\" \/>\n<meta property=\"og:title\" content=\"Pop! Ghost Face - Collectin.eu\" \/>\n<meta property=\"og:description\" content=\"\u201ePop! Keychain Ghost Face\u201c \u2013 tai rakt\u0173 pakabukas i\u0161 Funko, \u012fkv\u0117ptas kultinio siaubo filmo \u201eScream\u201c persona\u017eo. Miniati\u016brin\u0117 fig\u016br\u0117l\u0117 stilizuota Pop! dizainu.\" \/>\n<meta property=\"og:url\" content=\"https:\/\/collectin.eu\/en\/product\/pop-ghost-face\/\" \/>\n<meta property=\"og:site_name\" content=\"Collectin.eu\" \/>\n<meta property=\"article:modified_time\" content=\"2026-04-08T10:26:19+00:00\" \/>\n<meta property=\"og:image\" content=\"http:\/\/collectin.eu\/wp-content\/uploads\/2026\/02\/Untitled-design-2026-02-15T115215.735.png\" \/>\n\t<meta property=\"og:image:width\" content=\"1080\" \/>\n\t<meta property=\"og:image:height\" content=\"1080\" \/>\n\t<meta property=\"og:image:type\" content=\"image\/png\" \/>\n<meta name=\"twitter:card\" content=\"summary_large_image\" \/>\n<meta name=\"twitter:label1\" content=\"Est. reading time\" \/>\n\t<meta name=\"twitter:data1\" content=\"1 minute\" \/>\n<script type=\"application\/ld+json\" class=\"yoast-schema-graph\">{\"@context\":\"https:\/\/schema.org\",\"@graph\":[{\"@type\":\"WebPage\",\"@id\":\"https:\/\/collectin.eu\/produktas\/pop-ghost-face\/\",\"url\":\"https:\/\/collectin.eu\/produktas\/pop-ghost-face\/\",\"name\":\"Pop! Ghost Face - Collectin.eu\",\"isPartOf\":{\"@id\":\"https:\/\/collectin.eu\/#website\"},\"primaryImageOfPage\":{\"@id\":\"https:\/\/collectin.eu\/produktas\/pop-ghost-face\/#primaryimage\"},\"image\":{\"@id\":\"https:\/\/collectin.eu\/produktas\/pop-ghost-face\/#primaryimage\"},\"thumbnailUrl\":\"https:\/\/collectin.eu\/wp-content\/uploads\/2026\/02\/Untitled-design-2026-02-15T115215.735.png\",\"datePublished\":\"2026-02-15T09:54:20+00:00\",\"dateModified\":\"2026-04-08T10:26:19+00:00\",\"description\":\"\u201ePop! Keychain Ghost Face\u201c \u2013 tai rakt\u0173 pakabukas i\u0161 Funko, \u012fkv\u0117ptas kultinio siaubo filmo \u201eScream\u201c persona\u017eo. Miniati\u016brin\u0117 fig\u016br\u0117l\u0117 stilizuota Pop! dizainu.\",\"breadcrumb\":{\"@id\":\"https:\/\/collectin.eu\/produktas\/pop-ghost-face\/#breadcrumb\"},\"inLanguage\":\"en-US\",\"potentialAction\":[{\"@type\":\"ReadAction\",\"target\":[\"https:\/\/collectin.eu\/produktas\/pop-ghost-face\/\"]}]},{\"@type\":\"ImageObject\",\"inLanguage\":\"en-US\",\"@id\":\"https:\/\/collectin.eu\/produktas\/pop-ghost-face\/#primaryimage\",\"url\":\"https:\/\/collectin.eu\/wp-content\/uploads\/2026\/02\/Untitled-design-2026-02-15T115215.735.png\",\"contentUrl\":\"https:\/\/collectin.eu\/wp-content\/uploads\/2026\/02\/Untitled-design-2026-02-15T115215.735.png\",\"width\":1080,\"height\":1080},{\"@type\":\"BreadcrumbList\",\"@id\":\"https:\/\/collectin.eu\/produktas\/pop-ghost-face\/#breadcrumb\",\"itemListElement\":[{\"@type\":\"ListItem\",\"position\":1,\"name\":\"Home\",\"item\":\"https:\/\/collectin.eu\/\"},{\"@type\":\"ListItem\",\"position\":2,\"name\":\"Parduotuv\u0117\",\"item\":\"https:\/\/collectin.eu\/parduotuve\/\"},{\"@type\":\"ListItem\",\"position\":3,\"name\":\"Pop! Ghost Face\"}]},{\"@type\":\"WebSite\",\"@id\":\"https:\/\/collectin.eu\/#website\",\"url\":\"https:\/\/collectin.eu\/\",\"name\":\"Collectin.eu\",\"description\":\"\",\"potentialAction\":[{\"@type\":\"SearchAction\",\"target\":{\"@type\":\"EntryPoint\",\"urlTemplate\":\"https:\/\/collectin.eu\/?s={search_term_string}\"},\"query-input\":{\"@type\":\"PropertyValueSpecification\",\"valueRequired\":true,\"valueName\":\"search_term_string\"}}],\"inLanguage\":\"en-US\"}]}<\/script>\n<!-- \/ Yoast SEO plugin. -->","yoast_head_json":{"title":"Pop! Ghost Face - Collectin.eu","description":"\u201ePop! Keychain Ghost Face\u201c \u2013 tai rakt\u0173 pakabukas i\u0161 Funko, \u012fkv\u0117ptas kultinio siaubo filmo \u201eScream\u201c persona\u017eo. Miniati\u016brin\u0117 fig\u016br\u0117l\u0117 stilizuota Pop! dizainu.","robots":{"index":"index","follow":"follow","max-snippet":"max-snippet:-1","max-image-preview":"max-image-preview:large","max-video-preview":"max-video-preview:-1"},"canonical":"https:\/\/collectin.eu\/en\/product\/pop-ghost-face\/","og_locale":"en_US","og_type":"article","og_title":"Pop! Ghost Face - Collectin.eu","og_description":"\u201ePop! Keychain Ghost Face\u201c \u2013 tai rakt\u0173 pakabukas i\u0161 Funko, \u012fkv\u0117ptas kultinio siaubo filmo \u201eScream\u201c persona\u017eo. Miniati\u016brin\u0117 fig\u016br\u0117l\u0117 stilizuota Pop! dizainu.","og_url":"https:\/\/collectin.eu\/en\/product\/pop-ghost-face\/","og_site_name":"Collectin.eu","article_modified_time":"2026-04-08T10:26:19+00:00","og_image":[{"width":1080,"height":1080,"url":"http:\/\/collectin.eu\/wp-content\/uploads\/2026\/02\/Untitled-design-2026-02-15T115215.735.png","type":"image\/png"}],"twitter_card":"summary_large_image","twitter_misc":{"Est. reading time":"1 minute"},"schema":{"@context":"https:\/\/schema.org","@graph":[{"@type":"WebPage","@id":"https:\/\/collectin.eu\/produktas\/pop-ghost-face\/","url":"https:\/\/collectin.eu\/produktas\/pop-ghost-face\/","name":"Pop! Ghost Face - Collectin.eu","isPartOf":{"@id":"https:\/\/collectin.eu\/#website"},"primaryImageOfPage":{"@id":"https:\/\/collectin.eu\/produktas\/pop-ghost-face\/#primaryimage"},"image":{"@id":"https:\/\/collectin.eu\/produktas\/pop-ghost-face\/#primaryimage"},"thumbnailUrl":"https:\/\/collectin.eu\/wp-content\/uploads\/2026\/02\/Untitled-design-2026-02-15T115215.735.png","datePublished":"2026-02-15T09:54:20+00:00","dateModified":"2026-04-08T10:26:19+00:00","description":"\u201ePop! Keychain Ghost Face\u201c \u2013 tai rakt\u0173 pakabukas i\u0161 Funko, \u012fkv\u0117ptas kultinio siaubo filmo \u201eScream\u201c persona\u017eo. Miniati\u016brin\u0117 fig\u016br\u0117l\u0117 stilizuota Pop! dizainu.","breadcrumb":{"@id":"https:\/\/collectin.eu\/produktas\/pop-ghost-face\/#breadcrumb"},"inLanguage":"en-US","potentialAction":[{"@type":"ReadAction","target":["https:\/\/collectin.eu\/produktas\/pop-ghost-face\/"]}]},{"@type":"ImageObject","inLanguage":"en-US","@id":"https:\/\/collectin.eu\/produktas\/pop-ghost-face\/#primaryimage","url":"https:\/\/collectin.eu\/wp-content\/uploads\/2026\/02\/Untitled-design-2026-02-15T115215.735.png","contentUrl":"https:\/\/collectin.eu\/wp-content\/uploads\/2026\/02\/Untitled-design-2026-02-15T115215.735.png","width":1080,"height":1080},{"@type":"BreadcrumbList","@id":"https:\/\/collectin.eu\/produktas\/pop-ghost-face\/#breadcrumb","itemListElement":[{"@type":"ListItem","position":1,"name":"Home","item":"https:\/\/collectin.eu\/"},{"@type":"ListItem","position":2,"name":"Parduotuv\u0117","item":"https:\/\/collectin.eu\/parduotuve\/"},{"@type":"ListItem","position":3,"name":"Pop! Ghost Face"}]},{"@type":"WebSite","@id":"https:\/\/collectin.eu\/#website","url":"https:\/\/collectin.eu\/","name":"Collectin.eu","description":"","potentialAction":[{"@type":"SearchAction","target":{"@type":"EntryPoint","urlTemplate":"https:\/\/collectin.eu\/?s={search_term_string}"},"query-input":{"@type":"PropertyValueSpecification","valueRequired":true,"valueName":"search_term_string"}}],"inLanguage":"en-US"}]}},"jetpack_sharing_enabled":true,"_links":{"self":[{"href":"https:\/\/collectin.eu\/en\/wp-json\/wp\/v2\/product\/39605","targetHints":{"allow":["GET"]}}],"collection":[{"href":"https:\/\/collectin.eu\/en\/wp-json\/wp\/v2\/product"}],"about":[{"href":"https:\/\/collectin.eu\/en\/wp-json\/wp\/v2\/types\/product"}],"replies":[{"embeddable":true,"href":"https:\/\/collectin.eu\/en\/wp-json\/wp\/v2\/comments?post=39605"}],"version-history":[{"count":2,"href":"https:\/\/collectin.eu\/en\/wp-json\/wp\/v2\/product\/39605\/revisions"}],"predecessor-version":[{"id":40200,"href":"https:\/\/collectin.eu\/en\/wp-json\/wp\/v2\/product\/39605\/revisions\/40200"}],"wp:featuredmedia":[{"embeddable":true,"href":"https:\/\/collectin.eu\/en\/wp-json\/wp\/v2\/media\/39606"}],"wp:attachment":[{"href":"https:\/\/collectin.eu\/en\/wp-json\/wp\/v2\/media?parent=39605"}],"wp:term":[{"taxonomy":"product_brand","embeddable":true,"href":"https:\/\/collectin.eu\/en\/wp-json\/wp\/v2\/product_brand?post=39605"},{"taxonomy":"product_cat","embeddable":true,"href":"https:\/\/collectin.eu\/en\/wp-json\/wp\/v2\/product_cat?post=39605"},{"taxonomy":"product_tag","embeddable":true,"href":"https:\/\/collectin.eu\/en\/wp-json\/wp\/v2\/product_tag?post=39605"}],"curies":[{"name":"wp","href":"https:\/\/api.w.org\/{rel}","templated":true}]}}