{"id":39621,"date":"2026-02-15T10:09:03","date_gmt":"2026-02-15T10:09:03","guid":{"rendered":"https:\/\/collectin.eu\/?post_type=product&#038;p=39621"},"modified":"2026-04-08T10:26:18","modified_gmt":"2026-04-08T10:26:18","slug":"pop-saw-10th-anniversary-billy","status":"publish","type":"product","link":"https:\/\/collectin.eu\/en\/product\/pop-saw-10th-anniversary-billy\/","title":{"rendered":"Pop! Saw 10th Anniversary &#8211; Billy"},"content":{"rendered":"<p>\u201ePop! Keychain: Saw 10th Anniversary &#8211; Billy\u201c \u2013 tai rakt\u0173 pakabukas i\u0161 Funko, sukurtas pamin\u0117ti kultinio siaubo filmo \u201eSaw\u201c de\u0161imtmet\u012f. Mini fig\u016br\u0117l\u0117 vaizduoja ikoni\u0161k\u0105 Billy the Puppet persona\u017e\u0105 stilizuotu Pop! stiliumi, su ry\u0161kiomis spalvomis ir atpa\u017e\u012fstamomis detal\u0117mis, tokiomis kaip jo balta veido kauk\u0117 ir raudonos akcent\u0173 linijos. D\u0117l kompakti\u0161ko dyd\u017eio pakabuk\u0105 patogu prisegti prie rakt\u0173, kuprin\u0117s ar rankin\u0117s, tod\u0117l jis tampa \u017eaismingu, bet tuo pa\u010diu ir prakti\u0161ku aksesuaru. Tai puiki dovana siaubo film\u0173 gerb\u0117jams, kolekcionieriams arba tiems, kurie nori tur\u0117ti kultin\u012f persona\u017e\u0105 visada \u0161alia.<\/p>","protected":false},"excerpt":{"rendered":"<p>\u201ePop! Keychain: Saw 10th Anniversary &#8211; Billy\u201c \u2013 tai rakt\u0173 pakabukas i\u0161 Funko, sukurtas pamin\u0117ti kultinio siaubo filmo \u201eSaw\u201c de\u0161imtmet\u012f.<\/p>","protected":false},"featured_media":39622,"comment_status":"open","ping_status":"closed","template":"","meta":[],"product_brand":[426],"product_cat":[680,409,582],"product_tag":[],"class_list":{"0":"post-39621","1":"product","2":"type-product","3":"status-publish","4":"has-post-thumbnail","6":"product_brand-funko-pop","7":"product_cat-figureles","8":"product_cat-funko-pop","9":"product_cat-raktu-pakabukai","11":"first","12":"instock","13":"taxable","14":"shipping-taxable","15":"purchasable","16":"product-type-simple"},"yoast_head":"<!-- This site is optimized with the Yoast SEO plugin v25.9 - https:\/\/yoast.com\/wordpress\/plugins\/seo\/ -->\n<title>Pop! Saw 10th Anniversary - Billy - Collectin.eu<\/title>\n<meta name=\"description\" content=\"\u201ePop! Keychain: Saw 10th Anniversary - Billy\u201c \u2013 tai rakt\u0173 pakabukas i\u0161 Funko, sukurtas pamin\u0117ti kultinio siaubo filmo \u201eSaw\u201c de\u0161imtmet\u012f.\" \/>\n<meta name=\"robots\" content=\"index, follow, max-snippet:-1, max-image-preview:large, max-video-preview:-1\" \/>\n<link rel=\"canonical\" href=\"https:\/\/collectin.eu\/en\/product\/pop-saw-10th-anniversary-billy\/\" \/>\n<meta property=\"og:locale\" content=\"en_US\" \/>\n<meta property=\"og:type\" content=\"article\" \/>\n<meta property=\"og:title\" content=\"Pop! Saw 10th Anniversary - Billy - Collectin.eu\" \/>\n<meta property=\"og:description\" content=\"\u201ePop! Keychain: Saw 10th Anniversary - Billy\u201c \u2013 tai rakt\u0173 pakabukas i\u0161 Funko, sukurtas pamin\u0117ti kultinio siaubo filmo \u201eSaw\u201c de\u0161imtmet\u012f.\" \/>\n<meta property=\"og:url\" content=\"https:\/\/collectin.eu\/en\/product\/pop-saw-10th-anniversary-billy\/\" \/>\n<meta property=\"og:site_name\" content=\"Collectin.eu\" \/>\n<meta property=\"article:modified_time\" content=\"2026-04-08T10:26:18+00:00\" \/>\n<meta property=\"og:image\" content=\"http:\/\/collectin.eu\/wp-content\/uploads\/2026\/02\/Untitled-design-2026-02-15T120651.172.png\" \/>\n\t<meta property=\"og:image:width\" content=\"1080\" \/>\n\t<meta property=\"og:image:height\" content=\"1080\" \/>\n\t<meta property=\"og:image:type\" content=\"image\/png\" \/>\n<meta name=\"twitter:card\" content=\"summary_large_image\" \/>\n<meta name=\"twitter:label1\" content=\"Est. reading time\" \/>\n\t<meta name=\"twitter:data1\" content=\"1 minute\" \/>\n<script type=\"application\/ld+json\" class=\"yoast-schema-graph\">{\"@context\":\"https:\/\/schema.org\",\"@graph\":[{\"@type\":\"WebPage\",\"@id\":\"https:\/\/collectin.eu\/produktas\/pop-saw-10th-anniversary-billy\/\",\"url\":\"https:\/\/collectin.eu\/produktas\/pop-saw-10th-anniversary-billy\/\",\"name\":\"Pop! Saw 10th Anniversary - Billy - Collectin.eu\",\"isPartOf\":{\"@id\":\"https:\/\/collectin.eu\/#website\"},\"primaryImageOfPage\":{\"@id\":\"https:\/\/collectin.eu\/produktas\/pop-saw-10th-anniversary-billy\/#primaryimage\"},\"image\":{\"@id\":\"https:\/\/collectin.eu\/produktas\/pop-saw-10th-anniversary-billy\/#primaryimage\"},\"thumbnailUrl\":\"https:\/\/collectin.eu\/wp-content\/uploads\/2026\/02\/Untitled-design-2026-02-15T120651.172.png\",\"datePublished\":\"2026-02-15T10:09:03+00:00\",\"dateModified\":\"2026-04-08T10:26:18+00:00\",\"description\":\"\u201ePop! Keychain: Saw 10th Anniversary - Billy\u201c \u2013 tai rakt\u0173 pakabukas i\u0161 Funko, sukurtas pamin\u0117ti kultinio siaubo filmo \u201eSaw\u201c de\u0161imtmet\u012f.\",\"breadcrumb\":{\"@id\":\"https:\/\/collectin.eu\/produktas\/pop-saw-10th-anniversary-billy\/#breadcrumb\"},\"inLanguage\":\"en-US\",\"potentialAction\":[{\"@type\":\"ReadAction\",\"target\":[\"https:\/\/collectin.eu\/produktas\/pop-saw-10th-anniversary-billy\/\"]}]},{\"@type\":\"ImageObject\",\"inLanguage\":\"en-US\",\"@id\":\"https:\/\/collectin.eu\/produktas\/pop-saw-10th-anniversary-billy\/#primaryimage\",\"url\":\"https:\/\/collectin.eu\/wp-content\/uploads\/2026\/02\/Untitled-design-2026-02-15T120651.172.png\",\"contentUrl\":\"https:\/\/collectin.eu\/wp-content\/uploads\/2026\/02\/Untitled-design-2026-02-15T120651.172.png\",\"width\":1080,\"height\":1080},{\"@type\":\"BreadcrumbList\",\"@id\":\"https:\/\/collectin.eu\/produktas\/pop-saw-10th-anniversary-billy\/#breadcrumb\",\"itemListElement\":[{\"@type\":\"ListItem\",\"position\":1,\"name\":\"Home\",\"item\":\"https:\/\/collectin.eu\/\"},{\"@type\":\"ListItem\",\"position\":2,\"name\":\"Parduotuv\u0117\",\"item\":\"https:\/\/collectin.eu\/parduotuve\/\"},{\"@type\":\"ListItem\",\"position\":3,\"name\":\"Pop! Saw 10th Anniversary &#8211; Billy\"}]},{\"@type\":\"WebSite\",\"@id\":\"https:\/\/collectin.eu\/#website\",\"url\":\"https:\/\/collectin.eu\/\",\"name\":\"Collectin.eu\",\"description\":\"\",\"potentialAction\":[{\"@type\":\"SearchAction\",\"target\":{\"@type\":\"EntryPoint\",\"urlTemplate\":\"https:\/\/collectin.eu\/?s={search_term_string}\"},\"query-input\":{\"@type\":\"PropertyValueSpecification\",\"valueRequired\":true,\"valueName\":\"search_term_string\"}}],\"inLanguage\":\"en-US\"}]}<\/script>\n<!-- \/ Yoast SEO plugin. -->","yoast_head_json":{"title":"Pop! Saw 10th Anniversary - Billy - Collectin.eu","description":"\u201ePop! Keychain: Saw 10th Anniversary - Billy\u201c \u2013 tai rakt\u0173 pakabukas i\u0161 Funko, sukurtas pamin\u0117ti kultinio siaubo filmo \u201eSaw\u201c de\u0161imtmet\u012f.","robots":{"index":"index","follow":"follow","max-snippet":"max-snippet:-1","max-image-preview":"max-image-preview:large","max-video-preview":"max-video-preview:-1"},"canonical":"https:\/\/collectin.eu\/en\/product\/pop-saw-10th-anniversary-billy\/","og_locale":"en_US","og_type":"article","og_title":"Pop! Saw 10th Anniversary - Billy - Collectin.eu","og_description":"\u201ePop! Keychain: Saw 10th Anniversary - Billy\u201c \u2013 tai rakt\u0173 pakabukas i\u0161 Funko, sukurtas pamin\u0117ti kultinio siaubo filmo \u201eSaw\u201c de\u0161imtmet\u012f.","og_url":"https:\/\/collectin.eu\/en\/product\/pop-saw-10th-anniversary-billy\/","og_site_name":"Collectin.eu","article_modified_time":"2026-04-08T10:26:18+00:00","og_image":[{"width":1080,"height":1080,"url":"http:\/\/collectin.eu\/wp-content\/uploads\/2026\/02\/Untitled-design-2026-02-15T120651.172.png","type":"image\/png"}],"twitter_card":"summary_large_image","twitter_misc":{"Est. reading time":"1 minute"},"schema":{"@context":"https:\/\/schema.org","@graph":[{"@type":"WebPage","@id":"https:\/\/collectin.eu\/produktas\/pop-saw-10th-anniversary-billy\/","url":"https:\/\/collectin.eu\/produktas\/pop-saw-10th-anniversary-billy\/","name":"Pop! Saw 10th Anniversary - Billy - Collectin.eu","isPartOf":{"@id":"https:\/\/collectin.eu\/#website"},"primaryImageOfPage":{"@id":"https:\/\/collectin.eu\/produktas\/pop-saw-10th-anniversary-billy\/#primaryimage"},"image":{"@id":"https:\/\/collectin.eu\/produktas\/pop-saw-10th-anniversary-billy\/#primaryimage"},"thumbnailUrl":"https:\/\/collectin.eu\/wp-content\/uploads\/2026\/02\/Untitled-design-2026-02-15T120651.172.png","datePublished":"2026-02-15T10:09:03+00:00","dateModified":"2026-04-08T10:26:18+00:00","description":"\u201ePop! Keychain: Saw 10th Anniversary - Billy\u201c \u2013 tai rakt\u0173 pakabukas i\u0161 Funko, sukurtas pamin\u0117ti kultinio siaubo filmo \u201eSaw\u201c de\u0161imtmet\u012f.","breadcrumb":{"@id":"https:\/\/collectin.eu\/produktas\/pop-saw-10th-anniversary-billy\/#breadcrumb"},"inLanguage":"en-US","potentialAction":[{"@type":"ReadAction","target":["https:\/\/collectin.eu\/produktas\/pop-saw-10th-anniversary-billy\/"]}]},{"@type":"ImageObject","inLanguage":"en-US","@id":"https:\/\/collectin.eu\/produktas\/pop-saw-10th-anniversary-billy\/#primaryimage","url":"https:\/\/collectin.eu\/wp-content\/uploads\/2026\/02\/Untitled-design-2026-02-15T120651.172.png","contentUrl":"https:\/\/collectin.eu\/wp-content\/uploads\/2026\/02\/Untitled-design-2026-02-15T120651.172.png","width":1080,"height":1080},{"@type":"BreadcrumbList","@id":"https:\/\/collectin.eu\/produktas\/pop-saw-10th-anniversary-billy\/#breadcrumb","itemListElement":[{"@type":"ListItem","position":1,"name":"Home","item":"https:\/\/collectin.eu\/"},{"@type":"ListItem","position":2,"name":"Parduotuv\u0117","item":"https:\/\/collectin.eu\/parduotuve\/"},{"@type":"ListItem","position":3,"name":"Pop! Saw 10th Anniversary &#8211; Billy"}]},{"@type":"WebSite","@id":"https:\/\/collectin.eu\/#website","url":"https:\/\/collectin.eu\/","name":"Collectin.eu","description":"","potentialAction":[{"@type":"SearchAction","target":{"@type":"EntryPoint","urlTemplate":"https:\/\/collectin.eu\/?s={search_term_string}"},"query-input":{"@type":"PropertyValueSpecification","valueRequired":true,"valueName":"search_term_string"}}],"inLanguage":"en-US"}]}},"jetpack_sharing_enabled":true,"_links":{"self":[{"href":"https:\/\/collectin.eu\/en\/wp-json\/wp\/v2\/product\/39621","targetHints":{"allow":["GET"]}}],"collection":[{"href":"https:\/\/collectin.eu\/en\/wp-json\/wp\/v2\/product"}],"about":[{"href":"https:\/\/collectin.eu\/en\/wp-json\/wp\/v2\/types\/product"}],"replies":[{"embeddable":true,"href":"https:\/\/collectin.eu\/en\/wp-json\/wp\/v2\/comments?post=39621"}],"version-history":[{"count":2,"href":"https:\/\/collectin.eu\/en\/wp-json\/wp\/v2\/product\/39621\/revisions"}],"predecessor-version":[{"id":40204,"href":"https:\/\/collectin.eu\/en\/wp-json\/wp\/v2\/product\/39621\/revisions\/40204"}],"wp:featuredmedia":[{"embeddable":true,"href":"https:\/\/collectin.eu\/en\/wp-json\/wp\/v2\/media\/39622"}],"wp:attachment":[{"href":"https:\/\/collectin.eu\/en\/wp-json\/wp\/v2\/media?parent=39621"}],"wp:term":[{"taxonomy":"product_brand","embeddable":true,"href":"https:\/\/collectin.eu\/en\/wp-json\/wp\/v2\/product_brand?post=39621"},{"taxonomy":"product_cat","embeddable":true,"href":"https:\/\/collectin.eu\/en\/wp-json\/wp\/v2\/product_cat?post=39621"},{"taxonomy":"product_tag","embeddable":true,"href":"https:\/\/collectin.eu\/en\/wp-json\/wp\/v2\/product_tag?post=39621"}],"curies":[{"name":"wp","href":"https:\/\/api.w.org\/{rel}","templated":true}]}}