{"id":39624,"date":"2026-02-15T10:12:44","date_gmt":"2026-02-15T10:12:44","guid":{"rendered":"https:\/\/collectin.eu\/?post_type=product&#038;p=39624"},"modified":"2026-04-08T10:26:17","modified_gmt":"2026-04-08T10:26:17","slug":"pop-incredibles-elastigirl","status":"publish","type":"product","link":"https:\/\/collectin.eu\/en\/product\/pop-incredibles-elastigirl\/","title":{"rendered":"Pop! Incredibles Elastigirl"},"content":{"rendered":"<p>\u201ePop! Keychain Incredibles \u2013 Elastigirl\u201c \u2013 tai rakt\u0173 pakabukas i\u0161 Funko kolekcijos, sukurtas pagal animacin\u012f film\u0105 \u201eThe Incredibles\u201c. Miniati\u016brin\u0117 fig\u016br\u0117l\u0117 perteikia stilizuot\u0105 Pop! dizain\u0105, i\u0161siskiria ry\u0161kiomis spalvomis, i\u0161rai\u0161kingomis detal\u0117mis ir atpa\u017e\u012fstamu Elastigirl \u012fvaizd\u017eiu. Kompakti\u0161kas dydis leid\u017eia patogiai prisegti pakabuk\u0105 prie rakt\u0173, kuprin\u0117s ar rankin\u0117s, tod\u0117l jis tampa ne tik \u017eaismingu, bet ir prakti\u0161ku kasdieniu aksesuaru. Tai puikus pasirinkimas kolekcionieriams, \u201eIncredibles\u201c gerb\u0117jams arba kaip smagi ir i\u0161skirtin\u0117 dovana.<\/p>","protected":false},"excerpt":{"rendered":"<p>\u201ePop! Keychain Incredibles \u2013 Elastigirl\u201c \u2013 tai rakt\u0173 pakabukas i\u0161 Funko kolekcijos, sukurtas pagal animacin\u012f film\u0105 \u201eThe Incredibles\u201c. Miniati\u016brin\u0117 fig\u016br\u0117l\u0117<\/p>","protected":false},"featured_media":39625,"comment_status":"open","ping_status":"closed","template":"","meta":[],"product_brand":[426],"product_cat":[680,409,582],"product_tag":[],"class_list":{"0":"post-39624","1":"product","2":"type-product","3":"status-publish","4":"has-post-thumbnail","6":"product_brand-funko-pop","7":"product_cat-figureles","8":"product_cat-funko-pop","9":"product_cat-raktu-pakabukai","11":"first","12":"instock","13":"taxable","14":"shipping-taxable","15":"purchasable","16":"product-type-simple"},"yoast_head":"<!-- This site is optimized with the Yoast SEO plugin v25.9 - https:\/\/yoast.com\/wordpress\/plugins\/seo\/ -->\n<title>Pop! Incredibles Elastigirl - Collectin.eu<\/title>\n<meta name=\"description\" content=\"\u201ePop! Keychain Incredibles \u2013 Elastigirl\u201c \u2013 tai rakt\u0173 pakabukas i\u0161 Funko kolekcijos, sukurtas pagal animacin\u012f film\u0105 \u201eThe Incredibles\u201c.\" \/>\n<meta name=\"robots\" content=\"index, follow, max-snippet:-1, max-image-preview:large, max-video-preview:-1\" \/>\n<link rel=\"canonical\" href=\"https:\/\/collectin.eu\/en\/product\/pop-incredibles-elastigirl\/\" \/>\n<meta property=\"og:locale\" content=\"en_US\" \/>\n<meta property=\"og:type\" content=\"article\" \/>\n<meta property=\"og:title\" content=\"Pop! Incredibles Elastigirl - Collectin.eu\" \/>\n<meta property=\"og:description\" content=\"\u201ePop! Keychain Incredibles \u2013 Elastigirl\u201c \u2013 tai rakt\u0173 pakabukas i\u0161 Funko kolekcijos, sukurtas pagal animacin\u012f film\u0105 \u201eThe Incredibles\u201c.\" \/>\n<meta property=\"og:url\" content=\"https:\/\/collectin.eu\/en\/product\/pop-incredibles-elastigirl\/\" \/>\n<meta property=\"og:site_name\" content=\"Collectin.eu\" \/>\n<meta property=\"article:modified_time\" content=\"2026-04-08T10:26:17+00:00\" \/>\n<meta property=\"og:image\" content=\"http:\/\/collectin.eu\/wp-content\/uploads\/2026\/02\/Untitled-design-2026-02-15T121039.866.png\" \/>\n\t<meta property=\"og:image:width\" content=\"1080\" \/>\n\t<meta property=\"og:image:height\" content=\"1080\" \/>\n\t<meta property=\"og:image:type\" content=\"image\/png\" \/>\n<meta name=\"twitter:card\" content=\"summary_large_image\" \/>\n<meta name=\"twitter:label1\" content=\"Est. reading time\" \/>\n\t<meta name=\"twitter:data1\" content=\"1 minute\" \/>\n<script type=\"application\/ld+json\" class=\"yoast-schema-graph\">{\"@context\":\"https:\/\/schema.org\",\"@graph\":[{\"@type\":\"WebPage\",\"@id\":\"https:\/\/collectin.eu\/produktas\/pop-incredibles-elastigirl\/\",\"url\":\"https:\/\/collectin.eu\/produktas\/pop-incredibles-elastigirl\/\",\"name\":\"Pop! Incredibles Elastigirl - Collectin.eu\",\"isPartOf\":{\"@id\":\"https:\/\/collectin.eu\/#website\"},\"primaryImageOfPage\":{\"@id\":\"https:\/\/collectin.eu\/produktas\/pop-incredibles-elastigirl\/#primaryimage\"},\"image\":{\"@id\":\"https:\/\/collectin.eu\/produktas\/pop-incredibles-elastigirl\/#primaryimage\"},\"thumbnailUrl\":\"https:\/\/collectin.eu\/wp-content\/uploads\/2026\/02\/Untitled-design-2026-02-15T121039.866.png\",\"datePublished\":\"2026-02-15T10:12:44+00:00\",\"dateModified\":\"2026-04-08T10:26:17+00:00\",\"description\":\"\u201ePop! Keychain Incredibles \u2013 Elastigirl\u201c \u2013 tai rakt\u0173 pakabukas i\u0161 Funko kolekcijos, sukurtas pagal animacin\u012f film\u0105 \u201eThe Incredibles\u201c.\",\"breadcrumb\":{\"@id\":\"https:\/\/collectin.eu\/produktas\/pop-incredibles-elastigirl\/#breadcrumb\"},\"inLanguage\":\"en-US\",\"potentialAction\":[{\"@type\":\"ReadAction\",\"target\":[\"https:\/\/collectin.eu\/produktas\/pop-incredibles-elastigirl\/\"]}]},{\"@type\":\"ImageObject\",\"inLanguage\":\"en-US\",\"@id\":\"https:\/\/collectin.eu\/produktas\/pop-incredibles-elastigirl\/#primaryimage\",\"url\":\"https:\/\/collectin.eu\/wp-content\/uploads\/2026\/02\/Untitled-design-2026-02-15T121039.866.png\",\"contentUrl\":\"https:\/\/collectin.eu\/wp-content\/uploads\/2026\/02\/Untitled-design-2026-02-15T121039.866.png\",\"width\":1080,\"height\":1080},{\"@type\":\"BreadcrumbList\",\"@id\":\"https:\/\/collectin.eu\/produktas\/pop-incredibles-elastigirl\/#breadcrumb\",\"itemListElement\":[{\"@type\":\"ListItem\",\"position\":1,\"name\":\"Home\",\"item\":\"https:\/\/collectin.eu\/\"},{\"@type\":\"ListItem\",\"position\":2,\"name\":\"Parduotuv\u0117\",\"item\":\"https:\/\/collectin.eu\/parduotuve\/\"},{\"@type\":\"ListItem\",\"position\":3,\"name\":\"Pop! Incredibles Elastigirl\"}]},{\"@type\":\"WebSite\",\"@id\":\"https:\/\/collectin.eu\/#website\",\"url\":\"https:\/\/collectin.eu\/\",\"name\":\"Collectin.eu\",\"description\":\"\",\"potentialAction\":[{\"@type\":\"SearchAction\",\"target\":{\"@type\":\"EntryPoint\",\"urlTemplate\":\"https:\/\/collectin.eu\/?s={search_term_string}\"},\"query-input\":{\"@type\":\"PropertyValueSpecification\",\"valueRequired\":true,\"valueName\":\"search_term_string\"}}],\"inLanguage\":\"en-US\"}]}<\/script>\n<!-- \/ Yoast SEO plugin. -->","yoast_head_json":{"title":"Pop! Incredibles Elastigirl - Collectin.eu","description":"\u201ePop! Keychain Incredibles \u2013 Elastigirl\u201c \u2013 tai rakt\u0173 pakabukas i\u0161 Funko kolekcijos, sukurtas pagal animacin\u012f film\u0105 \u201eThe Incredibles\u201c.","robots":{"index":"index","follow":"follow","max-snippet":"max-snippet:-1","max-image-preview":"max-image-preview:large","max-video-preview":"max-video-preview:-1"},"canonical":"https:\/\/collectin.eu\/en\/product\/pop-incredibles-elastigirl\/","og_locale":"en_US","og_type":"article","og_title":"Pop! Incredibles Elastigirl - Collectin.eu","og_description":"\u201ePop! Keychain Incredibles \u2013 Elastigirl\u201c \u2013 tai rakt\u0173 pakabukas i\u0161 Funko kolekcijos, sukurtas pagal animacin\u012f film\u0105 \u201eThe Incredibles\u201c.","og_url":"https:\/\/collectin.eu\/en\/product\/pop-incredibles-elastigirl\/","og_site_name":"Collectin.eu","article_modified_time":"2026-04-08T10:26:17+00:00","og_image":[{"width":1080,"height":1080,"url":"http:\/\/collectin.eu\/wp-content\/uploads\/2026\/02\/Untitled-design-2026-02-15T121039.866.png","type":"image\/png"}],"twitter_card":"summary_large_image","twitter_misc":{"Est. reading time":"1 minute"},"schema":{"@context":"https:\/\/schema.org","@graph":[{"@type":"WebPage","@id":"https:\/\/collectin.eu\/produktas\/pop-incredibles-elastigirl\/","url":"https:\/\/collectin.eu\/produktas\/pop-incredibles-elastigirl\/","name":"Pop! Incredibles Elastigirl - Collectin.eu","isPartOf":{"@id":"https:\/\/collectin.eu\/#website"},"primaryImageOfPage":{"@id":"https:\/\/collectin.eu\/produktas\/pop-incredibles-elastigirl\/#primaryimage"},"image":{"@id":"https:\/\/collectin.eu\/produktas\/pop-incredibles-elastigirl\/#primaryimage"},"thumbnailUrl":"https:\/\/collectin.eu\/wp-content\/uploads\/2026\/02\/Untitled-design-2026-02-15T121039.866.png","datePublished":"2026-02-15T10:12:44+00:00","dateModified":"2026-04-08T10:26:17+00:00","description":"\u201ePop! Keychain Incredibles \u2013 Elastigirl\u201c \u2013 tai rakt\u0173 pakabukas i\u0161 Funko kolekcijos, sukurtas pagal animacin\u012f film\u0105 \u201eThe Incredibles\u201c.","breadcrumb":{"@id":"https:\/\/collectin.eu\/produktas\/pop-incredibles-elastigirl\/#breadcrumb"},"inLanguage":"en-US","potentialAction":[{"@type":"ReadAction","target":["https:\/\/collectin.eu\/produktas\/pop-incredibles-elastigirl\/"]}]},{"@type":"ImageObject","inLanguage":"en-US","@id":"https:\/\/collectin.eu\/produktas\/pop-incredibles-elastigirl\/#primaryimage","url":"https:\/\/collectin.eu\/wp-content\/uploads\/2026\/02\/Untitled-design-2026-02-15T121039.866.png","contentUrl":"https:\/\/collectin.eu\/wp-content\/uploads\/2026\/02\/Untitled-design-2026-02-15T121039.866.png","width":1080,"height":1080},{"@type":"BreadcrumbList","@id":"https:\/\/collectin.eu\/produktas\/pop-incredibles-elastigirl\/#breadcrumb","itemListElement":[{"@type":"ListItem","position":1,"name":"Home","item":"https:\/\/collectin.eu\/"},{"@type":"ListItem","position":2,"name":"Parduotuv\u0117","item":"https:\/\/collectin.eu\/parduotuve\/"},{"@type":"ListItem","position":3,"name":"Pop! Incredibles Elastigirl"}]},{"@type":"WebSite","@id":"https:\/\/collectin.eu\/#website","url":"https:\/\/collectin.eu\/","name":"Collectin.eu","description":"","potentialAction":[{"@type":"SearchAction","target":{"@type":"EntryPoint","urlTemplate":"https:\/\/collectin.eu\/?s={search_term_string}"},"query-input":{"@type":"PropertyValueSpecification","valueRequired":true,"valueName":"search_term_string"}}],"inLanguage":"en-US"}]}},"jetpack_sharing_enabled":true,"_links":{"self":[{"href":"https:\/\/collectin.eu\/en\/wp-json\/wp\/v2\/product\/39624","targetHints":{"allow":["GET"]}}],"collection":[{"href":"https:\/\/collectin.eu\/en\/wp-json\/wp\/v2\/product"}],"about":[{"href":"https:\/\/collectin.eu\/en\/wp-json\/wp\/v2\/types\/product"}],"replies":[{"embeddable":true,"href":"https:\/\/collectin.eu\/en\/wp-json\/wp\/v2\/comments?post=39624"}],"version-history":[{"count":2,"href":"https:\/\/collectin.eu\/en\/wp-json\/wp\/v2\/product\/39624\/revisions"}],"predecessor-version":[{"id":40205,"href":"https:\/\/collectin.eu\/en\/wp-json\/wp\/v2\/product\/39624\/revisions\/40205"}],"wp:featuredmedia":[{"embeddable":true,"href":"https:\/\/collectin.eu\/en\/wp-json\/wp\/v2\/media\/39625"}],"wp:attachment":[{"href":"https:\/\/collectin.eu\/en\/wp-json\/wp\/v2\/media?parent=39624"}],"wp:term":[{"taxonomy":"product_brand","embeddable":true,"href":"https:\/\/collectin.eu\/en\/wp-json\/wp\/v2\/product_brand?post=39624"},{"taxonomy":"product_cat","embeddable":true,"href":"https:\/\/collectin.eu\/en\/wp-json\/wp\/v2\/product_cat?post=39624"},{"taxonomy":"product_tag","embeddable":true,"href":"https:\/\/collectin.eu\/en\/wp-json\/wp\/v2\/product_tag?post=39624"}],"curies":[{"name":"wp","href":"https:\/\/api.w.org\/{rel}","templated":true}]}}