{"id":39660,"date":"2026-02-20T10:12:39","date_gmt":"2026-02-20T10:12:39","guid":{"rendered":"https:\/\/collectin.eu\/?post_type=product&#038;p=39660"},"modified":"2026-04-08T10:23:14","modified_gmt":"2026-04-08T10:23:14","slug":"lego-75345-501st-clone-troopers-battle-pack","status":"publish","type":"product","link":"https:\/\/collectin.eu\/en\/product\/lego-75345-501st-clone-troopers-battle-pack\/","title":{"rendered":"LEGO\u00ae 75345 501st Clone Troopers Battle Pack"},"content":{"rendered":"<p>LEGO Group kuria konstruojamus \u201e\u017dvaig\u017ed\u017ei\u0173 kar\u0173\u201c erdv\u0117laivius, transporto priemones, vietoves ir persona\u017eus nuo 1999 met\u0173. Didelis konstruojam\u0173 modeli\u0173 asortimentas \u012fkv\u0117ps bet kokio am\u017ei\u0173 gerb\u0117jus.<\/p>\n<ul>\n<li>Konstravimo rinkinys kovos \u017eaidimui. Su \u0161iuo LEGO\u00ae\u00a0<i>Star\u00a0Wars<\/i>\u2122 501-ojo b\u016brio klon\u0173 kari\u0173 kovos paketu (75345) vaikai gali sukonstruoti savo klon\u0173 b\u016br\u012f ir atkurti veiksmo kupinas filmo \u201e\u017dvaig\u017ed\u017ei\u0173 karai: klon\u0173 karai\u201c scenas.<\/li>\n<li>4 LEGO\u00ae\u00a0<i>Star\u00a0Wars<\/i>\u2122 minifig\u016br\u0117l\u0117s. 501-ojo b\u016brio karininkas su blasteriu pistoletu, 501-ojo b\u016brio konas specialistas su blasteriu \u0161autuvu ir 2 501-ojo b\u016brio sunkieji kariai su blasteriais.<\/li>\n<li>Konstruojama AV-7 prie\u0161tankin\u0117 patranka. AV-7 trui reguliuojamas kojas, pakeliam\u0105 patrank\u0105, spyruoklin\u0119 \u0161audykl\u0119 ir s\u0117dyn\u0119 LEGO\u00ae minifig\u016br\u0117lei.<\/li>\n<li>Dovanos id\u0117ja \u201e\u017dvaig\u017ed\u017ei\u0173 kar\u0173\u2122\u201c gerb\u0117jams nuo 6 met\u0173. Padovanokite \u0161\u012f 119 dali\u0173 konstruktori\u0173 gimtadienio, \u0161vent\u0117s arba bet kuria proga vaikams, kuriems patinka filmai \u201e\u017dvaig\u017ed\u017ei\u0173 karai: klon\u0173 karai\u201c ir \u201e<i>Star\u00a0Wars<\/i>: The Bad Batch\u201c.<\/li>\n<\/ul>","protected":false},"excerpt":{"rendered":"<p>LEGO Group kuria konstruojamus \u201e\u017dvaig\u017ed\u017ei\u0173 kar\u0173\u201c erdv\u0117laivius, transporto priemones, vietoves ir persona\u017eus nuo 1999 met\u0173. Didelis konstruojam\u0173 modeli\u0173 asortimentas \u012fkv\u0117ps<\/p>","protected":false},"featured_media":39661,"comment_status":"open","ping_status":"closed","template":"","meta":[],"product_brand":[423],"product_cat":[677,406,493],"product_tag":[],"class_list":{"0":"post-39660","1":"product","2":"type-product","3":"status-publish","4":"has-post-thumbnail","6":"product_brand-lego","7":"product_cat-lego-konstruktoriai","8":"product_cat-lego","9":"product_cat-lego-star-wars","11":"first","12":"instock","13":"taxable","14":"shipping-taxable","15":"purchasable","16":"product-type-simple"},"yoast_head":"<!-- This site is optimized with the Yoast SEO plugin v25.9 - https:\/\/yoast.com\/wordpress\/plugins\/seo\/ -->\n<title>LEGO\u00ae 75345 501st Clone Troopers Battle Pack - Collectin.eu<\/title>\n<meta name=\"description\" content=\"Su \u0161iuo LEGO\u00ae Star Wars\u2122 kovos paketu (75345) vaikams nuo 6 met\u0173 ma\u017eieji gali vadovauti savo 501-ajam klon\u0173 kari\u0173 b\u016briui.\" \/>\n<meta name=\"robots\" content=\"index, follow, max-snippet:-1, max-image-preview:large, max-video-preview:-1\" \/>\n<link rel=\"canonical\" href=\"https:\/\/collectin.eu\/en\/product\/lego-75345-501st-clone-troopers-battle-pack\/\" \/>\n<meta property=\"og:locale\" content=\"en_US\" \/>\n<meta property=\"og:type\" content=\"article\" \/>\n<meta property=\"og:title\" content=\"LEGO\u00ae 75345 501st Clone Troopers Battle Pack - Collectin.eu\" \/>\n<meta property=\"og:description\" content=\"Su \u0161iuo LEGO\u00ae Star Wars\u2122 kovos paketu (75345) vaikams nuo 6 met\u0173 ma\u017eieji gali vadovauti savo 501-ajam klon\u0173 kari\u0173 b\u016briui.\" \/>\n<meta property=\"og:url\" content=\"https:\/\/collectin.eu\/en\/product\/lego-75345-501st-clone-troopers-battle-pack\/\" \/>\n<meta property=\"og:site_name\" content=\"Collectin.eu\" \/>\n<meta property=\"article:modified_time\" content=\"2026-04-08T10:23:14+00:00\" \/>\n<meta property=\"og:image\" content=\"http:\/\/collectin.eu\/wp-content\/uploads\/2026\/02\/Untitled-design-2026-02-20T120915.255.png\" \/>\n\t<meta property=\"og:image:width\" content=\"1080\" \/>\n\t<meta property=\"og:image:height\" content=\"1080\" \/>\n\t<meta property=\"og:image:type\" content=\"image\/png\" \/>\n<meta name=\"twitter:card\" content=\"summary_large_image\" \/>\n<meta name=\"twitter:label1\" content=\"Est. reading time\" \/>\n\t<meta name=\"twitter:data1\" content=\"1 minute\" \/>\n<script type=\"application\/ld+json\" class=\"yoast-schema-graph\">{\"@context\":\"https:\/\/schema.org\",\"@graph\":[{\"@type\":\"WebPage\",\"@id\":\"https:\/\/collectin.eu\/produktas\/lego-75345-501st-clone-troopers-battle-pack\/\",\"url\":\"https:\/\/collectin.eu\/produktas\/lego-75345-501st-clone-troopers-battle-pack\/\",\"name\":\"LEGO\u00ae 75345 501st Clone Troopers Battle Pack - Collectin.eu\",\"isPartOf\":{\"@id\":\"https:\/\/collectin.eu\/#website\"},\"primaryImageOfPage\":{\"@id\":\"https:\/\/collectin.eu\/produktas\/lego-75345-501st-clone-troopers-battle-pack\/#primaryimage\"},\"image\":{\"@id\":\"https:\/\/collectin.eu\/produktas\/lego-75345-501st-clone-troopers-battle-pack\/#primaryimage\"},\"thumbnailUrl\":\"https:\/\/collectin.eu\/wp-content\/uploads\/2026\/02\/Untitled-design-2026-02-20T120915.255.png\",\"datePublished\":\"2026-02-20T10:12:39+00:00\",\"dateModified\":\"2026-04-08T10:23:14+00:00\",\"description\":\"Su \u0161iuo LEGO\u00ae Star Wars\u2122 kovos paketu (75345) vaikams nuo 6 met\u0173 ma\u017eieji gali vadovauti savo 501-ajam klon\u0173 kari\u0173 b\u016briui.\",\"breadcrumb\":{\"@id\":\"https:\/\/collectin.eu\/produktas\/lego-75345-501st-clone-troopers-battle-pack\/#breadcrumb\"},\"inLanguage\":\"en-US\",\"potentialAction\":[{\"@type\":\"ReadAction\",\"target\":[\"https:\/\/collectin.eu\/produktas\/lego-75345-501st-clone-troopers-battle-pack\/\"]}]},{\"@type\":\"ImageObject\",\"inLanguage\":\"en-US\",\"@id\":\"https:\/\/collectin.eu\/produktas\/lego-75345-501st-clone-troopers-battle-pack\/#primaryimage\",\"url\":\"https:\/\/collectin.eu\/wp-content\/uploads\/2026\/02\/Untitled-design-2026-02-20T120915.255.png\",\"contentUrl\":\"https:\/\/collectin.eu\/wp-content\/uploads\/2026\/02\/Untitled-design-2026-02-20T120915.255.png\",\"width\":1080,\"height\":1080},{\"@type\":\"BreadcrumbList\",\"@id\":\"https:\/\/collectin.eu\/produktas\/lego-75345-501st-clone-troopers-battle-pack\/#breadcrumb\",\"itemListElement\":[{\"@type\":\"ListItem\",\"position\":1,\"name\":\"Home\",\"item\":\"https:\/\/collectin.eu\/\"},{\"@type\":\"ListItem\",\"position\":2,\"name\":\"Parduotuv\u0117\",\"item\":\"https:\/\/collectin.eu\/parduotuve\/\"},{\"@type\":\"ListItem\",\"position\":3,\"name\":\"LEGO\u00ae 75345 501st Clone Troopers Battle Pack\"}]},{\"@type\":\"WebSite\",\"@id\":\"https:\/\/collectin.eu\/#website\",\"url\":\"https:\/\/collectin.eu\/\",\"name\":\"Collectin.eu\",\"description\":\"\",\"potentialAction\":[{\"@type\":\"SearchAction\",\"target\":{\"@type\":\"EntryPoint\",\"urlTemplate\":\"https:\/\/collectin.eu\/?s={search_term_string}\"},\"query-input\":{\"@type\":\"PropertyValueSpecification\",\"valueRequired\":true,\"valueName\":\"search_term_string\"}}],\"inLanguage\":\"en-US\"}]}<\/script>\n<!-- \/ Yoast SEO plugin. -->","yoast_head_json":{"title":"LEGO\u00ae 75345 501st Clone Troopers Battle Pack - Collectin.eu","description":"Su \u0161iuo LEGO\u00ae Star Wars\u2122 kovos paketu (75345) vaikams nuo 6 met\u0173 ma\u017eieji gali vadovauti savo 501-ajam klon\u0173 kari\u0173 b\u016briui.","robots":{"index":"index","follow":"follow","max-snippet":"max-snippet:-1","max-image-preview":"max-image-preview:large","max-video-preview":"max-video-preview:-1"},"canonical":"https:\/\/collectin.eu\/en\/product\/lego-75345-501st-clone-troopers-battle-pack\/","og_locale":"en_US","og_type":"article","og_title":"LEGO\u00ae 75345 501st Clone Troopers Battle Pack - Collectin.eu","og_description":"Su \u0161iuo LEGO\u00ae Star Wars\u2122 kovos paketu (75345) vaikams nuo 6 met\u0173 ma\u017eieji gali vadovauti savo 501-ajam klon\u0173 kari\u0173 b\u016briui.","og_url":"https:\/\/collectin.eu\/en\/product\/lego-75345-501st-clone-troopers-battle-pack\/","og_site_name":"Collectin.eu","article_modified_time":"2026-04-08T10:23:14+00:00","og_image":[{"width":1080,"height":1080,"url":"http:\/\/collectin.eu\/wp-content\/uploads\/2026\/02\/Untitled-design-2026-02-20T120915.255.png","type":"image\/png"}],"twitter_card":"summary_large_image","twitter_misc":{"Est. reading time":"1 minute"},"schema":{"@context":"https:\/\/schema.org","@graph":[{"@type":"WebPage","@id":"https:\/\/collectin.eu\/produktas\/lego-75345-501st-clone-troopers-battle-pack\/","url":"https:\/\/collectin.eu\/produktas\/lego-75345-501st-clone-troopers-battle-pack\/","name":"LEGO\u00ae 75345 501st Clone Troopers Battle Pack - Collectin.eu","isPartOf":{"@id":"https:\/\/collectin.eu\/#website"},"primaryImageOfPage":{"@id":"https:\/\/collectin.eu\/produktas\/lego-75345-501st-clone-troopers-battle-pack\/#primaryimage"},"image":{"@id":"https:\/\/collectin.eu\/produktas\/lego-75345-501st-clone-troopers-battle-pack\/#primaryimage"},"thumbnailUrl":"https:\/\/collectin.eu\/wp-content\/uploads\/2026\/02\/Untitled-design-2026-02-20T120915.255.png","datePublished":"2026-02-20T10:12:39+00:00","dateModified":"2026-04-08T10:23:14+00:00","description":"Su \u0161iuo LEGO\u00ae Star Wars\u2122 kovos paketu (75345) vaikams nuo 6 met\u0173 ma\u017eieji gali vadovauti savo 501-ajam klon\u0173 kari\u0173 b\u016briui.","breadcrumb":{"@id":"https:\/\/collectin.eu\/produktas\/lego-75345-501st-clone-troopers-battle-pack\/#breadcrumb"},"inLanguage":"en-US","potentialAction":[{"@type":"ReadAction","target":["https:\/\/collectin.eu\/produktas\/lego-75345-501st-clone-troopers-battle-pack\/"]}]},{"@type":"ImageObject","inLanguage":"en-US","@id":"https:\/\/collectin.eu\/produktas\/lego-75345-501st-clone-troopers-battle-pack\/#primaryimage","url":"https:\/\/collectin.eu\/wp-content\/uploads\/2026\/02\/Untitled-design-2026-02-20T120915.255.png","contentUrl":"https:\/\/collectin.eu\/wp-content\/uploads\/2026\/02\/Untitled-design-2026-02-20T120915.255.png","width":1080,"height":1080},{"@type":"BreadcrumbList","@id":"https:\/\/collectin.eu\/produktas\/lego-75345-501st-clone-troopers-battle-pack\/#breadcrumb","itemListElement":[{"@type":"ListItem","position":1,"name":"Home","item":"https:\/\/collectin.eu\/"},{"@type":"ListItem","position":2,"name":"Parduotuv\u0117","item":"https:\/\/collectin.eu\/parduotuve\/"},{"@type":"ListItem","position":3,"name":"LEGO\u00ae 75345 501st Clone Troopers Battle Pack"}]},{"@type":"WebSite","@id":"https:\/\/collectin.eu\/#website","url":"https:\/\/collectin.eu\/","name":"Collectin.eu","description":"","potentialAction":[{"@type":"SearchAction","target":{"@type":"EntryPoint","urlTemplate":"https:\/\/collectin.eu\/?s={search_term_string}"},"query-input":{"@type":"PropertyValueSpecification","valueRequired":true,"valueName":"search_term_string"}}],"inLanguage":"en-US"}]}},"jetpack_sharing_enabled":true,"_links":{"self":[{"href":"https:\/\/collectin.eu\/en\/wp-json\/wp\/v2\/product\/39660","targetHints":{"allow":["GET"]}}],"collection":[{"href":"https:\/\/collectin.eu\/en\/wp-json\/wp\/v2\/product"}],"about":[{"href":"https:\/\/collectin.eu\/en\/wp-json\/wp\/v2\/types\/product"}],"replies":[{"embeddable":true,"href":"https:\/\/collectin.eu\/en\/wp-json\/wp\/v2\/comments?post=39660"}],"version-history":[{"count":2,"href":"https:\/\/collectin.eu\/en\/wp-json\/wp\/v2\/product\/39660\/revisions"}],"predecessor-version":[{"id":40423,"href":"https:\/\/collectin.eu\/en\/wp-json\/wp\/v2\/product\/39660\/revisions\/40423"}],"wp:featuredmedia":[{"embeddable":true,"href":"https:\/\/collectin.eu\/en\/wp-json\/wp\/v2\/media\/39661"}],"wp:attachment":[{"href":"https:\/\/collectin.eu\/en\/wp-json\/wp\/v2\/media?parent=39660"}],"wp:term":[{"taxonomy":"product_brand","embeddable":true,"href":"https:\/\/collectin.eu\/en\/wp-json\/wp\/v2\/product_brand?post=39660"},{"taxonomy":"product_cat","embeddable":true,"href":"https:\/\/collectin.eu\/en\/wp-json\/wp\/v2\/product_cat?post=39660"},{"taxonomy":"product_tag","embeddable":true,"href":"https:\/\/collectin.eu\/en\/wp-json\/wp\/v2\/product_tag?post=39660"}],"curies":[{"name":"wp","href":"https:\/\/api.w.org\/{rel}","templated":true}]}}