{"id":39666,"date":"2026-02-20T10:17:00","date_gmt":"2026-02-20T10:17:00","guid":{"rendered":"https:\/\/collectin.eu\/?post_type=product&#038;p=39666"},"modified":"2026-04-08T10:23:13","modified_gmt":"2026-04-08T10:23:13","slug":"lego-75321-the-razor-crest-microfighter","status":"publish","type":"product","link":"https:\/\/collectin.eu\/en\/product\/lego-75321-the-razor-crest-microfighter\/","title":{"rendered":"LEGO\u00ae 75321 The Razor Crest Microfighter"},"content":{"rendered":"<p>LEGO Group kuria legendinius erdv\u0117laivius, transporto priemones, vietoves ir persona\u017eus i\u0161 \u017dvaig\u017ed\u017ei\u0173 kar\u0173 visatos nuo 1999 met\u0173. LEGO\u00a0<i>Star\u00a0Wars<\/i>\u00a0tapo s\u0117kmingiausia grup\u0117s tema, kuri\u0105 sudaro platus auk\u0161\u010diausios kokyb\u0117s, konstruojam\u0173 modeli\u0173 asortimentas, nustebinsiantis vis\u0173 am\u017ei\u0173 gerb\u0117jus.<\/p>\n<ul>\n<li>Greitas konstruktorius LEGO\u00ae\u00a0<i>Star\u00a0Wars<\/i>\u2122 mikrokovotojas. Ma\u017ei vaikai gali prad\u0117ti savo sukurtas \u201e\u017dvaig\u017ed\u017ei\u0173 karai: Mandalorietis&#8221; misijas su Razor Crest (75321) rinkiniu, kuriame yra dvi smaig\u0173 \u0161audykl\u0117s<\/li>\n<li>Komplekte yra Mandaloro kario LEGO\u00ae minifig\u016br\u0117l\u0117. Mandaloro kario LEGO minifig\u016br\u0117l\u0117 papuo\u0161ta serialo \u201e\u017dvaig\u017ed\u017ei\u0173 karai: Mandalorietis&#8221; antro sezono drabu\u017eiais ir turi spindulin\u012f pistolet\u0105 bei reaktyvin\u0119 kuprin\u0119 k\u016brybingam \u017eaidimui \u012fkv\u0117pti<\/li>\n<li>Mikrokovotojo kombinacijos. \u0160is surenkamas \u017eaidim\u0173 rinkinys dera su kitais LEGO\u00ae\u00a0<i>Star\u00a0Wars<\/i>\u2122 mikrokovotoj\u0173 rininiais ir atveria dar daugiau \u017eaidimo galimybi\u0173.<\/li>\n<li>Dovan\u0173 id\u0117ja vaikams nuo \u0161e\u0161i\u0173 met\u0173 am\u017eiaus. Padovanokite \u0161\u012f 98 dali\u0173 konstravimo \u017eaisl\u0105 pa\u017eangiems vaikams kaip gimtadienio, \u0161ventin\u0119 dovan\u0105 ar netik\u0117ta\u00a0pramoga.<\/li>\n<\/ul>","protected":false},"excerpt":{"rendered":"<p>LEGO Group kuria legendinius erdv\u0117laivius, transporto priemones, vietoves ir persona\u017eus i\u0161 \u017dvaig\u017ed\u017ei\u0173 kar\u0173 visatos nuo 1999 met\u0173. LEGO\u00a0Star\u00a0Wars\u00a0tapo s\u0117kmingiausia grup\u0117s<\/p>","protected":false},"featured_media":39667,"comment_status":"open","ping_status":"closed","template":"","meta":[],"product_brand":[423],"product_cat":[677,406,493],"product_tag":[],"class_list":{"0":"post-39666","1":"product","2":"type-product","3":"status-publish","4":"has-post-thumbnail","6":"product_brand-lego","7":"product_cat-lego-konstruktoriai","8":"product_cat-lego","9":"product_cat-lego-star-wars","11":"first","12":"instock","13":"taxable","14":"shipping-taxable","15":"purchasable","16":"product-type-simple"},"yoast_head":"<!-- This site is optimized with the Yoast SEO plugin v25.9 - https:\/\/yoast.com\/wordpress\/plugins\/seo\/ -->\n<title>LEGO\u00ae 75321 The Razor Crest Microfighter - Collectin.eu<\/title>\n<meta name=\"description\" content=\"Supa\u017eindinkite ma\u017eus vaikus su LEGO\u00ae Star Wars\u2122 konstravimo \u017eaislais su Razor Crest mikrokovotojo (75321) rinkiniu.\" \/>\n<meta name=\"robots\" content=\"index, follow, max-snippet:-1, max-image-preview:large, max-video-preview:-1\" \/>\n<link rel=\"canonical\" href=\"https:\/\/collectin.eu\/en\/product\/lego-75321-the-razor-crest-microfighter\/\" \/>\n<meta property=\"og:locale\" content=\"en_US\" \/>\n<meta property=\"og:type\" content=\"article\" \/>\n<meta property=\"og:title\" content=\"LEGO\u00ae 75321 The Razor Crest Microfighter - Collectin.eu\" \/>\n<meta property=\"og:description\" content=\"Supa\u017eindinkite ma\u017eus vaikus su LEGO\u00ae Star Wars\u2122 konstravimo \u017eaislais su Razor Crest mikrokovotojo (75321) rinkiniu.\" \/>\n<meta property=\"og:url\" content=\"https:\/\/collectin.eu\/en\/product\/lego-75321-the-razor-crest-microfighter\/\" \/>\n<meta property=\"og:site_name\" content=\"Collectin.eu\" \/>\n<meta property=\"article:modified_time\" content=\"2026-04-08T10:23:13+00:00\" \/>\n<meta property=\"og:image\" content=\"http:\/\/collectin.eu\/wp-content\/uploads\/2026\/02\/Untitled-design-2026-02-20T121355.930.png\" \/>\n\t<meta property=\"og:image:width\" content=\"1080\" \/>\n\t<meta property=\"og:image:height\" content=\"1080\" \/>\n\t<meta property=\"og:image:type\" content=\"image\/png\" \/>\n<meta name=\"twitter:card\" content=\"summary_large_image\" \/>\n<meta name=\"twitter:label1\" content=\"Est. reading time\" \/>\n\t<meta name=\"twitter:data1\" content=\"1 minute\" \/>\n<script type=\"application\/ld+json\" class=\"yoast-schema-graph\">{\"@context\":\"https:\/\/schema.org\",\"@graph\":[{\"@type\":\"WebPage\",\"@id\":\"https:\/\/collectin.eu\/produktas\/lego-75321-the-razor-crest-microfighter\/\",\"url\":\"https:\/\/collectin.eu\/produktas\/lego-75321-the-razor-crest-microfighter\/\",\"name\":\"LEGO\u00ae 75321 The Razor Crest Microfighter - Collectin.eu\",\"isPartOf\":{\"@id\":\"https:\/\/collectin.eu\/#website\"},\"primaryImageOfPage\":{\"@id\":\"https:\/\/collectin.eu\/produktas\/lego-75321-the-razor-crest-microfighter\/#primaryimage\"},\"image\":{\"@id\":\"https:\/\/collectin.eu\/produktas\/lego-75321-the-razor-crest-microfighter\/#primaryimage\"},\"thumbnailUrl\":\"https:\/\/collectin.eu\/wp-content\/uploads\/2026\/02\/Untitled-design-2026-02-20T121355.930.png\",\"datePublished\":\"2026-02-20T10:17:00+00:00\",\"dateModified\":\"2026-04-08T10:23:13+00:00\",\"description\":\"Supa\u017eindinkite ma\u017eus vaikus su LEGO\u00ae Star Wars\u2122 konstravimo \u017eaislais su Razor Crest mikrokovotojo (75321) rinkiniu.\",\"breadcrumb\":{\"@id\":\"https:\/\/collectin.eu\/produktas\/lego-75321-the-razor-crest-microfighter\/#breadcrumb\"},\"inLanguage\":\"en-US\",\"potentialAction\":[{\"@type\":\"ReadAction\",\"target\":[\"https:\/\/collectin.eu\/produktas\/lego-75321-the-razor-crest-microfighter\/\"]}]},{\"@type\":\"ImageObject\",\"inLanguage\":\"en-US\",\"@id\":\"https:\/\/collectin.eu\/produktas\/lego-75321-the-razor-crest-microfighter\/#primaryimage\",\"url\":\"https:\/\/collectin.eu\/wp-content\/uploads\/2026\/02\/Untitled-design-2026-02-20T121355.930.png\",\"contentUrl\":\"https:\/\/collectin.eu\/wp-content\/uploads\/2026\/02\/Untitled-design-2026-02-20T121355.930.png\",\"width\":1080,\"height\":1080},{\"@type\":\"BreadcrumbList\",\"@id\":\"https:\/\/collectin.eu\/produktas\/lego-75321-the-razor-crest-microfighter\/#breadcrumb\",\"itemListElement\":[{\"@type\":\"ListItem\",\"position\":1,\"name\":\"Home\",\"item\":\"https:\/\/collectin.eu\/\"},{\"@type\":\"ListItem\",\"position\":2,\"name\":\"Parduotuv\u0117\",\"item\":\"https:\/\/collectin.eu\/parduotuve\/\"},{\"@type\":\"ListItem\",\"position\":3,\"name\":\"LEGO\u00ae 75321 The Razor Crest Microfighter\"}]},{\"@type\":\"WebSite\",\"@id\":\"https:\/\/collectin.eu\/#website\",\"url\":\"https:\/\/collectin.eu\/\",\"name\":\"Collectin.eu\",\"description\":\"\",\"potentialAction\":[{\"@type\":\"SearchAction\",\"target\":{\"@type\":\"EntryPoint\",\"urlTemplate\":\"https:\/\/collectin.eu\/?s={search_term_string}\"},\"query-input\":{\"@type\":\"PropertyValueSpecification\",\"valueRequired\":true,\"valueName\":\"search_term_string\"}}],\"inLanguage\":\"en-US\"}]}<\/script>\n<!-- \/ Yoast SEO plugin. -->","yoast_head_json":{"title":"LEGO\u00ae 75321 The Razor Crest Microfighter - Collectin.eu","description":"Supa\u017eindinkite ma\u017eus vaikus su LEGO\u00ae Star Wars\u2122 konstravimo \u017eaislais su Razor Crest mikrokovotojo (75321) rinkiniu.","robots":{"index":"index","follow":"follow","max-snippet":"max-snippet:-1","max-image-preview":"max-image-preview:large","max-video-preview":"max-video-preview:-1"},"canonical":"https:\/\/collectin.eu\/en\/product\/lego-75321-the-razor-crest-microfighter\/","og_locale":"en_US","og_type":"article","og_title":"LEGO\u00ae 75321 The Razor Crest Microfighter - Collectin.eu","og_description":"Supa\u017eindinkite ma\u017eus vaikus su LEGO\u00ae Star Wars\u2122 konstravimo \u017eaislais su Razor Crest mikrokovotojo (75321) rinkiniu.","og_url":"https:\/\/collectin.eu\/en\/product\/lego-75321-the-razor-crest-microfighter\/","og_site_name":"Collectin.eu","article_modified_time":"2026-04-08T10:23:13+00:00","og_image":[{"width":1080,"height":1080,"url":"http:\/\/collectin.eu\/wp-content\/uploads\/2026\/02\/Untitled-design-2026-02-20T121355.930.png","type":"image\/png"}],"twitter_card":"summary_large_image","twitter_misc":{"Est. reading time":"1 minute"},"schema":{"@context":"https:\/\/schema.org","@graph":[{"@type":"WebPage","@id":"https:\/\/collectin.eu\/produktas\/lego-75321-the-razor-crest-microfighter\/","url":"https:\/\/collectin.eu\/produktas\/lego-75321-the-razor-crest-microfighter\/","name":"LEGO\u00ae 75321 The Razor Crest Microfighter - Collectin.eu","isPartOf":{"@id":"https:\/\/collectin.eu\/#website"},"primaryImageOfPage":{"@id":"https:\/\/collectin.eu\/produktas\/lego-75321-the-razor-crest-microfighter\/#primaryimage"},"image":{"@id":"https:\/\/collectin.eu\/produktas\/lego-75321-the-razor-crest-microfighter\/#primaryimage"},"thumbnailUrl":"https:\/\/collectin.eu\/wp-content\/uploads\/2026\/02\/Untitled-design-2026-02-20T121355.930.png","datePublished":"2026-02-20T10:17:00+00:00","dateModified":"2026-04-08T10:23:13+00:00","description":"Supa\u017eindinkite ma\u017eus vaikus su LEGO\u00ae Star Wars\u2122 konstravimo \u017eaislais su Razor Crest mikrokovotojo (75321) rinkiniu.","breadcrumb":{"@id":"https:\/\/collectin.eu\/produktas\/lego-75321-the-razor-crest-microfighter\/#breadcrumb"},"inLanguage":"en-US","potentialAction":[{"@type":"ReadAction","target":["https:\/\/collectin.eu\/produktas\/lego-75321-the-razor-crest-microfighter\/"]}]},{"@type":"ImageObject","inLanguage":"en-US","@id":"https:\/\/collectin.eu\/produktas\/lego-75321-the-razor-crest-microfighter\/#primaryimage","url":"https:\/\/collectin.eu\/wp-content\/uploads\/2026\/02\/Untitled-design-2026-02-20T121355.930.png","contentUrl":"https:\/\/collectin.eu\/wp-content\/uploads\/2026\/02\/Untitled-design-2026-02-20T121355.930.png","width":1080,"height":1080},{"@type":"BreadcrumbList","@id":"https:\/\/collectin.eu\/produktas\/lego-75321-the-razor-crest-microfighter\/#breadcrumb","itemListElement":[{"@type":"ListItem","position":1,"name":"Home","item":"https:\/\/collectin.eu\/"},{"@type":"ListItem","position":2,"name":"Parduotuv\u0117","item":"https:\/\/collectin.eu\/parduotuve\/"},{"@type":"ListItem","position":3,"name":"LEGO\u00ae 75321 The Razor Crest Microfighter"}]},{"@type":"WebSite","@id":"https:\/\/collectin.eu\/#website","url":"https:\/\/collectin.eu\/","name":"Collectin.eu","description":"","potentialAction":[{"@type":"SearchAction","target":{"@type":"EntryPoint","urlTemplate":"https:\/\/collectin.eu\/?s={search_term_string}"},"query-input":{"@type":"PropertyValueSpecification","valueRequired":true,"valueName":"search_term_string"}}],"inLanguage":"en-US"}]}},"jetpack_sharing_enabled":true,"_links":{"self":[{"href":"https:\/\/collectin.eu\/en\/wp-json\/wp\/v2\/product\/39666","targetHints":{"allow":["GET"]}}],"collection":[{"href":"https:\/\/collectin.eu\/en\/wp-json\/wp\/v2\/product"}],"about":[{"href":"https:\/\/collectin.eu\/en\/wp-json\/wp\/v2\/types\/product"}],"replies":[{"embeddable":true,"href":"https:\/\/collectin.eu\/en\/wp-json\/wp\/v2\/comments?post=39666"}],"version-history":[{"count":3,"href":"https:\/\/collectin.eu\/en\/wp-json\/wp\/v2\/product\/39666\/revisions"}],"predecessor-version":[{"id":40422,"href":"https:\/\/collectin.eu\/en\/wp-json\/wp\/v2\/product\/39666\/revisions\/40422"}],"wp:featuredmedia":[{"embeddable":true,"href":"https:\/\/collectin.eu\/en\/wp-json\/wp\/v2\/media\/39667"}],"wp:attachment":[{"href":"https:\/\/collectin.eu\/en\/wp-json\/wp\/v2\/media?parent=39666"}],"wp:term":[{"taxonomy":"product_brand","embeddable":true,"href":"https:\/\/collectin.eu\/en\/wp-json\/wp\/v2\/product_brand?post=39666"},{"taxonomy":"product_cat","embeddable":true,"href":"https:\/\/collectin.eu\/en\/wp-json\/wp\/v2\/product_cat?post=39666"},{"taxonomy":"product_tag","embeddable":true,"href":"https:\/\/collectin.eu\/en\/wp-json\/wp\/v2\/product_tag?post=39666"}],"curies":[{"name":"wp","href":"https:\/\/api.w.org\/{rel}","templated":true}]}}