{"id":39672,"date":"2026-02-20T10:23:04","date_gmt":"2026-02-20T10:23:04","guid":{"rendered":"https:\/\/collectin.eu\/?post_type=product&#038;p=39672"},"modified":"2026-04-08T10:23:13","modified_gmt":"2026-04-08T10:23:13","slug":"lego-75353-endor-speeder-chase-diorama","status":"publish","type":"product","link":"https:\/\/collectin.eu\/en\/product\/lego-75353-endor-speeder-chase-diorama\/","title":{"rendered":"LEGO\u00ae 75353 Endor Speeder Chase Diorama"},"content":{"rendered":"<p>Program\u0117l\u0117je \u201eLEGO Builder\u201c galite patogiai tvarkyti konstravimo instrukcijas ir sekti konstravimo eig\u0105 su \u012frankiais, leid\u017eian\u010diais priartinti ir sukin\u0117ti trima\u010dius modelius.<\/p>\n<ul>\n<li>Detali Endoro\u2122 greitaeigio motociklo gaudyni\u0173 diorama (75353). Sukurkite dinami\u0161k\u0105 i\u0161 LEGO\u00ae kalad\u0117li\u0173 sukonstruot\u0105 greitaeigi\u0173 motociklo gaudyni\u0173 akimirk\u0105 Endoro mi\u0161kuose i\u0161 filmo \u201e\u017dvaig\u017ed\u017ei\u0173 karai: d\u017eedajaus sugr\u012f\u017eimas\u201c<\/li>\n<li>3 \u201eLEGO\u00ae\u00a0<i>Star\u00a0Wars<\/i>\u2122\u201c minifig\u016br\u0117l\u0117s \u2013 princes\u0117 L\u0117ja and Luke Skywalker Endoro apranga bei Skautas karys. Luke turi \u017eali\u0105 \u0161viesos kard\u0105, tuo tarpu L\u0117ja su Skautu kariu \u2013 po spindulin\u012f ginkl\u0105<\/li>\n<li>Autenti\u0161kos detal\u0117s. 2 greitaeigiai motociklai (1 \u2013 L\u0117jos ir Luke, kitas \u2013 Skautokario) su permatomais elementais, kad gal\u0117tum\u0117te juos pastatyti dinami\u0161ku kampu, 2 konstruojami med\u017eiai, papar\u010di\u0173 elementai ir kitos detal\u0117s<\/li>\n<li>Sukurkite savo kolekcij\u0105. \u0160is rinkinys yra kolekcini\u0173 konstruojam\u0173 \u201eLEGO\u00ae\u00a0<i>Star\u00a0Wars<\/i>\u2122\u201c dioram\u0173 modeli\u0173, kuriuose pavaizduoti kultiniai \u201e\u017dvaig\u017ed\u017ei\u0173 kar\u0173\u201c momentai, dalis<\/li>\n<li>Dovanos suaugusiesiems id\u0117ja. Nud\u017eiuginkite save ar padovanokite \u0161\u012f 608 dali\u0173 rinkin\u012f \u0161ven\u010di\u0173 ar gimtadienio proga draugui \u2013 aistringam \u201e\u017dvaig\u017ed\u017ei\u0173 kar\u0173\u201c gerb\u0117jui ar \u201eLEGO\u00ae\u00a0<i>Star\u00a0Wars<\/i>\u201c dioram\u0173 kolekcininkui<\/li>\n<li>Sukurta eksponuoti. Diorama su plok\u0161tele, \u017eymin\u010dia 40-\u0105j\u0105 filmo \u201e\u017dvaig\u017ed\u017ei\u0173 karai: d\u017eedajaus sugr\u012f\u017eimas\u201c sukakt\u012f, yra 20 cm auk\u0161\u010dio, 28 cm plo\u010dio ir 18 cm gylio<\/li>\n<\/ul>","protected":false},"excerpt":{"rendered":"<p>Program\u0117l\u0117je \u201eLEGO Builder\u201c galite patogiai tvarkyti konstravimo instrukcijas ir sekti konstravimo eig\u0105 su \u012frankiais, leid\u017eian\u010diais priartinti ir sukin\u0117ti trima\u010dius modelius.<\/p>","protected":false},"featured_media":39673,"comment_status":"open","ping_status":"closed","template":"","meta":[],"product_brand":[423],"product_cat":[677,406,493],"product_tag":[],"class_list":{"0":"post-39672","1":"product","2":"type-product","3":"status-publish","4":"has-post-thumbnail","6":"product_brand-lego","7":"product_cat-lego-konstruktoriai","8":"product_cat-lego","9":"product_cat-lego-star-wars","11":"first","12":"instock","13":"taxable","14":"shipping-taxable","15":"purchasable","16":"product-type-simple"},"yoast_head":"<!-- This site is optimized with the Yoast SEO plugin v25.9 - https:\/\/yoast.com\/wordpress\/plugins\/seo\/ -->\n<title>LEGO\u00ae 75353 Endor Speeder Chase Diorama - Collectin.eu<\/title>\n<meta name=\"description\" content=\"U\u017efiksuokite dinami\u0161k\u0105 ir jaudinan\u010di\u0105 filmo \u201e\u017dvaig\u017ed\u017ei\u0173 karai: d\u017eedajaus sugr\u012f\u017eimas\u201c scen\u0105 su \u0161ia LEGO\u00ae Star Wars\u2122 Endoro\u2122 greitaeigio motociklo gaudyni\u0173 diorama (75353).\" \/>\n<meta name=\"robots\" content=\"index, follow, max-snippet:-1, max-image-preview:large, max-video-preview:-1\" \/>\n<link rel=\"canonical\" href=\"https:\/\/collectin.eu\/en\/product\/lego-75353-endor-speeder-chase-diorama\/\" \/>\n<meta property=\"og:locale\" content=\"en_US\" \/>\n<meta property=\"og:type\" content=\"article\" \/>\n<meta property=\"og:title\" content=\"LEGO\u00ae 75353 Endor Speeder Chase Diorama - Collectin.eu\" \/>\n<meta property=\"og:description\" content=\"U\u017efiksuokite dinami\u0161k\u0105 ir jaudinan\u010di\u0105 filmo \u201e\u017dvaig\u017ed\u017ei\u0173 karai: d\u017eedajaus sugr\u012f\u017eimas\u201c scen\u0105 su \u0161ia LEGO\u00ae Star Wars\u2122 Endoro\u2122 greitaeigio motociklo gaudyni\u0173 diorama (75353).\" \/>\n<meta property=\"og:url\" content=\"https:\/\/collectin.eu\/en\/product\/lego-75353-endor-speeder-chase-diorama\/\" \/>\n<meta property=\"og:site_name\" content=\"Collectin.eu\" \/>\n<meta property=\"article:modified_time\" content=\"2026-04-08T10:23:13+00:00\" \/>\n<meta property=\"og:image\" content=\"http:\/\/collectin.eu\/wp-content\/uploads\/2026\/02\/Untitled-design-2026-02-20T121958.280.png\" \/>\n\t<meta property=\"og:image:width\" content=\"1080\" \/>\n\t<meta property=\"og:image:height\" content=\"1080\" \/>\n\t<meta property=\"og:image:type\" content=\"image\/png\" \/>\n<meta name=\"twitter:card\" content=\"summary_large_image\" \/>\n<meta name=\"twitter:label1\" content=\"Est. reading time\" \/>\n\t<meta name=\"twitter:data1\" content=\"2 minutes\" \/>\n<script type=\"application\/ld+json\" class=\"yoast-schema-graph\">{\"@context\":\"https:\/\/schema.org\",\"@graph\":[{\"@type\":\"WebPage\",\"@id\":\"https:\/\/collectin.eu\/produktas\/lego-75353-endor-speeder-chase-diorama\/\",\"url\":\"https:\/\/collectin.eu\/produktas\/lego-75353-endor-speeder-chase-diorama\/\",\"name\":\"LEGO\u00ae 75353 Endor Speeder Chase Diorama - Collectin.eu\",\"isPartOf\":{\"@id\":\"https:\/\/collectin.eu\/#website\"},\"primaryImageOfPage\":{\"@id\":\"https:\/\/collectin.eu\/produktas\/lego-75353-endor-speeder-chase-diorama\/#primaryimage\"},\"image\":{\"@id\":\"https:\/\/collectin.eu\/produktas\/lego-75353-endor-speeder-chase-diorama\/#primaryimage\"},\"thumbnailUrl\":\"https:\/\/collectin.eu\/wp-content\/uploads\/2026\/02\/Untitled-design-2026-02-20T121958.280.png\",\"datePublished\":\"2026-02-20T10:23:04+00:00\",\"dateModified\":\"2026-04-08T10:23:13+00:00\",\"description\":\"U\u017efiksuokite dinami\u0161k\u0105 ir jaudinan\u010di\u0105 filmo \u201e\u017dvaig\u017ed\u017ei\u0173 karai: d\u017eedajaus sugr\u012f\u017eimas\u201c scen\u0105 su \u0161ia LEGO\u00ae Star Wars\u2122 Endoro\u2122 greitaeigio motociklo gaudyni\u0173 diorama (75353).\",\"breadcrumb\":{\"@id\":\"https:\/\/collectin.eu\/produktas\/lego-75353-endor-speeder-chase-diorama\/#breadcrumb\"},\"inLanguage\":\"en-US\",\"potentialAction\":[{\"@type\":\"ReadAction\",\"target\":[\"https:\/\/collectin.eu\/produktas\/lego-75353-endor-speeder-chase-diorama\/\"]}]},{\"@type\":\"ImageObject\",\"inLanguage\":\"en-US\",\"@id\":\"https:\/\/collectin.eu\/produktas\/lego-75353-endor-speeder-chase-diorama\/#primaryimage\",\"url\":\"https:\/\/collectin.eu\/wp-content\/uploads\/2026\/02\/Untitled-design-2026-02-20T121958.280.png\",\"contentUrl\":\"https:\/\/collectin.eu\/wp-content\/uploads\/2026\/02\/Untitled-design-2026-02-20T121958.280.png\",\"width\":1080,\"height\":1080},{\"@type\":\"BreadcrumbList\",\"@id\":\"https:\/\/collectin.eu\/produktas\/lego-75353-endor-speeder-chase-diorama\/#breadcrumb\",\"itemListElement\":[{\"@type\":\"ListItem\",\"position\":1,\"name\":\"Home\",\"item\":\"https:\/\/collectin.eu\/\"},{\"@type\":\"ListItem\",\"position\":2,\"name\":\"Parduotuv\u0117\",\"item\":\"https:\/\/collectin.eu\/parduotuve\/\"},{\"@type\":\"ListItem\",\"position\":3,\"name\":\"LEGO\u00ae 75353 Endor Speeder Chase Diorama\"}]},{\"@type\":\"WebSite\",\"@id\":\"https:\/\/collectin.eu\/#website\",\"url\":\"https:\/\/collectin.eu\/\",\"name\":\"Collectin.eu\",\"description\":\"\",\"potentialAction\":[{\"@type\":\"SearchAction\",\"target\":{\"@type\":\"EntryPoint\",\"urlTemplate\":\"https:\/\/collectin.eu\/?s={search_term_string}\"},\"query-input\":{\"@type\":\"PropertyValueSpecification\",\"valueRequired\":true,\"valueName\":\"search_term_string\"}}],\"inLanguage\":\"en-US\"}]}<\/script>\n<!-- \/ Yoast SEO plugin. -->","yoast_head_json":{"title":"LEGO\u00ae 75353 Endor Speeder Chase Diorama - Collectin.eu","description":"U\u017efiksuokite dinami\u0161k\u0105 ir jaudinan\u010di\u0105 filmo \u201e\u017dvaig\u017ed\u017ei\u0173 karai: d\u017eedajaus sugr\u012f\u017eimas\u201c scen\u0105 su \u0161ia LEGO\u00ae Star Wars\u2122 Endoro\u2122 greitaeigio motociklo gaudyni\u0173 diorama (75353).","robots":{"index":"index","follow":"follow","max-snippet":"max-snippet:-1","max-image-preview":"max-image-preview:large","max-video-preview":"max-video-preview:-1"},"canonical":"https:\/\/collectin.eu\/en\/product\/lego-75353-endor-speeder-chase-diorama\/","og_locale":"en_US","og_type":"article","og_title":"LEGO\u00ae 75353 Endor Speeder Chase Diorama - Collectin.eu","og_description":"U\u017efiksuokite dinami\u0161k\u0105 ir jaudinan\u010di\u0105 filmo \u201e\u017dvaig\u017ed\u017ei\u0173 karai: d\u017eedajaus sugr\u012f\u017eimas\u201c scen\u0105 su \u0161ia LEGO\u00ae Star Wars\u2122 Endoro\u2122 greitaeigio motociklo gaudyni\u0173 diorama (75353).","og_url":"https:\/\/collectin.eu\/en\/product\/lego-75353-endor-speeder-chase-diorama\/","og_site_name":"Collectin.eu","article_modified_time":"2026-04-08T10:23:13+00:00","og_image":[{"width":1080,"height":1080,"url":"http:\/\/collectin.eu\/wp-content\/uploads\/2026\/02\/Untitled-design-2026-02-20T121958.280.png","type":"image\/png"}],"twitter_card":"summary_large_image","twitter_misc":{"Est. reading time":"2 minutes"},"schema":{"@context":"https:\/\/schema.org","@graph":[{"@type":"WebPage","@id":"https:\/\/collectin.eu\/produktas\/lego-75353-endor-speeder-chase-diorama\/","url":"https:\/\/collectin.eu\/produktas\/lego-75353-endor-speeder-chase-diorama\/","name":"LEGO\u00ae 75353 Endor Speeder Chase Diorama - Collectin.eu","isPartOf":{"@id":"https:\/\/collectin.eu\/#website"},"primaryImageOfPage":{"@id":"https:\/\/collectin.eu\/produktas\/lego-75353-endor-speeder-chase-diorama\/#primaryimage"},"image":{"@id":"https:\/\/collectin.eu\/produktas\/lego-75353-endor-speeder-chase-diorama\/#primaryimage"},"thumbnailUrl":"https:\/\/collectin.eu\/wp-content\/uploads\/2026\/02\/Untitled-design-2026-02-20T121958.280.png","datePublished":"2026-02-20T10:23:04+00:00","dateModified":"2026-04-08T10:23:13+00:00","description":"U\u017efiksuokite dinami\u0161k\u0105 ir jaudinan\u010di\u0105 filmo \u201e\u017dvaig\u017ed\u017ei\u0173 karai: d\u017eedajaus sugr\u012f\u017eimas\u201c scen\u0105 su \u0161ia LEGO\u00ae Star Wars\u2122 Endoro\u2122 greitaeigio motociklo gaudyni\u0173 diorama (75353).","breadcrumb":{"@id":"https:\/\/collectin.eu\/produktas\/lego-75353-endor-speeder-chase-diorama\/#breadcrumb"},"inLanguage":"en-US","potentialAction":[{"@type":"ReadAction","target":["https:\/\/collectin.eu\/produktas\/lego-75353-endor-speeder-chase-diorama\/"]}]},{"@type":"ImageObject","inLanguage":"en-US","@id":"https:\/\/collectin.eu\/produktas\/lego-75353-endor-speeder-chase-diorama\/#primaryimage","url":"https:\/\/collectin.eu\/wp-content\/uploads\/2026\/02\/Untitled-design-2026-02-20T121958.280.png","contentUrl":"https:\/\/collectin.eu\/wp-content\/uploads\/2026\/02\/Untitled-design-2026-02-20T121958.280.png","width":1080,"height":1080},{"@type":"BreadcrumbList","@id":"https:\/\/collectin.eu\/produktas\/lego-75353-endor-speeder-chase-diorama\/#breadcrumb","itemListElement":[{"@type":"ListItem","position":1,"name":"Home","item":"https:\/\/collectin.eu\/"},{"@type":"ListItem","position":2,"name":"Parduotuv\u0117","item":"https:\/\/collectin.eu\/parduotuve\/"},{"@type":"ListItem","position":3,"name":"LEGO\u00ae 75353 Endor Speeder Chase Diorama"}]},{"@type":"WebSite","@id":"https:\/\/collectin.eu\/#website","url":"https:\/\/collectin.eu\/","name":"Collectin.eu","description":"","potentialAction":[{"@type":"SearchAction","target":{"@type":"EntryPoint","urlTemplate":"https:\/\/collectin.eu\/?s={search_term_string}"},"query-input":{"@type":"PropertyValueSpecification","valueRequired":true,"valueName":"search_term_string"}}],"inLanguage":"en-US"}]}},"jetpack_sharing_enabled":true,"_links":{"self":[{"href":"https:\/\/collectin.eu\/en\/wp-json\/wp\/v2\/product\/39672","targetHints":{"allow":["GET"]}}],"collection":[{"href":"https:\/\/collectin.eu\/en\/wp-json\/wp\/v2\/product"}],"about":[{"href":"https:\/\/collectin.eu\/en\/wp-json\/wp\/v2\/types\/product"}],"replies":[{"embeddable":true,"href":"https:\/\/collectin.eu\/en\/wp-json\/wp\/v2\/comments?post=39672"}],"version-history":[{"count":2,"href":"https:\/\/collectin.eu\/en\/wp-json\/wp\/v2\/product\/39672\/revisions"}],"predecessor-version":[{"id":40421,"href":"https:\/\/collectin.eu\/en\/wp-json\/wp\/v2\/product\/39672\/revisions\/40421"}],"wp:featuredmedia":[{"embeddable":true,"href":"https:\/\/collectin.eu\/en\/wp-json\/wp\/v2\/media\/39673"}],"wp:attachment":[{"href":"https:\/\/collectin.eu\/en\/wp-json\/wp\/v2\/media?parent=39672"}],"wp:term":[{"taxonomy":"product_brand","embeddable":true,"href":"https:\/\/collectin.eu\/en\/wp-json\/wp\/v2\/product_brand?post=39672"},{"taxonomy":"product_cat","embeddable":true,"href":"https:\/\/collectin.eu\/en\/wp-json\/wp\/v2\/product_cat?post=39672"},{"taxonomy":"product_tag","embeddable":true,"href":"https:\/\/collectin.eu\/en\/wp-json\/wp\/v2\/product_tag?post=39672"}],"curies":[{"name":"wp","href":"https:\/\/api.w.org\/{rel}","templated":true}]}}