{"id":39678,"date":"2026-02-20T10:27:32","date_gmt":"2026-02-20T10:27:32","guid":{"rendered":"https:\/\/collectin.eu\/?post_type=product&#038;p=39678"},"modified":"2026-04-08T10:23:13","modified_gmt":"2026-04-08T10:23:13","slug":"lego-75372-clone-trooper-battle-droid-battle-pack","status":"publish","type":"product","link":"https:\/\/collectin.eu\/en\/product\/lego-75372-clone-trooper-battle-droid-battle-pack\/","title":{"rendered":"LEGO\u00ae 75372 Clone Trooper &#038; Battle Droid Battle Pack"},"content":{"rendered":"<p>Konstruojamas rinkinys puikiai tinka \u017eaisti vienam, o persona\u017eai ir modeliai derinami su kitais didelio LEGO\u00a0<i>Star\u00a0Wars<\/i>\u00a0asortimento rinkiniais (parduodamais atskirai) .<\/p>\n<ul>\n<li>Klon\u0173 kario ir kovinio droido kovos rinkinys vaikams. Atkurkite \u017dvaig\u017ed\u017ei\u0173 kar\u0173: klon\u0173 kar\u0173 scenas su \u0161iuo konstruojamu veiksmo rinkiniu, kuriame yra LEGO\u00ae fig\u016br\u0117li\u0173, greitaeigis motociklas ir ne tik<\/li>\n<li>4 LEGO\u00ae\u00a0<i>Star\u00a0Wars<\/i>\u2122 ir 5 LEGO fig\u016br\u0117l\u0117s veiksmo \u017eaidimui \u2013 elitinis klon\u0173 karys, 3 klon\u0173 kariai, 3 koviniai superdroidai ir 2 koviniai droidai su \u012fvairiais priedais<\/li>\n<li>Konstruojamas LEGO\u00ae\u00a0<i>Star\u00a0Wars<\/i>\u2122 greitaeigis motociklas. Greitaeigis motociklas turi 2 smaig\u0173 \u0161audykles, 2 laikiklius blasteriams ir vietos 2 klon\u0173 kariams<\/li>\n<li>Nevar\u017eomas k\u016brybi\u0161kas \u017eaidimas \u2013 trikojis droidas su besisukan\u010dia vir\u0161utine dalimi ir 3 sm\u016bgin\u0117mis \u0161audykl\u0117mis, STAP greitaeigis orlaivis koviniam droidui, gynybinis postas su smaig\u0173 \u0161audykle, terminio detonatoriaus elementas ir ne tik<\/li>\n<li>Dovana \u017dvaig\u017ed\u017ei\u0173 kar\u0173 gerb\u0117jams nuo 7 met\u0173. Padovanokite \u0161\u012f smag\u0173 kolekcin\u012f konstravimo rinkin\u012f vaikams, dievinantiems \u017dvaig\u017ed\u017ei\u0173 karus: klon\u0173 karus<\/li>\n<li>Smagus LEGO\u00ae\u00a0<i>Star\u00a0Wars<\/i>\u2122 rinkinys bet kokio konstruotojams \u2013 LEGO\u00ae\u00a0<i>Star\u00a0Wars<\/i>\u00a0rinkiniai leid\u017eia vaikams ir suaugusiems gerb\u0117jams atkurti \u017eymias scenas, i\u0161galvoti nauj\u0173 veiksmo kupin\u0173 nuotyki\u0173 ar tiesiog eksponuoti konstruojamus modelius<\/li>\n<\/ul>","protected":false},"excerpt":{"rendered":"<p>Konstruojamas rinkinys puikiai tinka \u017eaisti vienam, o persona\u017eai ir modeliai derinami su kitais didelio LEGO\u00a0Star\u00a0Wars\u00a0asortimento rinkiniais (parduodamais atskirai) . Klon\u0173<\/p>","protected":false},"featured_media":39679,"comment_status":"open","ping_status":"closed","template":"","meta":[],"product_brand":[423],"product_cat":[677,406,493],"product_tag":[],"class_list":{"0":"post-39678","1":"product","2":"type-product","3":"status-publish","4":"has-post-thumbnail","6":"product_brand-lego","7":"product_cat-lego-konstruktoriai","8":"product_cat-lego","9":"product_cat-lego-star-wars","11":"first","12":"instock","13":"taxable","14":"shipping-taxable","15":"purchasable","16":"product-type-simple"},"yoast_head":"<!-- This site is optimized with the Yoast SEO plugin v25.9 - https:\/\/yoast.com\/wordpress\/plugins\/seo\/ -->\n<title>LEGO\u00ae 75372 Clone Trooper &amp; Battle Droid Battle Pack - Collectin.eu<\/title>\n<meta name=\"description\" content=\"\u012ekv\u0117pkite ma\u017euosius atkurti jaudinan\u010dias \u017dvaig\u017ed\u017ei\u0173 kar\u0173: klon\u0173 kar\u0173 scenas su LEGO\u00ae\u00a0Star\u00a0Wars\u2122 klon\u0173 kario ir kovinio droido kovos pakuote (75372) vaikams nuo 7 met\u0173.\" \/>\n<meta name=\"robots\" content=\"index, follow, max-snippet:-1, max-image-preview:large, max-video-preview:-1\" \/>\n<link rel=\"canonical\" href=\"https:\/\/collectin.eu\/en\/product\/lego-75372-clone-trooper-battle-droid-battle-pack\/\" \/>\n<meta property=\"og:locale\" content=\"en_US\" \/>\n<meta property=\"og:type\" content=\"article\" \/>\n<meta property=\"og:title\" content=\"LEGO\u00ae 75372 Clone Trooper &amp; Battle Droid Battle Pack - Collectin.eu\" \/>\n<meta property=\"og:description\" content=\"\u012ekv\u0117pkite ma\u017euosius atkurti jaudinan\u010dias \u017dvaig\u017ed\u017ei\u0173 kar\u0173: klon\u0173 kar\u0173 scenas su LEGO\u00ae\u00a0Star\u00a0Wars\u2122 klon\u0173 kario ir kovinio droido kovos pakuote (75372) vaikams nuo 7 met\u0173.\" \/>\n<meta property=\"og:url\" content=\"https:\/\/collectin.eu\/en\/product\/lego-75372-clone-trooper-battle-droid-battle-pack\/\" \/>\n<meta property=\"og:site_name\" content=\"Collectin.eu\" \/>\n<meta property=\"article:modified_time\" content=\"2026-04-08T10:23:13+00:00\" \/>\n<meta property=\"og:image\" content=\"http:\/\/collectin.eu\/wp-content\/uploads\/2026\/02\/Untitled-design-2026-02-20T122503.324.png\" \/>\n\t<meta property=\"og:image:width\" content=\"1080\" \/>\n\t<meta property=\"og:image:height\" content=\"1080\" \/>\n\t<meta property=\"og:image:type\" content=\"image\/png\" \/>\n<meta name=\"twitter:card\" content=\"summary_large_image\" \/>\n<meta name=\"twitter:label1\" content=\"Est. reading time\" \/>\n\t<meta name=\"twitter:data1\" content=\"2 minutes\" \/>\n<script type=\"application\/ld+json\" class=\"yoast-schema-graph\">{\"@context\":\"https:\/\/schema.org\",\"@graph\":[{\"@type\":\"WebPage\",\"@id\":\"https:\/\/collectin.eu\/produktas\/lego-75372-clone-trooper-battle-droid-battle-pack\/\",\"url\":\"https:\/\/collectin.eu\/produktas\/lego-75372-clone-trooper-battle-droid-battle-pack\/\",\"name\":\"LEGO\u00ae 75372 Clone Trooper & Battle Droid Battle Pack - Collectin.eu\",\"isPartOf\":{\"@id\":\"https:\/\/collectin.eu\/#website\"},\"primaryImageOfPage\":{\"@id\":\"https:\/\/collectin.eu\/produktas\/lego-75372-clone-trooper-battle-droid-battle-pack\/#primaryimage\"},\"image\":{\"@id\":\"https:\/\/collectin.eu\/produktas\/lego-75372-clone-trooper-battle-droid-battle-pack\/#primaryimage\"},\"thumbnailUrl\":\"https:\/\/collectin.eu\/wp-content\/uploads\/2026\/02\/Untitled-design-2026-02-20T122503.324.png\",\"datePublished\":\"2026-02-20T10:27:32+00:00\",\"dateModified\":\"2026-04-08T10:23:13+00:00\",\"description\":\"\u012ekv\u0117pkite ma\u017euosius atkurti jaudinan\u010dias \u017dvaig\u017ed\u017ei\u0173 kar\u0173: klon\u0173 kar\u0173 scenas su LEGO\u00ae\u00a0Star\u00a0Wars\u2122 klon\u0173 kario ir kovinio droido kovos pakuote (75372) vaikams nuo 7 met\u0173.\",\"breadcrumb\":{\"@id\":\"https:\/\/collectin.eu\/produktas\/lego-75372-clone-trooper-battle-droid-battle-pack\/#breadcrumb\"},\"inLanguage\":\"en-US\",\"potentialAction\":[{\"@type\":\"ReadAction\",\"target\":[\"https:\/\/collectin.eu\/produktas\/lego-75372-clone-trooper-battle-droid-battle-pack\/\"]}]},{\"@type\":\"ImageObject\",\"inLanguage\":\"en-US\",\"@id\":\"https:\/\/collectin.eu\/produktas\/lego-75372-clone-trooper-battle-droid-battle-pack\/#primaryimage\",\"url\":\"https:\/\/collectin.eu\/wp-content\/uploads\/2026\/02\/Untitled-design-2026-02-20T122503.324.png\",\"contentUrl\":\"https:\/\/collectin.eu\/wp-content\/uploads\/2026\/02\/Untitled-design-2026-02-20T122503.324.png\",\"width\":1080,\"height\":1080},{\"@type\":\"BreadcrumbList\",\"@id\":\"https:\/\/collectin.eu\/produktas\/lego-75372-clone-trooper-battle-droid-battle-pack\/#breadcrumb\",\"itemListElement\":[{\"@type\":\"ListItem\",\"position\":1,\"name\":\"Home\",\"item\":\"https:\/\/collectin.eu\/\"},{\"@type\":\"ListItem\",\"position\":2,\"name\":\"Parduotuv\u0117\",\"item\":\"https:\/\/collectin.eu\/parduotuve\/\"},{\"@type\":\"ListItem\",\"position\":3,\"name\":\"LEGO\u00ae 75372 Clone Trooper &#038; Battle Droid Battle Pack\"}]},{\"@type\":\"WebSite\",\"@id\":\"https:\/\/collectin.eu\/#website\",\"url\":\"https:\/\/collectin.eu\/\",\"name\":\"Collectin.eu\",\"description\":\"\",\"potentialAction\":[{\"@type\":\"SearchAction\",\"target\":{\"@type\":\"EntryPoint\",\"urlTemplate\":\"https:\/\/collectin.eu\/?s={search_term_string}\"},\"query-input\":{\"@type\":\"PropertyValueSpecification\",\"valueRequired\":true,\"valueName\":\"search_term_string\"}}],\"inLanguage\":\"en-US\"}]}<\/script>\n<!-- \/ Yoast SEO plugin. -->","yoast_head_json":{"title":"LEGO\u00ae 75372 Clone Trooper & Battle Droid Battle Pack - Collectin.eu","description":"\u012ekv\u0117pkite ma\u017euosius atkurti jaudinan\u010dias \u017dvaig\u017ed\u017ei\u0173 kar\u0173: klon\u0173 kar\u0173 scenas su LEGO\u00ae\u00a0Star\u00a0Wars\u2122 klon\u0173 kario ir kovinio droido kovos pakuote (75372) vaikams nuo 7 met\u0173.","robots":{"index":"index","follow":"follow","max-snippet":"max-snippet:-1","max-image-preview":"max-image-preview:large","max-video-preview":"max-video-preview:-1"},"canonical":"https:\/\/collectin.eu\/en\/product\/lego-75372-clone-trooper-battle-droid-battle-pack\/","og_locale":"en_US","og_type":"article","og_title":"LEGO\u00ae 75372 Clone Trooper & Battle Droid Battle Pack - Collectin.eu","og_description":"\u012ekv\u0117pkite ma\u017euosius atkurti jaudinan\u010dias \u017dvaig\u017ed\u017ei\u0173 kar\u0173: klon\u0173 kar\u0173 scenas su LEGO\u00ae\u00a0Star\u00a0Wars\u2122 klon\u0173 kario ir kovinio droido kovos pakuote (75372) vaikams nuo 7 met\u0173.","og_url":"https:\/\/collectin.eu\/en\/product\/lego-75372-clone-trooper-battle-droid-battle-pack\/","og_site_name":"Collectin.eu","article_modified_time":"2026-04-08T10:23:13+00:00","og_image":[{"width":1080,"height":1080,"url":"http:\/\/collectin.eu\/wp-content\/uploads\/2026\/02\/Untitled-design-2026-02-20T122503.324.png","type":"image\/png"}],"twitter_card":"summary_large_image","twitter_misc":{"Est. reading time":"2 minutes"},"schema":{"@context":"https:\/\/schema.org","@graph":[{"@type":"WebPage","@id":"https:\/\/collectin.eu\/produktas\/lego-75372-clone-trooper-battle-droid-battle-pack\/","url":"https:\/\/collectin.eu\/produktas\/lego-75372-clone-trooper-battle-droid-battle-pack\/","name":"LEGO\u00ae 75372 Clone Trooper & Battle Droid Battle Pack - Collectin.eu","isPartOf":{"@id":"https:\/\/collectin.eu\/#website"},"primaryImageOfPage":{"@id":"https:\/\/collectin.eu\/produktas\/lego-75372-clone-trooper-battle-droid-battle-pack\/#primaryimage"},"image":{"@id":"https:\/\/collectin.eu\/produktas\/lego-75372-clone-trooper-battle-droid-battle-pack\/#primaryimage"},"thumbnailUrl":"https:\/\/collectin.eu\/wp-content\/uploads\/2026\/02\/Untitled-design-2026-02-20T122503.324.png","datePublished":"2026-02-20T10:27:32+00:00","dateModified":"2026-04-08T10:23:13+00:00","description":"\u012ekv\u0117pkite ma\u017euosius atkurti jaudinan\u010dias \u017dvaig\u017ed\u017ei\u0173 kar\u0173: klon\u0173 kar\u0173 scenas su LEGO\u00ae\u00a0Star\u00a0Wars\u2122 klon\u0173 kario ir kovinio droido kovos pakuote (75372) vaikams nuo 7 met\u0173.","breadcrumb":{"@id":"https:\/\/collectin.eu\/produktas\/lego-75372-clone-trooper-battle-droid-battle-pack\/#breadcrumb"},"inLanguage":"en-US","potentialAction":[{"@type":"ReadAction","target":["https:\/\/collectin.eu\/produktas\/lego-75372-clone-trooper-battle-droid-battle-pack\/"]}]},{"@type":"ImageObject","inLanguage":"en-US","@id":"https:\/\/collectin.eu\/produktas\/lego-75372-clone-trooper-battle-droid-battle-pack\/#primaryimage","url":"https:\/\/collectin.eu\/wp-content\/uploads\/2026\/02\/Untitled-design-2026-02-20T122503.324.png","contentUrl":"https:\/\/collectin.eu\/wp-content\/uploads\/2026\/02\/Untitled-design-2026-02-20T122503.324.png","width":1080,"height":1080},{"@type":"BreadcrumbList","@id":"https:\/\/collectin.eu\/produktas\/lego-75372-clone-trooper-battle-droid-battle-pack\/#breadcrumb","itemListElement":[{"@type":"ListItem","position":1,"name":"Home","item":"https:\/\/collectin.eu\/"},{"@type":"ListItem","position":2,"name":"Parduotuv\u0117","item":"https:\/\/collectin.eu\/parduotuve\/"},{"@type":"ListItem","position":3,"name":"LEGO\u00ae 75372 Clone Trooper &#038; Battle Droid Battle Pack"}]},{"@type":"WebSite","@id":"https:\/\/collectin.eu\/#website","url":"https:\/\/collectin.eu\/","name":"Collectin.eu","description":"","potentialAction":[{"@type":"SearchAction","target":{"@type":"EntryPoint","urlTemplate":"https:\/\/collectin.eu\/?s={search_term_string}"},"query-input":{"@type":"PropertyValueSpecification","valueRequired":true,"valueName":"search_term_string"}}],"inLanguage":"en-US"}]}},"jetpack_sharing_enabled":true,"_links":{"self":[{"href":"https:\/\/collectin.eu\/en\/wp-json\/wp\/v2\/product\/39678","targetHints":{"allow":["GET"]}}],"collection":[{"href":"https:\/\/collectin.eu\/en\/wp-json\/wp\/v2\/product"}],"about":[{"href":"https:\/\/collectin.eu\/en\/wp-json\/wp\/v2\/types\/product"}],"replies":[{"embeddable":true,"href":"https:\/\/collectin.eu\/en\/wp-json\/wp\/v2\/comments?post=39678"}],"version-history":[{"count":3,"href":"https:\/\/collectin.eu\/en\/wp-json\/wp\/v2\/product\/39678\/revisions"}],"predecessor-version":[{"id":40420,"href":"https:\/\/collectin.eu\/en\/wp-json\/wp\/v2\/product\/39678\/revisions\/40420"}],"wp:featuredmedia":[{"embeddable":true,"href":"https:\/\/collectin.eu\/en\/wp-json\/wp\/v2\/media\/39679"}],"wp:attachment":[{"href":"https:\/\/collectin.eu\/en\/wp-json\/wp\/v2\/media?parent=39678"}],"wp:term":[{"taxonomy":"product_brand","embeddable":true,"href":"https:\/\/collectin.eu\/en\/wp-json\/wp\/v2\/product_brand?post=39678"},{"taxonomy":"product_cat","embeddable":true,"href":"https:\/\/collectin.eu\/en\/wp-json\/wp\/v2\/product_cat?post=39678"},{"taxonomy":"product_tag","embeddable":true,"href":"https:\/\/collectin.eu\/en\/wp-json\/wp\/v2\/product_tag?post=39678"}],"curies":[{"name":"wp","href":"https:\/\/api.w.org\/{rel}","templated":true}]}}