{"id":39684,"date":"2026-02-20T10:31:29","date_gmt":"2026-02-20T10:31:29","guid":{"rendered":"https:\/\/collectin.eu\/?post_type=product&#038;p=39684"},"modified":"2026-04-08T10:23:12","modified_gmt":"2026-04-08T10:23:12","slug":"lego-75332-at-st","status":"publish","type":"product","link":"https:\/\/collectin.eu\/en\/product\/lego-75332-at-st\/","title":{"rendered":"LEGO\u00ae 75332 AT-ST"},"content":{"rendered":"<p>LEGO\u00a0<i>Star\u00a0Wars<\/i>\u00a04+ konstruktoriai suteikia ma\u017eyliams nuo 4 met\u0173 geriausi\u0105 pa\u017eint\u012f su LEGO konstravimu ir \u201e\u017dvaig\u017ed\u017ei\u0173 kar\u0173\u201c film\u0173 saga. Su pradin\u0117s kalad\u0117l\u0117s pagrindu galima sukonstruoti transporto priemones, pastatus ir kitus modelius savaranki\u0161kai, su vyresniais broliais ir seserimis arba suaugusiaisiais ir kaip mat prad\u0117ti \u017eaisti.<\/p>\n<ul>\n<li>LEGO\u00ae\u00a0<i>Star\u00a0Wars<\/i>\u2122 rinkinys, kuris pad\u0117s i\u0161mokti konstruoti. Supa\u017eindinkite ma\u017eylius su filmo \u201e\u017dvaig\u017ed\u017ei\u0173 karai: d\u017eedajaus sugr\u012f\u017eimas\u201c nuotykiais su AT-ST (75332) LEGO 4+ versija, kuri\u0105 sudaro pradin\u0117 kalad\u0117l\u0117, pad\u0117sianti grei\u010diau konstruoti.<\/li>\n<li>3 LEGO\u00ae minifig\u016br\u0117l\u0117s su ginklais. Evokas Wicket su lanku ir str\u0117le ir skautas karys bei AT-ST vairuotojas, ginkluoti blasterio pistoletais, kad gal\u0117tum\u0117te \u017eaisti vaidmenimis Endoro m\u016b\u0161\u012f.<\/li>\n<li>Lanksti AT-ST vaik\u0161tykl\u0117, greitaeigis motociklas ir Evok\u0173 ap\u017evalgos bok\u0161telis. AT-ST turi kabin\u0105 AT-ST vairuotojui, o Ecok\u0173 sl\u0117ptuv\u0119 turi med\u012f ir katapult\u0105, kuria Wicket gali svaidyti akmenis.<\/li>\n<li>Dovana vaikams nuo 4 met\u0173. Paprastas konstruoti ir perkonstruoti po m\u016b\u0161io, \u0161is 87 dali\u0173 LEGO\u00ae\u00a0<i>Star\u00a0Wars<\/i>\u2122 pradinis rinkinys taps smagia gimtadienio, \u0161ventine arba netik\u0117ta dovana k\u016brybi\u0161kiems vaikams nuo 4 met\u0173 am\u017eiaus.<\/li>\n<\/ul>","protected":false},"excerpt":{"rendered":"<p>LEGO\u00a0Star\u00a0Wars\u00a04+ konstruktoriai suteikia ma\u017eyliams nuo 4 met\u0173 geriausi\u0105 pa\u017eint\u012f su LEGO konstravimu ir \u201e\u017dvaig\u017ed\u017ei\u0173 kar\u0173\u201c film\u0173 saga. Su pradin\u0117s kalad\u0117l\u0117s<\/p>","protected":false},"featured_media":39685,"comment_status":"open","ping_status":"closed","template":"","meta":[],"product_brand":[423],"product_cat":[677,406,493],"product_tag":[],"class_list":{"0":"post-39684","1":"product","2":"type-product","3":"status-publish","4":"has-post-thumbnail","6":"product_brand-lego","7":"product_cat-lego-konstruktoriai","8":"product_cat-lego","9":"product_cat-lego-star-wars","11":"first","12":"instock","13":"taxable","14":"shipping-taxable","15":"purchasable","16":"product-type-simple"},"yoast_head":"<!-- This site is optimized with the Yoast SEO plugin v25.9 - https:\/\/yoast.com\/wordpress\/plugins\/seo\/ -->\n<title>LEGO\u00ae 75332 AT-ST - Collectin.eu<\/title>\n<meta name=\"description\" content=\"Pakvieskite vaikus konstruoti ir \u017eaisti \u012fsp\u016bdingoje LEGO\u00ae\u00a0Star\u00a0Wars\u2122 visatoje su \u0161iuo AT-ST (75332) pradiniu rinkiniu.\" \/>\n<meta name=\"robots\" content=\"index, follow, max-snippet:-1, max-image-preview:large, max-video-preview:-1\" \/>\n<link rel=\"canonical\" href=\"https:\/\/collectin.eu\/en\/product\/lego-75332-at-st\/\" \/>\n<meta property=\"og:locale\" content=\"en_US\" \/>\n<meta property=\"og:type\" content=\"article\" \/>\n<meta property=\"og:title\" content=\"LEGO\u00ae 75332 AT-ST - Collectin.eu\" \/>\n<meta property=\"og:description\" content=\"Pakvieskite vaikus konstruoti ir \u017eaisti \u012fsp\u016bdingoje LEGO\u00ae\u00a0Star\u00a0Wars\u2122 visatoje su \u0161iuo AT-ST (75332) pradiniu rinkiniu.\" \/>\n<meta property=\"og:url\" content=\"https:\/\/collectin.eu\/en\/product\/lego-75332-at-st\/\" \/>\n<meta property=\"og:site_name\" content=\"Collectin.eu\" \/>\n<meta property=\"article:modified_time\" content=\"2026-04-08T10:23:12+00:00\" \/>\n<meta property=\"og:image\" content=\"http:\/\/collectin.eu\/wp-content\/uploads\/2026\/02\/Untitled-design-2026-02-20T122903.935.png\" \/>\n\t<meta property=\"og:image:width\" content=\"1080\" \/>\n\t<meta property=\"og:image:height\" content=\"1080\" \/>\n\t<meta property=\"og:image:type\" content=\"image\/png\" \/>\n<meta name=\"twitter:card\" content=\"summary_large_image\" \/>\n<meta name=\"twitter:label1\" content=\"Est. reading time\" \/>\n\t<meta name=\"twitter:data1\" content=\"2 minutes\" \/>\n<script type=\"application\/ld+json\" class=\"yoast-schema-graph\">{\"@context\":\"https:\/\/schema.org\",\"@graph\":[{\"@type\":\"WebPage\",\"@id\":\"https:\/\/collectin.eu\/produktas\/lego-75332-at-st\/\",\"url\":\"https:\/\/collectin.eu\/produktas\/lego-75332-at-st\/\",\"name\":\"LEGO\u00ae 75332 AT-ST - Collectin.eu\",\"isPartOf\":{\"@id\":\"https:\/\/collectin.eu\/#website\"},\"primaryImageOfPage\":{\"@id\":\"https:\/\/collectin.eu\/produktas\/lego-75332-at-st\/#primaryimage\"},\"image\":{\"@id\":\"https:\/\/collectin.eu\/produktas\/lego-75332-at-st\/#primaryimage\"},\"thumbnailUrl\":\"https:\/\/collectin.eu\/wp-content\/uploads\/2026\/02\/Untitled-design-2026-02-20T122903.935.png\",\"datePublished\":\"2026-02-20T10:31:29+00:00\",\"dateModified\":\"2026-04-08T10:23:12+00:00\",\"description\":\"Pakvieskite vaikus konstruoti ir \u017eaisti \u012fsp\u016bdingoje LEGO\u00ae\u00a0Star\u00a0Wars\u2122 visatoje su \u0161iuo AT-ST (75332) pradiniu rinkiniu.\",\"breadcrumb\":{\"@id\":\"https:\/\/collectin.eu\/produktas\/lego-75332-at-st\/#breadcrumb\"},\"inLanguage\":\"en-US\",\"potentialAction\":[{\"@type\":\"ReadAction\",\"target\":[\"https:\/\/collectin.eu\/produktas\/lego-75332-at-st\/\"]}]},{\"@type\":\"ImageObject\",\"inLanguage\":\"en-US\",\"@id\":\"https:\/\/collectin.eu\/produktas\/lego-75332-at-st\/#primaryimage\",\"url\":\"https:\/\/collectin.eu\/wp-content\/uploads\/2026\/02\/Untitled-design-2026-02-20T122903.935.png\",\"contentUrl\":\"https:\/\/collectin.eu\/wp-content\/uploads\/2026\/02\/Untitled-design-2026-02-20T122903.935.png\",\"width\":1080,\"height\":1080},{\"@type\":\"BreadcrumbList\",\"@id\":\"https:\/\/collectin.eu\/produktas\/lego-75332-at-st\/#breadcrumb\",\"itemListElement\":[{\"@type\":\"ListItem\",\"position\":1,\"name\":\"Home\",\"item\":\"https:\/\/collectin.eu\/\"},{\"@type\":\"ListItem\",\"position\":2,\"name\":\"Parduotuv\u0117\",\"item\":\"https:\/\/collectin.eu\/parduotuve\/\"},{\"@type\":\"ListItem\",\"position\":3,\"name\":\"LEGO\u00ae 75332 AT-ST\"}]},{\"@type\":\"WebSite\",\"@id\":\"https:\/\/collectin.eu\/#website\",\"url\":\"https:\/\/collectin.eu\/\",\"name\":\"Collectin.eu\",\"description\":\"\",\"potentialAction\":[{\"@type\":\"SearchAction\",\"target\":{\"@type\":\"EntryPoint\",\"urlTemplate\":\"https:\/\/collectin.eu\/?s={search_term_string}\"},\"query-input\":{\"@type\":\"PropertyValueSpecification\",\"valueRequired\":true,\"valueName\":\"search_term_string\"}}],\"inLanguage\":\"en-US\"}]}<\/script>\n<!-- \/ Yoast SEO plugin. -->","yoast_head_json":{"title":"LEGO\u00ae 75332 AT-ST - Collectin.eu","description":"Pakvieskite vaikus konstruoti ir \u017eaisti \u012fsp\u016bdingoje LEGO\u00ae\u00a0Star\u00a0Wars\u2122 visatoje su \u0161iuo AT-ST (75332) pradiniu rinkiniu.","robots":{"index":"index","follow":"follow","max-snippet":"max-snippet:-1","max-image-preview":"max-image-preview:large","max-video-preview":"max-video-preview:-1"},"canonical":"https:\/\/collectin.eu\/en\/product\/lego-75332-at-st\/","og_locale":"en_US","og_type":"article","og_title":"LEGO\u00ae 75332 AT-ST - Collectin.eu","og_description":"Pakvieskite vaikus konstruoti ir \u017eaisti \u012fsp\u016bdingoje LEGO\u00ae\u00a0Star\u00a0Wars\u2122 visatoje su \u0161iuo AT-ST (75332) pradiniu rinkiniu.","og_url":"https:\/\/collectin.eu\/en\/product\/lego-75332-at-st\/","og_site_name":"Collectin.eu","article_modified_time":"2026-04-08T10:23:12+00:00","og_image":[{"width":1080,"height":1080,"url":"http:\/\/collectin.eu\/wp-content\/uploads\/2026\/02\/Untitled-design-2026-02-20T122903.935.png","type":"image\/png"}],"twitter_card":"summary_large_image","twitter_misc":{"Est. reading time":"2 minutes"},"schema":{"@context":"https:\/\/schema.org","@graph":[{"@type":"WebPage","@id":"https:\/\/collectin.eu\/produktas\/lego-75332-at-st\/","url":"https:\/\/collectin.eu\/produktas\/lego-75332-at-st\/","name":"LEGO\u00ae 75332 AT-ST - Collectin.eu","isPartOf":{"@id":"https:\/\/collectin.eu\/#website"},"primaryImageOfPage":{"@id":"https:\/\/collectin.eu\/produktas\/lego-75332-at-st\/#primaryimage"},"image":{"@id":"https:\/\/collectin.eu\/produktas\/lego-75332-at-st\/#primaryimage"},"thumbnailUrl":"https:\/\/collectin.eu\/wp-content\/uploads\/2026\/02\/Untitled-design-2026-02-20T122903.935.png","datePublished":"2026-02-20T10:31:29+00:00","dateModified":"2026-04-08T10:23:12+00:00","description":"Pakvieskite vaikus konstruoti ir \u017eaisti \u012fsp\u016bdingoje LEGO\u00ae\u00a0Star\u00a0Wars\u2122 visatoje su \u0161iuo AT-ST (75332) pradiniu rinkiniu.","breadcrumb":{"@id":"https:\/\/collectin.eu\/produktas\/lego-75332-at-st\/#breadcrumb"},"inLanguage":"en-US","potentialAction":[{"@type":"ReadAction","target":["https:\/\/collectin.eu\/produktas\/lego-75332-at-st\/"]}]},{"@type":"ImageObject","inLanguage":"en-US","@id":"https:\/\/collectin.eu\/produktas\/lego-75332-at-st\/#primaryimage","url":"https:\/\/collectin.eu\/wp-content\/uploads\/2026\/02\/Untitled-design-2026-02-20T122903.935.png","contentUrl":"https:\/\/collectin.eu\/wp-content\/uploads\/2026\/02\/Untitled-design-2026-02-20T122903.935.png","width":1080,"height":1080},{"@type":"BreadcrumbList","@id":"https:\/\/collectin.eu\/produktas\/lego-75332-at-st\/#breadcrumb","itemListElement":[{"@type":"ListItem","position":1,"name":"Home","item":"https:\/\/collectin.eu\/"},{"@type":"ListItem","position":2,"name":"Parduotuv\u0117","item":"https:\/\/collectin.eu\/parduotuve\/"},{"@type":"ListItem","position":3,"name":"LEGO\u00ae 75332 AT-ST"}]},{"@type":"WebSite","@id":"https:\/\/collectin.eu\/#website","url":"https:\/\/collectin.eu\/","name":"Collectin.eu","description":"","potentialAction":[{"@type":"SearchAction","target":{"@type":"EntryPoint","urlTemplate":"https:\/\/collectin.eu\/?s={search_term_string}"},"query-input":{"@type":"PropertyValueSpecification","valueRequired":true,"valueName":"search_term_string"}}],"inLanguage":"en-US"}]}},"jetpack_sharing_enabled":true,"_links":{"self":[{"href":"https:\/\/collectin.eu\/en\/wp-json\/wp\/v2\/product\/39684","targetHints":{"allow":["GET"]}}],"collection":[{"href":"https:\/\/collectin.eu\/en\/wp-json\/wp\/v2\/product"}],"about":[{"href":"https:\/\/collectin.eu\/en\/wp-json\/wp\/v2\/types\/product"}],"replies":[{"embeddable":true,"href":"https:\/\/collectin.eu\/en\/wp-json\/wp\/v2\/comments?post=39684"}],"version-history":[{"count":3,"href":"https:\/\/collectin.eu\/en\/wp-json\/wp\/v2\/product\/39684\/revisions"}],"predecessor-version":[{"id":40419,"href":"https:\/\/collectin.eu\/en\/wp-json\/wp\/v2\/product\/39684\/revisions\/40419"}],"wp:featuredmedia":[{"embeddable":true,"href":"https:\/\/collectin.eu\/en\/wp-json\/wp\/v2\/media\/39685"}],"wp:attachment":[{"href":"https:\/\/collectin.eu\/en\/wp-json\/wp\/v2\/media?parent=39684"}],"wp:term":[{"taxonomy":"product_brand","embeddable":true,"href":"https:\/\/collectin.eu\/en\/wp-json\/wp\/v2\/product_brand?post=39684"},{"taxonomy":"product_cat","embeddable":true,"href":"https:\/\/collectin.eu\/en\/wp-json\/wp\/v2\/product_cat?post=39684"},{"taxonomy":"product_tag","embeddable":true,"href":"https:\/\/collectin.eu\/en\/wp-json\/wp\/v2\/product_tag?post=39684"}],"curies":[{"name":"wp","href":"https:\/\/api.w.org\/{rel}","templated":true}]}}