{"id":39690,"date":"2026-02-20T10:35:58","date_gmt":"2026-02-20T10:35:58","guid":{"rendered":"https:\/\/collectin.eu\/?post_type=product&#038;p=39690"},"modified":"2026-04-08T10:23:12","modified_gmt":"2026-04-08T10:23:12","slug":"lego-75360-yodas-jedi-starfighter","status":"publish","type":"product","link":"https:\/\/collectin.eu\/en\/product\/lego-75360-yodas-jedi-starfighter\/","title":{"rendered":"LEGO\u00ae 75360 Yoda&#8217;s Jedi Starfighter"},"content":{"rendered":"<p>\u0160is konstravimo \u017eaislas, nud\u017eiuginsiantis bet kokio am\u017eiaus \u017dvaig\u017ed\u017ei\u0173 kar\u0173 gerb\u0117jus, yra dalis plataus LEGO\u00a0<i>Star\u00a0Wars<\/i>\u00a0konstravimo rinkini\u0173 asortimento. Tai nepaprastai \u0161auni dovana vaikams nuo 8 met\u0173, kuriuos su\u017eav\u0117jo filmas \u017dvaig\u017ed\u017ei\u0173 karai: klon\u0173 karai.<\/p>\n<ul>\n<li>Konstruojamas erdv\u0117laivio rinkinys (75360) \u2013 \u017eaisdami vaikai leisis \u012f smagias misijas su \u0161ia i\u0161 LEGO\u00ae kalad\u0117li\u0173 konstruojama Jodos d\u017eedaj\u0173 erdv\u0117laivio kopija i\u0161 filmo \u017dvaig\u017ed\u017ei\u0173 karai: klon\u0173 karai<\/li>\n<li>2 legendiniai \u017dvaig\u017ed\u017ei\u0173 kar\u0173 persona\u017eai \u2013 meistro Jodos LEGO\u00ae minifig\u016br\u0117l\u0117 su \u0161viesos kardu ir R2-D2 LEGO droido fig\u016br\u0117l\u0117<\/li>\n<li>Veiksmo \u017eaidimas \u2013 atsidaran\u010dioje erdv\u0117laivio kabinoje yra erdv\u0117 R2-D2 fig\u016br\u0117lei ir 2 spyruoklin\u0117s \u0161audykl\u0117s, o sparnai reguliuojami skryd\u017eio ar nusileidimo re\u017eimui<\/li>\n<li>Dovanos id\u0117ja vaikams nuo 8 met\u0173 \u2013 padovanokite \u0161\u012f 253 dali\u0173 LEGO\u00ae konstravimo rinkin\u012f \u0161ven\u010di\u0173 ar gimtadienio proga arba kaip netik\u0117t\u0105 staigmen\u0105 filmo \u017dvaig\u017ed\u017ei\u0173 karai: klon\u0173 karai gerb\u0117jams<\/li>\n<\/ul>","protected":false},"excerpt":{"rendered":"<p>\u0160is konstravimo \u017eaislas, nud\u017eiuginsiantis bet kokio am\u017eiaus \u017dvaig\u017ed\u017ei\u0173 kar\u0173 gerb\u0117jus, yra dalis plataus LEGO\u00a0Star\u00a0Wars\u00a0konstravimo rinkini\u0173 asortimento. Tai nepaprastai \u0161auni dovana<\/p>","protected":false},"featured_media":39691,"comment_status":"open","ping_status":"closed","template":"","meta":[],"product_brand":[423],"product_cat":[677,406,493],"product_tag":[],"class_list":{"0":"post-39690","1":"product","2":"type-product","3":"status-publish","4":"has-post-thumbnail","6":"product_brand-lego","7":"product_cat-lego-konstruktoriai","8":"product_cat-lego","9":"product_cat-lego-star-wars","11":"first","12":"instock","13":"taxable","14":"shipping-taxable","15":"purchasable","16":"product-type-simple"},"yoast_head":"<!-- This site is optimized with the Yoast SEO plugin v25.9 - https:\/\/yoast.com\/wordpress\/plugins\/seo\/ -->\n<title>LEGO\u00ae 75360 Yoda&#039;s Jedi Starfighter - Collectin.eu<\/title>\n<meta name=\"description\" content=\"Su 2 populiariais \u017dvaig\u017ed\u017ei\u0173 kar\u0173 persona\u017eais ir detaliu i\u0161 LEGO\u00ae kalad\u0117li\u0173 konstruojamu Jodos d\u017eedaj\u0173 erdv\u0117laivio (75360) modeliu vaikai susipa\u017eins su galaktikos platyb\u0117mis.\" \/>\n<meta name=\"robots\" content=\"index, follow, max-snippet:-1, max-image-preview:large, max-video-preview:-1\" \/>\n<link rel=\"canonical\" href=\"https:\/\/collectin.eu\/en\/product\/lego-75360-yodas-jedi-starfighter\/\" \/>\n<meta property=\"og:locale\" content=\"en_US\" \/>\n<meta property=\"og:type\" content=\"article\" \/>\n<meta property=\"og:title\" content=\"LEGO\u00ae 75360 Yoda&#039;s Jedi Starfighter - Collectin.eu\" \/>\n<meta property=\"og:description\" content=\"Su 2 populiariais \u017dvaig\u017ed\u017ei\u0173 kar\u0173 persona\u017eais ir detaliu i\u0161 LEGO\u00ae kalad\u0117li\u0173 konstruojamu Jodos d\u017eedaj\u0173 erdv\u0117laivio (75360) modeliu vaikai susipa\u017eins su galaktikos platyb\u0117mis.\" \/>\n<meta property=\"og:url\" content=\"https:\/\/collectin.eu\/en\/product\/lego-75360-yodas-jedi-starfighter\/\" \/>\n<meta property=\"og:site_name\" content=\"Collectin.eu\" \/>\n<meta property=\"article:modified_time\" content=\"2026-04-08T10:23:12+00:00\" \/>\n<meta property=\"og:image\" content=\"http:\/\/collectin.eu\/wp-content\/uploads\/2026\/02\/Untitled-design-2026-02-20T123300.219.png\" \/>\n\t<meta property=\"og:image:width\" content=\"1080\" \/>\n\t<meta property=\"og:image:height\" content=\"1080\" \/>\n\t<meta property=\"og:image:type\" content=\"image\/png\" \/>\n<meta name=\"twitter:card\" content=\"summary_large_image\" \/>\n<meta name=\"twitter:label1\" content=\"Est. reading time\" \/>\n\t<meta name=\"twitter:data1\" content=\"1 minute\" \/>\n<script type=\"application\/ld+json\" class=\"yoast-schema-graph\">{\"@context\":\"https:\/\/schema.org\",\"@graph\":[{\"@type\":\"WebPage\",\"@id\":\"https:\/\/collectin.eu\/produktas\/lego-75360-yodas-jedi-starfighter\/\",\"url\":\"https:\/\/collectin.eu\/produktas\/lego-75360-yodas-jedi-starfighter\/\",\"name\":\"LEGO\u00ae 75360 Yoda's Jedi Starfighter - Collectin.eu\",\"isPartOf\":{\"@id\":\"https:\/\/collectin.eu\/#website\"},\"primaryImageOfPage\":{\"@id\":\"https:\/\/collectin.eu\/produktas\/lego-75360-yodas-jedi-starfighter\/#primaryimage\"},\"image\":{\"@id\":\"https:\/\/collectin.eu\/produktas\/lego-75360-yodas-jedi-starfighter\/#primaryimage\"},\"thumbnailUrl\":\"https:\/\/collectin.eu\/wp-content\/uploads\/2026\/02\/Untitled-design-2026-02-20T123300.219.png\",\"datePublished\":\"2026-02-20T10:35:58+00:00\",\"dateModified\":\"2026-04-08T10:23:12+00:00\",\"description\":\"Su 2 populiariais \u017dvaig\u017ed\u017ei\u0173 kar\u0173 persona\u017eais ir detaliu i\u0161 LEGO\u00ae kalad\u0117li\u0173 konstruojamu Jodos d\u017eedaj\u0173 erdv\u0117laivio (75360) modeliu vaikai susipa\u017eins su galaktikos platyb\u0117mis.\",\"breadcrumb\":{\"@id\":\"https:\/\/collectin.eu\/produktas\/lego-75360-yodas-jedi-starfighter\/#breadcrumb\"},\"inLanguage\":\"en-US\",\"potentialAction\":[{\"@type\":\"ReadAction\",\"target\":[\"https:\/\/collectin.eu\/produktas\/lego-75360-yodas-jedi-starfighter\/\"]}]},{\"@type\":\"ImageObject\",\"inLanguage\":\"en-US\",\"@id\":\"https:\/\/collectin.eu\/produktas\/lego-75360-yodas-jedi-starfighter\/#primaryimage\",\"url\":\"https:\/\/collectin.eu\/wp-content\/uploads\/2026\/02\/Untitled-design-2026-02-20T123300.219.png\",\"contentUrl\":\"https:\/\/collectin.eu\/wp-content\/uploads\/2026\/02\/Untitled-design-2026-02-20T123300.219.png\",\"width\":1080,\"height\":1080},{\"@type\":\"BreadcrumbList\",\"@id\":\"https:\/\/collectin.eu\/produktas\/lego-75360-yodas-jedi-starfighter\/#breadcrumb\",\"itemListElement\":[{\"@type\":\"ListItem\",\"position\":1,\"name\":\"Home\",\"item\":\"https:\/\/collectin.eu\/\"},{\"@type\":\"ListItem\",\"position\":2,\"name\":\"Parduotuv\u0117\",\"item\":\"https:\/\/collectin.eu\/parduotuve\/\"},{\"@type\":\"ListItem\",\"position\":3,\"name\":\"LEGO\u00ae 75360 Yoda&#8217;s Jedi Starfighter\"}]},{\"@type\":\"WebSite\",\"@id\":\"https:\/\/collectin.eu\/#website\",\"url\":\"https:\/\/collectin.eu\/\",\"name\":\"Collectin.eu\",\"description\":\"\",\"potentialAction\":[{\"@type\":\"SearchAction\",\"target\":{\"@type\":\"EntryPoint\",\"urlTemplate\":\"https:\/\/collectin.eu\/?s={search_term_string}\"},\"query-input\":{\"@type\":\"PropertyValueSpecification\",\"valueRequired\":true,\"valueName\":\"search_term_string\"}}],\"inLanguage\":\"en-US\"}]}<\/script>\n<!-- \/ Yoast SEO plugin. -->","yoast_head_json":{"title":"LEGO\u00ae 75360 Yoda's Jedi Starfighter - Collectin.eu","description":"Su 2 populiariais \u017dvaig\u017ed\u017ei\u0173 kar\u0173 persona\u017eais ir detaliu i\u0161 LEGO\u00ae kalad\u0117li\u0173 konstruojamu Jodos d\u017eedaj\u0173 erdv\u0117laivio (75360) modeliu vaikai susipa\u017eins su galaktikos platyb\u0117mis.","robots":{"index":"index","follow":"follow","max-snippet":"max-snippet:-1","max-image-preview":"max-image-preview:large","max-video-preview":"max-video-preview:-1"},"canonical":"https:\/\/collectin.eu\/en\/product\/lego-75360-yodas-jedi-starfighter\/","og_locale":"en_US","og_type":"article","og_title":"LEGO\u00ae 75360 Yoda's Jedi Starfighter - Collectin.eu","og_description":"Su 2 populiariais \u017dvaig\u017ed\u017ei\u0173 kar\u0173 persona\u017eais ir detaliu i\u0161 LEGO\u00ae kalad\u0117li\u0173 konstruojamu Jodos d\u017eedaj\u0173 erdv\u0117laivio (75360) modeliu vaikai susipa\u017eins su galaktikos platyb\u0117mis.","og_url":"https:\/\/collectin.eu\/en\/product\/lego-75360-yodas-jedi-starfighter\/","og_site_name":"Collectin.eu","article_modified_time":"2026-04-08T10:23:12+00:00","og_image":[{"width":1080,"height":1080,"url":"http:\/\/collectin.eu\/wp-content\/uploads\/2026\/02\/Untitled-design-2026-02-20T123300.219.png","type":"image\/png"}],"twitter_card":"summary_large_image","twitter_misc":{"Est. reading time":"1 minute"},"schema":{"@context":"https:\/\/schema.org","@graph":[{"@type":"WebPage","@id":"https:\/\/collectin.eu\/produktas\/lego-75360-yodas-jedi-starfighter\/","url":"https:\/\/collectin.eu\/produktas\/lego-75360-yodas-jedi-starfighter\/","name":"LEGO\u00ae 75360 Yoda's Jedi Starfighter - Collectin.eu","isPartOf":{"@id":"https:\/\/collectin.eu\/#website"},"primaryImageOfPage":{"@id":"https:\/\/collectin.eu\/produktas\/lego-75360-yodas-jedi-starfighter\/#primaryimage"},"image":{"@id":"https:\/\/collectin.eu\/produktas\/lego-75360-yodas-jedi-starfighter\/#primaryimage"},"thumbnailUrl":"https:\/\/collectin.eu\/wp-content\/uploads\/2026\/02\/Untitled-design-2026-02-20T123300.219.png","datePublished":"2026-02-20T10:35:58+00:00","dateModified":"2026-04-08T10:23:12+00:00","description":"Su 2 populiariais \u017dvaig\u017ed\u017ei\u0173 kar\u0173 persona\u017eais ir detaliu i\u0161 LEGO\u00ae kalad\u0117li\u0173 konstruojamu Jodos d\u017eedaj\u0173 erdv\u0117laivio (75360) modeliu vaikai susipa\u017eins su galaktikos platyb\u0117mis.","breadcrumb":{"@id":"https:\/\/collectin.eu\/produktas\/lego-75360-yodas-jedi-starfighter\/#breadcrumb"},"inLanguage":"en-US","potentialAction":[{"@type":"ReadAction","target":["https:\/\/collectin.eu\/produktas\/lego-75360-yodas-jedi-starfighter\/"]}]},{"@type":"ImageObject","inLanguage":"en-US","@id":"https:\/\/collectin.eu\/produktas\/lego-75360-yodas-jedi-starfighter\/#primaryimage","url":"https:\/\/collectin.eu\/wp-content\/uploads\/2026\/02\/Untitled-design-2026-02-20T123300.219.png","contentUrl":"https:\/\/collectin.eu\/wp-content\/uploads\/2026\/02\/Untitled-design-2026-02-20T123300.219.png","width":1080,"height":1080},{"@type":"BreadcrumbList","@id":"https:\/\/collectin.eu\/produktas\/lego-75360-yodas-jedi-starfighter\/#breadcrumb","itemListElement":[{"@type":"ListItem","position":1,"name":"Home","item":"https:\/\/collectin.eu\/"},{"@type":"ListItem","position":2,"name":"Parduotuv\u0117","item":"https:\/\/collectin.eu\/parduotuve\/"},{"@type":"ListItem","position":3,"name":"LEGO\u00ae 75360 Yoda&#8217;s Jedi Starfighter"}]},{"@type":"WebSite","@id":"https:\/\/collectin.eu\/#website","url":"https:\/\/collectin.eu\/","name":"Collectin.eu","description":"","potentialAction":[{"@type":"SearchAction","target":{"@type":"EntryPoint","urlTemplate":"https:\/\/collectin.eu\/?s={search_term_string}"},"query-input":{"@type":"PropertyValueSpecification","valueRequired":true,"valueName":"search_term_string"}}],"inLanguage":"en-US"}]}},"jetpack_sharing_enabled":true,"_links":{"self":[{"href":"https:\/\/collectin.eu\/en\/wp-json\/wp\/v2\/product\/39690","targetHints":{"allow":["GET"]}}],"collection":[{"href":"https:\/\/collectin.eu\/en\/wp-json\/wp\/v2\/product"}],"about":[{"href":"https:\/\/collectin.eu\/en\/wp-json\/wp\/v2\/types\/product"}],"replies":[{"embeddable":true,"href":"https:\/\/collectin.eu\/en\/wp-json\/wp\/v2\/comments?post=39690"}],"version-history":[{"count":3,"href":"https:\/\/collectin.eu\/en\/wp-json\/wp\/v2\/product\/39690\/revisions"}],"predecessor-version":[{"id":40414,"href":"https:\/\/collectin.eu\/en\/wp-json\/wp\/v2\/product\/39690\/revisions\/40414"}],"wp:featuredmedia":[{"embeddable":true,"href":"https:\/\/collectin.eu\/en\/wp-json\/wp\/v2\/media\/39691"}],"wp:attachment":[{"href":"https:\/\/collectin.eu\/en\/wp-json\/wp\/v2\/media?parent=39690"}],"wp:term":[{"taxonomy":"product_brand","embeddable":true,"href":"https:\/\/collectin.eu\/en\/wp-json\/wp\/v2\/product_brand?post=39690"},{"taxonomy":"product_cat","embeddable":true,"href":"https:\/\/collectin.eu\/en\/wp-json\/wp\/v2\/product_cat?post=39690"},{"taxonomy":"product_tag","embeddable":true,"href":"https:\/\/collectin.eu\/en\/wp-json\/wp\/v2\/product_tag?post=39690"}],"curies":[{"name":"wp","href":"https:\/\/api.w.org\/{rel}","templated":true}]}}