{"id":39702,"date":"2026-02-20T10:45:14","date_gmt":"2026-02-20T10:45:14","guid":{"rendered":"https:\/\/collectin.eu\/?post_type=product&#038;p=39702"},"modified":"2026-04-08T10:23:11","modified_gmt":"2026-04-08T10:23:11","slug":"lego-75375-millennium-falcon","status":"publish","type":"product","link":"https:\/\/collectin.eu\/en\/product\/lego-75375-millennium-falcon\/","title":{"rendered":"LEGO\u00ae 75375 Millennium Falcon"},"content":{"rendered":"<p>Unikalus LEGO\u00a0<i>Star\u00a0Wars<\/i>\u00a0rinkinys suaugusiesiems si\u016blo sud\u0117tingo k\u016brybi\u0161ko konstravimo i\u0161\u0161\u016bk\u012f. Patirkite dar daugiau \u012fsp\u016bd\u017ei\u0173 naudodami program\u0117l\u0119 \u201eLEGO Builder\u201c, kurioje galima priartinti ir pasukti modelius trimat\u0117je erdv\u0117je, steb\u0117ti pa\u017eang\u0105 ir i\u0161saugoti visus rinkinius vienoje vietoje.<\/p>\n<ul>\n<li>Kolekcinis T\u016bkstantme\u010dio sakalo modelis konstruoti ir eksponuoti \u2013 prisiminkite klasikines scenas i\u0161 LEGO\u00ae kalad\u0117li\u0173 sukonstruodami vidutinio dyd\u017eio \u012fsp\u016bdingiausio \u017dvaig\u017ed\u017ei\u0173 kar\u0173 visatos erdv\u0117laivio model\u012f<\/li>\n<li>Autenti\u0161kai detalizuota \u017dvaig\u017ed\u017ei\u0173 kar\u0173 transporto priemon\u0117 \u2013 LEGO\u00ae stiliumi atkurkite \u012fsp\u016bdingas T\u016bkstantme\u010dio sakalo, matyto filme \u017dvaig\u017ed\u017ei\u0173 karai: nauja viltis, detales, tokias kaip kabina, palydovin\u0117 antena ir patrankos<\/li>\n<li>Sukurta eksponuoti \u2013 konstruojamas stovas turi vardin\u0119 plok\u0161tel\u0119 ir LEGO\u00ae\u00a0<i>Star\u00a0Wars<\/i>\u2122 25-me\u010dio kalad\u0117l\u0119 ir yra sukurtas taip, kad T\u016bkstantme\u010dio sakal\u0105 b\u016bt\u0173 galima eksponuoti dinami\u0161ku kampu<\/li>\n<li>LEGO\u00ae\u00a0<i>Star\u00a0Wars<\/i>\u2122 erdv\u0117laivi\u0173 kolekcijos dalis \u2013 rinkinys yra kolekcin\u0117s serijos, kuri\u0105 sudaro vidutinio dyd\u017eio konstruojami kultiniai \u017dvaig\u017ed\u017ei\u0173 kar\u0173 erdv\u0117laiviai, dalis<\/li>\n<\/ul>","protected":false},"excerpt":{"rendered":"<p>Unikalus LEGO\u00a0Star\u00a0Wars\u00a0rinkinys suaugusiesiems si\u016blo sud\u0117tingo k\u016brybi\u0161ko konstravimo i\u0161\u0161\u016bk\u012f. Patirkite dar daugiau \u012fsp\u016bd\u017ei\u0173 naudodami program\u0117l\u0119 \u201eLEGO Builder\u201c, kurioje galima priartinti ir<\/p>","protected":false},"featured_media":39703,"comment_status":"open","ping_status":"closed","template":"","meta":[],"product_brand":[423],"product_cat":[677,406,493],"product_tag":[],"class_list":{"0":"post-39702","1":"product","2":"type-product","3":"status-publish","4":"has-post-thumbnail","6":"product_brand-lego","7":"product_cat-lego-konstruktoriai","8":"product_cat-lego","9":"product_cat-lego-star-wars","11":"first","12":"instock","13":"taxable","14":"shipping-taxable","15":"purchasable","16":"product-type-simple"},"yoast_head":"<!-- This site is optimized with the Yoast SEO plugin v25.9 - https:\/\/yoast.com\/wordpress\/plugins\/seo\/ -->\n<title>LEGO\u00ae 75375 Millennium Falcon - Collectin.eu<\/title>\n<meta name=\"description\" content=\"Klasikin\u0117 \u017dvaig\u017ed\u017ei\u0173 kar\u0173\u2122 saga atgyja j\u016bs\u0173 svetain\u0117je su \u0161iuo kolekciniu LEGO\u00ae Star Wars T\u016bkstantme\u010dio sakalo konstruojamu ir eksponuojamu erdv\u0117laivio modeliu (75375).\" \/>\n<meta name=\"robots\" content=\"index, follow, max-snippet:-1, max-image-preview:large, max-video-preview:-1\" \/>\n<link rel=\"canonical\" href=\"https:\/\/collectin.eu\/en\/product\/lego-75375-millennium-falcon\/\" \/>\n<meta property=\"og:locale\" content=\"en_US\" \/>\n<meta property=\"og:type\" content=\"article\" \/>\n<meta property=\"og:title\" content=\"LEGO\u00ae 75375 Millennium Falcon - Collectin.eu\" \/>\n<meta property=\"og:description\" content=\"Klasikin\u0117 \u017dvaig\u017ed\u017ei\u0173 kar\u0173\u2122 saga atgyja j\u016bs\u0173 svetain\u0117je su \u0161iuo kolekciniu LEGO\u00ae Star Wars T\u016bkstantme\u010dio sakalo konstruojamu ir eksponuojamu erdv\u0117laivio modeliu (75375).\" \/>\n<meta property=\"og:url\" content=\"https:\/\/collectin.eu\/en\/product\/lego-75375-millennium-falcon\/\" \/>\n<meta property=\"og:site_name\" content=\"Collectin.eu\" \/>\n<meta property=\"article:modified_time\" content=\"2026-04-08T10:23:11+00:00\" \/>\n<meta property=\"og:image\" content=\"http:\/\/collectin.eu\/wp-content\/uploads\/2026\/02\/Untitled-design-2026-02-20T124225.487.png\" \/>\n\t<meta property=\"og:image:width\" content=\"1080\" \/>\n\t<meta property=\"og:image:height\" content=\"1080\" \/>\n\t<meta property=\"og:image:type\" content=\"image\/png\" \/>\n<meta name=\"twitter:card\" content=\"summary_large_image\" \/>\n<meta name=\"twitter:label1\" content=\"Est. reading time\" \/>\n\t<meta name=\"twitter:data1\" content=\"1 minute\" \/>\n<script type=\"application\/ld+json\" class=\"yoast-schema-graph\">{\"@context\":\"https:\/\/schema.org\",\"@graph\":[{\"@type\":\"WebPage\",\"@id\":\"https:\/\/collectin.eu\/produktas\/lego-75375-millennium-falcon\/\",\"url\":\"https:\/\/collectin.eu\/produktas\/lego-75375-millennium-falcon\/\",\"name\":\"LEGO\u00ae 75375 Millennium Falcon - Collectin.eu\",\"isPartOf\":{\"@id\":\"https:\/\/collectin.eu\/#website\"},\"primaryImageOfPage\":{\"@id\":\"https:\/\/collectin.eu\/produktas\/lego-75375-millennium-falcon\/#primaryimage\"},\"image\":{\"@id\":\"https:\/\/collectin.eu\/produktas\/lego-75375-millennium-falcon\/#primaryimage\"},\"thumbnailUrl\":\"https:\/\/collectin.eu\/wp-content\/uploads\/2026\/02\/Untitled-design-2026-02-20T124225.487.png\",\"datePublished\":\"2026-02-20T10:45:14+00:00\",\"dateModified\":\"2026-04-08T10:23:11+00:00\",\"description\":\"Klasikin\u0117 \u017dvaig\u017ed\u017ei\u0173 kar\u0173\u2122 saga atgyja j\u016bs\u0173 svetain\u0117je su \u0161iuo kolekciniu LEGO\u00ae Star Wars T\u016bkstantme\u010dio sakalo konstruojamu ir eksponuojamu erdv\u0117laivio modeliu (75375).\",\"breadcrumb\":{\"@id\":\"https:\/\/collectin.eu\/produktas\/lego-75375-millennium-falcon\/#breadcrumb\"},\"inLanguage\":\"en-US\",\"potentialAction\":[{\"@type\":\"ReadAction\",\"target\":[\"https:\/\/collectin.eu\/produktas\/lego-75375-millennium-falcon\/\"]}]},{\"@type\":\"ImageObject\",\"inLanguage\":\"en-US\",\"@id\":\"https:\/\/collectin.eu\/produktas\/lego-75375-millennium-falcon\/#primaryimage\",\"url\":\"https:\/\/collectin.eu\/wp-content\/uploads\/2026\/02\/Untitled-design-2026-02-20T124225.487.png\",\"contentUrl\":\"https:\/\/collectin.eu\/wp-content\/uploads\/2026\/02\/Untitled-design-2026-02-20T124225.487.png\",\"width\":1080,\"height\":1080},{\"@type\":\"BreadcrumbList\",\"@id\":\"https:\/\/collectin.eu\/produktas\/lego-75375-millennium-falcon\/#breadcrumb\",\"itemListElement\":[{\"@type\":\"ListItem\",\"position\":1,\"name\":\"Home\",\"item\":\"https:\/\/collectin.eu\/\"},{\"@type\":\"ListItem\",\"position\":2,\"name\":\"Parduotuv\u0117\",\"item\":\"https:\/\/collectin.eu\/parduotuve\/\"},{\"@type\":\"ListItem\",\"position\":3,\"name\":\"LEGO\u00ae 75375 Millennium Falcon\"}]},{\"@type\":\"WebSite\",\"@id\":\"https:\/\/collectin.eu\/#website\",\"url\":\"https:\/\/collectin.eu\/\",\"name\":\"Collectin.eu\",\"description\":\"\",\"potentialAction\":[{\"@type\":\"SearchAction\",\"target\":{\"@type\":\"EntryPoint\",\"urlTemplate\":\"https:\/\/collectin.eu\/?s={search_term_string}\"},\"query-input\":{\"@type\":\"PropertyValueSpecification\",\"valueRequired\":true,\"valueName\":\"search_term_string\"}}],\"inLanguage\":\"en-US\"}]}<\/script>\n<!-- \/ Yoast SEO plugin. -->","yoast_head_json":{"title":"LEGO\u00ae 75375 Millennium Falcon - Collectin.eu","description":"Klasikin\u0117 \u017dvaig\u017ed\u017ei\u0173 kar\u0173\u2122 saga atgyja j\u016bs\u0173 svetain\u0117je su \u0161iuo kolekciniu LEGO\u00ae Star Wars T\u016bkstantme\u010dio sakalo konstruojamu ir eksponuojamu erdv\u0117laivio modeliu (75375).","robots":{"index":"index","follow":"follow","max-snippet":"max-snippet:-1","max-image-preview":"max-image-preview:large","max-video-preview":"max-video-preview:-1"},"canonical":"https:\/\/collectin.eu\/en\/product\/lego-75375-millennium-falcon\/","og_locale":"en_US","og_type":"article","og_title":"LEGO\u00ae 75375 Millennium Falcon - Collectin.eu","og_description":"Klasikin\u0117 \u017dvaig\u017ed\u017ei\u0173 kar\u0173\u2122 saga atgyja j\u016bs\u0173 svetain\u0117je su \u0161iuo kolekciniu LEGO\u00ae Star Wars T\u016bkstantme\u010dio sakalo konstruojamu ir eksponuojamu erdv\u0117laivio modeliu (75375).","og_url":"https:\/\/collectin.eu\/en\/product\/lego-75375-millennium-falcon\/","og_site_name":"Collectin.eu","article_modified_time":"2026-04-08T10:23:11+00:00","og_image":[{"width":1080,"height":1080,"url":"http:\/\/collectin.eu\/wp-content\/uploads\/2026\/02\/Untitled-design-2026-02-20T124225.487.png","type":"image\/png"}],"twitter_card":"summary_large_image","twitter_misc":{"Est. reading time":"1 minute"},"schema":{"@context":"https:\/\/schema.org","@graph":[{"@type":"WebPage","@id":"https:\/\/collectin.eu\/produktas\/lego-75375-millennium-falcon\/","url":"https:\/\/collectin.eu\/produktas\/lego-75375-millennium-falcon\/","name":"LEGO\u00ae 75375 Millennium Falcon - Collectin.eu","isPartOf":{"@id":"https:\/\/collectin.eu\/#website"},"primaryImageOfPage":{"@id":"https:\/\/collectin.eu\/produktas\/lego-75375-millennium-falcon\/#primaryimage"},"image":{"@id":"https:\/\/collectin.eu\/produktas\/lego-75375-millennium-falcon\/#primaryimage"},"thumbnailUrl":"https:\/\/collectin.eu\/wp-content\/uploads\/2026\/02\/Untitled-design-2026-02-20T124225.487.png","datePublished":"2026-02-20T10:45:14+00:00","dateModified":"2026-04-08T10:23:11+00:00","description":"Klasikin\u0117 \u017dvaig\u017ed\u017ei\u0173 kar\u0173\u2122 saga atgyja j\u016bs\u0173 svetain\u0117je su \u0161iuo kolekciniu LEGO\u00ae Star Wars T\u016bkstantme\u010dio sakalo konstruojamu ir eksponuojamu erdv\u0117laivio modeliu (75375).","breadcrumb":{"@id":"https:\/\/collectin.eu\/produktas\/lego-75375-millennium-falcon\/#breadcrumb"},"inLanguage":"en-US","potentialAction":[{"@type":"ReadAction","target":["https:\/\/collectin.eu\/produktas\/lego-75375-millennium-falcon\/"]}]},{"@type":"ImageObject","inLanguage":"en-US","@id":"https:\/\/collectin.eu\/produktas\/lego-75375-millennium-falcon\/#primaryimage","url":"https:\/\/collectin.eu\/wp-content\/uploads\/2026\/02\/Untitled-design-2026-02-20T124225.487.png","contentUrl":"https:\/\/collectin.eu\/wp-content\/uploads\/2026\/02\/Untitled-design-2026-02-20T124225.487.png","width":1080,"height":1080},{"@type":"BreadcrumbList","@id":"https:\/\/collectin.eu\/produktas\/lego-75375-millennium-falcon\/#breadcrumb","itemListElement":[{"@type":"ListItem","position":1,"name":"Home","item":"https:\/\/collectin.eu\/"},{"@type":"ListItem","position":2,"name":"Parduotuv\u0117","item":"https:\/\/collectin.eu\/parduotuve\/"},{"@type":"ListItem","position":3,"name":"LEGO\u00ae 75375 Millennium Falcon"}]},{"@type":"WebSite","@id":"https:\/\/collectin.eu\/#website","url":"https:\/\/collectin.eu\/","name":"Collectin.eu","description":"","potentialAction":[{"@type":"SearchAction","target":{"@type":"EntryPoint","urlTemplate":"https:\/\/collectin.eu\/?s={search_term_string}"},"query-input":{"@type":"PropertyValueSpecification","valueRequired":true,"valueName":"search_term_string"}}],"inLanguage":"en-US"}]}},"jetpack_sharing_enabled":true,"_links":{"self":[{"href":"https:\/\/collectin.eu\/en\/wp-json\/wp\/v2\/product\/39702","targetHints":{"allow":["GET"]}}],"collection":[{"href":"https:\/\/collectin.eu\/en\/wp-json\/wp\/v2\/product"}],"about":[{"href":"https:\/\/collectin.eu\/en\/wp-json\/wp\/v2\/types\/product"}],"replies":[{"embeddable":true,"href":"https:\/\/collectin.eu\/en\/wp-json\/wp\/v2\/comments?post=39702"}],"version-history":[{"count":2,"href":"https:\/\/collectin.eu\/en\/wp-json\/wp\/v2\/product\/39702\/revisions"}],"predecessor-version":[{"id":40418,"href":"https:\/\/collectin.eu\/en\/wp-json\/wp\/v2\/product\/39702\/revisions\/40418"}],"wp:featuredmedia":[{"embeddable":true,"href":"https:\/\/collectin.eu\/en\/wp-json\/wp\/v2\/media\/39703"}],"wp:attachment":[{"href":"https:\/\/collectin.eu\/en\/wp-json\/wp\/v2\/media?parent=39702"}],"wp:term":[{"taxonomy":"product_brand","embeddable":true,"href":"https:\/\/collectin.eu\/en\/wp-json\/wp\/v2\/product_brand?post=39702"},{"taxonomy":"product_cat","embeddable":true,"href":"https:\/\/collectin.eu\/en\/wp-json\/wp\/v2\/product_cat?post=39702"},{"taxonomy":"product_tag","embeddable":true,"href":"https:\/\/collectin.eu\/en\/wp-json\/wp\/v2\/product_tag?post=39702"}],"curies":[{"name":"wp","href":"https:\/\/api.w.org\/{rel}","templated":true}]}}