{"id":39713,"date":"2026-02-22T22:16:11","date_gmt":"2026-02-22T22:16:11","guid":{"rendered":"https:\/\/collectin.eu\/?post_type=product&#038;p=39713"},"modified":"2026-04-08T10:23:10","modified_gmt":"2026-04-08T10:23:10","slug":"lego-75376-tantive-iv","status":"publish","type":"product","link":"https:\/\/collectin.eu\/en\/product\/lego-75376-tantive-iv\/","title":{"rendered":"LEGO\u00ae 75376 Tantive IV\u2122"},"content":{"rendered":"<p>Unikalus LEGO\u00a0<i>Star\u00a0Wars<\/i>\u00a0rinkinys suaugusiesiems Tantive IV si\u016blo malonaus k\u016brybi\u0161ko konstravimo \u012fsp\u016bd\u017ei\u0173, kurie bus dar smagesni su program\u0117le \u201eLEGO Builder\u201c. Joje galima priartinti ir pasukti modelius trimat\u0117je erdv\u0117je, steb\u0117ti pa\u017eang\u0105 ir i\u0161saugoti visus rinkinius vienoje vietoje.<\/p>\n<ul>\n<li>Kolekcinis Tantive IV modelis konstruoti ir eksponuoti \u2013 atkurkite jaudinan\u010di\u0105 \u012f\u017eangin\u0119 filmo \u017dvaig\u017ed\u017ei\u0173 karai: nauja viltis scen\u0105 kurdami vidutinio dyd\u017eio i\u0161 LEGO\u00ae kalad\u0117li\u0173 konstruojam\u0105 kultinio erdv\u0117laivio versij\u0105<\/li>\n<li>Autenti\u0161kai detalizuota \u017dvaig\u017ed\u017ei\u0173 kar\u0173\u2122 transporto priemon\u0117 \u2013 naudodami LEGO\u00ae kalad\u0117les \u012fk\u016bnykite \u012fsp\u016bdingas Tantive IV erdv\u0117laivio, matyto filme \u017dvaig\u017ed\u017ei\u0173 karai: nauja viltis, detales, \u012fskaitant 11 varikli\u0173 ir turbolazerius<\/li>\n<li>Sukurta eksponuoti \u2013 konstruojamas stovas turi vardin\u0119 plok\u0161tel\u0119 bei LEGO\u00ae\u00a0<i>Star\u00a0Wars<\/i>\u2122 25-me\u010dio kalad\u0117l\u0119 ir yra specialiai sukurtas eksponuoti Tantive IV<\/li>\n<li>LEGO\u00ae\u00a0<i>Star\u00a0Wars<\/i>\u2122 erdv\u0117laivi\u0173 kolekcijos dalis \u2013 rinkinys yra kolekcin\u0117s serijos, kuri\u0105 sudaro vidutinio dyd\u017eio konstruojami kultiniai \u017dvaig\u017ed\u017ei\u0173 kar\u0173 erdv\u0117laiviai, dalis<\/li>\n<\/ul>","protected":false},"excerpt":{"rendered":"<p>Unikalus LEGO\u00a0Star\u00a0Wars\u00a0rinkinys suaugusiesiems Tantive IV si\u016blo malonaus k\u016brybi\u0161ko konstravimo \u012fsp\u016bd\u017ei\u0173, kurie bus dar smagesni su program\u0117le \u201eLEGO Builder\u201c. Joje galima<\/p>","protected":false},"featured_media":39714,"comment_status":"open","ping_status":"closed","template":"","meta":[],"product_brand":[423],"product_cat":[677,406,493],"product_tag":[],"class_list":{"0":"post-39713","1":"product","2":"type-product","3":"status-publish","4":"has-post-thumbnail","6":"product_brand-lego","7":"product_cat-lego-konstruktoriai","8":"product_cat-lego","9":"product_cat-lego-star-wars","11":"first","12":"instock","13":"taxable","14":"shipping-taxable","15":"purchasable","16":"product-type-simple"},"yoast_head":"<!-- This site is optimized with the Yoast SEO plugin v25.9 - https:\/\/yoast.com\/wordpress\/plugins\/seo\/ -->\n<title>LEGO\u00ae 75376 Tantive IV\u2122 - Collectin.eu<\/title>\n<meta name=\"description\" content=\"I\u0161 naujo pajuskite jaudul\u012f, kur\u012f i\u0161gyvenote \u017ei\u016br\u0117dami \u012f\u017eangin\u0119 filmo \u017dvaig\u017ed\u017ei\u0173 karai: nauja viltis scen\u0105, su \u0161iuo i\u0161 LEGO\u00ae kalad\u0117li\u0173 konstruojamu Tantive IV erdv\u0117laivio modeliu.\" \/>\n<meta name=\"robots\" content=\"index, follow, max-snippet:-1, max-image-preview:large, max-video-preview:-1\" \/>\n<link rel=\"canonical\" href=\"https:\/\/collectin.eu\/en\/product\/lego-75376-tantive-iv\/\" \/>\n<meta property=\"og:locale\" content=\"en_US\" \/>\n<meta property=\"og:type\" content=\"article\" \/>\n<meta property=\"og:title\" content=\"LEGO\u00ae 75376 Tantive IV\u2122 - Collectin.eu\" \/>\n<meta property=\"og:description\" content=\"I\u0161 naujo pajuskite jaudul\u012f, kur\u012f i\u0161gyvenote \u017ei\u016br\u0117dami \u012f\u017eangin\u0119 filmo \u017dvaig\u017ed\u017ei\u0173 karai: nauja viltis scen\u0105, su \u0161iuo i\u0161 LEGO\u00ae kalad\u0117li\u0173 konstruojamu Tantive IV erdv\u0117laivio modeliu.\" \/>\n<meta property=\"og:url\" content=\"https:\/\/collectin.eu\/en\/product\/lego-75376-tantive-iv\/\" \/>\n<meta property=\"og:site_name\" content=\"Collectin.eu\" \/>\n<meta property=\"article:modified_time\" content=\"2026-04-08T10:23:10+00:00\" \/>\n<meta property=\"og:image\" content=\"http:\/\/collectin.eu\/wp-content\/uploads\/2026\/02\/Untitled-design-2026-02-23T001153.582.png\" \/>\n\t<meta property=\"og:image:width\" content=\"1080\" \/>\n\t<meta property=\"og:image:height\" content=\"1080\" \/>\n\t<meta property=\"og:image:type\" content=\"image\/png\" \/>\n<meta name=\"twitter:card\" content=\"summary_large_image\" \/>\n<meta name=\"twitter:label1\" content=\"Est. reading time\" \/>\n\t<meta name=\"twitter:data1\" content=\"1 minute\" \/>\n<script type=\"application\/ld+json\" class=\"yoast-schema-graph\">{\"@context\":\"https:\/\/schema.org\",\"@graph\":[{\"@type\":\"WebPage\",\"@id\":\"https:\/\/collectin.eu\/produktas\/lego-75376-tantive-iv\/\",\"url\":\"https:\/\/collectin.eu\/produktas\/lego-75376-tantive-iv\/\",\"name\":\"LEGO\u00ae 75376 Tantive IV\u2122 - Collectin.eu\",\"isPartOf\":{\"@id\":\"https:\/\/collectin.eu\/#website\"},\"primaryImageOfPage\":{\"@id\":\"https:\/\/collectin.eu\/produktas\/lego-75376-tantive-iv\/#primaryimage\"},\"image\":{\"@id\":\"https:\/\/collectin.eu\/produktas\/lego-75376-tantive-iv\/#primaryimage\"},\"thumbnailUrl\":\"https:\/\/collectin.eu\/wp-content\/uploads\/2026\/02\/Untitled-design-2026-02-23T001153.582.png\",\"datePublished\":\"2026-02-22T22:16:11+00:00\",\"dateModified\":\"2026-04-08T10:23:10+00:00\",\"description\":\"I\u0161 naujo pajuskite jaudul\u012f, kur\u012f i\u0161gyvenote \u017ei\u016br\u0117dami \u012f\u017eangin\u0119 filmo \u017dvaig\u017ed\u017ei\u0173 karai: nauja viltis scen\u0105, su \u0161iuo i\u0161 LEGO\u00ae kalad\u0117li\u0173 konstruojamu Tantive IV erdv\u0117laivio modeliu.\",\"breadcrumb\":{\"@id\":\"https:\/\/collectin.eu\/produktas\/lego-75376-tantive-iv\/#breadcrumb\"},\"inLanguage\":\"en-US\",\"potentialAction\":[{\"@type\":\"ReadAction\",\"target\":[\"https:\/\/collectin.eu\/produktas\/lego-75376-tantive-iv\/\"]}]},{\"@type\":\"ImageObject\",\"inLanguage\":\"en-US\",\"@id\":\"https:\/\/collectin.eu\/produktas\/lego-75376-tantive-iv\/#primaryimage\",\"url\":\"https:\/\/collectin.eu\/wp-content\/uploads\/2026\/02\/Untitled-design-2026-02-23T001153.582.png\",\"contentUrl\":\"https:\/\/collectin.eu\/wp-content\/uploads\/2026\/02\/Untitled-design-2026-02-23T001153.582.png\",\"width\":1080,\"height\":1080},{\"@type\":\"BreadcrumbList\",\"@id\":\"https:\/\/collectin.eu\/produktas\/lego-75376-tantive-iv\/#breadcrumb\",\"itemListElement\":[{\"@type\":\"ListItem\",\"position\":1,\"name\":\"Home\",\"item\":\"https:\/\/collectin.eu\/\"},{\"@type\":\"ListItem\",\"position\":2,\"name\":\"Parduotuv\u0117\",\"item\":\"https:\/\/collectin.eu\/parduotuve\/\"},{\"@type\":\"ListItem\",\"position\":3,\"name\":\"LEGO\u00ae 75376 Tantive IV\u2122\"}]},{\"@type\":\"WebSite\",\"@id\":\"https:\/\/collectin.eu\/#website\",\"url\":\"https:\/\/collectin.eu\/\",\"name\":\"Collectin.eu\",\"description\":\"\",\"potentialAction\":[{\"@type\":\"SearchAction\",\"target\":{\"@type\":\"EntryPoint\",\"urlTemplate\":\"https:\/\/collectin.eu\/?s={search_term_string}\"},\"query-input\":{\"@type\":\"PropertyValueSpecification\",\"valueRequired\":true,\"valueName\":\"search_term_string\"}}],\"inLanguage\":\"en-US\"}]}<\/script>\n<!-- \/ Yoast SEO plugin. -->","yoast_head_json":{"title":"LEGO\u00ae 75376 Tantive IV\u2122 - Collectin.eu","description":"I\u0161 naujo pajuskite jaudul\u012f, kur\u012f i\u0161gyvenote \u017ei\u016br\u0117dami \u012f\u017eangin\u0119 filmo \u017dvaig\u017ed\u017ei\u0173 karai: nauja viltis scen\u0105, su \u0161iuo i\u0161 LEGO\u00ae kalad\u0117li\u0173 konstruojamu Tantive IV erdv\u0117laivio modeliu.","robots":{"index":"index","follow":"follow","max-snippet":"max-snippet:-1","max-image-preview":"max-image-preview:large","max-video-preview":"max-video-preview:-1"},"canonical":"https:\/\/collectin.eu\/en\/product\/lego-75376-tantive-iv\/","og_locale":"en_US","og_type":"article","og_title":"LEGO\u00ae 75376 Tantive IV\u2122 - Collectin.eu","og_description":"I\u0161 naujo pajuskite jaudul\u012f, kur\u012f i\u0161gyvenote \u017ei\u016br\u0117dami \u012f\u017eangin\u0119 filmo \u017dvaig\u017ed\u017ei\u0173 karai: nauja viltis scen\u0105, su \u0161iuo i\u0161 LEGO\u00ae kalad\u0117li\u0173 konstruojamu Tantive IV erdv\u0117laivio modeliu.","og_url":"https:\/\/collectin.eu\/en\/product\/lego-75376-tantive-iv\/","og_site_name":"Collectin.eu","article_modified_time":"2026-04-08T10:23:10+00:00","og_image":[{"width":1080,"height":1080,"url":"http:\/\/collectin.eu\/wp-content\/uploads\/2026\/02\/Untitled-design-2026-02-23T001153.582.png","type":"image\/png"}],"twitter_card":"summary_large_image","twitter_misc":{"Est. reading time":"1 minute"},"schema":{"@context":"https:\/\/schema.org","@graph":[{"@type":"WebPage","@id":"https:\/\/collectin.eu\/produktas\/lego-75376-tantive-iv\/","url":"https:\/\/collectin.eu\/produktas\/lego-75376-tantive-iv\/","name":"LEGO\u00ae 75376 Tantive IV\u2122 - Collectin.eu","isPartOf":{"@id":"https:\/\/collectin.eu\/#website"},"primaryImageOfPage":{"@id":"https:\/\/collectin.eu\/produktas\/lego-75376-tantive-iv\/#primaryimage"},"image":{"@id":"https:\/\/collectin.eu\/produktas\/lego-75376-tantive-iv\/#primaryimage"},"thumbnailUrl":"https:\/\/collectin.eu\/wp-content\/uploads\/2026\/02\/Untitled-design-2026-02-23T001153.582.png","datePublished":"2026-02-22T22:16:11+00:00","dateModified":"2026-04-08T10:23:10+00:00","description":"I\u0161 naujo pajuskite jaudul\u012f, kur\u012f i\u0161gyvenote \u017ei\u016br\u0117dami \u012f\u017eangin\u0119 filmo \u017dvaig\u017ed\u017ei\u0173 karai: nauja viltis scen\u0105, su \u0161iuo i\u0161 LEGO\u00ae kalad\u0117li\u0173 konstruojamu Tantive IV erdv\u0117laivio modeliu.","breadcrumb":{"@id":"https:\/\/collectin.eu\/produktas\/lego-75376-tantive-iv\/#breadcrumb"},"inLanguage":"en-US","potentialAction":[{"@type":"ReadAction","target":["https:\/\/collectin.eu\/produktas\/lego-75376-tantive-iv\/"]}]},{"@type":"ImageObject","inLanguage":"en-US","@id":"https:\/\/collectin.eu\/produktas\/lego-75376-tantive-iv\/#primaryimage","url":"https:\/\/collectin.eu\/wp-content\/uploads\/2026\/02\/Untitled-design-2026-02-23T001153.582.png","contentUrl":"https:\/\/collectin.eu\/wp-content\/uploads\/2026\/02\/Untitled-design-2026-02-23T001153.582.png","width":1080,"height":1080},{"@type":"BreadcrumbList","@id":"https:\/\/collectin.eu\/produktas\/lego-75376-tantive-iv\/#breadcrumb","itemListElement":[{"@type":"ListItem","position":1,"name":"Home","item":"https:\/\/collectin.eu\/"},{"@type":"ListItem","position":2,"name":"Parduotuv\u0117","item":"https:\/\/collectin.eu\/parduotuve\/"},{"@type":"ListItem","position":3,"name":"LEGO\u00ae 75376 Tantive IV\u2122"}]},{"@type":"WebSite","@id":"https:\/\/collectin.eu\/#website","url":"https:\/\/collectin.eu\/","name":"Collectin.eu","description":"","potentialAction":[{"@type":"SearchAction","target":{"@type":"EntryPoint","urlTemplate":"https:\/\/collectin.eu\/?s={search_term_string}"},"query-input":{"@type":"PropertyValueSpecification","valueRequired":true,"valueName":"search_term_string"}}],"inLanguage":"en-US"}]}},"jetpack_sharing_enabled":true,"_links":{"self":[{"href":"https:\/\/collectin.eu\/en\/wp-json\/wp\/v2\/product\/39713","targetHints":{"allow":["GET"]}}],"collection":[{"href":"https:\/\/collectin.eu\/en\/wp-json\/wp\/v2\/product"}],"about":[{"href":"https:\/\/collectin.eu\/en\/wp-json\/wp\/v2\/types\/product"}],"replies":[{"embeddable":true,"href":"https:\/\/collectin.eu\/en\/wp-json\/wp\/v2\/comments?post=39713"}],"version-history":[{"count":3,"href":"https:\/\/collectin.eu\/en\/wp-json\/wp\/v2\/product\/39713\/revisions"}],"predecessor-version":[{"id":40416,"href":"https:\/\/collectin.eu\/en\/wp-json\/wp\/v2\/product\/39713\/revisions\/40416"}],"wp:featuredmedia":[{"embeddable":true,"href":"https:\/\/collectin.eu\/en\/wp-json\/wp\/v2\/media\/39714"}],"wp:attachment":[{"href":"https:\/\/collectin.eu\/en\/wp-json\/wp\/v2\/media?parent=39713"}],"wp:term":[{"taxonomy":"product_brand","embeddable":true,"href":"https:\/\/collectin.eu\/en\/wp-json\/wp\/v2\/product_brand?post=39713"},{"taxonomy":"product_cat","embeddable":true,"href":"https:\/\/collectin.eu\/en\/wp-json\/wp\/v2\/product_cat?post=39713"},{"taxonomy":"product_tag","embeddable":true,"href":"https:\/\/collectin.eu\/en\/wp-json\/wp\/v2\/product_tag?post=39713"}],"curies":[{"name":"wp","href":"https:\/\/api.w.org\/{rel}","templated":true}]}}