{"id":39719,"date":"2026-02-22T22:22:42","date_gmt":"2026-02-22T22:22:42","guid":{"rendered":"https:\/\/collectin.eu\/?post_type=product&#038;p=39719"},"modified":"2026-04-08T10:23:10","modified_gmt":"2026-04-08T10:23:10","slug":"lego-75333-obi-wan-kenobis-jedi-starfighter","status":"publish","type":"product","link":"https:\/\/collectin.eu\/en\/product\/lego-75333-obi-wan-kenobis-jedi-starfighter\/","title":{"rendered":"LEGO\u00ae 75333 Obi-Wan Kenobi&#8217;s Jedi Starfighter"},"content":{"rendered":"<p>LEGO Group kuria legendinius erdv\u0117laivius, transporto priemones, vietoves ir persona\u017eus i\u0161 \u201e\u017dvaig\u017ed\u017ei\u0173 kar\u0173\u201c visatos nuo 1999 met\u0173. Platus asortimentas nustebins vis\u0173 am\u017ei\u0173 gerb\u0117jus.<\/p>\n<ul>\n<li>Konstruojamas Obi-Wan Kenobi d\u017eedaj\u0173 erdv\u0117laivio (75333) modelis. Gerb\u0117jai gali atkurti filmo \u201e\u017dvaig\u017ed\u017ei\u0173 karai: klon\u0173 puolimas\u201c scenas konstruodami ir \u017eaisdami su \u0161iuo LEGO\u00ae\u00a0<i>Star\u00a0Wars<\/i>\u2122 erdv\u0117laiviu.<\/li>\n<li>2 LEGO\u00ae minifig\u016br\u0117l\u0117s.Obi-Wan Kenobi su \u0161viesos kardu ir, pirm\u0105 kart\u0105 LEGO istorijoje, Taun We bei R4-P17 astromechaninio droido LEGO fig\u016br\u0117l\u0117.<\/li>\n<li>Sukurtas \u012fkv\u0117pti \u017eaisti. Erdv\u0117laivis turi atidarom\u0105 kabin\u0105 minifig\u016br\u0117lei, 2 smaig\u0173 \u0161audykles, \u012ftraukiam\u0105 va\u017eiuokl\u0119, \u0161viesos kardo fiksatorius ir tvirtinimo ta\u0161k\u0105 ant sparno R4-P17 galvai.<\/li>\n<li>Dovanos id\u0117ja gerb\u0117jams nuo 7 met\u0173. Padovanokite \u0161\u012f 282 dali\u0173 konstruktori\u0173 gimtadienio arba \u0161vent\u0117s proga filmo \u201e\u017dvaig\u017ed\u017ei\u0173 karai: klon\u0173 puolimas\u201c gerb\u0117jams ir LEGO\u00ae\u00a0<i>Star\u00a0Wars<\/i>\u2122 kolekcionieriams.<\/li>\n<\/ul>","protected":false},"excerpt":{"rendered":"<p>LEGO Group kuria legendinius erdv\u0117laivius, transporto priemones, vietoves ir persona\u017eus i\u0161 \u201e\u017dvaig\u017ed\u017ei\u0173 kar\u0173\u201c visatos nuo 1999 met\u0173. Platus asortimentas nustebins<\/p>","protected":false},"featured_media":39720,"comment_status":"open","ping_status":"closed","template":"","meta":[],"product_brand":[423],"product_cat":[677,406,493],"product_tag":[],"class_list":{"0":"post-39719","1":"product","2":"type-product","3":"status-publish","4":"has-post-thumbnail","6":"product_brand-lego","7":"product_cat-lego-konstruktoriai","8":"product_cat-lego","9":"product_cat-lego-star-wars","11":"first","12":"instock","13":"taxable","14":"shipping-taxable","15":"purchasable","16":"product-type-simple"},"yoast_head":"<!-- This site is optimized with the Yoast SEO plugin v25.9 - https:\/\/yoast.com\/wordpress\/plugins\/seo\/ -->\n<title>LEGO\u00ae 75333 Obi-Wan Kenobi&#039;s Jedi Starfighter - Collectin.eu<\/title>\n<meta name=\"description\" content=\"Filmo \u201e\u017dvaig\u017ed\u017ei\u0173 karai: klon\u0173 puolimas\u201c gerb\u0117jai gali pasitelkti Gali\u0105 konstruodami \u0161\u012f Obi-Wan Kenobi d\u017eedaj\u0173 erdv\u0117laivio (75333) model\u012f i\u0161 LEGO\u00ae kalad\u0117li\u0173.\" \/>\n<meta name=\"robots\" content=\"index, follow, max-snippet:-1, max-image-preview:large, max-video-preview:-1\" \/>\n<link rel=\"canonical\" href=\"https:\/\/collectin.eu\/en\/product\/lego-75333-obi-wan-kenobis-jedi-starfighter\/\" \/>\n<meta property=\"og:locale\" content=\"en_US\" \/>\n<meta property=\"og:type\" content=\"article\" \/>\n<meta property=\"og:title\" content=\"LEGO\u00ae 75333 Obi-Wan Kenobi&#039;s Jedi Starfighter - Collectin.eu\" \/>\n<meta property=\"og:description\" content=\"Filmo \u201e\u017dvaig\u017ed\u017ei\u0173 karai: klon\u0173 puolimas\u201c gerb\u0117jai gali pasitelkti Gali\u0105 konstruodami \u0161\u012f Obi-Wan Kenobi d\u017eedaj\u0173 erdv\u0117laivio (75333) model\u012f i\u0161 LEGO\u00ae kalad\u0117li\u0173.\" \/>\n<meta property=\"og:url\" content=\"https:\/\/collectin.eu\/en\/product\/lego-75333-obi-wan-kenobis-jedi-starfighter\/\" \/>\n<meta property=\"og:site_name\" content=\"Collectin.eu\" \/>\n<meta property=\"article:modified_time\" content=\"2026-04-08T10:23:10+00:00\" \/>\n<meta property=\"og:image\" content=\"http:\/\/collectin.eu\/wp-content\/uploads\/2026\/02\/Untitled-design-2026-02-23T001808.160.png\" \/>\n\t<meta property=\"og:image:width\" content=\"1080\" \/>\n\t<meta property=\"og:image:height\" content=\"1080\" \/>\n\t<meta property=\"og:image:type\" content=\"image\/png\" \/>\n<meta name=\"twitter:card\" content=\"summary_large_image\" \/>\n<meta name=\"twitter:label1\" content=\"Est. reading time\" \/>\n\t<meta name=\"twitter:data1\" content=\"1 minute\" \/>\n<script type=\"application\/ld+json\" class=\"yoast-schema-graph\">{\"@context\":\"https:\/\/schema.org\",\"@graph\":[{\"@type\":\"WebPage\",\"@id\":\"https:\/\/collectin.eu\/produktas\/lego-75333-obi-wan-kenobis-jedi-starfighter\/\",\"url\":\"https:\/\/collectin.eu\/produktas\/lego-75333-obi-wan-kenobis-jedi-starfighter\/\",\"name\":\"LEGO\u00ae 75333 Obi-Wan Kenobi's Jedi Starfighter - Collectin.eu\",\"isPartOf\":{\"@id\":\"https:\/\/collectin.eu\/#website\"},\"primaryImageOfPage\":{\"@id\":\"https:\/\/collectin.eu\/produktas\/lego-75333-obi-wan-kenobis-jedi-starfighter\/#primaryimage\"},\"image\":{\"@id\":\"https:\/\/collectin.eu\/produktas\/lego-75333-obi-wan-kenobis-jedi-starfighter\/#primaryimage\"},\"thumbnailUrl\":\"https:\/\/collectin.eu\/wp-content\/uploads\/2026\/02\/Untitled-design-2026-02-23T001808.160.png\",\"datePublished\":\"2026-02-22T22:22:42+00:00\",\"dateModified\":\"2026-04-08T10:23:10+00:00\",\"description\":\"Filmo \u201e\u017dvaig\u017ed\u017ei\u0173 karai: klon\u0173 puolimas\u201c gerb\u0117jai gali pasitelkti Gali\u0105 konstruodami \u0161\u012f Obi-Wan Kenobi d\u017eedaj\u0173 erdv\u0117laivio (75333) model\u012f i\u0161 LEGO\u00ae kalad\u0117li\u0173.\",\"breadcrumb\":{\"@id\":\"https:\/\/collectin.eu\/produktas\/lego-75333-obi-wan-kenobis-jedi-starfighter\/#breadcrumb\"},\"inLanguage\":\"en-US\",\"potentialAction\":[{\"@type\":\"ReadAction\",\"target\":[\"https:\/\/collectin.eu\/produktas\/lego-75333-obi-wan-kenobis-jedi-starfighter\/\"]}]},{\"@type\":\"ImageObject\",\"inLanguage\":\"en-US\",\"@id\":\"https:\/\/collectin.eu\/produktas\/lego-75333-obi-wan-kenobis-jedi-starfighter\/#primaryimage\",\"url\":\"https:\/\/collectin.eu\/wp-content\/uploads\/2026\/02\/Untitled-design-2026-02-23T001808.160.png\",\"contentUrl\":\"https:\/\/collectin.eu\/wp-content\/uploads\/2026\/02\/Untitled-design-2026-02-23T001808.160.png\",\"width\":1080,\"height\":1080},{\"@type\":\"BreadcrumbList\",\"@id\":\"https:\/\/collectin.eu\/produktas\/lego-75333-obi-wan-kenobis-jedi-starfighter\/#breadcrumb\",\"itemListElement\":[{\"@type\":\"ListItem\",\"position\":1,\"name\":\"Home\",\"item\":\"https:\/\/collectin.eu\/\"},{\"@type\":\"ListItem\",\"position\":2,\"name\":\"Parduotuv\u0117\",\"item\":\"https:\/\/collectin.eu\/parduotuve\/\"},{\"@type\":\"ListItem\",\"position\":3,\"name\":\"LEGO\u00ae 75333 Obi-Wan Kenobi&#8217;s Jedi Starfighter\"}]},{\"@type\":\"WebSite\",\"@id\":\"https:\/\/collectin.eu\/#website\",\"url\":\"https:\/\/collectin.eu\/\",\"name\":\"Collectin.eu\",\"description\":\"\",\"potentialAction\":[{\"@type\":\"SearchAction\",\"target\":{\"@type\":\"EntryPoint\",\"urlTemplate\":\"https:\/\/collectin.eu\/?s={search_term_string}\"},\"query-input\":{\"@type\":\"PropertyValueSpecification\",\"valueRequired\":true,\"valueName\":\"search_term_string\"}}],\"inLanguage\":\"en-US\"}]}<\/script>\n<!-- \/ Yoast SEO plugin. -->","yoast_head_json":{"title":"LEGO\u00ae 75333 Obi-Wan Kenobi's Jedi Starfighter - Collectin.eu","description":"Filmo \u201e\u017dvaig\u017ed\u017ei\u0173 karai: klon\u0173 puolimas\u201c gerb\u0117jai gali pasitelkti Gali\u0105 konstruodami \u0161\u012f Obi-Wan Kenobi d\u017eedaj\u0173 erdv\u0117laivio (75333) model\u012f i\u0161 LEGO\u00ae kalad\u0117li\u0173.","robots":{"index":"index","follow":"follow","max-snippet":"max-snippet:-1","max-image-preview":"max-image-preview:large","max-video-preview":"max-video-preview:-1"},"canonical":"https:\/\/collectin.eu\/en\/product\/lego-75333-obi-wan-kenobis-jedi-starfighter\/","og_locale":"en_US","og_type":"article","og_title":"LEGO\u00ae 75333 Obi-Wan Kenobi's Jedi Starfighter - Collectin.eu","og_description":"Filmo \u201e\u017dvaig\u017ed\u017ei\u0173 karai: klon\u0173 puolimas\u201c gerb\u0117jai gali pasitelkti Gali\u0105 konstruodami \u0161\u012f Obi-Wan Kenobi d\u017eedaj\u0173 erdv\u0117laivio (75333) model\u012f i\u0161 LEGO\u00ae kalad\u0117li\u0173.","og_url":"https:\/\/collectin.eu\/en\/product\/lego-75333-obi-wan-kenobis-jedi-starfighter\/","og_site_name":"Collectin.eu","article_modified_time":"2026-04-08T10:23:10+00:00","og_image":[{"width":1080,"height":1080,"url":"http:\/\/collectin.eu\/wp-content\/uploads\/2026\/02\/Untitled-design-2026-02-23T001808.160.png","type":"image\/png"}],"twitter_card":"summary_large_image","twitter_misc":{"Est. reading time":"1 minute"},"schema":{"@context":"https:\/\/schema.org","@graph":[{"@type":"WebPage","@id":"https:\/\/collectin.eu\/produktas\/lego-75333-obi-wan-kenobis-jedi-starfighter\/","url":"https:\/\/collectin.eu\/produktas\/lego-75333-obi-wan-kenobis-jedi-starfighter\/","name":"LEGO\u00ae 75333 Obi-Wan Kenobi's Jedi Starfighter - Collectin.eu","isPartOf":{"@id":"https:\/\/collectin.eu\/#website"},"primaryImageOfPage":{"@id":"https:\/\/collectin.eu\/produktas\/lego-75333-obi-wan-kenobis-jedi-starfighter\/#primaryimage"},"image":{"@id":"https:\/\/collectin.eu\/produktas\/lego-75333-obi-wan-kenobis-jedi-starfighter\/#primaryimage"},"thumbnailUrl":"https:\/\/collectin.eu\/wp-content\/uploads\/2026\/02\/Untitled-design-2026-02-23T001808.160.png","datePublished":"2026-02-22T22:22:42+00:00","dateModified":"2026-04-08T10:23:10+00:00","description":"Filmo \u201e\u017dvaig\u017ed\u017ei\u0173 karai: klon\u0173 puolimas\u201c gerb\u0117jai gali pasitelkti Gali\u0105 konstruodami \u0161\u012f Obi-Wan Kenobi d\u017eedaj\u0173 erdv\u0117laivio (75333) model\u012f i\u0161 LEGO\u00ae kalad\u0117li\u0173.","breadcrumb":{"@id":"https:\/\/collectin.eu\/produktas\/lego-75333-obi-wan-kenobis-jedi-starfighter\/#breadcrumb"},"inLanguage":"en-US","potentialAction":[{"@type":"ReadAction","target":["https:\/\/collectin.eu\/produktas\/lego-75333-obi-wan-kenobis-jedi-starfighter\/"]}]},{"@type":"ImageObject","inLanguage":"en-US","@id":"https:\/\/collectin.eu\/produktas\/lego-75333-obi-wan-kenobis-jedi-starfighter\/#primaryimage","url":"https:\/\/collectin.eu\/wp-content\/uploads\/2026\/02\/Untitled-design-2026-02-23T001808.160.png","contentUrl":"https:\/\/collectin.eu\/wp-content\/uploads\/2026\/02\/Untitled-design-2026-02-23T001808.160.png","width":1080,"height":1080},{"@type":"BreadcrumbList","@id":"https:\/\/collectin.eu\/produktas\/lego-75333-obi-wan-kenobis-jedi-starfighter\/#breadcrumb","itemListElement":[{"@type":"ListItem","position":1,"name":"Home","item":"https:\/\/collectin.eu\/"},{"@type":"ListItem","position":2,"name":"Parduotuv\u0117","item":"https:\/\/collectin.eu\/parduotuve\/"},{"@type":"ListItem","position":3,"name":"LEGO\u00ae 75333 Obi-Wan Kenobi&#8217;s Jedi Starfighter"}]},{"@type":"WebSite","@id":"https:\/\/collectin.eu\/#website","url":"https:\/\/collectin.eu\/","name":"Collectin.eu","description":"","potentialAction":[{"@type":"SearchAction","target":{"@type":"EntryPoint","urlTemplate":"https:\/\/collectin.eu\/?s={search_term_string}"},"query-input":{"@type":"PropertyValueSpecification","valueRequired":true,"valueName":"search_term_string"}}],"inLanguage":"en-US"}]}},"jetpack_sharing_enabled":true,"_links":{"self":[{"href":"https:\/\/collectin.eu\/en\/wp-json\/wp\/v2\/product\/39719","targetHints":{"allow":["GET"]}}],"collection":[{"href":"https:\/\/collectin.eu\/en\/wp-json\/wp\/v2\/product"}],"about":[{"href":"https:\/\/collectin.eu\/en\/wp-json\/wp\/v2\/types\/product"}],"replies":[{"embeddable":true,"href":"https:\/\/collectin.eu\/en\/wp-json\/wp\/v2\/comments?post=39719"}],"version-history":[{"count":3,"href":"https:\/\/collectin.eu\/en\/wp-json\/wp\/v2\/product\/39719\/revisions"}],"predecessor-version":[{"id":40444,"href":"https:\/\/collectin.eu\/en\/wp-json\/wp\/v2\/product\/39719\/revisions\/40444"}],"wp:featuredmedia":[{"embeddable":true,"href":"https:\/\/collectin.eu\/en\/wp-json\/wp\/v2\/media\/39720"}],"wp:attachment":[{"href":"https:\/\/collectin.eu\/en\/wp-json\/wp\/v2\/media?parent=39719"}],"wp:term":[{"taxonomy":"product_brand","embeddable":true,"href":"https:\/\/collectin.eu\/en\/wp-json\/wp\/v2\/product_brand?post=39719"},{"taxonomy":"product_cat","embeddable":true,"href":"https:\/\/collectin.eu\/en\/wp-json\/wp\/v2\/product_cat?post=39719"},{"taxonomy":"product_tag","embeddable":true,"href":"https:\/\/collectin.eu\/en\/wp-json\/wp\/v2\/product_tag?post=39719"}],"curies":[{"name":"wp","href":"https:\/\/api.w.org\/{rel}","templated":true}]}}