{"id":39725,"date":"2026-02-22T22:27:48","date_gmt":"2026-02-22T22:27:48","guid":{"rendered":"https:\/\/collectin.eu\/?post_type=product&#038;p=39725"},"modified":"2026-04-08T10:23:10","modified_gmt":"2026-04-08T10:23:10","slug":"lego-40658-millennium-falcon-holiday-diorama","status":"publish","type":"product","link":"https:\/\/collectin.eu\/en\/product\/lego-40658-millennium-falcon-holiday-diorama\/","title":{"rendered":"LEGO\u00ae 40658 Millennium Falcon Holiday Diorama"},"content":{"rendered":"<p>Konstruokite, \u017eaiskite ir keiskite Rinkinyje yra 5 LEGO\u00a0<i>Star\u00a0Wars<\/i>\u2122persona\u017eai, \u012fskaitant 2023 m. spalio m\u0117nesio R\u0117jos ir Fino minifig\u016br\u0117les, vilkin\u010dias \u0161ventiniais megztiniais, taip pat R\u0117jos d\u017eedaj\u0173 knyga, atkursianti filmo scen\u0105. Kad k\u016brybinis \u017eaidimas nesibaigt\u0173, prid\u0117kite 2023 met\u0173 LEGO\u00a0<i>Star\u00a0Wars<\/i>\u00a0advento kalendoriaus (75366) statinius ir persona\u017eus. Ribotas leidimas Atkreipkite d\u0117mes\u012f: \u0161\u012f populiar\u0173 LEGO\u00a0<i>Star\u00a0Wars<\/i>\u00a0konstravimo rinkin\u012f galima \u012fsigyti tik 2023 m. spalio\u2013gruod\u017eio m\u0117nesiais.<\/p>\n<ul>\n<li>Sukurkite \u0161ventin\u0119 dvasi\u0105 \u2013 su \u0161ia i\u0161 kalad\u0117li\u0173 konstruojama Millennium Falcon \u0161ventine diorama (40658) vaikai gali atkurti kal\u0117din\u012f susitikimo vakar\u0117l\u012f i\u0161 filmo LEGO\u00ae \u017dvaig\u017ed\u017ei\u0173 karai: \u0161ventinis pasi\u016blymas<\/li>\n<li>5 LEGO\u00ae\u00a0<i>Star\u00a0Wars<\/i>\u2122 persona\u017eai \u2013 R\u0117jos ir Fino LEGO minifig\u016br\u0117l\u0117s su \u0161ventine apranga ir \u0161viesos kardais, taip pat \u010ciubakos LEGO minifig\u016br\u0117l\u0117, BB-8 LEGO droido fig\u016br\u0117l\u0117 ir porgo LEGO fig\u016br\u0117l\u0117<\/li>\n<li>Autenti\u0161kos detal\u0117s \u2013 konstruojama poilsio erdv\u0117 su stalu, miegamieji, kal\u0117din\u0117 eglut\u0117 ir R\u0117jos d\u017eedaj\u0173 knyga bei kiti smag\u016bs elementai \u2013 spalvot\u0173 lempu\u010di\u0173 girlianda, amalas, kalakutas ir morka<\/li>\n<li>Ribotas tira\u017eas \u2013 kolekcin\u012f LEGO\u00ae\u00a0<i>Star\u00a0Wars<\/i>\u2122 konstravimo rinkin\u012f galima \u012fsigyti tik 2023 m. spalio\u2013gruod\u017eio m\u0117nesiais<\/li>\n<li>Dovana vaikams nuo 8 met\u0173 \u2013 padovanokite \u0161\u012f 282 dali\u0173 konstravimo rinkin\u012f kal\u0117dini\u0173 \u0161ven\u010di\u0173 proga \u017dvaig\u017ed\u017ei\u0173 kar\u0173 gerb\u0117jams ir LEGO\u00ae\u00a0<i>Star\u00a0Wars<\/i>\u00a0dioram\u0173 kolekcininkams<\/li>\n<\/ul>","protected":false},"excerpt":{"rendered":"<p>Konstruokite, \u017eaiskite ir keiskite Rinkinyje yra 5 LEGO\u00a0Star\u00a0Wars\u2122persona\u017eai, \u012fskaitant 2023 m. spalio m\u0117nesio R\u0117jos ir Fino minifig\u016br\u0117les, vilkin\u010dias \u0161ventiniais megztiniais,<\/p>","protected":false},"featured_media":39726,"comment_status":"open","ping_status":"closed","template":"","meta":[],"product_brand":[423],"product_cat":[677,406,493],"product_tag":[],"class_list":{"0":"post-39725","1":"product","2":"type-product","3":"status-publish","4":"has-post-thumbnail","6":"product_brand-lego","7":"product_cat-lego-konstruktoriai","8":"product_cat-lego","9":"product_cat-lego-star-wars","11":"first","12":"instock","13":"taxable","14":"shipping-taxable","15":"purchasable","16":"product-type-simple"},"yoast_head":"<!-- This site is optimized with the Yoast SEO plugin v25.9 - https:\/\/yoast.com\/wordpress\/plugins\/seo\/ -->\n<title>LEGO\u00ae 40658 Millennium Falcon Holiday Diorama - Collectin.eu<\/title>\n<meta name=\"description\" content=\"Leiskite jauniesiems gerb\u0117jams dar kart\u0105 i\u0161vysti kal\u0117din\u012f vakar\u0117l\u012f i\u0161 filmo LEGO\u00ae \u017dvaig\u017ed\u017ei\u0173 karai: \u0161ventinis pasi\u016blymas su \u0161ia T\u016bkstantme\u010dio sakalo \u0161ventine diorama.\" \/>\n<meta name=\"robots\" content=\"index, follow, max-snippet:-1, max-image-preview:large, max-video-preview:-1\" \/>\n<link rel=\"canonical\" href=\"https:\/\/collectin.eu\/en\/product\/lego-40658-millennium-falcon-holiday-diorama\/\" \/>\n<meta property=\"og:locale\" content=\"en_US\" \/>\n<meta property=\"og:type\" content=\"article\" \/>\n<meta property=\"og:title\" content=\"LEGO\u00ae 40658 Millennium Falcon Holiday Diorama - Collectin.eu\" \/>\n<meta property=\"og:description\" content=\"Leiskite jauniesiems gerb\u0117jams dar kart\u0105 i\u0161vysti kal\u0117din\u012f vakar\u0117l\u012f i\u0161 filmo LEGO\u00ae \u017dvaig\u017ed\u017ei\u0173 karai: \u0161ventinis pasi\u016blymas su \u0161ia T\u016bkstantme\u010dio sakalo \u0161ventine diorama.\" \/>\n<meta property=\"og:url\" content=\"https:\/\/collectin.eu\/en\/product\/lego-40658-millennium-falcon-holiday-diorama\/\" \/>\n<meta property=\"og:site_name\" content=\"Collectin.eu\" \/>\n<meta property=\"article:modified_time\" content=\"2026-04-08T10:23:10+00:00\" \/>\n<meta property=\"og:image\" content=\"http:\/\/collectin.eu\/wp-content\/uploads\/2026\/02\/Untitled-design-2026-02-23T002424.736.png\" \/>\n\t<meta property=\"og:image:width\" content=\"1080\" \/>\n\t<meta property=\"og:image:height\" content=\"1080\" \/>\n\t<meta property=\"og:image:type\" content=\"image\/png\" \/>\n<meta name=\"twitter:card\" content=\"summary_large_image\" \/>\n<meta name=\"twitter:label1\" content=\"Est. reading time\" \/>\n\t<meta name=\"twitter:data1\" content=\"2 minutes\" \/>\n<script type=\"application\/ld+json\" class=\"yoast-schema-graph\">{\"@context\":\"https:\/\/schema.org\",\"@graph\":[{\"@type\":\"WebPage\",\"@id\":\"https:\/\/collectin.eu\/produktas\/lego-40658-millennium-falcon-holiday-diorama\/\",\"url\":\"https:\/\/collectin.eu\/produktas\/lego-40658-millennium-falcon-holiday-diorama\/\",\"name\":\"LEGO\u00ae 40658 Millennium Falcon Holiday Diorama - Collectin.eu\",\"isPartOf\":{\"@id\":\"https:\/\/collectin.eu\/#website\"},\"primaryImageOfPage\":{\"@id\":\"https:\/\/collectin.eu\/produktas\/lego-40658-millennium-falcon-holiday-diorama\/#primaryimage\"},\"image\":{\"@id\":\"https:\/\/collectin.eu\/produktas\/lego-40658-millennium-falcon-holiday-diorama\/#primaryimage\"},\"thumbnailUrl\":\"https:\/\/collectin.eu\/wp-content\/uploads\/2026\/02\/Untitled-design-2026-02-23T002424.736.png\",\"datePublished\":\"2026-02-22T22:27:48+00:00\",\"dateModified\":\"2026-04-08T10:23:10+00:00\",\"description\":\"Leiskite jauniesiems gerb\u0117jams dar kart\u0105 i\u0161vysti kal\u0117din\u012f vakar\u0117l\u012f i\u0161 filmo LEGO\u00ae \u017dvaig\u017ed\u017ei\u0173 karai: \u0161ventinis pasi\u016blymas su \u0161ia T\u016bkstantme\u010dio sakalo \u0161ventine diorama.\",\"breadcrumb\":{\"@id\":\"https:\/\/collectin.eu\/produktas\/lego-40658-millennium-falcon-holiday-diorama\/#breadcrumb\"},\"inLanguage\":\"en-US\",\"potentialAction\":[{\"@type\":\"ReadAction\",\"target\":[\"https:\/\/collectin.eu\/produktas\/lego-40658-millennium-falcon-holiday-diorama\/\"]}]},{\"@type\":\"ImageObject\",\"inLanguage\":\"en-US\",\"@id\":\"https:\/\/collectin.eu\/produktas\/lego-40658-millennium-falcon-holiday-diorama\/#primaryimage\",\"url\":\"https:\/\/collectin.eu\/wp-content\/uploads\/2026\/02\/Untitled-design-2026-02-23T002424.736.png\",\"contentUrl\":\"https:\/\/collectin.eu\/wp-content\/uploads\/2026\/02\/Untitled-design-2026-02-23T002424.736.png\",\"width\":1080,\"height\":1080},{\"@type\":\"BreadcrumbList\",\"@id\":\"https:\/\/collectin.eu\/produktas\/lego-40658-millennium-falcon-holiday-diorama\/#breadcrumb\",\"itemListElement\":[{\"@type\":\"ListItem\",\"position\":1,\"name\":\"Home\",\"item\":\"https:\/\/collectin.eu\/\"},{\"@type\":\"ListItem\",\"position\":2,\"name\":\"Parduotuv\u0117\",\"item\":\"https:\/\/collectin.eu\/parduotuve\/\"},{\"@type\":\"ListItem\",\"position\":3,\"name\":\"LEGO\u00ae 40658 Millennium Falcon Holiday Diorama\"}]},{\"@type\":\"WebSite\",\"@id\":\"https:\/\/collectin.eu\/#website\",\"url\":\"https:\/\/collectin.eu\/\",\"name\":\"Collectin.eu\",\"description\":\"\",\"potentialAction\":[{\"@type\":\"SearchAction\",\"target\":{\"@type\":\"EntryPoint\",\"urlTemplate\":\"https:\/\/collectin.eu\/?s={search_term_string}\"},\"query-input\":{\"@type\":\"PropertyValueSpecification\",\"valueRequired\":true,\"valueName\":\"search_term_string\"}}],\"inLanguage\":\"en-US\"}]}<\/script>\n<!-- \/ Yoast SEO plugin. -->","yoast_head_json":{"title":"LEGO\u00ae 40658 Millennium Falcon Holiday Diorama - Collectin.eu","description":"Leiskite jauniesiems gerb\u0117jams dar kart\u0105 i\u0161vysti kal\u0117din\u012f vakar\u0117l\u012f i\u0161 filmo LEGO\u00ae \u017dvaig\u017ed\u017ei\u0173 karai: \u0161ventinis pasi\u016blymas su \u0161ia T\u016bkstantme\u010dio sakalo \u0161ventine diorama.","robots":{"index":"index","follow":"follow","max-snippet":"max-snippet:-1","max-image-preview":"max-image-preview:large","max-video-preview":"max-video-preview:-1"},"canonical":"https:\/\/collectin.eu\/en\/product\/lego-40658-millennium-falcon-holiday-diorama\/","og_locale":"en_US","og_type":"article","og_title":"LEGO\u00ae 40658 Millennium Falcon Holiday Diorama - Collectin.eu","og_description":"Leiskite jauniesiems gerb\u0117jams dar kart\u0105 i\u0161vysti kal\u0117din\u012f vakar\u0117l\u012f i\u0161 filmo LEGO\u00ae \u017dvaig\u017ed\u017ei\u0173 karai: \u0161ventinis pasi\u016blymas su \u0161ia T\u016bkstantme\u010dio sakalo \u0161ventine diorama.","og_url":"https:\/\/collectin.eu\/en\/product\/lego-40658-millennium-falcon-holiday-diorama\/","og_site_name":"Collectin.eu","article_modified_time":"2026-04-08T10:23:10+00:00","og_image":[{"width":1080,"height":1080,"url":"http:\/\/collectin.eu\/wp-content\/uploads\/2026\/02\/Untitled-design-2026-02-23T002424.736.png","type":"image\/png"}],"twitter_card":"summary_large_image","twitter_misc":{"Est. reading time":"2 minutes"},"schema":{"@context":"https:\/\/schema.org","@graph":[{"@type":"WebPage","@id":"https:\/\/collectin.eu\/produktas\/lego-40658-millennium-falcon-holiday-diorama\/","url":"https:\/\/collectin.eu\/produktas\/lego-40658-millennium-falcon-holiday-diorama\/","name":"LEGO\u00ae 40658 Millennium Falcon Holiday Diorama - Collectin.eu","isPartOf":{"@id":"https:\/\/collectin.eu\/#website"},"primaryImageOfPage":{"@id":"https:\/\/collectin.eu\/produktas\/lego-40658-millennium-falcon-holiday-diorama\/#primaryimage"},"image":{"@id":"https:\/\/collectin.eu\/produktas\/lego-40658-millennium-falcon-holiday-diorama\/#primaryimage"},"thumbnailUrl":"https:\/\/collectin.eu\/wp-content\/uploads\/2026\/02\/Untitled-design-2026-02-23T002424.736.png","datePublished":"2026-02-22T22:27:48+00:00","dateModified":"2026-04-08T10:23:10+00:00","description":"Leiskite jauniesiems gerb\u0117jams dar kart\u0105 i\u0161vysti kal\u0117din\u012f vakar\u0117l\u012f i\u0161 filmo LEGO\u00ae \u017dvaig\u017ed\u017ei\u0173 karai: \u0161ventinis pasi\u016blymas su \u0161ia T\u016bkstantme\u010dio sakalo \u0161ventine diorama.","breadcrumb":{"@id":"https:\/\/collectin.eu\/produktas\/lego-40658-millennium-falcon-holiday-diorama\/#breadcrumb"},"inLanguage":"en-US","potentialAction":[{"@type":"ReadAction","target":["https:\/\/collectin.eu\/produktas\/lego-40658-millennium-falcon-holiday-diorama\/"]}]},{"@type":"ImageObject","inLanguage":"en-US","@id":"https:\/\/collectin.eu\/produktas\/lego-40658-millennium-falcon-holiday-diorama\/#primaryimage","url":"https:\/\/collectin.eu\/wp-content\/uploads\/2026\/02\/Untitled-design-2026-02-23T002424.736.png","contentUrl":"https:\/\/collectin.eu\/wp-content\/uploads\/2026\/02\/Untitled-design-2026-02-23T002424.736.png","width":1080,"height":1080},{"@type":"BreadcrumbList","@id":"https:\/\/collectin.eu\/produktas\/lego-40658-millennium-falcon-holiday-diorama\/#breadcrumb","itemListElement":[{"@type":"ListItem","position":1,"name":"Home","item":"https:\/\/collectin.eu\/"},{"@type":"ListItem","position":2,"name":"Parduotuv\u0117","item":"https:\/\/collectin.eu\/parduotuve\/"},{"@type":"ListItem","position":3,"name":"LEGO\u00ae 40658 Millennium Falcon Holiday Diorama"}]},{"@type":"WebSite","@id":"https:\/\/collectin.eu\/#website","url":"https:\/\/collectin.eu\/","name":"Collectin.eu","description":"","potentialAction":[{"@type":"SearchAction","target":{"@type":"EntryPoint","urlTemplate":"https:\/\/collectin.eu\/?s={search_term_string}"},"query-input":{"@type":"PropertyValueSpecification","valueRequired":true,"valueName":"search_term_string"}}],"inLanguage":"en-US"}]}},"jetpack_sharing_enabled":true,"_links":{"self":[{"href":"https:\/\/collectin.eu\/en\/wp-json\/wp\/v2\/product\/39725","targetHints":{"allow":["GET"]}}],"collection":[{"href":"https:\/\/collectin.eu\/en\/wp-json\/wp\/v2\/product"}],"about":[{"href":"https:\/\/collectin.eu\/en\/wp-json\/wp\/v2\/types\/product"}],"replies":[{"embeddable":true,"href":"https:\/\/collectin.eu\/en\/wp-json\/wp\/v2\/comments?post=39725"}],"version-history":[{"count":2,"href":"https:\/\/collectin.eu\/en\/wp-json\/wp\/v2\/product\/39725\/revisions"}],"predecessor-version":[{"id":40445,"href":"https:\/\/collectin.eu\/en\/wp-json\/wp\/v2\/product\/39725\/revisions\/40445"}],"wp:featuredmedia":[{"embeddable":true,"href":"https:\/\/collectin.eu\/en\/wp-json\/wp\/v2\/media\/39726"}],"wp:attachment":[{"href":"https:\/\/collectin.eu\/en\/wp-json\/wp\/v2\/media?parent=39725"}],"wp:term":[{"taxonomy":"product_brand","embeddable":true,"href":"https:\/\/collectin.eu\/en\/wp-json\/wp\/v2\/product_brand?post=39725"},{"taxonomy":"product_cat","embeddable":true,"href":"https:\/\/collectin.eu\/en\/wp-json\/wp\/v2\/product_cat?post=39725"},{"taxonomy":"product_tag","embeddable":true,"href":"https:\/\/collectin.eu\/en\/wp-json\/wp\/v2\/product_tag?post=39725"}],"curies":[{"name":"wp","href":"https:\/\/api.w.org\/{rel}","templated":true}]}}