{"id":39732,"date":"2026-02-22T22:32:31","date_gmt":"2026-02-22T22:32:31","guid":{"rendered":"https:\/\/collectin.eu\/?post_type=product&#038;p=39732"},"modified":"2026-04-08T10:23:09","modified_gmt":"2026-04-08T10:23:09","slug":"lego-75322-hoth-at-st","status":"publish","type":"product","link":"https:\/\/collectin.eu\/en\/product\/lego-75322-hoth-at-st\/","title":{"rendered":"LEGO\u00ae 75322 Hoth AT-ST"},"content":{"rendered":"<p>LEGO Group kuria legendinius erdv\u0117laivius, transporto priemones, vietoves ir persona\u017eus i\u0161 \u017dvaig\u017ed\u017ei\u0173 kar\u0173 visatos nuo 1999 met\u0173. Platus asortimentas nustebins vis\u0173 am\u017ei\u0173 gerb\u0117jus.<\/p>\n<ul>\n<li>Pirmasis konstruojamas LEGO\u00ae\u00a0<i>Star\u00a0Wars<\/i>\u2122 Hoto m\u016b\u0161io AT-ST modelis. Su \u0161iuo autenti\u0161kai detaliu konstravimo \u017eaislu (75322) gerb\u0117jai gal\u0117s atkurti legendines filmo \u201e\u017dvaig\u017ed\u017ei\u0173 karai: imperija kontratakuoja&#8221;&#8221; scenas.<\/li>\n<li>Trys LEGO\u00ae minifig\u016br\u0117l\u0117s ir droidas. Chewbacca su sniego dekoracija, ginkluotas Hoto AT-ST pilotas ir ginkluotas Hoto sukil\u0117li\u0173 karys bei imperatori\u0161kojo zondinio droido LEGO fig\u016br\u0117l\u0117.<\/li>\n<li>Daug \u017eaidim\u0105 \u012fkvepian\u010di\u0173 dalyk\u0173. AT-ST vaik\u0161tyn\u0117je yra minifig\u016br\u0117li\u0173 kabina, pasiekiama per liuk\u0105 ir atidarom\u0105 stog\u0105, vairu valdoma besisukanti galva, dvi spyruokliniai \u0161audykl\u0117s ir lanks\u010dios kojos.<\/li>\n<li>Auk\u0161\u010diausios kokyb\u0117s dovana devyni\u0173 met\u0173 ir vyresniems vaikams. Dovanokite \u0161\u012f 586 dali\u0173 konstravimo \u017eaisl\u0105 kaip gimtadienio ar atostog\u0173 dovan\u0105 k\u016brybingiems vaikams, kuriems patinka \u201e\u017dvaig\u017ed\u017ei\u0173 karai: imperija kontratakuoja&#8221;&#8221;.<\/li>\n<\/ul>","protected":false},"excerpt":{"rendered":"<p>LEGO Group kuria legendinius erdv\u0117laivius, transporto priemones, vietoves ir persona\u017eus i\u0161 \u017dvaig\u017ed\u017ei\u0173 kar\u0173 visatos nuo 1999 met\u0173. Platus asortimentas nustebins<\/p>","protected":false},"featured_media":39733,"comment_status":"open","ping_status":"closed","template":"","meta":[],"product_brand":[423],"product_cat":[677,406,493],"product_tag":[],"class_list":{"0":"post-39732","1":"product","2":"type-product","3":"status-publish","4":"has-post-thumbnail","6":"product_brand-lego","7":"product_cat-lego-konstruktoriai","8":"product_cat-lego","9":"product_cat-lego-star-wars","11":"first","12":"instock","13":"taxable","14":"shipping-taxable","15":"purchasable","16":"product-type-simple"},"yoast_head":"<!-- This site is optimized with the Yoast SEO plugin v25.9 - https:\/\/yoast.com\/wordpress\/plugins\/seo\/ -->\n<title>LEGO\u00ae 75322 Hoth AT-ST - Collectin.eu<\/title>\n<meta name=\"description\" content=\"Ma\u017eieji gal\u0117s atkurti dramati\u0161k\u0105 veiksm\u0105 i\u0161 filmo \u201e\u017dvaig\u017ed\u017ei\u0173 karai: imperija kontratakuoja&quot;&quot; naudodami pirm\u0105j\u012f AT-ST i\u0161 Hoto m\u016b\u0161io model\u012f (75322) i\u0161 LEGO\u00ae kalad\u0117li\u0173.\" \/>\n<meta name=\"robots\" content=\"index, follow, max-snippet:-1, max-image-preview:large, max-video-preview:-1\" \/>\n<link rel=\"canonical\" href=\"https:\/\/collectin.eu\/en\/product\/lego-75322-hoth-at-st\/\" \/>\n<meta property=\"og:locale\" content=\"en_US\" \/>\n<meta property=\"og:type\" content=\"article\" \/>\n<meta property=\"og:title\" content=\"LEGO\u00ae 75322 Hoth AT-ST - Collectin.eu\" \/>\n<meta property=\"og:description\" content=\"Ma\u017eieji gal\u0117s atkurti dramati\u0161k\u0105 veiksm\u0105 i\u0161 filmo \u201e\u017dvaig\u017ed\u017ei\u0173 karai: imperija kontratakuoja&quot;&quot; naudodami pirm\u0105j\u012f AT-ST i\u0161 Hoto m\u016b\u0161io model\u012f (75322) i\u0161 LEGO\u00ae kalad\u0117li\u0173.\" \/>\n<meta property=\"og:url\" content=\"https:\/\/collectin.eu\/en\/product\/lego-75322-hoth-at-st\/\" \/>\n<meta property=\"og:site_name\" content=\"Collectin.eu\" \/>\n<meta property=\"article:modified_time\" content=\"2026-04-08T10:23:09+00:00\" \/>\n<meta property=\"og:image\" content=\"http:\/\/collectin.eu\/wp-content\/uploads\/2026\/02\/Untitled-design-2026-02-23T002922.082.png\" \/>\n\t<meta property=\"og:image:width\" content=\"1080\" \/>\n\t<meta property=\"og:image:height\" content=\"1080\" \/>\n\t<meta property=\"og:image:type\" content=\"image\/png\" \/>\n<meta name=\"twitter:card\" content=\"summary_large_image\" \/>\n<meta name=\"twitter:label1\" content=\"Est. reading time\" \/>\n\t<meta name=\"twitter:data1\" content=\"1 minute\" \/>\n<script type=\"application\/ld+json\" class=\"yoast-schema-graph\">{\"@context\":\"https:\/\/schema.org\",\"@graph\":[{\"@type\":\"WebPage\",\"@id\":\"https:\/\/collectin.eu\/produktas\/lego-75322-hoth-at-st\/\",\"url\":\"https:\/\/collectin.eu\/produktas\/lego-75322-hoth-at-st\/\",\"name\":\"LEGO\u00ae 75322 Hoth AT-ST - Collectin.eu\",\"isPartOf\":{\"@id\":\"https:\/\/collectin.eu\/#website\"},\"primaryImageOfPage\":{\"@id\":\"https:\/\/collectin.eu\/produktas\/lego-75322-hoth-at-st\/#primaryimage\"},\"image\":{\"@id\":\"https:\/\/collectin.eu\/produktas\/lego-75322-hoth-at-st\/#primaryimage\"},\"thumbnailUrl\":\"https:\/\/collectin.eu\/wp-content\/uploads\/2026\/02\/Untitled-design-2026-02-23T002922.082.png\",\"datePublished\":\"2026-02-22T22:32:31+00:00\",\"dateModified\":\"2026-04-08T10:23:09+00:00\",\"description\":\"Ma\u017eieji gal\u0117s atkurti dramati\u0161k\u0105 veiksm\u0105 i\u0161 filmo \u201e\u017dvaig\u017ed\u017ei\u0173 karai: imperija kontratakuoja\\\"\\\" naudodami pirm\u0105j\u012f AT-ST i\u0161 Hoto m\u016b\u0161io model\u012f (75322) i\u0161 LEGO\u00ae kalad\u0117li\u0173.\",\"breadcrumb\":{\"@id\":\"https:\/\/collectin.eu\/produktas\/lego-75322-hoth-at-st\/#breadcrumb\"},\"inLanguage\":\"en-US\",\"potentialAction\":[{\"@type\":\"ReadAction\",\"target\":[\"https:\/\/collectin.eu\/produktas\/lego-75322-hoth-at-st\/\"]}]},{\"@type\":\"ImageObject\",\"inLanguage\":\"en-US\",\"@id\":\"https:\/\/collectin.eu\/produktas\/lego-75322-hoth-at-st\/#primaryimage\",\"url\":\"https:\/\/collectin.eu\/wp-content\/uploads\/2026\/02\/Untitled-design-2026-02-23T002922.082.png\",\"contentUrl\":\"https:\/\/collectin.eu\/wp-content\/uploads\/2026\/02\/Untitled-design-2026-02-23T002922.082.png\",\"width\":1080,\"height\":1080},{\"@type\":\"BreadcrumbList\",\"@id\":\"https:\/\/collectin.eu\/produktas\/lego-75322-hoth-at-st\/#breadcrumb\",\"itemListElement\":[{\"@type\":\"ListItem\",\"position\":1,\"name\":\"Home\",\"item\":\"https:\/\/collectin.eu\/\"},{\"@type\":\"ListItem\",\"position\":2,\"name\":\"Parduotuv\u0117\",\"item\":\"https:\/\/collectin.eu\/parduotuve\/\"},{\"@type\":\"ListItem\",\"position\":3,\"name\":\"LEGO\u00ae 75322 Hoth AT-ST\"}]},{\"@type\":\"WebSite\",\"@id\":\"https:\/\/collectin.eu\/#website\",\"url\":\"https:\/\/collectin.eu\/\",\"name\":\"Collectin.eu\",\"description\":\"\",\"potentialAction\":[{\"@type\":\"SearchAction\",\"target\":{\"@type\":\"EntryPoint\",\"urlTemplate\":\"https:\/\/collectin.eu\/?s={search_term_string}\"},\"query-input\":{\"@type\":\"PropertyValueSpecification\",\"valueRequired\":true,\"valueName\":\"search_term_string\"}}],\"inLanguage\":\"en-US\"}]}<\/script>\n<!-- \/ Yoast SEO plugin. -->","yoast_head_json":{"title":"LEGO\u00ae 75322 Hoth AT-ST - Collectin.eu","description":"Ma\u017eieji gal\u0117s atkurti dramati\u0161k\u0105 veiksm\u0105 i\u0161 filmo \u201e\u017dvaig\u017ed\u017ei\u0173 karai: imperija kontratakuoja\"\" naudodami pirm\u0105j\u012f AT-ST i\u0161 Hoto m\u016b\u0161io model\u012f (75322) i\u0161 LEGO\u00ae kalad\u0117li\u0173.","robots":{"index":"index","follow":"follow","max-snippet":"max-snippet:-1","max-image-preview":"max-image-preview:large","max-video-preview":"max-video-preview:-1"},"canonical":"https:\/\/collectin.eu\/en\/product\/lego-75322-hoth-at-st\/","og_locale":"en_US","og_type":"article","og_title":"LEGO\u00ae 75322 Hoth AT-ST - Collectin.eu","og_description":"Ma\u017eieji gal\u0117s atkurti dramati\u0161k\u0105 veiksm\u0105 i\u0161 filmo \u201e\u017dvaig\u017ed\u017ei\u0173 karai: imperija kontratakuoja\"\" naudodami pirm\u0105j\u012f AT-ST i\u0161 Hoto m\u016b\u0161io model\u012f (75322) i\u0161 LEGO\u00ae kalad\u0117li\u0173.","og_url":"https:\/\/collectin.eu\/en\/product\/lego-75322-hoth-at-st\/","og_site_name":"Collectin.eu","article_modified_time":"2026-04-08T10:23:09+00:00","og_image":[{"width":1080,"height":1080,"url":"http:\/\/collectin.eu\/wp-content\/uploads\/2026\/02\/Untitled-design-2026-02-23T002922.082.png","type":"image\/png"}],"twitter_card":"summary_large_image","twitter_misc":{"Est. reading time":"1 minute"},"schema":{"@context":"https:\/\/schema.org","@graph":[{"@type":"WebPage","@id":"https:\/\/collectin.eu\/produktas\/lego-75322-hoth-at-st\/","url":"https:\/\/collectin.eu\/produktas\/lego-75322-hoth-at-st\/","name":"LEGO\u00ae 75322 Hoth AT-ST - Collectin.eu","isPartOf":{"@id":"https:\/\/collectin.eu\/#website"},"primaryImageOfPage":{"@id":"https:\/\/collectin.eu\/produktas\/lego-75322-hoth-at-st\/#primaryimage"},"image":{"@id":"https:\/\/collectin.eu\/produktas\/lego-75322-hoth-at-st\/#primaryimage"},"thumbnailUrl":"https:\/\/collectin.eu\/wp-content\/uploads\/2026\/02\/Untitled-design-2026-02-23T002922.082.png","datePublished":"2026-02-22T22:32:31+00:00","dateModified":"2026-04-08T10:23:09+00:00","description":"Ma\u017eieji gal\u0117s atkurti dramati\u0161k\u0105 veiksm\u0105 i\u0161 filmo \u201e\u017dvaig\u017ed\u017ei\u0173 karai: imperija kontratakuoja\"\" naudodami pirm\u0105j\u012f AT-ST i\u0161 Hoto m\u016b\u0161io model\u012f (75322) i\u0161 LEGO\u00ae kalad\u0117li\u0173.","breadcrumb":{"@id":"https:\/\/collectin.eu\/produktas\/lego-75322-hoth-at-st\/#breadcrumb"},"inLanguage":"en-US","potentialAction":[{"@type":"ReadAction","target":["https:\/\/collectin.eu\/produktas\/lego-75322-hoth-at-st\/"]}]},{"@type":"ImageObject","inLanguage":"en-US","@id":"https:\/\/collectin.eu\/produktas\/lego-75322-hoth-at-st\/#primaryimage","url":"https:\/\/collectin.eu\/wp-content\/uploads\/2026\/02\/Untitled-design-2026-02-23T002922.082.png","contentUrl":"https:\/\/collectin.eu\/wp-content\/uploads\/2026\/02\/Untitled-design-2026-02-23T002922.082.png","width":1080,"height":1080},{"@type":"BreadcrumbList","@id":"https:\/\/collectin.eu\/produktas\/lego-75322-hoth-at-st\/#breadcrumb","itemListElement":[{"@type":"ListItem","position":1,"name":"Home","item":"https:\/\/collectin.eu\/"},{"@type":"ListItem","position":2,"name":"Parduotuv\u0117","item":"https:\/\/collectin.eu\/parduotuve\/"},{"@type":"ListItem","position":3,"name":"LEGO\u00ae 75322 Hoth AT-ST"}]},{"@type":"WebSite","@id":"https:\/\/collectin.eu\/#website","url":"https:\/\/collectin.eu\/","name":"Collectin.eu","description":"","potentialAction":[{"@type":"SearchAction","target":{"@type":"EntryPoint","urlTemplate":"https:\/\/collectin.eu\/?s={search_term_string}"},"query-input":{"@type":"PropertyValueSpecification","valueRequired":true,"valueName":"search_term_string"}}],"inLanguage":"en-US"}]}},"jetpack_sharing_enabled":true,"_links":{"self":[{"href":"https:\/\/collectin.eu\/en\/wp-json\/wp\/v2\/product\/39732","targetHints":{"allow":["GET"]}}],"collection":[{"href":"https:\/\/collectin.eu\/en\/wp-json\/wp\/v2\/product"}],"about":[{"href":"https:\/\/collectin.eu\/en\/wp-json\/wp\/v2\/types\/product"}],"replies":[{"embeddable":true,"href":"https:\/\/collectin.eu\/en\/wp-json\/wp\/v2\/comments?post=39732"}],"version-history":[{"count":3,"href":"https:\/\/collectin.eu\/en\/wp-json\/wp\/v2\/product\/39732\/revisions"}],"predecessor-version":[{"id":40446,"href":"https:\/\/collectin.eu\/en\/wp-json\/wp\/v2\/product\/39732\/revisions\/40446"}],"wp:featuredmedia":[{"embeddable":true,"href":"https:\/\/collectin.eu\/en\/wp-json\/wp\/v2\/media\/39733"}],"wp:attachment":[{"href":"https:\/\/collectin.eu\/en\/wp-json\/wp\/v2\/media?parent=39732"}],"wp:term":[{"taxonomy":"product_brand","embeddable":true,"href":"https:\/\/collectin.eu\/en\/wp-json\/wp\/v2\/product_brand?post=39732"},{"taxonomy":"product_cat","embeddable":true,"href":"https:\/\/collectin.eu\/en\/wp-json\/wp\/v2\/product_cat?post=39732"},{"taxonomy":"product_tag","embeddable":true,"href":"https:\/\/collectin.eu\/en\/wp-json\/wp\/v2\/product_tag?post=39732"}],"curies":[{"name":"wp","href":"https:\/\/api.w.org\/{rel}","templated":true}]}}