{"id":39740,"date":"2026-02-23T09:31:31","date_gmt":"2026-02-23T09:31:31","guid":{"rendered":"https:\/\/collectin.eu\/?post_type=product&#038;p=39740"},"modified":"2026-04-08T10:23:09","modified_gmt":"2026-04-08T10:23:09","slug":"lego-80109-lunar-new-year-ice-festival","status":"publish","type":"product","link":"https:\/\/collectin.eu\/en\/product\/lego-80109-lunar-new-year-ice-festival\/","title":{"rendered":"LEGO\u00ae 80109 Lunar New Year Ice Festival"},"content":{"rendered":"<p>Kolekciniai LEGO tradicini\u0173 \u0161ven\u010di\u0173 rinkiniai \u2013 tai fantasti\u0161ki dovanojami \u017eaislai pa\u017eangiems vaikams ir visiems, kas domisi Azijos kult\u016bra, suteikiantys \u012fdomi\u0173 konstravimo i\u0161\u0161\u016bki\u0173 ir i\u0161tisas valandas k\u016brybi\u0161ko \u017eaidimo.<\/p>\n<ul>\n<li>M\u0117nulio kalendoriaus nauj\u0173j\u0173 met\u0173 \u017eaidimo ir eksponavimo rinkinys \u2013 su \u0161iuo LEGO\u00ae rinkiniu (80109), kur\u012f sudaro detali \u017eiemos scena, vaikai gali atkurti tradicines M\u0117nulio kalendoriaus nauj\u0173j\u0173 met\u0173 ledo festivalio \u0161eimos pramogas.<\/li>\n<li>13 LEGO\u00ae minifig\u016br\u0117li\u0173 su daugybe pried\u0173 \u2013 \u012fskaitant \u017emog\u0173 tigro kostiumu, primenant\u012f, kad i\u0161au\u0161o Tigro metai, sald\u017ei\u0173j\u0173 bulvi\u0173 pardav\u0117j\u0105, ledo skulpt\u016br\u0173 meistr\u0105, mam\u0105, t\u0117t\u012f ir vaikus bei pingvino fig\u016br\u0117l\u0119.<\/li>\n<li>Konstruojama \u017eiemos pasaka \u2013 u\u017e\u0161al\u0119s e\u017eeras, pingvinoformos rog\u0117s, kalnelis, \u010cuno ledo skulpt\u016bra, \u012frangos nuomos parduotuv\u0117, fotob\u016bdel\u0117, skan\u0117st\u0173 aparatas, sald\u017ei\u0173j\u0173 bulvi\u0173 pardav\u0117jo ve\u017eim\u0117lis ir ne tik.<\/li>\n<\/ul>","protected":false},"excerpt":{"rendered":"<p>Kolekciniai LEGO tradicini\u0173 \u0161ven\u010di\u0173 rinkiniai \u2013 tai fantasti\u0161ki dovanojami \u017eaislai pa\u017eangiems vaikams ir visiems, kas domisi Azijos kult\u016bra, suteikiantys \u012fdomi\u0173<\/p>","protected":false},"featured_media":39741,"comment_status":"open","ping_status":"closed","template":"","meta":[],"product_brand":[423],"product_cat":[677,406,659],"product_tag":[],"class_list":{"0":"post-39740","1":"product","2":"type-product","3":"status-publish","4":"has-post-thumbnail","6":"product_brand-lego","7":"product_cat-lego-konstruktoriai","8":"product_cat-lego","9":"product_cat-lego-other","11":"first","12":"instock","13":"taxable","14":"shipping-taxable","15":"purchasable","16":"product-type-simple"},"yoast_head":"<!-- This site is optimized with the Yoast SEO plugin v25.9 - https:\/\/yoast.com\/wordpress\/plugins\/seo\/ -->\n<title>LEGO\u00ae 80109 Lunar New Year Ice Festival - Collectin.eu<\/title>\n<meta name=\"description\" content=\"Nusiteikite \u0161v\u0119sti su \u0161iuo LEGO\u00ae M\u0117nulio kalendoriaus nauj\u0173j\u0173 met\u0173 ledo festivalio konstravimo rinkiniu (80109), skirtu vaikams nuo 8 met\u0173 am\u017eiaus.\" \/>\n<meta name=\"robots\" content=\"index, follow, max-snippet:-1, max-image-preview:large, max-video-preview:-1\" \/>\n<link rel=\"canonical\" href=\"https:\/\/collectin.eu\/en\/product\/lego-80109-lunar-new-year-ice-festival\/\" \/>\n<meta property=\"og:locale\" content=\"en_US\" \/>\n<meta property=\"og:type\" content=\"article\" \/>\n<meta property=\"og:title\" content=\"LEGO\u00ae 80109 Lunar New Year Ice Festival - Collectin.eu\" \/>\n<meta property=\"og:description\" content=\"Nusiteikite \u0161v\u0119sti su \u0161iuo LEGO\u00ae M\u0117nulio kalendoriaus nauj\u0173j\u0173 met\u0173 ledo festivalio konstravimo rinkiniu (80109), skirtu vaikams nuo 8 met\u0173 am\u017eiaus.\" \/>\n<meta property=\"og:url\" content=\"https:\/\/collectin.eu\/en\/product\/lego-80109-lunar-new-year-ice-festival\/\" \/>\n<meta property=\"og:site_name\" content=\"Collectin.eu\" \/>\n<meta property=\"article:modified_time\" content=\"2026-04-08T10:23:09+00:00\" \/>\n<meta property=\"og:image\" content=\"http:\/\/collectin.eu\/wp-content\/uploads\/2026\/02\/Untitled-design-2026-02-23T112744.761.png\" \/>\n\t<meta property=\"og:image:width\" content=\"1080\" \/>\n\t<meta property=\"og:image:height\" content=\"1080\" \/>\n\t<meta property=\"og:image:type\" content=\"image\/png\" \/>\n<meta name=\"twitter:card\" content=\"summary_large_image\" \/>\n<meta name=\"twitter:label1\" content=\"Est. reading time\" \/>\n\t<meta name=\"twitter:data1\" content=\"1 minute\" \/>\n<script type=\"application\/ld+json\" class=\"yoast-schema-graph\">{\"@context\":\"https:\/\/schema.org\",\"@graph\":[{\"@type\":\"WebPage\",\"@id\":\"https:\/\/collectin.eu\/produktas\/lego-80109-lunar-new-year-ice-festival\/\",\"url\":\"https:\/\/collectin.eu\/produktas\/lego-80109-lunar-new-year-ice-festival\/\",\"name\":\"LEGO\u00ae 80109 Lunar New Year Ice Festival - Collectin.eu\",\"isPartOf\":{\"@id\":\"https:\/\/collectin.eu\/#website\"},\"primaryImageOfPage\":{\"@id\":\"https:\/\/collectin.eu\/produktas\/lego-80109-lunar-new-year-ice-festival\/#primaryimage\"},\"image\":{\"@id\":\"https:\/\/collectin.eu\/produktas\/lego-80109-lunar-new-year-ice-festival\/#primaryimage\"},\"thumbnailUrl\":\"https:\/\/collectin.eu\/wp-content\/uploads\/2026\/02\/Untitled-design-2026-02-23T112744.761.png\",\"datePublished\":\"2026-02-23T09:31:31+00:00\",\"dateModified\":\"2026-04-08T10:23:09+00:00\",\"description\":\"Nusiteikite \u0161v\u0119sti su \u0161iuo LEGO\u00ae M\u0117nulio kalendoriaus nauj\u0173j\u0173 met\u0173 ledo festivalio konstravimo rinkiniu (80109), skirtu vaikams nuo 8 met\u0173 am\u017eiaus.\",\"breadcrumb\":{\"@id\":\"https:\/\/collectin.eu\/produktas\/lego-80109-lunar-new-year-ice-festival\/#breadcrumb\"},\"inLanguage\":\"en-US\",\"potentialAction\":[{\"@type\":\"ReadAction\",\"target\":[\"https:\/\/collectin.eu\/produktas\/lego-80109-lunar-new-year-ice-festival\/\"]}]},{\"@type\":\"ImageObject\",\"inLanguage\":\"en-US\",\"@id\":\"https:\/\/collectin.eu\/produktas\/lego-80109-lunar-new-year-ice-festival\/#primaryimage\",\"url\":\"https:\/\/collectin.eu\/wp-content\/uploads\/2026\/02\/Untitled-design-2026-02-23T112744.761.png\",\"contentUrl\":\"https:\/\/collectin.eu\/wp-content\/uploads\/2026\/02\/Untitled-design-2026-02-23T112744.761.png\",\"width\":1080,\"height\":1080},{\"@type\":\"BreadcrumbList\",\"@id\":\"https:\/\/collectin.eu\/produktas\/lego-80109-lunar-new-year-ice-festival\/#breadcrumb\",\"itemListElement\":[{\"@type\":\"ListItem\",\"position\":1,\"name\":\"Home\",\"item\":\"https:\/\/collectin.eu\/\"},{\"@type\":\"ListItem\",\"position\":2,\"name\":\"Parduotuv\u0117\",\"item\":\"https:\/\/collectin.eu\/parduotuve\/\"},{\"@type\":\"ListItem\",\"position\":3,\"name\":\"LEGO\u00ae 80109 Lunar New Year Ice Festival\"}]},{\"@type\":\"WebSite\",\"@id\":\"https:\/\/collectin.eu\/#website\",\"url\":\"https:\/\/collectin.eu\/\",\"name\":\"Collectin.eu\",\"description\":\"\",\"potentialAction\":[{\"@type\":\"SearchAction\",\"target\":{\"@type\":\"EntryPoint\",\"urlTemplate\":\"https:\/\/collectin.eu\/?s={search_term_string}\"},\"query-input\":{\"@type\":\"PropertyValueSpecification\",\"valueRequired\":true,\"valueName\":\"search_term_string\"}}],\"inLanguage\":\"en-US\"}]}<\/script>\n<!-- \/ Yoast SEO plugin. -->","yoast_head_json":{"title":"LEGO\u00ae 80109 Lunar New Year Ice Festival - Collectin.eu","description":"Nusiteikite \u0161v\u0119sti su \u0161iuo LEGO\u00ae M\u0117nulio kalendoriaus nauj\u0173j\u0173 met\u0173 ledo festivalio konstravimo rinkiniu (80109), skirtu vaikams nuo 8 met\u0173 am\u017eiaus.","robots":{"index":"index","follow":"follow","max-snippet":"max-snippet:-1","max-image-preview":"max-image-preview:large","max-video-preview":"max-video-preview:-1"},"canonical":"https:\/\/collectin.eu\/en\/product\/lego-80109-lunar-new-year-ice-festival\/","og_locale":"en_US","og_type":"article","og_title":"LEGO\u00ae 80109 Lunar New Year Ice Festival - Collectin.eu","og_description":"Nusiteikite \u0161v\u0119sti su \u0161iuo LEGO\u00ae M\u0117nulio kalendoriaus nauj\u0173j\u0173 met\u0173 ledo festivalio konstravimo rinkiniu (80109), skirtu vaikams nuo 8 met\u0173 am\u017eiaus.","og_url":"https:\/\/collectin.eu\/en\/product\/lego-80109-lunar-new-year-ice-festival\/","og_site_name":"Collectin.eu","article_modified_time":"2026-04-08T10:23:09+00:00","og_image":[{"width":1080,"height":1080,"url":"http:\/\/collectin.eu\/wp-content\/uploads\/2026\/02\/Untitled-design-2026-02-23T112744.761.png","type":"image\/png"}],"twitter_card":"summary_large_image","twitter_misc":{"Est. reading time":"1 minute"},"schema":{"@context":"https:\/\/schema.org","@graph":[{"@type":"WebPage","@id":"https:\/\/collectin.eu\/produktas\/lego-80109-lunar-new-year-ice-festival\/","url":"https:\/\/collectin.eu\/produktas\/lego-80109-lunar-new-year-ice-festival\/","name":"LEGO\u00ae 80109 Lunar New Year Ice Festival - Collectin.eu","isPartOf":{"@id":"https:\/\/collectin.eu\/#website"},"primaryImageOfPage":{"@id":"https:\/\/collectin.eu\/produktas\/lego-80109-lunar-new-year-ice-festival\/#primaryimage"},"image":{"@id":"https:\/\/collectin.eu\/produktas\/lego-80109-lunar-new-year-ice-festival\/#primaryimage"},"thumbnailUrl":"https:\/\/collectin.eu\/wp-content\/uploads\/2026\/02\/Untitled-design-2026-02-23T112744.761.png","datePublished":"2026-02-23T09:31:31+00:00","dateModified":"2026-04-08T10:23:09+00:00","description":"Nusiteikite \u0161v\u0119sti su \u0161iuo LEGO\u00ae M\u0117nulio kalendoriaus nauj\u0173j\u0173 met\u0173 ledo festivalio konstravimo rinkiniu (80109), skirtu vaikams nuo 8 met\u0173 am\u017eiaus.","breadcrumb":{"@id":"https:\/\/collectin.eu\/produktas\/lego-80109-lunar-new-year-ice-festival\/#breadcrumb"},"inLanguage":"en-US","potentialAction":[{"@type":"ReadAction","target":["https:\/\/collectin.eu\/produktas\/lego-80109-lunar-new-year-ice-festival\/"]}]},{"@type":"ImageObject","inLanguage":"en-US","@id":"https:\/\/collectin.eu\/produktas\/lego-80109-lunar-new-year-ice-festival\/#primaryimage","url":"https:\/\/collectin.eu\/wp-content\/uploads\/2026\/02\/Untitled-design-2026-02-23T112744.761.png","contentUrl":"https:\/\/collectin.eu\/wp-content\/uploads\/2026\/02\/Untitled-design-2026-02-23T112744.761.png","width":1080,"height":1080},{"@type":"BreadcrumbList","@id":"https:\/\/collectin.eu\/produktas\/lego-80109-lunar-new-year-ice-festival\/#breadcrumb","itemListElement":[{"@type":"ListItem","position":1,"name":"Home","item":"https:\/\/collectin.eu\/"},{"@type":"ListItem","position":2,"name":"Parduotuv\u0117","item":"https:\/\/collectin.eu\/parduotuve\/"},{"@type":"ListItem","position":3,"name":"LEGO\u00ae 80109 Lunar New Year Ice Festival"}]},{"@type":"WebSite","@id":"https:\/\/collectin.eu\/#website","url":"https:\/\/collectin.eu\/","name":"Collectin.eu","description":"","potentialAction":[{"@type":"SearchAction","target":{"@type":"EntryPoint","urlTemplate":"https:\/\/collectin.eu\/?s={search_term_string}"},"query-input":{"@type":"PropertyValueSpecification","valueRequired":true,"valueName":"search_term_string"}}],"inLanguage":"en-US"}]}},"jetpack_sharing_enabled":true,"_links":{"self":[{"href":"https:\/\/collectin.eu\/en\/wp-json\/wp\/v2\/product\/39740","targetHints":{"allow":["GET"]}}],"collection":[{"href":"https:\/\/collectin.eu\/en\/wp-json\/wp\/v2\/product"}],"about":[{"href":"https:\/\/collectin.eu\/en\/wp-json\/wp\/v2\/types\/product"}],"replies":[{"embeddable":true,"href":"https:\/\/collectin.eu\/en\/wp-json\/wp\/v2\/comments?post=39740"}],"version-history":[{"count":2,"href":"https:\/\/collectin.eu\/en\/wp-json\/wp\/v2\/product\/39740\/revisions"}],"predecessor-version":[{"id":40447,"href":"https:\/\/collectin.eu\/en\/wp-json\/wp\/v2\/product\/39740\/revisions\/40447"}],"wp:featuredmedia":[{"embeddable":true,"href":"https:\/\/collectin.eu\/en\/wp-json\/wp\/v2\/media\/39741"}],"wp:attachment":[{"href":"https:\/\/collectin.eu\/en\/wp-json\/wp\/v2\/media?parent=39740"}],"wp:term":[{"taxonomy":"product_brand","embeddable":true,"href":"https:\/\/collectin.eu\/en\/wp-json\/wp\/v2\/product_brand?post=39740"},{"taxonomy":"product_cat","embeddable":true,"href":"https:\/\/collectin.eu\/en\/wp-json\/wp\/v2\/product_cat?post=39740"},{"taxonomy":"product_tag","embeddable":true,"href":"https:\/\/collectin.eu\/en\/wp-json\/wp\/v2\/product_tag?post=39740"}],"curies":[{"name":"wp","href":"https:\/\/api.w.org\/{rel}","templated":true}]}}