{"id":39745,"date":"2026-02-23T09:35:15","date_gmt":"2026-02-23T09:35:15","guid":{"rendered":"https:\/\/collectin.eu\/?post_type=product&#038;p=39745"},"modified":"2026-04-08T10:23:09","modified_gmt":"2026-04-08T10:23:09","slug":"lego-31208-hokusai-the-great-wave","status":"publish","type":"product","link":"https:\/\/collectin.eu\/en\/product\/lego-31208-hokusai-the-great-wave\/","title":{"rendered":"LEGO\u00ae 31208 Hokusai &#8211; The Great Wave"},"content":{"rendered":"<p>LEGO\u00ae Art rinkiniai suteikia suaugusiems galimyb\u0119 m\u0117gautis \u012ftraukian\u010diu konstravimo projektu, kuris taip pat suteikia ramyb\u0117s poj\u016bt\u012f ir atpalaiduoja. Jie gali rinktis i\u0161 puikaus ir novatori\u0161ko rinkini\u0173 asortimento,kur\u012f sudaro dail\u0117s, muzikos ir kino \u0161edevrai. Kiekvien\u0105 k\u016brin\u012f galima eksponuoti tiek namuose, tiek biure.<\/p>\n<ul>\n<li>\u012ek\u016bnykite \u0161edevr\u0105. Atkurkite (31208) Hokusajaus \u201eDid\u017ei\u0105j\u0105 bang\u0105\u201c su \u0161iuo nepaprastu LEGO\u00ae Art erdviniu sieniniu konstravimo rinkiniu<\/li>\n<li>Priblo\u0161kiantis kolekcinis k\u016brinys. 1\u00a0810 dali\u0173 LEGO\u00ae rankdarbi\u0173 projektas suaugusiems, kur\u012f sudaro 6 drob\u0117s plok\u0161tel\u0117s, 2 kabinimo elementai, kalad\u0117li\u0173 skirtuvas ir dekoratyvin\u0117 plytel\u0117 su Hokusajaus para\u0161u<\/li>\n<li>Dovana meno myl\u0117tojams. \u012eam\u017einkite vien\u0105 \u017eymiausi\u0173 meno k\u016brini\u0173 per pastaruosius du \u0161imtme\u010dius, kur\u012f galima eksponuoti, kuri panor\u0117jus<\/li>\n<li>M\u0117gaukit\u0117s garso takeliu. Nuskaitykite QR kod\u0105 ir klausykit\u0117s \u0161iam rinkiniui pritaikyto garso takelio, kurio turinys pagerins patirt\u012f, konstruojant \u0161\u012f \u012fsp\u016bding\u0105 japoni\u0161k\u0105 paveiksl\u0105<\/li>\n<\/ul>","protected":false},"excerpt":{"rendered":"<p>LEGO\u00ae Art rinkiniai suteikia suaugusiems galimyb\u0119 m\u0117gautis \u012ftraukian\u010diu konstravimo projektu, kuris taip pat suteikia ramyb\u0117s poj\u016bt\u012f ir atpalaiduoja. Jie gali<\/p>","protected":false},"featured_media":39746,"comment_status":"open","ping_status":"closed","template":"","meta":[],"product_brand":[423],"product_cat":[677,406,657],"product_tag":[],"class_list":{"0":"post-39745","1":"product","2":"type-product","3":"status-publish","4":"has-post-thumbnail","6":"product_brand-lego","7":"product_cat-lego-konstruktoriai","8":"product_cat-lego","9":"product_cat-lego-art","11":"first","12":"instock","13":"taxable","14":"shipping-taxable","15":"purchasable","16":"product-type-simple"},"yoast_head":"<!-- This site is optimized with the Yoast SEO plugin v25.9 - https:\/\/yoast.com\/wordpress\/plugins\/seo\/ -->\n<title>LEGO\u00ae 31208 Hokusai - The Great Wave - Collectin.eu<\/title>\n<meta name=\"description\" content=\"Meno ir klasikin\u0117s dail\u0117s gerb\u0117jams patik \u0161is LEGO\u00ae Art konstravimo rinkinys suaugusiesiems. Galite sukurti vieno \u017eymiausi\u0173 meno pasaulyje darb\u0173 i Hokusajaus \u201eDid\u017eioji banga\u201c (31208) kopij\u0105.\" \/>\n<meta name=\"robots\" content=\"index, follow, max-snippet:-1, max-image-preview:large, max-video-preview:-1\" \/>\n<link rel=\"canonical\" href=\"https:\/\/collectin.eu\/en\/product\/lego-31208-hokusai-the-great-wave\/\" \/>\n<meta property=\"og:locale\" content=\"en_US\" \/>\n<meta property=\"og:type\" content=\"article\" \/>\n<meta property=\"og:title\" content=\"LEGO\u00ae 31208 Hokusai - The Great Wave - Collectin.eu\" \/>\n<meta property=\"og:description\" content=\"Meno ir klasikin\u0117s dail\u0117s gerb\u0117jams patik \u0161is LEGO\u00ae Art konstravimo rinkinys suaugusiesiems. Galite sukurti vieno \u017eymiausi\u0173 meno pasaulyje darb\u0173 i Hokusajaus \u201eDid\u017eioji banga\u201c (31208) kopij\u0105.\" \/>\n<meta property=\"og:url\" content=\"https:\/\/collectin.eu\/en\/product\/lego-31208-hokusai-the-great-wave\/\" \/>\n<meta property=\"og:site_name\" content=\"Collectin.eu\" \/>\n<meta property=\"article:modified_time\" content=\"2026-04-08T10:23:09+00:00\" \/>\n<meta property=\"og:image\" content=\"http:\/\/collectin.eu\/wp-content\/uploads\/2026\/02\/Untitled-design-2026-02-23T113404.777.png\" \/>\n\t<meta property=\"og:image:width\" content=\"1080\" \/>\n\t<meta property=\"og:image:height\" content=\"1080\" \/>\n\t<meta property=\"og:image:type\" content=\"image\/png\" \/>\n<meta name=\"twitter:card\" content=\"summary_large_image\" \/>\n<meta name=\"twitter:label1\" content=\"Est. reading time\" \/>\n\t<meta name=\"twitter:data1\" content=\"1 minute\" \/>\n<script type=\"application\/ld+json\" class=\"yoast-schema-graph\">{\"@context\":\"https:\/\/schema.org\",\"@graph\":[{\"@type\":\"WebPage\",\"@id\":\"https:\/\/collectin.eu\/produktas\/lego-31208-hokusai-the-great-wave\/\",\"url\":\"https:\/\/collectin.eu\/produktas\/lego-31208-hokusai-the-great-wave\/\",\"name\":\"LEGO\u00ae 31208 Hokusai - The Great Wave - Collectin.eu\",\"isPartOf\":{\"@id\":\"https:\/\/collectin.eu\/#website\"},\"primaryImageOfPage\":{\"@id\":\"https:\/\/collectin.eu\/produktas\/lego-31208-hokusai-the-great-wave\/#primaryimage\"},\"image\":{\"@id\":\"https:\/\/collectin.eu\/produktas\/lego-31208-hokusai-the-great-wave\/#primaryimage\"},\"thumbnailUrl\":\"https:\/\/collectin.eu\/wp-content\/uploads\/2026\/02\/Untitled-design-2026-02-23T113404.777.png\",\"datePublished\":\"2026-02-23T09:35:15+00:00\",\"dateModified\":\"2026-04-08T10:23:09+00:00\",\"description\":\"Meno ir klasikin\u0117s dail\u0117s gerb\u0117jams patik \u0161is LEGO\u00ae Art konstravimo rinkinys suaugusiesiems. Galite sukurti vieno \u017eymiausi\u0173 meno pasaulyje darb\u0173 i Hokusajaus \u201eDid\u017eioji banga\u201c (31208) kopij\u0105.\",\"breadcrumb\":{\"@id\":\"https:\/\/collectin.eu\/produktas\/lego-31208-hokusai-the-great-wave\/#breadcrumb\"},\"inLanguage\":\"en-US\",\"potentialAction\":[{\"@type\":\"ReadAction\",\"target\":[\"https:\/\/collectin.eu\/produktas\/lego-31208-hokusai-the-great-wave\/\"]}]},{\"@type\":\"ImageObject\",\"inLanguage\":\"en-US\",\"@id\":\"https:\/\/collectin.eu\/produktas\/lego-31208-hokusai-the-great-wave\/#primaryimage\",\"url\":\"https:\/\/collectin.eu\/wp-content\/uploads\/2026\/02\/Untitled-design-2026-02-23T113404.777.png\",\"contentUrl\":\"https:\/\/collectin.eu\/wp-content\/uploads\/2026\/02\/Untitled-design-2026-02-23T113404.777.png\",\"width\":1080,\"height\":1080},{\"@type\":\"BreadcrumbList\",\"@id\":\"https:\/\/collectin.eu\/produktas\/lego-31208-hokusai-the-great-wave\/#breadcrumb\",\"itemListElement\":[{\"@type\":\"ListItem\",\"position\":1,\"name\":\"Home\",\"item\":\"https:\/\/collectin.eu\/\"},{\"@type\":\"ListItem\",\"position\":2,\"name\":\"Parduotuv\u0117\",\"item\":\"https:\/\/collectin.eu\/parduotuve\/\"},{\"@type\":\"ListItem\",\"position\":3,\"name\":\"LEGO\u00ae 31208 Hokusai &#8211; The Great Wave\"}]},{\"@type\":\"WebSite\",\"@id\":\"https:\/\/collectin.eu\/#website\",\"url\":\"https:\/\/collectin.eu\/\",\"name\":\"Collectin.eu\",\"description\":\"\",\"potentialAction\":[{\"@type\":\"SearchAction\",\"target\":{\"@type\":\"EntryPoint\",\"urlTemplate\":\"https:\/\/collectin.eu\/?s={search_term_string}\"},\"query-input\":{\"@type\":\"PropertyValueSpecification\",\"valueRequired\":true,\"valueName\":\"search_term_string\"}}],\"inLanguage\":\"en-US\"}]}<\/script>\n<!-- \/ Yoast SEO plugin. -->","yoast_head_json":{"title":"LEGO\u00ae 31208 Hokusai - The Great Wave - Collectin.eu","description":"Meno ir klasikin\u0117s dail\u0117s gerb\u0117jams patik \u0161is LEGO\u00ae Art konstravimo rinkinys suaugusiesiems. Galite sukurti vieno \u017eymiausi\u0173 meno pasaulyje darb\u0173 i Hokusajaus \u201eDid\u017eioji banga\u201c (31208) kopij\u0105.","robots":{"index":"index","follow":"follow","max-snippet":"max-snippet:-1","max-image-preview":"max-image-preview:large","max-video-preview":"max-video-preview:-1"},"canonical":"https:\/\/collectin.eu\/en\/product\/lego-31208-hokusai-the-great-wave\/","og_locale":"en_US","og_type":"article","og_title":"LEGO\u00ae 31208 Hokusai - The Great Wave - Collectin.eu","og_description":"Meno ir klasikin\u0117s dail\u0117s gerb\u0117jams patik \u0161is LEGO\u00ae Art konstravimo rinkinys suaugusiesiems. Galite sukurti vieno \u017eymiausi\u0173 meno pasaulyje darb\u0173 i Hokusajaus \u201eDid\u017eioji banga\u201c (31208) kopij\u0105.","og_url":"https:\/\/collectin.eu\/en\/product\/lego-31208-hokusai-the-great-wave\/","og_site_name":"Collectin.eu","article_modified_time":"2026-04-08T10:23:09+00:00","og_image":[{"width":1080,"height":1080,"url":"http:\/\/collectin.eu\/wp-content\/uploads\/2026\/02\/Untitled-design-2026-02-23T113404.777.png","type":"image\/png"}],"twitter_card":"summary_large_image","twitter_misc":{"Est. reading time":"1 minute"},"schema":{"@context":"https:\/\/schema.org","@graph":[{"@type":"WebPage","@id":"https:\/\/collectin.eu\/produktas\/lego-31208-hokusai-the-great-wave\/","url":"https:\/\/collectin.eu\/produktas\/lego-31208-hokusai-the-great-wave\/","name":"LEGO\u00ae 31208 Hokusai - The Great Wave - Collectin.eu","isPartOf":{"@id":"https:\/\/collectin.eu\/#website"},"primaryImageOfPage":{"@id":"https:\/\/collectin.eu\/produktas\/lego-31208-hokusai-the-great-wave\/#primaryimage"},"image":{"@id":"https:\/\/collectin.eu\/produktas\/lego-31208-hokusai-the-great-wave\/#primaryimage"},"thumbnailUrl":"https:\/\/collectin.eu\/wp-content\/uploads\/2026\/02\/Untitled-design-2026-02-23T113404.777.png","datePublished":"2026-02-23T09:35:15+00:00","dateModified":"2026-04-08T10:23:09+00:00","description":"Meno ir klasikin\u0117s dail\u0117s gerb\u0117jams patik \u0161is LEGO\u00ae Art konstravimo rinkinys suaugusiesiems. Galite sukurti vieno \u017eymiausi\u0173 meno pasaulyje darb\u0173 i Hokusajaus \u201eDid\u017eioji banga\u201c (31208) kopij\u0105.","breadcrumb":{"@id":"https:\/\/collectin.eu\/produktas\/lego-31208-hokusai-the-great-wave\/#breadcrumb"},"inLanguage":"en-US","potentialAction":[{"@type":"ReadAction","target":["https:\/\/collectin.eu\/produktas\/lego-31208-hokusai-the-great-wave\/"]}]},{"@type":"ImageObject","inLanguage":"en-US","@id":"https:\/\/collectin.eu\/produktas\/lego-31208-hokusai-the-great-wave\/#primaryimage","url":"https:\/\/collectin.eu\/wp-content\/uploads\/2026\/02\/Untitled-design-2026-02-23T113404.777.png","contentUrl":"https:\/\/collectin.eu\/wp-content\/uploads\/2026\/02\/Untitled-design-2026-02-23T113404.777.png","width":1080,"height":1080},{"@type":"BreadcrumbList","@id":"https:\/\/collectin.eu\/produktas\/lego-31208-hokusai-the-great-wave\/#breadcrumb","itemListElement":[{"@type":"ListItem","position":1,"name":"Home","item":"https:\/\/collectin.eu\/"},{"@type":"ListItem","position":2,"name":"Parduotuv\u0117","item":"https:\/\/collectin.eu\/parduotuve\/"},{"@type":"ListItem","position":3,"name":"LEGO\u00ae 31208 Hokusai &#8211; The Great Wave"}]},{"@type":"WebSite","@id":"https:\/\/collectin.eu\/#website","url":"https:\/\/collectin.eu\/","name":"Collectin.eu","description":"","potentialAction":[{"@type":"SearchAction","target":{"@type":"EntryPoint","urlTemplate":"https:\/\/collectin.eu\/?s={search_term_string}"},"query-input":{"@type":"PropertyValueSpecification","valueRequired":true,"valueName":"search_term_string"}}],"inLanguage":"en-US"}]}},"jetpack_sharing_enabled":true,"_links":{"self":[{"href":"https:\/\/collectin.eu\/en\/wp-json\/wp\/v2\/product\/39745","targetHints":{"allow":["GET"]}}],"collection":[{"href":"https:\/\/collectin.eu\/en\/wp-json\/wp\/v2\/product"}],"about":[{"href":"https:\/\/collectin.eu\/en\/wp-json\/wp\/v2\/types\/product"}],"replies":[{"embeddable":true,"href":"https:\/\/collectin.eu\/en\/wp-json\/wp\/v2\/comments?post=39745"}],"version-history":[{"count":2,"href":"https:\/\/collectin.eu\/en\/wp-json\/wp\/v2\/product\/39745\/revisions"}],"predecessor-version":[{"id":40448,"href":"https:\/\/collectin.eu\/en\/wp-json\/wp\/v2\/product\/39745\/revisions\/40448"}],"wp:featuredmedia":[{"embeddable":true,"href":"https:\/\/collectin.eu\/en\/wp-json\/wp\/v2\/media\/39746"}],"wp:attachment":[{"href":"https:\/\/collectin.eu\/en\/wp-json\/wp\/v2\/media?parent=39745"}],"wp:term":[{"taxonomy":"product_brand","embeddable":true,"href":"https:\/\/collectin.eu\/en\/wp-json\/wp\/v2\/product_brand?post=39745"},{"taxonomy":"product_cat","embeddable":true,"href":"https:\/\/collectin.eu\/en\/wp-json\/wp\/v2\/product_cat?post=39745"},{"taxonomy":"product_tag","embeddable":true,"href":"https:\/\/collectin.eu\/en\/wp-json\/wp\/v2\/product_tag?post=39745"}],"curies":[{"name":"wp","href":"https:\/\/api.w.org\/{rel}","templated":true}]}}