{"id":39751,"date":"2026-02-23T09:40:06","date_gmt":"2026-02-23T09:40:06","guid":{"rendered":"https:\/\/collectin.eu\/?post_type=product&#038;p=39751"},"modified":"2026-04-08T10:23:08","modified_gmt":"2026-04-08T10:23:08","slug":"lego-40335-space-rocket-ride","status":"publish","type":"product","link":"https:\/\/collectin.eu\/en\/product\/lego-40335-space-rocket-ride\/","title":{"rendered":"LEGO\u00ae 40335 Space Rocket Ride"},"content":{"rendered":"<p>LEGO 40335 \u201eSpace Rocket Ride\u201c \u2013 tai ma\u017eesnio dyd\u017eio konstruktorius, sukurtas kosmoso ir pramog\u0173 park\u0173 tematikos gerb\u0117jams. \u0160\u012f rinkin\u012f sudaro apie pusantro \u0161imto detali\u0173, i\u0161 kuri\u0173 surenkamas ry\u0161kiaspalvis raketos formos atrakcionas su besisukan\u010dia platforma, dekoracijomis ir viena minifig\u016br\u0117le. Modelis yra kompakti\u0161kas, turi judan\u010di\u0105 funkcij\u0105 ir atrodo dekoratyviai, tod\u0117l tinka ne tik \u017eaisti, bet ir laikyti kaip kolekcin\u012f eksponat\u0105. Kadangi tai specialaus leidimo rinkinys, susij\u0119s su i\u0161skirtin\u0117mis progomis ar vietomis, jis laikomas retesniu ir patraukliu pasirinkimu kolekcionieriams.<\/p>","protected":false},"excerpt":{"rendered":"<p>LEGO 40335 \u201eSpace Rocket Ride\u201c \u2013 tai ma\u017eesnio dyd\u017eio konstruktorius, sukurtas kosmoso ir pramog\u0173 park\u0173 tematikos gerb\u0117jams. \u0160\u012f rinkin\u012f sudaro<\/p>","protected":false},"featured_media":39752,"comment_status":"open","ping_status":"closed","template":"","meta":[],"product_brand":[423],"product_cat":[677,406,522],"product_tag":[],"class_list":{"0":"post-39751","1":"product","2":"type-product","3":"status-publish","4":"has-post-thumbnail","6":"product_brand-lego","7":"product_cat-lego-konstruktoriai","8":"product_cat-lego","9":"product_cat-lego-ideas","11":"first","12":"instock","13":"taxable","14":"shipping-taxable","15":"purchasable","16":"product-type-simple"},"yoast_head":"<!-- This site is optimized with the Yoast SEO plugin v25.9 - https:\/\/yoast.com\/wordpress\/plugins\/seo\/ -->\n<title>LEGO\u00ae 40335 Space Rocket Ride - Collectin.eu<\/title>\n<meta name=\"description\" content=\"LEGO 40335 \u201eSpace Rocket Ride\u201c yra nedidelis, kolekcinio tipo konstruktorius i\u0161 LEGO, skirtas vaikams ir suaugusiems gerb\u0117jams, m\u0117gstantiems kosmoso tematik\u0105.\" \/>\n<meta name=\"robots\" content=\"index, follow, max-snippet:-1, max-image-preview:large, max-video-preview:-1\" \/>\n<link rel=\"canonical\" href=\"https:\/\/collectin.eu\/en\/product\/lego-40335-space-rocket-ride\/\" \/>\n<meta property=\"og:locale\" content=\"en_US\" \/>\n<meta property=\"og:type\" content=\"article\" \/>\n<meta property=\"og:title\" content=\"LEGO\u00ae 40335 Space Rocket Ride - Collectin.eu\" \/>\n<meta property=\"og:description\" content=\"LEGO 40335 \u201eSpace Rocket Ride\u201c yra nedidelis, kolekcinio tipo konstruktorius i\u0161 LEGO, skirtas vaikams ir suaugusiems gerb\u0117jams, m\u0117gstantiems kosmoso tematik\u0105.\" \/>\n<meta property=\"og:url\" content=\"https:\/\/collectin.eu\/en\/product\/lego-40335-space-rocket-ride\/\" \/>\n<meta property=\"og:site_name\" content=\"Collectin.eu\" \/>\n<meta property=\"article:modified_time\" content=\"2026-04-08T10:23:08+00:00\" \/>\n<meta property=\"og:image\" content=\"http:\/\/collectin.eu\/wp-content\/uploads\/2026\/02\/Untitled-design-2026-02-23T113701.221.png\" \/>\n\t<meta property=\"og:image:width\" content=\"1080\" \/>\n\t<meta property=\"og:image:height\" content=\"1080\" \/>\n\t<meta property=\"og:image:type\" content=\"image\/png\" \/>\n<meta name=\"twitter:card\" content=\"summary_large_image\" \/>\n<meta name=\"twitter:label1\" content=\"Est. reading time\" \/>\n\t<meta name=\"twitter:data1\" content=\"1 minute\" \/>\n<script type=\"application\/ld+json\" class=\"yoast-schema-graph\">{\"@context\":\"https:\/\/schema.org\",\"@graph\":[{\"@type\":\"WebPage\",\"@id\":\"https:\/\/collectin.eu\/produktas\/lego-40335-space-rocket-ride\/\",\"url\":\"https:\/\/collectin.eu\/produktas\/lego-40335-space-rocket-ride\/\",\"name\":\"LEGO\u00ae 40335 Space Rocket Ride - Collectin.eu\",\"isPartOf\":{\"@id\":\"https:\/\/collectin.eu\/#website\"},\"primaryImageOfPage\":{\"@id\":\"https:\/\/collectin.eu\/produktas\/lego-40335-space-rocket-ride\/#primaryimage\"},\"image\":{\"@id\":\"https:\/\/collectin.eu\/produktas\/lego-40335-space-rocket-ride\/#primaryimage\"},\"thumbnailUrl\":\"https:\/\/collectin.eu\/wp-content\/uploads\/2026\/02\/Untitled-design-2026-02-23T113701.221.png\",\"datePublished\":\"2026-02-23T09:40:06+00:00\",\"dateModified\":\"2026-04-08T10:23:08+00:00\",\"description\":\"LEGO 40335 \u201eSpace Rocket Ride\u201c yra nedidelis, kolekcinio tipo konstruktorius i\u0161 LEGO, skirtas vaikams ir suaugusiems gerb\u0117jams, m\u0117gstantiems kosmoso tematik\u0105.\",\"breadcrumb\":{\"@id\":\"https:\/\/collectin.eu\/produktas\/lego-40335-space-rocket-ride\/#breadcrumb\"},\"inLanguage\":\"en-US\",\"potentialAction\":[{\"@type\":\"ReadAction\",\"target\":[\"https:\/\/collectin.eu\/produktas\/lego-40335-space-rocket-ride\/\"]}]},{\"@type\":\"ImageObject\",\"inLanguage\":\"en-US\",\"@id\":\"https:\/\/collectin.eu\/produktas\/lego-40335-space-rocket-ride\/#primaryimage\",\"url\":\"https:\/\/collectin.eu\/wp-content\/uploads\/2026\/02\/Untitled-design-2026-02-23T113701.221.png\",\"contentUrl\":\"https:\/\/collectin.eu\/wp-content\/uploads\/2026\/02\/Untitled-design-2026-02-23T113701.221.png\",\"width\":1080,\"height\":1080},{\"@type\":\"BreadcrumbList\",\"@id\":\"https:\/\/collectin.eu\/produktas\/lego-40335-space-rocket-ride\/#breadcrumb\",\"itemListElement\":[{\"@type\":\"ListItem\",\"position\":1,\"name\":\"Home\",\"item\":\"https:\/\/collectin.eu\/\"},{\"@type\":\"ListItem\",\"position\":2,\"name\":\"Parduotuv\u0117\",\"item\":\"https:\/\/collectin.eu\/parduotuve\/\"},{\"@type\":\"ListItem\",\"position\":3,\"name\":\"LEGO\u00ae 40335 Space Rocket Ride\"}]},{\"@type\":\"WebSite\",\"@id\":\"https:\/\/collectin.eu\/#website\",\"url\":\"https:\/\/collectin.eu\/\",\"name\":\"Collectin.eu\",\"description\":\"\",\"potentialAction\":[{\"@type\":\"SearchAction\",\"target\":{\"@type\":\"EntryPoint\",\"urlTemplate\":\"https:\/\/collectin.eu\/?s={search_term_string}\"},\"query-input\":{\"@type\":\"PropertyValueSpecification\",\"valueRequired\":true,\"valueName\":\"search_term_string\"}}],\"inLanguage\":\"en-US\"}]}<\/script>\n<!-- \/ Yoast SEO plugin. -->","yoast_head_json":{"title":"LEGO\u00ae 40335 Space Rocket Ride - Collectin.eu","description":"LEGO 40335 \u201eSpace Rocket Ride\u201c yra nedidelis, kolekcinio tipo konstruktorius i\u0161 LEGO, skirtas vaikams ir suaugusiems gerb\u0117jams, m\u0117gstantiems kosmoso tematik\u0105.","robots":{"index":"index","follow":"follow","max-snippet":"max-snippet:-1","max-image-preview":"max-image-preview:large","max-video-preview":"max-video-preview:-1"},"canonical":"https:\/\/collectin.eu\/en\/product\/lego-40335-space-rocket-ride\/","og_locale":"en_US","og_type":"article","og_title":"LEGO\u00ae 40335 Space Rocket Ride - Collectin.eu","og_description":"LEGO 40335 \u201eSpace Rocket Ride\u201c yra nedidelis, kolekcinio tipo konstruktorius i\u0161 LEGO, skirtas vaikams ir suaugusiems gerb\u0117jams, m\u0117gstantiems kosmoso tematik\u0105.","og_url":"https:\/\/collectin.eu\/en\/product\/lego-40335-space-rocket-ride\/","og_site_name":"Collectin.eu","article_modified_time":"2026-04-08T10:23:08+00:00","og_image":[{"width":1080,"height":1080,"url":"http:\/\/collectin.eu\/wp-content\/uploads\/2026\/02\/Untitled-design-2026-02-23T113701.221.png","type":"image\/png"}],"twitter_card":"summary_large_image","twitter_misc":{"Est. reading time":"1 minute"},"schema":{"@context":"https:\/\/schema.org","@graph":[{"@type":"WebPage","@id":"https:\/\/collectin.eu\/produktas\/lego-40335-space-rocket-ride\/","url":"https:\/\/collectin.eu\/produktas\/lego-40335-space-rocket-ride\/","name":"LEGO\u00ae 40335 Space Rocket Ride - Collectin.eu","isPartOf":{"@id":"https:\/\/collectin.eu\/#website"},"primaryImageOfPage":{"@id":"https:\/\/collectin.eu\/produktas\/lego-40335-space-rocket-ride\/#primaryimage"},"image":{"@id":"https:\/\/collectin.eu\/produktas\/lego-40335-space-rocket-ride\/#primaryimage"},"thumbnailUrl":"https:\/\/collectin.eu\/wp-content\/uploads\/2026\/02\/Untitled-design-2026-02-23T113701.221.png","datePublished":"2026-02-23T09:40:06+00:00","dateModified":"2026-04-08T10:23:08+00:00","description":"LEGO 40335 \u201eSpace Rocket Ride\u201c yra nedidelis, kolekcinio tipo konstruktorius i\u0161 LEGO, skirtas vaikams ir suaugusiems gerb\u0117jams, m\u0117gstantiems kosmoso tematik\u0105.","breadcrumb":{"@id":"https:\/\/collectin.eu\/produktas\/lego-40335-space-rocket-ride\/#breadcrumb"},"inLanguage":"en-US","potentialAction":[{"@type":"ReadAction","target":["https:\/\/collectin.eu\/produktas\/lego-40335-space-rocket-ride\/"]}]},{"@type":"ImageObject","inLanguage":"en-US","@id":"https:\/\/collectin.eu\/produktas\/lego-40335-space-rocket-ride\/#primaryimage","url":"https:\/\/collectin.eu\/wp-content\/uploads\/2026\/02\/Untitled-design-2026-02-23T113701.221.png","contentUrl":"https:\/\/collectin.eu\/wp-content\/uploads\/2026\/02\/Untitled-design-2026-02-23T113701.221.png","width":1080,"height":1080},{"@type":"BreadcrumbList","@id":"https:\/\/collectin.eu\/produktas\/lego-40335-space-rocket-ride\/#breadcrumb","itemListElement":[{"@type":"ListItem","position":1,"name":"Home","item":"https:\/\/collectin.eu\/"},{"@type":"ListItem","position":2,"name":"Parduotuv\u0117","item":"https:\/\/collectin.eu\/parduotuve\/"},{"@type":"ListItem","position":3,"name":"LEGO\u00ae 40335 Space Rocket Ride"}]},{"@type":"WebSite","@id":"https:\/\/collectin.eu\/#website","url":"https:\/\/collectin.eu\/","name":"Collectin.eu","description":"","potentialAction":[{"@type":"SearchAction","target":{"@type":"EntryPoint","urlTemplate":"https:\/\/collectin.eu\/?s={search_term_string}"},"query-input":{"@type":"PropertyValueSpecification","valueRequired":true,"valueName":"search_term_string"}}],"inLanguage":"en-US"}]}},"jetpack_sharing_enabled":true,"_links":{"self":[{"href":"https:\/\/collectin.eu\/en\/wp-json\/wp\/v2\/product\/39751","targetHints":{"allow":["GET"]}}],"collection":[{"href":"https:\/\/collectin.eu\/en\/wp-json\/wp\/v2\/product"}],"about":[{"href":"https:\/\/collectin.eu\/en\/wp-json\/wp\/v2\/types\/product"}],"replies":[{"embeddable":true,"href":"https:\/\/collectin.eu\/en\/wp-json\/wp\/v2\/comments?post=39751"}],"version-history":[{"count":2,"href":"https:\/\/collectin.eu\/en\/wp-json\/wp\/v2\/product\/39751\/revisions"}],"predecessor-version":[{"id":40449,"href":"https:\/\/collectin.eu\/en\/wp-json\/wp\/v2\/product\/39751\/revisions\/40449"}],"wp:featuredmedia":[{"embeddable":true,"href":"https:\/\/collectin.eu\/en\/wp-json\/wp\/v2\/media\/39752"}],"wp:attachment":[{"href":"https:\/\/collectin.eu\/en\/wp-json\/wp\/v2\/media?parent=39751"}],"wp:term":[{"taxonomy":"product_brand","embeddable":true,"href":"https:\/\/collectin.eu\/en\/wp-json\/wp\/v2\/product_brand?post=39751"},{"taxonomy":"product_cat","embeddable":true,"href":"https:\/\/collectin.eu\/en\/wp-json\/wp\/v2\/product_cat?post=39751"},{"taxonomy":"product_tag","embeddable":true,"href":"https:\/\/collectin.eu\/en\/wp-json\/wp\/v2\/product_tag?post=39751"}],"curies":[{"name":"wp","href":"https:\/\/api.w.org\/{rel}","templated":true}]}}