{"id":39756,"date":"2026-02-23T09:46:53","date_gmt":"2026-02-23T09:46:53","guid":{"rendered":"https:\/\/collectin.eu\/?post_type=product&#038;p=39756"},"modified":"2026-04-08T10:23:08","modified_gmt":"2026-04-08T10:23:08","slug":"lego-40416-ice-skating-rink","status":"publish","type":"product","link":"https:\/\/collectin.eu\/en\/product\/lego-40416-ice-skating-rink\/","title":{"rendered":"LEGO\u00ae 40416 Ice Skating Rink"},"content":{"rendered":"<p>LEGO\u00ae 40416 \u201eIce Skating Rink\u201c \u2013 tai \u0161ventin\u0117s nuotaikos kupinas \u017eiemos tematikos konstruktorius i\u0161 LEGO, sukurtas perteikti jauki\u0105 \u017eiemos pramog\u0173 scen\u0105 miniati\u016briniame formate. Rinkin\u012f sudaro kelios de\u0161imtys kruop\u0161\u010diai parinkt\u0173 detali\u0173, leid\u017eian\u010di\u0173 surinkti nedidel\u0119, bet detali\u0105 \u010diuo\u017eyklos aplink\u0105 su lygaus \u201eledo\u201c pavir\u0161iumi, dekoratyviniu \u017eibintu, suoliuku poilsiui ir \u017eiemi\u0161kais augalijos elementais. Komplekte esan\u010dios dvi minifig\u016br\u0117l\u0117s su pa\u010di\u016b\u017eomis suteikia scenai gyvyb\u0117s ir leid\u017eia atkurti linksm\u0105 \u010diuo\u017eimo akimirk\u0105, tod\u0117l modelis tinka tiek \u017eaidimui, tiek ekspozicijai. Subtilios spalvos, \u0161ventiniai akcentai ir kompakti\u0161kas dydis daro \u0161\u012f rinkin\u012f patraukl\u0173 kaip sezonin\u0119 dekoracij\u0105, kal\u0117din\u0117s kolekcijos dal\u012f ar simbolin\u0119 dovan\u0105 konstruktori\u0173 entuziastams, vertinantiems ma\u017eus, bet i\u0161rai\u0161kingus modelius.<\/p>","protected":false},"excerpt":{"rendered":"<p>LEGO\u00ae 40416 \u201eIce Skating Rink\u201c \u2013 tai \u0161ventin\u0117s nuotaikos kupinas \u017eiemos tematikos konstruktorius i\u0161 LEGO, sukurtas perteikti jauki\u0105 \u017eiemos pramog\u0173<\/p>","protected":false},"featured_media":39757,"comment_status":"open","ping_status":"closed","template":"","meta":[],"product_brand":[423],"product_cat":[677,406,659],"product_tag":[],"class_list":{"0":"post-39756","1":"product","2":"type-product","3":"status-publish","4":"has-post-thumbnail","6":"product_brand-lego","7":"product_cat-lego-konstruktoriai","8":"product_cat-lego","9":"product_cat-lego-other","11":"first","12":"instock","13":"taxable","14":"shipping-taxable","15":"purchasable","16":"product-type-simple"},"yoast_head":"<!-- This site is optimized with the Yoast SEO plugin v25.9 - https:\/\/yoast.com\/wordpress\/plugins\/seo\/ -->\n<title>LEGO\u00ae 40416 Ice Skating Rink - Collectin.eu<\/title>\n<meta name=\"description\" content=\"LEGO\u00ae 40416 \u201eIce Skating Rink\u201c yra \u017eiemi\u0161kos tematikos konstruktorius i\u0161 LEGO, skirtas sukurti jauki\u0105 \u0161ventin\u0119 scen\u0105 su \u010diuo\u017eykla ant ledo.\" \/>\n<meta name=\"robots\" content=\"index, follow, max-snippet:-1, max-image-preview:large, max-video-preview:-1\" \/>\n<link rel=\"canonical\" href=\"https:\/\/collectin.eu\/en\/product\/lego-40416-ice-skating-rink\/\" \/>\n<meta property=\"og:locale\" content=\"en_US\" \/>\n<meta property=\"og:type\" content=\"article\" \/>\n<meta property=\"og:title\" content=\"LEGO\u00ae 40416 Ice Skating Rink - Collectin.eu\" \/>\n<meta property=\"og:description\" content=\"LEGO\u00ae 40416 \u201eIce Skating Rink\u201c yra \u017eiemi\u0161kos tematikos konstruktorius i\u0161 LEGO, skirtas sukurti jauki\u0105 \u0161ventin\u0119 scen\u0105 su \u010diuo\u017eykla ant ledo.\" \/>\n<meta property=\"og:url\" content=\"https:\/\/collectin.eu\/en\/product\/lego-40416-ice-skating-rink\/\" \/>\n<meta property=\"og:site_name\" content=\"Collectin.eu\" \/>\n<meta property=\"article:modified_time\" content=\"2026-04-08T10:23:08+00:00\" \/>\n<meta property=\"og:image\" content=\"http:\/\/collectin.eu\/wp-content\/uploads\/2026\/02\/Untitled-design-2026-02-23T114622.400.png\" \/>\n\t<meta property=\"og:image:width\" content=\"1080\" \/>\n\t<meta property=\"og:image:height\" content=\"1080\" \/>\n\t<meta property=\"og:image:type\" content=\"image\/png\" \/>\n<meta name=\"twitter:card\" content=\"summary_large_image\" \/>\n<meta name=\"twitter:label1\" content=\"Est. reading time\" \/>\n\t<meta name=\"twitter:data1\" content=\"1 minute\" \/>\n<script type=\"application\/ld+json\" class=\"yoast-schema-graph\">{\"@context\":\"https:\/\/schema.org\",\"@graph\":[{\"@type\":\"WebPage\",\"@id\":\"https:\/\/collectin.eu\/produktas\/lego-40416-ice-skating-rink\/\",\"url\":\"https:\/\/collectin.eu\/produktas\/lego-40416-ice-skating-rink\/\",\"name\":\"LEGO\u00ae 40416 Ice Skating Rink - Collectin.eu\",\"isPartOf\":{\"@id\":\"https:\/\/collectin.eu\/#website\"},\"primaryImageOfPage\":{\"@id\":\"https:\/\/collectin.eu\/produktas\/lego-40416-ice-skating-rink\/#primaryimage\"},\"image\":{\"@id\":\"https:\/\/collectin.eu\/produktas\/lego-40416-ice-skating-rink\/#primaryimage\"},\"thumbnailUrl\":\"https:\/\/collectin.eu\/wp-content\/uploads\/2026\/02\/Untitled-design-2026-02-23T114622.400.png\",\"datePublished\":\"2026-02-23T09:46:53+00:00\",\"dateModified\":\"2026-04-08T10:23:08+00:00\",\"description\":\"LEGO\u00ae 40416 \u201eIce Skating Rink\u201c yra \u017eiemi\u0161kos tematikos konstruktorius i\u0161 LEGO, skirtas sukurti jauki\u0105 \u0161ventin\u0119 scen\u0105 su \u010diuo\u017eykla ant ledo.\",\"breadcrumb\":{\"@id\":\"https:\/\/collectin.eu\/produktas\/lego-40416-ice-skating-rink\/#breadcrumb\"},\"inLanguage\":\"en-US\",\"potentialAction\":[{\"@type\":\"ReadAction\",\"target\":[\"https:\/\/collectin.eu\/produktas\/lego-40416-ice-skating-rink\/\"]}]},{\"@type\":\"ImageObject\",\"inLanguage\":\"en-US\",\"@id\":\"https:\/\/collectin.eu\/produktas\/lego-40416-ice-skating-rink\/#primaryimage\",\"url\":\"https:\/\/collectin.eu\/wp-content\/uploads\/2026\/02\/Untitled-design-2026-02-23T114622.400.png\",\"contentUrl\":\"https:\/\/collectin.eu\/wp-content\/uploads\/2026\/02\/Untitled-design-2026-02-23T114622.400.png\",\"width\":1080,\"height\":1080},{\"@type\":\"BreadcrumbList\",\"@id\":\"https:\/\/collectin.eu\/produktas\/lego-40416-ice-skating-rink\/#breadcrumb\",\"itemListElement\":[{\"@type\":\"ListItem\",\"position\":1,\"name\":\"Home\",\"item\":\"https:\/\/collectin.eu\/\"},{\"@type\":\"ListItem\",\"position\":2,\"name\":\"Parduotuv\u0117\",\"item\":\"https:\/\/collectin.eu\/parduotuve\/\"},{\"@type\":\"ListItem\",\"position\":3,\"name\":\"LEGO\u00ae 40416 Ice Skating Rink\"}]},{\"@type\":\"WebSite\",\"@id\":\"https:\/\/collectin.eu\/#website\",\"url\":\"https:\/\/collectin.eu\/\",\"name\":\"Collectin.eu\",\"description\":\"\",\"potentialAction\":[{\"@type\":\"SearchAction\",\"target\":{\"@type\":\"EntryPoint\",\"urlTemplate\":\"https:\/\/collectin.eu\/?s={search_term_string}\"},\"query-input\":{\"@type\":\"PropertyValueSpecification\",\"valueRequired\":true,\"valueName\":\"search_term_string\"}}],\"inLanguage\":\"en-US\"}]}<\/script>\n<!-- \/ Yoast SEO plugin. -->","yoast_head_json":{"title":"LEGO\u00ae 40416 Ice Skating Rink - Collectin.eu","description":"LEGO\u00ae 40416 \u201eIce Skating Rink\u201c yra \u017eiemi\u0161kos tematikos konstruktorius i\u0161 LEGO, skirtas sukurti jauki\u0105 \u0161ventin\u0119 scen\u0105 su \u010diuo\u017eykla ant ledo.","robots":{"index":"index","follow":"follow","max-snippet":"max-snippet:-1","max-image-preview":"max-image-preview:large","max-video-preview":"max-video-preview:-1"},"canonical":"https:\/\/collectin.eu\/en\/product\/lego-40416-ice-skating-rink\/","og_locale":"en_US","og_type":"article","og_title":"LEGO\u00ae 40416 Ice Skating Rink - Collectin.eu","og_description":"LEGO\u00ae 40416 \u201eIce Skating Rink\u201c yra \u017eiemi\u0161kos tematikos konstruktorius i\u0161 LEGO, skirtas sukurti jauki\u0105 \u0161ventin\u0119 scen\u0105 su \u010diuo\u017eykla ant ledo.","og_url":"https:\/\/collectin.eu\/en\/product\/lego-40416-ice-skating-rink\/","og_site_name":"Collectin.eu","article_modified_time":"2026-04-08T10:23:08+00:00","og_image":[{"width":1080,"height":1080,"url":"http:\/\/collectin.eu\/wp-content\/uploads\/2026\/02\/Untitled-design-2026-02-23T114622.400.png","type":"image\/png"}],"twitter_card":"summary_large_image","twitter_misc":{"Est. reading time":"1 minute"},"schema":{"@context":"https:\/\/schema.org","@graph":[{"@type":"WebPage","@id":"https:\/\/collectin.eu\/produktas\/lego-40416-ice-skating-rink\/","url":"https:\/\/collectin.eu\/produktas\/lego-40416-ice-skating-rink\/","name":"LEGO\u00ae 40416 Ice Skating Rink - Collectin.eu","isPartOf":{"@id":"https:\/\/collectin.eu\/#website"},"primaryImageOfPage":{"@id":"https:\/\/collectin.eu\/produktas\/lego-40416-ice-skating-rink\/#primaryimage"},"image":{"@id":"https:\/\/collectin.eu\/produktas\/lego-40416-ice-skating-rink\/#primaryimage"},"thumbnailUrl":"https:\/\/collectin.eu\/wp-content\/uploads\/2026\/02\/Untitled-design-2026-02-23T114622.400.png","datePublished":"2026-02-23T09:46:53+00:00","dateModified":"2026-04-08T10:23:08+00:00","description":"LEGO\u00ae 40416 \u201eIce Skating Rink\u201c yra \u017eiemi\u0161kos tematikos konstruktorius i\u0161 LEGO, skirtas sukurti jauki\u0105 \u0161ventin\u0119 scen\u0105 su \u010diuo\u017eykla ant ledo.","breadcrumb":{"@id":"https:\/\/collectin.eu\/produktas\/lego-40416-ice-skating-rink\/#breadcrumb"},"inLanguage":"en-US","potentialAction":[{"@type":"ReadAction","target":["https:\/\/collectin.eu\/produktas\/lego-40416-ice-skating-rink\/"]}]},{"@type":"ImageObject","inLanguage":"en-US","@id":"https:\/\/collectin.eu\/produktas\/lego-40416-ice-skating-rink\/#primaryimage","url":"https:\/\/collectin.eu\/wp-content\/uploads\/2026\/02\/Untitled-design-2026-02-23T114622.400.png","contentUrl":"https:\/\/collectin.eu\/wp-content\/uploads\/2026\/02\/Untitled-design-2026-02-23T114622.400.png","width":1080,"height":1080},{"@type":"BreadcrumbList","@id":"https:\/\/collectin.eu\/produktas\/lego-40416-ice-skating-rink\/#breadcrumb","itemListElement":[{"@type":"ListItem","position":1,"name":"Home","item":"https:\/\/collectin.eu\/"},{"@type":"ListItem","position":2,"name":"Parduotuv\u0117","item":"https:\/\/collectin.eu\/parduotuve\/"},{"@type":"ListItem","position":3,"name":"LEGO\u00ae 40416 Ice Skating Rink"}]},{"@type":"WebSite","@id":"https:\/\/collectin.eu\/#website","url":"https:\/\/collectin.eu\/","name":"Collectin.eu","description":"","potentialAction":[{"@type":"SearchAction","target":{"@type":"EntryPoint","urlTemplate":"https:\/\/collectin.eu\/?s={search_term_string}"},"query-input":{"@type":"PropertyValueSpecification","valueRequired":true,"valueName":"search_term_string"}}],"inLanguage":"en-US"}]}},"jetpack_sharing_enabled":true,"_links":{"self":[{"href":"https:\/\/collectin.eu\/en\/wp-json\/wp\/v2\/product\/39756","targetHints":{"allow":["GET"]}}],"collection":[{"href":"https:\/\/collectin.eu\/en\/wp-json\/wp\/v2\/product"}],"about":[{"href":"https:\/\/collectin.eu\/en\/wp-json\/wp\/v2\/types\/product"}],"replies":[{"embeddable":true,"href":"https:\/\/collectin.eu\/en\/wp-json\/wp\/v2\/comments?post=39756"}],"version-history":[{"count":2,"href":"https:\/\/collectin.eu\/en\/wp-json\/wp\/v2\/product\/39756\/revisions"}],"predecessor-version":[{"id":40450,"href":"https:\/\/collectin.eu\/en\/wp-json\/wp\/v2\/product\/39756\/revisions\/40450"}],"wp:featuredmedia":[{"embeddable":true,"href":"https:\/\/collectin.eu\/en\/wp-json\/wp\/v2\/media\/39757"}],"wp:attachment":[{"href":"https:\/\/collectin.eu\/en\/wp-json\/wp\/v2\/media?parent=39756"}],"wp:term":[{"taxonomy":"product_brand","embeddable":true,"href":"https:\/\/collectin.eu\/en\/wp-json\/wp\/v2\/product_brand?post=39756"},{"taxonomy":"product_cat","embeddable":true,"href":"https:\/\/collectin.eu\/en\/wp-json\/wp\/v2\/product_cat?post=39756"},{"taxonomy":"product_tag","embeddable":true,"href":"https:\/\/collectin.eu\/en\/wp-json\/wp\/v2\/product_tag?post=39756"}],"curies":[{"name":"wp","href":"https:\/\/api.w.org\/{rel}","templated":true}]}}