{"id":39761,"date":"2026-02-23T09:51:53","date_gmt":"2026-02-23T09:51:53","guid":{"rendered":"https:\/\/collectin.eu\/?post_type=product&#038;p=39761"},"modified":"2026-04-08T10:23:08","modified_gmt":"2026-04-08T10:23:08","slug":"lego-60287-tractor","status":"publish","type":"product","link":"https:\/\/collectin.eu\/en\/product\/lego-60287-tractor\/","title":{"rendered":"LEGO\u00ae 60287 Tractor"},"content":{"rendered":"<p>LEGO City did\u017ei\u0173j\u0173 transporto priemoni\u0173 rinkiniai i\u0161siskiria tikrovi\u0161komis ma\u0161inomis su smagiais persona\u017eais, kurie \u012fkvepia \u017eaisti. Vaikai gali susipa\u017einti su m\u0117gstamomis transporto priemon\u0117mis ir lavinti fizinius \u012fg\u016bd\u017eius bei \u012fgyti pasitik\u0117jimo savimi.<\/p>\n<ul>\n<li>Pad\u0117kite k\u016brybi\u0161kumui kopti auk\u0161tyn su \u0161iuo legendiniu LEGO\u00ae City Traktoriaus (60287) \u017eaidimo rinkiniu, kuris taps \u012fsp\u016bdinga pa\u017eintimi su \u012fsp\u016bdingu LEGO City pasauliu. Idealiai tinka berniukams ir mergait\u0117ms nuo 5 met\u0173 am\u017eiaus.<\/li>\n<li>Kas yra d\u0117\u017eut\u0117je? Viskas, ko vaikams reikia sukurti \u0161aun\u0173 traktori\u0173 su daugybe tikrovi\u0161k\u0173 ypatybi\u0173, bei 2 \u0161ieno ritiniai, dar\u017eovi\u0173 element\u0173 d\u0117\u017e\u0117, \u016bkininko ir jo dukters minifig\u016br\u0117l\u0117s bei triu\u0161io fig\u016br\u0117l\u0117.<\/li>\n<li>\u0160is LEGO\u00ae City Traktoriaus (60287) \u017eaislas turi mil\u017eini\u0161kas galines padangas, lankst\u0173 kau\u0161\u0105, pakeliam\u0105 str\u0117l\u0119 ir kabin\u0105 minifig\u016br\u0117lei. Vaikai gali j\u012f derinti su kitais LEGO \u017eaidimo rinkiniais smagiam \u017eaidimui ir \u0161auniam eksponavimui.<\/li>\n<\/ul>","protected":false},"excerpt":{"rendered":"<p>LEGO City did\u017ei\u0173j\u0173 transporto priemoni\u0173 rinkiniai i\u0161siskiria tikrovi\u0161komis ma\u0161inomis su smagiais persona\u017eais, kurie \u012fkvepia \u017eaisti. Vaikai gali susipa\u017einti su m\u0117gstamomis<\/p>","protected":false},"featured_media":39762,"comment_status":"open","ping_status":"closed","template":"","meta":[],"product_brand":[423],"product_cat":[677,406,658],"product_tag":[],"class_list":{"0":"post-39761","1":"product","2":"type-product","3":"status-publish","4":"has-post-thumbnail","6":"product_brand-lego","7":"product_cat-lego-konstruktoriai","8":"product_cat-lego","9":"product_cat-lego-city","11":"first","12":"instock","13":"taxable","14":"shipping-taxable","15":"purchasable","16":"product-type-simple"},"yoast_head":"<!-- This site is optimized with the Yoast SEO plugin v25.9 - https:\/\/yoast.com\/wordpress\/plugins\/seo\/ -->\n<title>LEGO\u00ae 60287 Tractor - Collectin.eu<\/title>\n<meta name=\"description\" content=\"LEGO City did\u017ei\u0173j\u0173 transporto priemoni\u0173 rinkiniai i\u0161siskiria tikrovi\u0161komis ma\u0161inomis su smagiais persona\u017eais, kurie \u012fkvepia \u017eaisti.\" \/>\n<meta name=\"robots\" content=\"index, follow, max-snippet:-1, max-image-preview:large, max-video-preview:-1\" \/>\n<link rel=\"canonical\" href=\"https:\/\/collectin.eu\/en\/product\/lego-60287-tractor\/\" \/>\n<meta property=\"og:locale\" content=\"en_US\" \/>\n<meta property=\"og:type\" content=\"article\" \/>\n<meta property=\"og:title\" content=\"LEGO\u00ae 60287 Tractor - Collectin.eu\" \/>\n<meta property=\"og:description\" content=\"LEGO City did\u017ei\u0173j\u0173 transporto priemoni\u0173 rinkiniai i\u0161siskiria tikrovi\u0161komis ma\u0161inomis su smagiais persona\u017eais, kurie \u012fkvepia \u017eaisti.\" \/>\n<meta property=\"og:url\" content=\"https:\/\/collectin.eu\/en\/product\/lego-60287-tractor\/\" \/>\n<meta property=\"og:site_name\" content=\"Collectin.eu\" \/>\n<meta property=\"article:modified_time\" content=\"2026-04-08T10:23:08+00:00\" \/>\n<meta property=\"og:image\" content=\"http:\/\/collectin.eu\/wp-content\/uploads\/2026\/02\/Untitled-design-2026-02-23T114910.135.png\" \/>\n\t<meta property=\"og:image:width\" content=\"1080\" \/>\n\t<meta property=\"og:image:height\" content=\"1080\" \/>\n\t<meta property=\"og:image:type\" content=\"image\/png\" \/>\n<meta name=\"twitter:card\" content=\"summary_large_image\" \/>\n<meta name=\"twitter:label1\" content=\"Est. reading time\" \/>\n\t<meta name=\"twitter:data1\" content=\"1 minute\" \/>\n<script type=\"application\/ld+json\" class=\"yoast-schema-graph\">{\"@context\":\"https:\/\/schema.org\",\"@graph\":[{\"@type\":\"WebPage\",\"@id\":\"https:\/\/collectin.eu\/produktas\/lego-60287-tractor\/\",\"url\":\"https:\/\/collectin.eu\/produktas\/lego-60287-tractor\/\",\"name\":\"LEGO\u00ae 60287 Tractor - Collectin.eu\",\"isPartOf\":{\"@id\":\"https:\/\/collectin.eu\/#website\"},\"primaryImageOfPage\":{\"@id\":\"https:\/\/collectin.eu\/produktas\/lego-60287-tractor\/#primaryimage\"},\"image\":{\"@id\":\"https:\/\/collectin.eu\/produktas\/lego-60287-tractor\/#primaryimage\"},\"thumbnailUrl\":\"https:\/\/collectin.eu\/wp-content\/uploads\/2026\/02\/Untitled-design-2026-02-23T114910.135.png\",\"datePublished\":\"2026-02-23T09:51:53+00:00\",\"dateModified\":\"2026-04-08T10:23:08+00:00\",\"description\":\"LEGO City did\u017ei\u0173j\u0173 transporto priemoni\u0173 rinkiniai i\u0161siskiria tikrovi\u0161komis ma\u0161inomis su smagiais persona\u017eais, kurie \u012fkvepia \u017eaisti.\",\"breadcrumb\":{\"@id\":\"https:\/\/collectin.eu\/produktas\/lego-60287-tractor\/#breadcrumb\"},\"inLanguage\":\"en-US\",\"potentialAction\":[{\"@type\":\"ReadAction\",\"target\":[\"https:\/\/collectin.eu\/produktas\/lego-60287-tractor\/\"]}]},{\"@type\":\"ImageObject\",\"inLanguage\":\"en-US\",\"@id\":\"https:\/\/collectin.eu\/produktas\/lego-60287-tractor\/#primaryimage\",\"url\":\"https:\/\/collectin.eu\/wp-content\/uploads\/2026\/02\/Untitled-design-2026-02-23T114910.135.png\",\"contentUrl\":\"https:\/\/collectin.eu\/wp-content\/uploads\/2026\/02\/Untitled-design-2026-02-23T114910.135.png\",\"width\":1080,\"height\":1080},{\"@type\":\"BreadcrumbList\",\"@id\":\"https:\/\/collectin.eu\/produktas\/lego-60287-tractor\/#breadcrumb\",\"itemListElement\":[{\"@type\":\"ListItem\",\"position\":1,\"name\":\"Home\",\"item\":\"https:\/\/collectin.eu\/\"},{\"@type\":\"ListItem\",\"position\":2,\"name\":\"Parduotuv\u0117\",\"item\":\"https:\/\/collectin.eu\/parduotuve\/\"},{\"@type\":\"ListItem\",\"position\":3,\"name\":\"LEGO\u00ae 60287 Tractor\"}]},{\"@type\":\"WebSite\",\"@id\":\"https:\/\/collectin.eu\/#website\",\"url\":\"https:\/\/collectin.eu\/\",\"name\":\"Collectin.eu\",\"description\":\"\",\"potentialAction\":[{\"@type\":\"SearchAction\",\"target\":{\"@type\":\"EntryPoint\",\"urlTemplate\":\"https:\/\/collectin.eu\/?s={search_term_string}\"},\"query-input\":{\"@type\":\"PropertyValueSpecification\",\"valueRequired\":true,\"valueName\":\"search_term_string\"}}],\"inLanguage\":\"en-US\"}]}<\/script>\n<!-- \/ Yoast SEO plugin. -->","yoast_head_json":{"title":"LEGO\u00ae 60287 Tractor - Collectin.eu","description":"LEGO City did\u017ei\u0173j\u0173 transporto priemoni\u0173 rinkiniai i\u0161siskiria tikrovi\u0161komis ma\u0161inomis su smagiais persona\u017eais, kurie \u012fkvepia \u017eaisti.","robots":{"index":"index","follow":"follow","max-snippet":"max-snippet:-1","max-image-preview":"max-image-preview:large","max-video-preview":"max-video-preview:-1"},"canonical":"https:\/\/collectin.eu\/en\/product\/lego-60287-tractor\/","og_locale":"en_US","og_type":"article","og_title":"LEGO\u00ae 60287 Tractor - Collectin.eu","og_description":"LEGO City did\u017ei\u0173j\u0173 transporto priemoni\u0173 rinkiniai i\u0161siskiria tikrovi\u0161komis ma\u0161inomis su smagiais persona\u017eais, kurie \u012fkvepia \u017eaisti.","og_url":"https:\/\/collectin.eu\/en\/product\/lego-60287-tractor\/","og_site_name":"Collectin.eu","article_modified_time":"2026-04-08T10:23:08+00:00","og_image":[{"width":1080,"height":1080,"url":"http:\/\/collectin.eu\/wp-content\/uploads\/2026\/02\/Untitled-design-2026-02-23T114910.135.png","type":"image\/png"}],"twitter_card":"summary_large_image","twitter_misc":{"Est. reading time":"1 minute"},"schema":{"@context":"https:\/\/schema.org","@graph":[{"@type":"WebPage","@id":"https:\/\/collectin.eu\/produktas\/lego-60287-tractor\/","url":"https:\/\/collectin.eu\/produktas\/lego-60287-tractor\/","name":"LEGO\u00ae 60287 Tractor - Collectin.eu","isPartOf":{"@id":"https:\/\/collectin.eu\/#website"},"primaryImageOfPage":{"@id":"https:\/\/collectin.eu\/produktas\/lego-60287-tractor\/#primaryimage"},"image":{"@id":"https:\/\/collectin.eu\/produktas\/lego-60287-tractor\/#primaryimage"},"thumbnailUrl":"https:\/\/collectin.eu\/wp-content\/uploads\/2026\/02\/Untitled-design-2026-02-23T114910.135.png","datePublished":"2026-02-23T09:51:53+00:00","dateModified":"2026-04-08T10:23:08+00:00","description":"LEGO City did\u017ei\u0173j\u0173 transporto priemoni\u0173 rinkiniai i\u0161siskiria tikrovi\u0161komis ma\u0161inomis su smagiais persona\u017eais, kurie \u012fkvepia \u017eaisti.","breadcrumb":{"@id":"https:\/\/collectin.eu\/produktas\/lego-60287-tractor\/#breadcrumb"},"inLanguage":"en-US","potentialAction":[{"@type":"ReadAction","target":["https:\/\/collectin.eu\/produktas\/lego-60287-tractor\/"]}]},{"@type":"ImageObject","inLanguage":"en-US","@id":"https:\/\/collectin.eu\/produktas\/lego-60287-tractor\/#primaryimage","url":"https:\/\/collectin.eu\/wp-content\/uploads\/2026\/02\/Untitled-design-2026-02-23T114910.135.png","contentUrl":"https:\/\/collectin.eu\/wp-content\/uploads\/2026\/02\/Untitled-design-2026-02-23T114910.135.png","width":1080,"height":1080},{"@type":"BreadcrumbList","@id":"https:\/\/collectin.eu\/produktas\/lego-60287-tractor\/#breadcrumb","itemListElement":[{"@type":"ListItem","position":1,"name":"Home","item":"https:\/\/collectin.eu\/"},{"@type":"ListItem","position":2,"name":"Parduotuv\u0117","item":"https:\/\/collectin.eu\/parduotuve\/"},{"@type":"ListItem","position":3,"name":"LEGO\u00ae 60287 Tractor"}]},{"@type":"WebSite","@id":"https:\/\/collectin.eu\/#website","url":"https:\/\/collectin.eu\/","name":"Collectin.eu","description":"","potentialAction":[{"@type":"SearchAction","target":{"@type":"EntryPoint","urlTemplate":"https:\/\/collectin.eu\/?s={search_term_string}"},"query-input":{"@type":"PropertyValueSpecification","valueRequired":true,"valueName":"search_term_string"}}],"inLanguage":"en-US"}]}},"jetpack_sharing_enabled":true,"_links":{"self":[{"href":"https:\/\/collectin.eu\/en\/wp-json\/wp\/v2\/product\/39761","targetHints":{"allow":["GET"]}}],"collection":[{"href":"https:\/\/collectin.eu\/en\/wp-json\/wp\/v2\/product"}],"about":[{"href":"https:\/\/collectin.eu\/en\/wp-json\/wp\/v2\/types\/product"}],"replies":[{"embeddable":true,"href":"https:\/\/collectin.eu\/en\/wp-json\/wp\/v2\/comments?post=39761"}],"version-history":[{"count":2,"href":"https:\/\/collectin.eu\/en\/wp-json\/wp\/v2\/product\/39761\/revisions"}],"predecessor-version":[{"id":40451,"href":"https:\/\/collectin.eu\/en\/wp-json\/wp\/v2\/product\/39761\/revisions\/40451"}],"wp:featuredmedia":[{"embeddable":true,"href":"https:\/\/collectin.eu\/en\/wp-json\/wp\/v2\/media\/39762"}],"wp:attachment":[{"href":"https:\/\/collectin.eu\/en\/wp-json\/wp\/v2\/media?parent=39761"}],"wp:term":[{"taxonomy":"product_brand","embeddable":true,"href":"https:\/\/collectin.eu\/en\/wp-json\/wp\/v2\/product_brand?post=39761"},{"taxonomy":"product_cat","embeddable":true,"href":"https:\/\/collectin.eu\/en\/wp-json\/wp\/v2\/product_cat?post=39761"},{"taxonomy":"product_tag","embeddable":true,"href":"https:\/\/collectin.eu\/en\/wp-json\/wp\/v2\/product_tag?post=39761"}],"curies":[{"name":"wp","href":"https:\/\/api.w.org\/{rel}","templated":true}]}}