{"id":39773,"date":"2026-02-23T10:01:17","date_gmt":"2026-02-23T10:01:17","guid":{"rendered":"https:\/\/collectin.eu\/?post_type=product&#038;p=39773"},"modified":"2026-04-08T10:22:19","modified_gmt":"2026-04-08T10:22:19","slug":"lego-60373-fire-rescue-boat","status":"publish","type":"product","link":"https:\/\/collectin.eu\/en\/product\/lego-60373-fire-rescue-boat\/","title":{"rendered":"LEGO\u00ae 60373 Fire Rescue Boat"},"content":{"rendered":"<p>LEGO City \u017eaidimo rinkiniai suteikia \u0161auni\u0105 konstravimo ir \u017eaidimo patirt\u012f su ypatybi\u0173 gausiais pastatais, tikrovi\u0161komis transporto priemon\u0117ms ir smagiais persona\u017eais, kurie \u012fkv\u0117ps k\u016brybi\u0161kai ir linksmai \u017eaisti veiksmo kupin\u0105 \u017eaidim\u0105.<\/p>\n<ul>\n<li>\u017daislinis ugniagesi\u0173 kateris. Su \u0161iuo LEGO\u00ae City Ugniagesi\u0173 katerio (60373) \u017eaidimo rinkiniu laukia i\u0161tisos valandos ugniagesi\u0173 nuotyki\u0173<\/li>\n<li>Kas yra d\u0117\u017eut\u0117je? Viskas, ko reikia sukonstruoti ugniagesi\u0173 kater\u012f ir motorin\u0119 valt\u012f bei 4 minifig\u016br\u0117l\u0117s su smagiais priedais, \u012fskaitant ugniagesi\u0173 reaktyvin\u0119 kuprin\u0119<\/li>\n<li>Ypatyb\u0117s ir funkcijos. Vaikai gali svaidyti LEGO\u00ae vandens elementus i\u0161 ugniagesi\u0173 katerio gesintuv\u0173 ir ugniagesi\u0173 reaktyvin\u0117s kuprin\u0117s<\/li>\n<li>Dovana bet kokia proga. Dovanokite gimtadienio, \u0161vent\u0117s arba bet kokia proga vaikams nuo 5 met\u0173, kuriems patinka \u0161aun\u016bs veiksmo \u017eaislai<\/li>\n<\/ul>","protected":false},"excerpt":{"rendered":"<p>LEGO City \u017eaidimo rinkiniai suteikia \u0161auni\u0105 konstravimo ir \u017eaidimo patirt\u012f su ypatybi\u0173 gausiais pastatais, tikrovi\u0161komis transporto priemon\u0117ms ir smagiais persona\u017eais,<\/p>","protected":false},"featured_media":39774,"comment_status":"open","ping_status":"closed","template":"","meta":[],"product_brand":[423],"product_cat":[677,406,658],"product_tag":[],"class_list":{"0":"post-39773","1":"product","2":"type-product","3":"status-publish","4":"has-post-thumbnail","6":"product_brand-lego","7":"product_cat-lego-konstruktoriai","8":"product_cat-lego","9":"product_cat-lego-city","11":"first","12":"instock","13":"taxable","14":"shipping-taxable","15":"purchasable","16":"product-type-simple"},"yoast_head":"<!-- This site is optimized with the Yoast SEO plugin v25.9 - https:\/\/yoast.com\/wordpress\/plugins\/seo\/ -->\n<title>LEGO\u00ae 60373 Fire Rescue Boat - Collectin.eu<\/title>\n<meta name=\"description\" content=\"Su \u0161iuo LEGO\u00ae City Ugniagesi\u0173 katerio (60373) \u017eaidimo rinkiniu, kur\u012f sudaro \u0161aunus ugniagesi\u0173 kateris ir motorin\u0117 valtis, laukia \u012fsp\u016bdingi ugniagesi\u0173 nuotykiai.\" \/>\n<meta name=\"robots\" content=\"index, follow, max-snippet:-1, max-image-preview:large, max-video-preview:-1\" \/>\n<link rel=\"canonical\" href=\"https:\/\/collectin.eu\/en\/product\/lego-60373-fire-rescue-boat\/\" \/>\n<meta property=\"og:locale\" content=\"en_US\" \/>\n<meta property=\"og:type\" content=\"article\" \/>\n<meta property=\"og:title\" content=\"LEGO\u00ae 60373 Fire Rescue Boat - Collectin.eu\" \/>\n<meta property=\"og:description\" content=\"Su \u0161iuo LEGO\u00ae City Ugniagesi\u0173 katerio (60373) \u017eaidimo rinkiniu, kur\u012f sudaro \u0161aunus ugniagesi\u0173 kateris ir motorin\u0117 valtis, laukia \u012fsp\u016bdingi ugniagesi\u0173 nuotykiai.\" \/>\n<meta property=\"og:url\" content=\"https:\/\/collectin.eu\/en\/product\/lego-60373-fire-rescue-boat\/\" \/>\n<meta property=\"og:site_name\" content=\"Collectin.eu\" \/>\n<meta property=\"article:modified_time\" content=\"2026-04-08T10:22:19+00:00\" \/>\n<meta property=\"og:image\" content=\"http:\/\/collectin.eu\/wp-content\/uploads\/2026\/02\/Untitled-design-2026-02-23T115759.912.png\" \/>\n\t<meta property=\"og:image:width\" content=\"1080\" \/>\n\t<meta property=\"og:image:height\" content=\"1080\" \/>\n\t<meta property=\"og:image:type\" content=\"image\/png\" \/>\n<meta name=\"twitter:card\" content=\"summary_large_image\" \/>\n<meta name=\"twitter:label1\" content=\"Est. reading time\" \/>\n\t<meta name=\"twitter:data1\" content=\"1 minute\" \/>\n<script type=\"application\/ld+json\" class=\"yoast-schema-graph\">{\"@context\":\"https:\/\/schema.org\",\"@graph\":[{\"@type\":\"WebPage\",\"@id\":\"https:\/\/collectin.eu\/produktas\/lego-60373-fire-rescue-boat\/\",\"url\":\"https:\/\/collectin.eu\/produktas\/lego-60373-fire-rescue-boat\/\",\"name\":\"LEGO\u00ae 60373 Fire Rescue Boat - Collectin.eu\",\"isPartOf\":{\"@id\":\"https:\/\/collectin.eu\/#website\"},\"primaryImageOfPage\":{\"@id\":\"https:\/\/collectin.eu\/produktas\/lego-60373-fire-rescue-boat\/#primaryimage\"},\"image\":{\"@id\":\"https:\/\/collectin.eu\/produktas\/lego-60373-fire-rescue-boat\/#primaryimage\"},\"thumbnailUrl\":\"https:\/\/collectin.eu\/wp-content\/uploads\/2026\/02\/Untitled-design-2026-02-23T115759.912.png\",\"datePublished\":\"2026-02-23T10:01:17+00:00\",\"dateModified\":\"2026-04-08T10:22:19+00:00\",\"description\":\"Su \u0161iuo LEGO\u00ae City Ugniagesi\u0173 katerio (60373) \u017eaidimo rinkiniu, kur\u012f sudaro \u0161aunus ugniagesi\u0173 kateris ir motorin\u0117 valtis, laukia \u012fsp\u016bdingi ugniagesi\u0173 nuotykiai.\",\"breadcrumb\":{\"@id\":\"https:\/\/collectin.eu\/produktas\/lego-60373-fire-rescue-boat\/#breadcrumb\"},\"inLanguage\":\"en-US\",\"potentialAction\":[{\"@type\":\"ReadAction\",\"target\":[\"https:\/\/collectin.eu\/produktas\/lego-60373-fire-rescue-boat\/\"]}]},{\"@type\":\"ImageObject\",\"inLanguage\":\"en-US\",\"@id\":\"https:\/\/collectin.eu\/produktas\/lego-60373-fire-rescue-boat\/#primaryimage\",\"url\":\"https:\/\/collectin.eu\/wp-content\/uploads\/2026\/02\/Untitled-design-2026-02-23T115759.912.png\",\"contentUrl\":\"https:\/\/collectin.eu\/wp-content\/uploads\/2026\/02\/Untitled-design-2026-02-23T115759.912.png\",\"width\":1080,\"height\":1080},{\"@type\":\"BreadcrumbList\",\"@id\":\"https:\/\/collectin.eu\/produktas\/lego-60373-fire-rescue-boat\/#breadcrumb\",\"itemListElement\":[{\"@type\":\"ListItem\",\"position\":1,\"name\":\"Home\",\"item\":\"https:\/\/collectin.eu\/\"},{\"@type\":\"ListItem\",\"position\":2,\"name\":\"Parduotuv\u0117\",\"item\":\"https:\/\/collectin.eu\/parduotuve\/\"},{\"@type\":\"ListItem\",\"position\":3,\"name\":\"LEGO\u00ae 60373 Fire Rescue Boat\"}]},{\"@type\":\"WebSite\",\"@id\":\"https:\/\/collectin.eu\/#website\",\"url\":\"https:\/\/collectin.eu\/\",\"name\":\"Collectin.eu\",\"description\":\"\",\"potentialAction\":[{\"@type\":\"SearchAction\",\"target\":{\"@type\":\"EntryPoint\",\"urlTemplate\":\"https:\/\/collectin.eu\/?s={search_term_string}\"},\"query-input\":{\"@type\":\"PropertyValueSpecification\",\"valueRequired\":true,\"valueName\":\"search_term_string\"}}],\"inLanguage\":\"en-US\"}]}<\/script>\n<!-- \/ Yoast SEO plugin. -->","yoast_head_json":{"title":"LEGO\u00ae 60373 Fire Rescue Boat - Collectin.eu","description":"Su \u0161iuo LEGO\u00ae City Ugniagesi\u0173 katerio (60373) \u017eaidimo rinkiniu, kur\u012f sudaro \u0161aunus ugniagesi\u0173 kateris ir motorin\u0117 valtis, laukia \u012fsp\u016bdingi ugniagesi\u0173 nuotykiai.","robots":{"index":"index","follow":"follow","max-snippet":"max-snippet:-1","max-image-preview":"max-image-preview:large","max-video-preview":"max-video-preview:-1"},"canonical":"https:\/\/collectin.eu\/en\/product\/lego-60373-fire-rescue-boat\/","og_locale":"en_US","og_type":"article","og_title":"LEGO\u00ae 60373 Fire Rescue Boat - Collectin.eu","og_description":"Su \u0161iuo LEGO\u00ae City Ugniagesi\u0173 katerio (60373) \u017eaidimo rinkiniu, kur\u012f sudaro \u0161aunus ugniagesi\u0173 kateris ir motorin\u0117 valtis, laukia \u012fsp\u016bdingi ugniagesi\u0173 nuotykiai.","og_url":"https:\/\/collectin.eu\/en\/product\/lego-60373-fire-rescue-boat\/","og_site_name":"Collectin.eu","article_modified_time":"2026-04-08T10:22:19+00:00","og_image":[{"width":1080,"height":1080,"url":"http:\/\/collectin.eu\/wp-content\/uploads\/2026\/02\/Untitled-design-2026-02-23T115759.912.png","type":"image\/png"}],"twitter_card":"summary_large_image","twitter_misc":{"Est. reading time":"1 minute"},"schema":{"@context":"https:\/\/schema.org","@graph":[{"@type":"WebPage","@id":"https:\/\/collectin.eu\/produktas\/lego-60373-fire-rescue-boat\/","url":"https:\/\/collectin.eu\/produktas\/lego-60373-fire-rescue-boat\/","name":"LEGO\u00ae 60373 Fire Rescue Boat - Collectin.eu","isPartOf":{"@id":"https:\/\/collectin.eu\/#website"},"primaryImageOfPage":{"@id":"https:\/\/collectin.eu\/produktas\/lego-60373-fire-rescue-boat\/#primaryimage"},"image":{"@id":"https:\/\/collectin.eu\/produktas\/lego-60373-fire-rescue-boat\/#primaryimage"},"thumbnailUrl":"https:\/\/collectin.eu\/wp-content\/uploads\/2026\/02\/Untitled-design-2026-02-23T115759.912.png","datePublished":"2026-02-23T10:01:17+00:00","dateModified":"2026-04-08T10:22:19+00:00","description":"Su \u0161iuo LEGO\u00ae City Ugniagesi\u0173 katerio (60373) \u017eaidimo rinkiniu, kur\u012f sudaro \u0161aunus ugniagesi\u0173 kateris ir motorin\u0117 valtis, laukia \u012fsp\u016bdingi ugniagesi\u0173 nuotykiai.","breadcrumb":{"@id":"https:\/\/collectin.eu\/produktas\/lego-60373-fire-rescue-boat\/#breadcrumb"},"inLanguage":"en-US","potentialAction":[{"@type":"ReadAction","target":["https:\/\/collectin.eu\/produktas\/lego-60373-fire-rescue-boat\/"]}]},{"@type":"ImageObject","inLanguage":"en-US","@id":"https:\/\/collectin.eu\/produktas\/lego-60373-fire-rescue-boat\/#primaryimage","url":"https:\/\/collectin.eu\/wp-content\/uploads\/2026\/02\/Untitled-design-2026-02-23T115759.912.png","contentUrl":"https:\/\/collectin.eu\/wp-content\/uploads\/2026\/02\/Untitled-design-2026-02-23T115759.912.png","width":1080,"height":1080},{"@type":"BreadcrumbList","@id":"https:\/\/collectin.eu\/produktas\/lego-60373-fire-rescue-boat\/#breadcrumb","itemListElement":[{"@type":"ListItem","position":1,"name":"Home","item":"https:\/\/collectin.eu\/"},{"@type":"ListItem","position":2,"name":"Parduotuv\u0117","item":"https:\/\/collectin.eu\/parduotuve\/"},{"@type":"ListItem","position":3,"name":"LEGO\u00ae 60373 Fire Rescue Boat"}]},{"@type":"WebSite","@id":"https:\/\/collectin.eu\/#website","url":"https:\/\/collectin.eu\/","name":"Collectin.eu","description":"","potentialAction":[{"@type":"SearchAction","target":{"@type":"EntryPoint","urlTemplate":"https:\/\/collectin.eu\/?s={search_term_string}"},"query-input":{"@type":"PropertyValueSpecification","valueRequired":true,"valueName":"search_term_string"}}],"inLanguage":"en-US"}]}},"jetpack_sharing_enabled":true,"_links":{"self":[{"href":"https:\/\/collectin.eu\/en\/wp-json\/wp\/v2\/product\/39773","targetHints":{"allow":["GET"]}}],"collection":[{"href":"https:\/\/collectin.eu\/en\/wp-json\/wp\/v2\/product"}],"about":[{"href":"https:\/\/collectin.eu\/en\/wp-json\/wp\/v2\/types\/product"}],"replies":[{"embeddable":true,"href":"https:\/\/collectin.eu\/en\/wp-json\/wp\/v2\/comments?post=39773"}],"version-history":[{"count":2,"href":"https:\/\/collectin.eu\/en\/wp-json\/wp\/v2\/product\/39773\/revisions"}],"predecessor-version":[{"id":40453,"href":"https:\/\/collectin.eu\/en\/wp-json\/wp\/v2\/product\/39773\/revisions\/40453"}],"wp:featuredmedia":[{"embeddable":true,"href":"https:\/\/collectin.eu\/en\/wp-json\/wp\/v2\/media\/39774"}],"wp:attachment":[{"href":"https:\/\/collectin.eu\/en\/wp-json\/wp\/v2\/media?parent=39773"}],"wp:term":[{"taxonomy":"product_brand","embeddable":true,"href":"https:\/\/collectin.eu\/en\/wp-json\/wp\/v2\/product_brand?post=39773"},{"taxonomy":"product_cat","embeddable":true,"href":"https:\/\/collectin.eu\/en\/wp-json\/wp\/v2\/product_cat?post=39773"},{"taxonomy":"product_tag","embeddable":true,"href":"https:\/\/collectin.eu\/en\/wp-json\/wp\/v2\/product_tag?post=39773"}],"curies":[{"name":"wp","href":"https:\/\/api.w.org\/{rel}","templated":true}]}}