{"id":39778,"date":"2026-02-23T10:07:01","date_gmt":"2026-02-23T10:07:01","guid":{"rendered":"https:\/\/collectin.eu\/?post_type=product&#038;p=39778"},"modified":"2026-04-14T18:17:33","modified_gmt":"2026-04-14T18:17:33","slug":"lego-76404-advent-calendar-2022-harry-potter","status":"publish","type":"product","link":"https:\/\/collectin.eu\/en\/product\/lego-76404-advent-calendar-2022-harry-potter\/","title":{"rendered":"LEGO\u00ae 76404 Advent Calendar 2022 Harry Potter"},"content":{"rendered":"<p>Pirmieji 3 \u017eaislai sudaro pirmojo filmo scen\u0105, kit\u0173 3 dien\u0173 staigmenos \u2013 scena i\u0161 antrojo filmo ir taip toliau. Kal\u0117doms art\u0117jant vaikai gal\u0117s sukurti daugiau magi\u0161k\u0173 akimirk\u0173 i\u0161 film\u0173 ir jungdami \u017eaislus kurti savo kerin\u010dius nuotykius. Yra net stalo \u017eaidimas, kur\u012f galima \u017eaisti atv\u0117rus visas dureles. Su tokia gausa \u017eaidimo galimybi\u0173 stebuklas nesiliaus i\u0161tisus metus!<\/p>\n<ul>\n<li>Magi\u0161kas Kal\u0117d\u0173 laukimas. U\u017e kiekvien\u0173 LEGO\u00ae Harry Potter\u2122 advento kalendoriaus (76404) dureli\u0173 laukia po staigmen\u0105 i\u0161 Hario Poterio film\u0173.<\/li>\n<li>Su 7 minifig\u016br\u0117l\u0117mis \u2013 Hariu Poteriu\u2122, Sirijumi Bleku\u2122, Vaitokle Mirta\u2122, Tamsos Valdovu Voldemortu\u2122, Horacijumi Trimitu, Nimfadora Tonks\u2122 ir Neviliu Nev\u0117k\u0161la\u2122 \u2013 bei legendiniais daiktais i\u0161 Hario Poterio film\u0173.<\/li>\n<li>Konstruojamos scenos i\u0161 film\u0173. Pirm\u0173j\u0173 3 dien\u0173 \u017eaislai sudaro scen\u0105 i\u0161 pirmojo filmo, kit\u0173 3 dien\u0173 staigmenos \u2013 scen\u0105 i\u0161 antrojo filmo ir taip toliau. Be to, vaikai gali kurti nesibaigian\u010dius savus nuotykius.<\/li>\n<li>Dovana, kuri d\u017eiugins i\u0161tisus metus. LEGO\u00ae Harry Potter\u2122 advento kalendorius yra ikikal\u0117din\u0117 dovana ma\u017eosioms raganoms, burtininkams arba \u017eiobarams\u2122 nuo 7 met\u0173.<\/li>\n<\/ul>","protected":false},"excerpt":{"rendered":"<p>Pirmieji 3 \u017eaislai sudaro pirmojo filmo scen\u0105, kit\u0173 3 dien\u0173 staigmenos \u2013 scena i\u0161 antrojo filmo ir taip toliau. Kal\u0117doms<\/p>","protected":false},"featured_media":39779,"comment_status":"open","ping_status":"closed","template":"","meta":[],"product_brand":[423],"product_cat":[583,677,406,438],"product_tag":[],"class_list":{"0":"post-39778","1":"product","2":"type-product","3":"status-publish","4":"has-post-thumbnail","6":"product_brand-lego","7":"product_cat-akcijos","8":"product_cat-lego-konstruktoriai","9":"product_cat-lego","10":"product_cat-lego-harry-potter","12":"first","13":"instock","14":"sale","15":"taxable","16":"shipping-taxable","17":"purchasable","18":"product-type-simple"},"yoast_head":"<!-- This site is optimized with the Yoast SEO plugin v25.9 - https:\/\/yoast.com\/wordpress\/plugins\/seo\/ -->\n<title>LEGO\u00ae 76404 Advent Calendar 2022 Harry Potter - Collectin.eu<\/title>\n<meta name=\"description\" content=\"Nuo gruod\u017eio 1-osios kasdien galima atverti po vienas dureles, u\u017e kuri\u0173 slypi po netik\u0117t\u0105 Hario Poterio \u017eaisliuk\u0105.\" \/>\n<meta name=\"robots\" content=\"index, follow, max-snippet:-1, max-image-preview:large, max-video-preview:-1\" \/>\n<link rel=\"canonical\" href=\"https:\/\/collectin.eu\/en\/product\/lego-76404-advent-calendar-2022-harry-potter\/\" \/>\n<meta property=\"og:locale\" content=\"en_US\" \/>\n<meta property=\"og:type\" content=\"article\" \/>\n<meta property=\"og:title\" content=\"LEGO\u00ae 76404 Advent Calendar 2022 Harry Potter - Collectin.eu\" \/>\n<meta property=\"og:description\" content=\"Nuo gruod\u017eio 1-osios kasdien galima atverti po vienas dureles, u\u017e kuri\u0173 slypi po netik\u0117t\u0105 Hario Poterio \u017eaisliuk\u0105.\" \/>\n<meta property=\"og:url\" content=\"https:\/\/collectin.eu\/en\/product\/lego-76404-advent-calendar-2022-harry-potter\/\" \/>\n<meta property=\"og:site_name\" content=\"Collectin.eu\" \/>\n<meta property=\"article:modified_time\" content=\"2026-04-14T18:17:33+00:00\" \/>\n<meta property=\"og:image\" content=\"http:\/\/collectin.eu\/wp-content\/uploads\/2026\/02\/Untitled-design-2026-02-23T120232.496.png\" \/>\n\t<meta property=\"og:image:width\" content=\"1080\" \/>\n\t<meta property=\"og:image:height\" content=\"1080\" \/>\n\t<meta property=\"og:image:type\" content=\"image\/png\" \/>\n<meta name=\"twitter:card\" content=\"summary_large_image\" \/>\n<meta name=\"twitter:label1\" content=\"Est. reading time\" \/>\n\t<meta name=\"twitter:data1\" content=\"2 minutes\" \/>\n<script type=\"application\/ld+json\" class=\"yoast-schema-graph\">{\"@context\":\"https:\/\/schema.org\",\"@graph\":[{\"@type\":\"WebPage\",\"@id\":\"https:\/\/collectin.eu\/produktas\/lego-76404-advent-calendar-2022-harry-potter\/\",\"url\":\"https:\/\/collectin.eu\/produktas\/lego-76404-advent-calendar-2022-harry-potter\/\",\"name\":\"LEGO\u00ae 76404 Advent Calendar 2022 Harry Potter - Collectin.eu\",\"isPartOf\":{\"@id\":\"https:\/\/collectin.eu\/#website\"},\"primaryImageOfPage\":{\"@id\":\"https:\/\/collectin.eu\/produktas\/lego-76404-advent-calendar-2022-harry-potter\/#primaryimage\"},\"image\":{\"@id\":\"https:\/\/collectin.eu\/produktas\/lego-76404-advent-calendar-2022-harry-potter\/#primaryimage\"},\"thumbnailUrl\":\"https:\/\/collectin.eu\/wp-content\/uploads\/2026\/02\/Untitled-design-2026-02-23T120232.496.png\",\"datePublished\":\"2026-02-23T10:07:01+00:00\",\"dateModified\":\"2026-04-14T18:17:33+00:00\",\"description\":\"Nuo gruod\u017eio 1-osios kasdien galima atverti po vienas dureles, u\u017e kuri\u0173 slypi po netik\u0117t\u0105 Hario Poterio \u017eaisliuk\u0105.\",\"breadcrumb\":{\"@id\":\"https:\/\/collectin.eu\/produktas\/lego-76404-advent-calendar-2022-harry-potter\/#breadcrumb\"},\"inLanguage\":\"en-US\",\"potentialAction\":[{\"@type\":\"ReadAction\",\"target\":[\"https:\/\/collectin.eu\/produktas\/lego-76404-advent-calendar-2022-harry-potter\/\"]}]},{\"@type\":\"ImageObject\",\"inLanguage\":\"en-US\",\"@id\":\"https:\/\/collectin.eu\/produktas\/lego-76404-advent-calendar-2022-harry-potter\/#primaryimage\",\"url\":\"https:\/\/collectin.eu\/wp-content\/uploads\/2026\/02\/Untitled-design-2026-02-23T120232.496.png\",\"contentUrl\":\"https:\/\/collectin.eu\/wp-content\/uploads\/2026\/02\/Untitled-design-2026-02-23T120232.496.png\",\"width\":1080,\"height\":1080},{\"@type\":\"BreadcrumbList\",\"@id\":\"https:\/\/collectin.eu\/produktas\/lego-76404-advent-calendar-2022-harry-potter\/#breadcrumb\",\"itemListElement\":[{\"@type\":\"ListItem\",\"position\":1,\"name\":\"Home\",\"item\":\"https:\/\/collectin.eu\/\"},{\"@type\":\"ListItem\",\"position\":2,\"name\":\"Parduotuv\u0117\",\"item\":\"https:\/\/collectin.eu\/parduotuve\/\"},{\"@type\":\"ListItem\",\"position\":3,\"name\":\"LEGO\u00ae 76404 Advent Calendar 2022 Harry Potter\"}]},{\"@type\":\"WebSite\",\"@id\":\"https:\/\/collectin.eu\/#website\",\"url\":\"https:\/\/collectin.eu\/\",\"name\":\"Collectin.eu\",\"description\":\"\",\"potentialAction\":[{\"@type\":\"SearchAction\",\"target\":{\"@type\":\"EntryPoint\",\"urlTemplate\":\"https:\/\/collectin.eu\/?s={search_term_string}\"},\"query-input\":{\"@type\":\"PropertyValueSpecification\",\"valueRequired\":true,\"valueName\":\"search_term_string\"}}],\"inLanguage\":\"en-US\"}]}<\/script>\n<!-- \/ Yoast SEO plugin. -->","yoast_head_json":{"title":"LEGO\u00ae 76404 Advent Calendar 2022 Harry Potter - Collectin.eu","description":"Nuo gruod\u017eio 1-osios kasdien galima atverti po vienas dureles, u\u017e kuri\u0173 slypi po netik\u0117t\u0105 Hario Poterio \u017eaisliuk\u0105.","robots":{"index":"index","follow":"follow","max-snippet":"max-snippet:-1","max-image-preview":"max-image-preview:large","max-video-preview":"max-video-preview:-1"},"canonical":"https:\/\/collectin.eu\/en\/product\/lego-76404-advent-calendar-2022-harry-potter\/","og_locale":"en_US","og_type":"article","og_title":"LEGO\u00ae 76404 Advent Calendar 2022 Harry Potter - Collectin.eu","og_description":"Nuo gruod\u017eio 1-osios kasdien galima atverti po vienas dureles, u\u017e kuri\u0173 slypi po netik\u0117t\u0105 Hario Poterio \u017eaisliuk\u0105.","og_url":"https:\/\/collectin.eu\/en\/product\/lego-76404-advent-calendar-2022-harry-potter\/","og_site_name":"Collectin.eu","article_modified_time":"2026-04-14T18:17:33+00:00","og_image":[{"width":1080,"height":1080,"url":"http:\/\/collectin.eu\/wp-content\/uploads\/2026\/02\/Untitled-design-2026-02-23T120232.496.png","type":"image\/png"}],"twitter_card":"summary_large_image","twitter_misc":{"Est. reading time":"2 minutes"},"schema":{"@context":"https:\/\/schema.org","@graph":[{"@type":"WebPage","@id":"https:\/\/collectin.eu\/produktas\/lego-76404-advent-calendar-2022-harry-potter\/","url":"https:\/\/collectin.eu\/produktas\/lego-76404-advent-calendar-2022-harry-potter\/","name":"LEGO\u00ae 76404 Advent Calendar 2022 Harry Potter - Collectin.eu","isPartOf":{"@id":"https:\/\/collectin.eu\/#website"},"primaryImageOfPage":{"@id":"https:\/\/collectin.eu\/produktas\/lego-76404-advent-calendar-2022-harry-potter\/#primaryimage"},"image":{"@id":"https:\/\/collectin.eu\/produktas\/lego-76404-advent-calendar-2022-harry-potter\/#primaryimage"},"thumbnailUrl":"https:\/\/collectin.eu\/wp-content\/uploads\/2026\/02\/Untitled-design-2026-02-23T120232.496.png","datePublished":"2026-02-23T10:07:01+00:00","dateModified":"2026-04-14T18:17:33+00:00","description":"Nuo gruod\u017eio 1-osios kasdien galima atverti po vienas dureles, u\u017e kuri\u0173 slypi po netik\u0117t\u0105 Hario Poterio \u017eaisliuk\u0105.","breadcrumb":{"@id":"https:\/\/collectin.eu\/produktas\/lego-76404-advent-calendar-2022-harry-potter\/#breadcrumb"},"inLanguage":"en-US","potentialAction":[{"@type":"ReadAction","target":["https:\/\/collectin.eu\/produktas\/lego-76404-advent-calendar-2022-harry-potter\/"]}]},{"@type":"ImageObject","inLanguage":"en-US","@id":"https:\/\/collectin.eu\/produktas\/lego-76404-advent-calendar-2022-harry-potter\/#primaryimage","url":"https:\/\/collectin.eu\/wp-content\/uploads\/2026\/02\/Untitled-design-2026-02-23T120232.496.png","contentUrl":"https:\/\/collectin.eu\/wp-content\/uploads\/2026\/02\/Untitled-design-2026-02-23T120232.496.png","width":1080,"height":1080},{"@type":"BreadcrumbList","@id":"https:\/\/collectin.eu\/produktas\/lego-76404-advent-calendar-2022-harry-potter\/#breadcrumb","itemListElement":[{"@type":"ListItem","position":1,"name":"Home","item":"https:\/\/collectin.eu\/"},{"@type":"ListItem","position":2,"name":"Parduotuv\u0117","item":"https:\/\/collectin.eu\/parduotuve\/"},{"@type":"ListItem","position":3,"name":"LEGO\u00ae 76404 Advent Calendar 2022 Harry Potter"}]},{"@type":"WebSite","@id":"https:\/\/collectin.eu\/#website","url":"https:\/\/collectin.eu\/","name":"Collectin.eu","description":"","potentialAction":[{"@type":"SearchAction","target":{"@type":"EntryPoint","urlTemplate":"https:\/\/collectin.eu\/?s={search_term_string}"},"query-input":{"@type":"PropertyValueSpecification","valueRequired":true,"valueName":"search_term_string"}}],"inLanguage":"en-US"}]}},"jetpack_sharing_enabled":true,"_links":{"self":[{"href":"https:\/\/collectin.eu\/en\/wp-json\/wp\/v2\/product\/39778","targetHints":{"allow":["GET"]}}],"collection":[{"href":"https:\/\/collectin.eu\/en\/wp-json\/wp\/v2\/product"}],"about":[{"href":"https:\/\/collectin.eu\/en\/wp-json\/wp\/v2\/types\/product"}],"replies":[{"embeddable":true,"href":"https:\/\/collectin.eu\/en\/wp-json\/wp\/v2\/comments?post=39778"}],"version-history":[{"count":2,"href":"https:\/\/collectin.eu\/en\/wp-json\/wp\/v2\/product\/39778\/revisions"}],"predecessor-version":[{"id":40454,"href":"https:\/\/collectin.eu\/en\/wp-json\/wp\/v2\/product\/39778\/revisions\/40454"}],"wp:featuredmedia":[{"embeddable":true,"href":"https:\/\/collectin.eu\/en\/wp-json\/wp\/v2\/media\/39779"}],"wp:attachment":[{"href":"https:\/\/collectin.eu\/en\/wp-json\/wp\/v2\/media?parent=39778"}],"wp:term":[{"taxonomy":"product_brand","embeddable":true,"href":"https:\/\/collectin.eu\/en\/wp-json\/wp\/v2\/product_brand?post=39778"},{"taxonomy":"product_cat","embeddable":true,"href":"https:\/\/collectin.eu\/en\/wp-json\/wp\/v2\/product_cat?post=39778"},{"taxonomy":"product_tag","embeddable":true,"href":"https:\/\/collectin.eu\/en\/wp-json\/wp\/v2\/product_tag?post=39778"}],"curies":[{"name":"wp","href":"https:\/\/api.w.org\/{rel}","templated":true}]}}