{"id":40057,"date":"2026-03-04T21:39:38","date_gmt":"2026-03-04T21:39:38","guid":{"rendered":"https:\/\/collectin.eu\/?post_type=product&#038;p=40057"},"modified":"2026-04-08T10:22:19","modified_gmt":"2026-04-08T10:22:19","slug":"lego-71045-minifigure-series-25","status":"publish","type":"product","link":"https:\/\/collectin.eu\/en\/product\/lego-71045-minifigure-series-25\/","title":{"rendered":"LEGO\u00ae 71045 Minifigure, Series 25"},"content":{"rendered":"<p>Visos 12 kolekcini\u0173 LEGO fig\u016br\u0117li\u0173 yra pasiruo\u0161usios nerti \u012f veiksmo kupinas istorijas ir yra supakuotos \u012f sandarias nepermatomas d\u0117\u017eutes su bent vienu autenti\u0161ku priedu ir informaciniu lankstinuku kolekcininkui. Unikali kolekcin\u0117 dovana suteikia vaikams galimyb\u0119 valand\u0173 valandas \u017eaisti vieniems arba su draugais.<\/p>\n<ul>\n<li>Kolekcin\u0117s fig\u016br\u0117l\u0117s. Su 25-osios LEGO\u00ae fig\u016br\u0117li\u0173 serijos persona\u017eais, \u012f nepermatomas d\u0117\u017eutes po vien\u0105 supakuotais detaliais nuotyki\u0173 \u017eaislais, berniukai ir mergait\u0117s nuo 5 met\u0173 gal\u0117s smagiai vaidinti istorijas<\/li>\n<li>Fantastin\u0117s fig\u016br\u0117l\u0117s. LEGO\u00ae gerb\u0117jai gali papildyti savo kolekcij\u0105 1 i\u0161 12 \u012f d\u0117\u017eutes po vien\u0105 supakuot\u0173 fig\u016br\u0117li\u0173, \u012fskaitant sprinter\u012f, berniuk\u0105 traukinio kostiumu, harpij\u0105 ir gerb\u0117j\u0105 triceratopso kostiumu<\/li>\n<li>Autenti\u0161ki priedai. Kiekviena kolekcin\u0117 fig\u016br\u0117l\u0117 turi bent vien\u0105 pried\u0105, pavyzd\u017eiui, piemuo \u2013 o\u017ek\u0105, o juodojo filmo detektyvas \u2013 raudon\u0105 silk\u0119<\/li>\n<li>\u017daidimo vaidmenimis \u017eaislas. Riboto leidimo kolekcin\u0117s LEGO\u00ae fig\u016br\u0117l\u0117s suteikia k\u016brybi\u0161kiems vaikams galimyb\u0119 kurti ne\u012ftik\u0117tinus nuotykius ir leistis \u012f juos vieniems arba kartu su draugais<\/li>\n<li>Dovana LEGO\u00ae gerb\u0117jams. Kolekcin\u0117s LEGO fig\u016br\u0117l\u0117s \u2013 dovanos id\u0117ja vaikams, nusipelniusiems smagios dovan\u0117l\u0117s<\/li>\n<\/ul>","protected":false},"excerpt":{"rendered":"<p>Visos 12 kolekcini\u0173 LEGO fig\u016br\u0117li\u0173 yra pasiruo\u0161usios nerti \u012f veiksmo kupinas istorijas ir yra supakuotos \u012f sandarias nepermatomas d\u0117\u017eutes su<\/p>","protected":false},"featured_media":40059,"comment_status":"open","ping_status":"closed","template":"","meta":[],"product_brand":[423],"product_cat":[677,406,665],"product_tag":[],"class_list":{"0":"post-40057","1":"product","2":"type-product","3":"status-publish","4":"has-post-thumbnail","6":"product_brand-lego","7":"product_cat-lego-konstruktoriai","8":"product_cat-lego","9":"product_cat-lego-minifigures","11":"first","12":"instock","13":"taxable","14":"shipping-taxable","15":"purchasable","16":"product-type-simple"},"yoast_head":"<!-- This site is optimized with the Yoast SEO plugin v25.9 - https:\/\/yoast.com\/wordpress\/plugins\/seo\/ -->\n<title>LEGO\u00ae 71045 Minifigure, Series 25 - Collectin.eu<\/title>\n<meta name=\"description\" content=\"Vaikai nuo 5 met\u0173 leisis \u012f jaudinan\u010dius nuotykius su 1 i\u0161 12 kolekcini\u0173 fig\u016br\u0117li\u0173 i\u0161 25-osios LEGO\u00ae fig\u016br\u0117li\u0173 serijos (71045) paslapting\u0173j\u0173 d\u0117\u017eu\u010di\u0173.\" \/>\n<meta name=\"robots\" content=\"index, follow, max-snippet:-1, max-image-preview:large, max-video-preview:-1\" \/>\n<link rel=\"canonical\" href=\"https:\/\/collectin.eu\/en\/product\/lego-71045-minifigure-series-25\/\" \/>\n<meta property=\"og:locale\" content=\"en_US\" \/>\n<meta property=\"og:type\" content=\"article\" \/>\n<meta property=\"og:title\" content=\"LEGO\u00ae 71045 Minifigure, Series 25 - Collectin.eu\" \/>\n<meta property=\"og:description\" content=\"Vaikai nuo 5 met\u0173 leisis \u012f jaudinan\u010dius nuotykius su 1 i\u0161 12 kolekcini\u0173 fig\u016br\u0117li\u0173 i\u0161 25-osios LEGO\u00ae fig\u016br\u0117li\u0173 serijos (71045) paslapting\u0173j\u0173 d\u0117\u017eu\u010di\u0173.\" \/>\n<meta property=\"og:url\" content=\"https:\/\/collectin.eu\/en\/product\/lego-71045-minifigure-series-25\/\" \/>\n<meta property=\"og:site_name\" content=\"Collectin.eu\" \/>\n<meta property=\"article:modified_time\" content=\"2026-04-08T10:22:19+00:00\" \/>\n<meta property=\"og:image\" content=\"http:\/\/collectin.eu\/wp-content\/uploads\/2026\/03\/Untitled-design-2026-03-04T233700.012.png\" \/>\n\t<meta property=\"og:image:width\" content=\"1080\" \/>\n\t<meta property=\"og:image:height\" content=\"1080\" \/>\n\t<meta property=\"og:image:type\" content=\"image\/png\" \/>\n<meta name=\"twitter:card\" content=\"summary_large_image\" \/>\n<meta name=\"twitter:label1\" content=\"Est. reading time\" \/>\n\t<meta name=\"twitter:data1\" content=\"2 minutes\" \/>\n<script type=\"application\/ld+json\" class=\"yoast-schema-graph\">{\"@context\":\"https:\/\/schema.org\",\"@graph\":[{\"@type\":\"WebPage\",\"@id\":\"https:\/\/collectin.eu\/produktas\/lego-71045-minifigure-series-25\/\",\"url\":\"https:\/\/collectin.eu\/produktas\/lego-71045-minifigure-series-25\/\",\"name\":\"LEGO\u00ae 71045 Minifigure, Series 25 - Collectin.eu\",\"isPartOf\":{\"@id\":\"https:\/\/collectin.eu\/#website\"},\"primaryImageOfPage\":{\"@id\":\"https:\/\/collectin.eu\/produktas\/lego-71045-minifigure-series-25\/#primaryimage\"},\"image\":{\"@id\":\"https:\/\/collectin.eu\/produktas\/lego-71045-minifigure-series-25\/#primaryimage\"},\"thumbnailUrl\":\"https:\/\/collectin.eu\/wp-content\/uploads\/2026\/03\/Untitled-design-2026-03-04T233700.012.png\",\"datePublished\":\"2026-03-04T21:39:38+00:00\",\"dateModified\":\"2026-04-08T10:22:19+00:00\",\"description\":\"Vaikai nuo 5 met\u0173 leisis \u012f jaudinan\u010dius nuotykius su 1 i\u0161 12 kolekcini\u0173 fig\u016br\u0117li\u0173 i\u0161 25-osios LEGO\u00ae fig\u016br\u0117li\u0173 serijos (71045) paslapting\u0173j\u0173 d\u0117\u017eu\u010di\u0173.\",\"breadcrumb\":{\"@id\":\"https:\/\/collectin.eu\/produktas\/lego-71045-minifigure-series-25\/#breadcrumb\"},\"inLanguage\":\"en-US\",\"potentialAction\":[{\"@type\":\"ReadAction\",\"target\":[\"https:\/\/collectin.eu\/produktas\/lego-71045-minifigure-series-25\/\"]}]},{\"@type\":\"ImageObject\",\"inLanguage\":\"en-US\",\"@id\":\"https:\/\/collectin.eu\/produktas\/lego-71045-minifigure-series-25\/#primaryimage\",\"url\":\"https:\/\/collectin.eu\/wp-content\/uploads\/2026\/03\/Untitled-design-2026-03-04T233700.012.png\",\"contentUrl\":\"https:\/\/collectin.eu\/wp-content\/uploads\/2026\/03\/Untitled-design-2026-03-04T233700.012.png\",\"width\":1080,\"height\":1080},{\"@type\":\"BreadcrumbList\",\"@id\":\"https:\/\/collectin.eu\/produktas\/lego-71045-minifigure-series-25\/#breadcrumb\",\"itemListElement\":[{\"@type\":\"ListItem\",\"position\":1,\"name\":\"Home\",\"item\":\"https:\/\/collectin.eu\/\"},{\"@type\":\"ListItem\",\"position\":2,\"name\":\"Parduotuv\u0117\",\"item\":\"https:\/\/collectin.eu\/parduotuve\/\"},{\"@type\":\"ListItem\",\"position\":3,\"name\":\"LEGO\u00ae 71045 Minifigure, Series 25\"}]},{\"@type\":\"WebSite\",\"@id\":\"https:\/\/collectin.eu\/#website\",\"url\":\"https:\/\/collectin.eu\/\",\"name\":\"Collectin.eu\",\"description\":\"\",\"potentialAction\":[{\"@type\":\"SearchAction\",\"target\":{\"@type\":\"EntryPoint\",\"urlTemplate\":\"https:\/\/collectin.eu\/?s={search_term_string}\"},\"query-input\":{\"@type\":\"PropertyValueSpecification\",\"valueRequired\":true,\"valueName\":\"search_term_string\"}}],\"inLanguage\":\"en-US\"}]}<\/script>\n<!-- \/ Yoast SEO plugin. -->","yoast_head_json":{"title":"LEGO\u00ae 71045 Minifigure, Series 25 - Collectin.eu","description":"Vaikai nuo 5 met\u0173 leisis \u012f jaudinan\u010dius nuotykius su 1 i\u0161 12 kolekcini\u0173 fig\u016br\u0117li\u0173 i\u0161 25-osios LEGO\u00ae fig\u016br\u0117li\u0173 serijos (71045) paslapting\u0173j\u0173 d\u0117\u017eu\u010di\u0173.","robots":{"index":"index","follow":"follow","max-snippet":"max-snippet:-1","max-image-preview":"max-image-preview:large","max-video-preview":"max-video-preview:-1"},"canonical":"https:\/\/collectin.eu\/en\/product\/lego-71045-minifigure-series-25\/","og_locale":"en_US","og_type":"article","og_title":"LEGO\u00ae 71045 Minifigure, Series 25 - Collectin.eu","og_description":"Vaikai nuo 5 met\u0173 leisis \u012f jaudinan\u010dius nuotykius su 1 i\u0161 12 kolekcini\u0173 fig\u016br\u0117li\u0173 i\u0161 25-osios LEGO\u00ae fig\u016br\u0117li\u0173 serijos (71045) paslapting\u0173j\u0173 d\u0117\u017eu\u010di\u0173.","og_url":"https:\/\/collectin.eu\/en\/product\/lego-71045-minifigure-series-25\/","og_site_name":"Collectin.eu","article_modified_time":"2026-04-08T10:22:19+00:00","og_image":[{"width":1080,"height":1080,"url":"http:\/\/collectin.eu\/wp-content\/uploads\/2026\/03\/Untitled-design-2026-03-04T233700.012.png","type":"image\/png"}],"twitter_card":"summary_large_image","twitter_misc":{"Est. reading time":"2 minutes"},"schema":{"@context":"https:\/\/schema.org","@graph":[{"@type":"WebPage","@id":"https:\/\/collectin.eu\/produktas\/lego-71045-minifigure-series-25\/","url":"https:\/\/collectin.eu\/produktas\/lego-71045-minifigure-series-25\/","name":"LEGO\u00ae 71045 Minifigure, Series 25 - Collectin.eu","isPartOf":{"@id":"https:\/\/collectin.eu\/#website"},"primaryImageOfPage":{"@id":"https:\/\/collectin.eu\/produktas\/lego-71045-minifigure-series-25\/#primaryimage"},"image":{"@id":"https:\/\/collectin.eu\/produktas\/lego-71045-minifigure-series-25\/#primaryimage"},"thumbnailUrl":"https:\/\/collectin.eu\/wp-content\/uploads\/2026\/03\/Untitled-design-2026-03-04T233700.012.png","datePublished":"2026-03-04T21:39:38+00:00","dateModified":"2026-04-08T10:22:19+00:00","description":"Vaikai nuo 5 met\u0173 leisis \u012f jaudinan\u010dius nuotykius su 1 i\u0161 12 kolekcini\u0173 fig\u016br\u0117li\u0173 i\u0161 25-osios LEGO\u00ae fig\u016br\u0117li\u0173 serijos (71045) paslapting\u0173j\u0173 d\u0117\u017eu\u010di\u0173.","breadcrumb":{"@id":"https:\/\/collectin.eu\/produktas\/lego-71045-minifigure-series-25\/#breadcrumb"},"inLanguage":"en-US","potentialAction":[{"@type":"ReadAction","target":["https:\/\/collectin.eu\/produktas\/lego-71045-minifigure-series-25\/"]}]},{"@type":"ImageObject","inLanguage":"en-US","@id":"https:\/\/collectin.eu\/produktas\/lego-71045-minifigure-series-25\/#primaryimage","url":"https:\/\/collectin.eu\/wp-content\/uploads\/2026\/03\/Untitled-design-2026-03-04T233700.012.png","contentUrl":"https:\/\/collectin.eu\/wp-content\/uploads\/2026\/03\/Untitled-design-2026-03-04T233700.012.png","width":1080,"height":1080},{"@type":"BreadcrumbList","@id":"https:\/\/collectin.eu\/produktas\/lego-71045-minifigure-series-25\/#breadcrumb","itemListElement":[{"@type":"ListItem","position":1,"name":"Home","item":"https:\/\/collectin.eu\/"},{"@type":"ListItem","position":2,"name":"Parduotuv\u0117","item":"https:\/\/collectin.eu\/parduotuve\/"},{"@type":"ListItem","position":3,"name":"LEGO\u00ae 71045 Minifigure, Series 25"}]},{"@type":"WebSite","@id":"https:\/\/collectin.eu\/#website","url":"https:\/\/collectin.eu\/","name":"Collectin.eu","description":"","potentialAction":[{"@type":"SearchAction","target":{"@type":"EntryPoint","urlTemplate":"https:\/\/collectin.eu\/?s={search_term_string}"},"query-input":{"@type":"PropertyValueSpecification","valueRequired":true,"valueName":"search_term_string"}}],"inLanguage":"en-US"}]}},"jetpack_sharing_enabled":true,"_links":{"self":[{"href":"https:\/\/collectin.eu\/en\/wp-json\/wp\/v2\/product\/40057","targetHints":{"allow":["GET"]}}],"collection":[{"href":"https:\/\/collectin.eu\/en\/wp-json\/wp\/v2\/product"}],"about":[{"href":"https:\/\/collectin.eu\/en\/wp-json\/wp\/v2\/types\/product"}],"replies":[{"embeddable":true,"href":"https:\/\/collectin.eu\/en\/wp-json\/wp\/v2\/comments?post=40057"}],"version-history":[{"count":3,"href":"https:\/\/collectin.eu\/en\/wp-json\/wp\/v2\/product\/40057\/revisions"}],"predecessor-version":[{"id":40455,"href":"https:\/\/collectin.eu\/en\/wp-json\/wp\/v2\/product\/40057\/revisions\/40455"}],"wp:featuredmedia":[{"embeddable":true,"href":"https:\/\/collectin.eu\/en\/wp-json\/wp\/v2\/media\/40059"}],"wp:attachment":[{"href":"https:\/\/collectin.eu\/en\/wp-json\/wp\/v2\/media?parent=40057"}],"wp:term":[{"taxonomy":"product_brand","embeddable":true,"href":"https:\/\/collectin.eu\/en\/wp-json\/wp\/v2\/product_brand?post=40057"},{"taxonomy":"product_cat","embeddable":true,"href":"https:\/\/collectin.eu\/en\/wp-json\/wp\/v2\/product_cat?post=40057"},{"taxonomy":"product_tag","embeddable":true,"href":"https:\/\/collectin.eu\/en\/wp-json\/wp\/v2\/product_tag?post=40057"}],"curies":[{"name":"wp","href":"https:\/\/api.w.org\/{rel}","templated":true}]}}